{"id":12827,"date":"2022-02-08T19:52:54","date_gmt":"2022-02-08T19:52:54","guid":{"rendered":"https:\/\/barneleker.no\/index.php\/product\/john-deere-build-a-buddy-construction\/"},"modified":"2022-02-08T19:52:54","modified_gmt":"2022-02-08T19:52:54","slug":"john-deere-build-a-buddy-construction","status":"publish","type":"product","link":"https:\/\/barneleker.no\/index.php\/product\/john-deere-build-a-buddy-construction\/","title":{"rendered":"John Deere Build A Buddy Construction"},"content":{"rendered":"<p>John Deere Build-a-Buddy traktorgraver bringer leket\u00f8y-moro til g\u00e5rden! Sm\u00e5 barn vil ha det g\u00f8y med \u00e5 bruke den medf\u00f8lgende skrutrekkeren til \u00e5 ta fra hverandre denne leket\u00f8y lasteren og deretter sette dem sammen igjen. N\u00e5r de rullende hjulene er satt sammen, er de perfekte for \u00e5 spille sammen. Alle leker i Build-a-Buddy-linjen har utskiftbare deler som kan byttes fra kj\u00f8ret\u00f8y til kj\u00f8ret\u00f8y. Bli kreativ og lag et morsomt mashup-kj\u00f8ret\u00f8y med en av denne traktorgraverens John Deere-venner! (selges separat) Build-a-Buddy-biler kobles ogs\u00e5 til hverandre foran og bak, noe som gj\u00f8r det enkelt \u00e5 lage et morsomt g\u00e5rdstog n\u00e5r du har mer enn ett. Ferdig for dagen? Skrutrekkeren lagres enkelt under kabinettet, slik at den er klar for mer lek-lek.<\/p>\n","protected":false},"excerpt":{"rendered":"<p>John Deere Build-a-Buddy traktorgraver bringer leket\u00f8y-moro til g\u00e5rden! Sm\u00e5 barn vil ha det g\u00f8y med \u00e5 bruke den medf\u00f8lgende skrutrekkeren til \u00e5 ta fra hverandre&hellip;<\/p>\n","protected":false},"featured_media":12826,"comment_status":"open","ping_status":"closed","template":"","meta":[],"product_brand":[],"product_cat":[468],"product_tag":[],"class_list":{"0":"post-12827","1":"product","2":"type-product","3":"status-publish","4":"has-post-thumbnail","6":"product_cat-arbetsfordon","8":"first","9":"instock","10":"shipping-taxable","11":"product-type-external","12":"customify-col"},"yoast_head":"<!-- This site is optimized with the Yoast SEO plugin v26.0 - https:\/\/yoast.com\/wordpress\/plugins\/seo\/ -->\n<title>John Deere Build A Buddy Construction - Barneleker.no<\/title>\n<meta name=\"robots\" content=\"index, follow, max-snippet:-1, max-image-preview:large, max-video-preview:-1\" \/>\n<link rel=\"canonical\" href=\"https:\/\/barneleker.no\/index.php\/product\/john-deere-build-a-buddy-construction\/\" \/>\n<meta property=\"og:locale\" content=\"nb_NO\" \/>\n<meta property=\"og:type\" content=\"article\" \/>\n<meta property=\"og:title\" content=\"John Deere Build A Buddy Construction - Barneleker.no\" \/>\n<meta property=\"og:description\" content=\"John Deere Build-a-Buddy traktorgraver bringer leket\u00f8y-moro til g\u00e5rden! Sm\u00e5 barn vil ha det g\u00f8y med \u00e5 bruke den medf\u00f8lgende skrutrekkeren til \u00e5 ta fra hverandre&hellip;\" \/>\n<meta property=\"og:url\" content=\"https:\/\/barneleker.no\/index.php\/product\/john-deere-build-a-buddy-construction\/\" \/>\n<meta property=\"og:site_name\" content=\"Barneleker.no\" \/>\n<meta name=\"twitter:card\" content=\"summary_large_image\" \/>\n<meta name=\"twitter:label1\" content=\"Ansl. lesetid\" \/>\n\t<meta name=\"twitter:data1\" content=\"1 minutt\" \/>\n<script type=\"application\/ld+json\" class=\"yoast-schema-graph\">{\"@context\":\"https:\/\/schema.org\",\"@graph\":[{\"@type\":\"WebPage\",\"@id\":\"https:\/\/barneleker.no\/index.php\/product\/john-deere-build-a-buddy-construction\/\",\"url\":\"https:\/\/barneleker.no\/index.php\/product\/john-deere-build-a-buddy-construction\/\",\"name\":\"John Deere Build A Buddy Construction - Barneleker.no\",\"isPartOf\":{\"@id\":\"https:\/\/barneleker.no\/#website\"},\"primaryImageOfPage\":{\"@id\":\"https:\/\/barneleker.no\/index.php\/product\/john-deere-build-a-buddy-construction\/#primaryimage\"},\"image\":{\"@id\":\"https:\/\/barneleker.no\/index.php\/product\/john-deere-build-a-buddy-construction\/#primaryimage\"},\"thumbnailUrl\":\"https:\/\/barneleker.no\/wp-content\/uploads\/2022\/02\/john-deere-build-a-buddy-construction.jpg\",\"datePublished\":\"2022-02-08T19:52:54+00:00\",\"breadcrumb\":{\"@id\":\"https:\/\/barneleker.no\/index.php\/product\/john-deere-build-a-buddy-construction\/#breadcrumb\"},\"inLanguage\":\"nb-NO\",\"potentialAction\":[{\"@type\":\"ReadAction\",\"target\":[\"https:\/\/barneleker.no\/index.php\/product\/john-deere-build-a-buddy-construction\/\"]}]},{\"@type\":\"ImageObject\",\"inLanguage\":\"nb-NO\",\"@id\":\"https:\/\/barneleker.no\/index.php\/product\/john-deere-build-a-buddy-construction\/#primaryimage\",\"url\":\"https:\/\/barneleker.no\/wp-content\/uploads\/2022\/02\/john-deere-build-a-buddy-construction.jpg\",\"contentUrl\":\"https:\/\/barneleker.no\/wp-content\/uploads\/2022\/02\/john-deere-build-a-buddy-construction.jpg\",\"width\":555,\"height\":555},{\"@type\":\"BreadcrumbList\",\"@id\":\"https:\/\/barneleker.no\/index.php\/product\/john-deere-build-a-buddy-construction\/#breadcrumb\",\"itemListElement\":[{\"@type\":\"ListItem\",\"position\":1,\"name\":\"Butikken\",\"item\":\"https:\/\/barneleker.no\/\"},{\"@type\":\"ListItem\",\"position\":2,\"name\":\"John Deere Build A Buddy Construction\"}]},{\"@type\":\"WebSite\",\"@id\":\"https:\/\/barneleker.no\/#website\",\"url\":\"https:\/\/barneleker.no\/\",\"name\":\"Barneleker.no\",\"description\":\"Selvf\u00f8lgelig!\",\"publisher\":{\"@id\":\"https:\/\/barneleker.no\/#organization\"},\"potentialAction\":[{\"@type\":\"SearchAction\",\"target\":{\"@type\":\"EntryPoint\",\"urlTemplate\":\"https:\/\/barneleker.no\/?s={search_term_string}\"},\"query-input\":{\"@type\":\"PropertyValueSpecification\",\"valueRequired\":true,\"valueName\":\"search_term_string\"}}],\"inLanguage\":\"nb-NO\"},{\"@type\":\"Organization\",\"@id\":\"https:\/\/barneleker.no\/#organization\",\"name\":\"Barneleker.no\",\"url\":\"https:\/\/barneleker.no\/\",\"logo\":{\"@type\":\"ImageObject\",\"inLanguage\":\"nb-NO\",\"@id\":\"https:\/\/barneleker.no\/#\/schema\/logo\/image\/\",\"url\":\"https:\/\/barneleker.no\/wp-content\/uploads\/2021\/11\/barneleker_logo-780x150-1.jpg\",\"contentUrl\":\"https:\/\/barneleker.no\/wp-content\/uploads\/2021\/11\/barneleker_logo-780x150-1.jpg\",\"width\":780,\"height\":150,\"caption\":\"Barneleker.no\"},\"image\":{\"@id\":\"https:\/\/barneleker.no\/#\/schema\/logo\/image\/\"}}]}<\/script>\n<!-- \/ Yoast SEO plugin. -->","yoast_head_json":{"title":"John Deere Build A Buddy Construction - Barneleker.no","robots":{"index":"index","follow":"follow","max-snippet":"max-snippet:-1","max-image-preview":"max-image-preview:large","max-video-preview":"max-video-preview:-1"},"canonical":"https:\/\/barneleker.no\/index.php\/product\/john-deere-build-a-buddy-construction\/","og_locale":"nb_NO","og_type":"article","og_title":"John Deere Build A Buddy Construction - Barneleker.no","og_description":"John Deere Build-a-Buddy traktorgraver bringer leket\u00f8y-moro til g\u00e5rden! Sm\u00e5 barn vil ha det g\u00f8y med \u00e5 bruke den medf\u00f8lgende skrutrekkeren til \u00e5 ta fra hverandre&hellip;","og_url":"https:\/\/barneleker.no\/index.php\/product\/john-deere-build-a-buddy-construction\/","og_site_name":"Barneleker.no","twitter_card":"summary_large_image","twitter_misc":{"Ansl. lesetid":"1 minutt"},"schema":{"@context":"https:\/\/schema.org","@graph":[{"@type":"WebPage","@id":"https:\/\/barneleker.no\/index.php\/product\/john-deere-build-a-buddy-construction\/","url":"https:\/\/barneleker.no\/index.php\/product\/john-deere-build-a-buddy-construction\/","name":"John Deere Build A Buddy Construction - Barneleker.no","isPartOf":{"@id":"https:\/\/barneleker.no\/#website"},"primaryImageOfPage":{"@id":"https:\/\/barneleker.no\/index.php\/product\/john-deere-build-a-buddy-construction\/#primaryimage"},"image":{"@id":"https:\/\/barneleker.no\/index.php\/product\/john-deere-build-a-buddy-construction\/#primaryimage"},"thumbnailUrl":"https:\/\/barneleker.no\/wp-content\/uploads\/2022\/02\/john-deere-build-a-buddy-construction.jpg","datePublished":"2022-02-08T19:52:54+00:00","breadcrumb":{"@id":"https:\/\/barneleker.no\/index.php\/product\/john-deere-build-a-buddy-construction\/#breadcrumb"},"inLanguage":"nb-NO","potentialAction":[{"@type":"ReadAction","target":["https:\/\/barneleker.no\/index.php\/product\/john-deere-build-a-buddy-construction\/"]}]},{"@type":"ImageObject","inLanguage":"nb-NO","@id":"https:\/\/barneleker.no\/index.php\/product\/john-deere-build-a-buddy-construction\/#primaryimage","url":"https:\/\/barneleker.no\/wp-content\/uploads\/2022\/02\/john-deere-build-a-buddy-construction.jpg","contentUrl":"https:\/\/barneleker.no\/wp-content\/uploads\/2022\/02\/john-deere-build-a-buddy-construction.jpg","width":555,"height":555},{"@type":"BreadcrumbList","@id":"https:\/\/barneleker.no\/index.php\/product\/john-deere-build-a-buddy-construction\/#breadcrumb","itemListElement":[{"@type":"ListItem","position":1,"name":"Butikken","item":"https:\/\/barneleker.no\/"},{"@type":"ListItem","position":2,"name":"John Deere Build A Buddy Construction"}]},{"@type":"WebSite","@id":"https:\/\/barneleker.no\/#website","url":"https:\/\/barneleker.no\/","name":"Barneleker.no","description":"Selvf\u00f8lgelig!","publisher":{"@id":"https:\/\/barneleker.no\/#organization"},"potentialAction":[{"@type":"SearchAction","target":{"@type":"EntryPoint","urlTemplate":"https:\/\/barneleker.no\/?s={search_term_string}"},"query-input":{"@type":"PropertyValueSpecification","valueRequired":true,"valueName":"search_term_string"}}],"inLanguage":"nb-NO"},{"@type":"Organization","@id":"https:\/\/barneleker.no\/#organization","name":"Barneleker.no","url":"https:\/\/barneleker.no\/","logo":{"@type":"ImageObject","inLanguage":"nb-NO","@id":"https:\/\/barneleker.no\/#\/schema\/logo\/image\/","url":"https:\/\/barneleker.no\/wp-content\/uploads\/2021\/11\/barneleker_logo-780x150-1.jpg","contentUrl":"https:\/\/barneleker.no\/wp-content\/uploads\/2021\/11\/barneleker_logo-780x150-1.jpg","width":780,"height":150,"caption":"Barneleker.no"},"image":{"@id":"https:\/\/barneleker.no\/#\/schema\/logo\/image\/"}}]}},"_links":{"self":[{"href":"https:\/\/barneleker.no\/index.php\/wp-json\/wp\/v2\/product\/12827","targetHints":{"allow":["GET"]}}],"collection":[{"href":"https:\/\/barneleker.no\/index.php\/wp-json\/wp\/v2\/product"}],"about":[{"href":"https:\/\/barneleker.no\/index.php\/wp-json\/wp\/v2\/types\/product"}],"replies":[{"embeddable":true,"href":"https:\/\/barneleker.no\/index.php\/wp-json\/wp\/v2\/comments?post=12827"}],"wp:featuredmedia":[{"embeddable":true,"href":"https:\/\/barneleker.no\/index.php\/wp-json\/wp\/v2\/media\/12826"}],"wp:attachment":[{"href":"https:\/\/barneleker.no\/index.php\/wp-json\/wp\/v2\/media?parent=12827"}],"wp:term":[{"taxonomy":"product_brand","embeddable":true,"href":"https:\/\/barneleker.no\/index.php\/wp-json\/wp\/v2\/product_brand?post=12827"},{"taxonomy":"product_cat","embeddable":true,"href":"https:\/\/barneleker.no\/index.php\/wp-json\/wp\/v2\/product_cat?post=12827"},{"taxonomy":"product_tag","embeddable":true,"href":"https:\/\/barneleker.no\/index.php\/wp-json\/wp\/v2\/product_tag?post=12827"}],"curies":[{"name":"wp","href":"https:\/\/api.w.org\/{rel}","templated":true}]}}