{"id":12839,"date":"2022-02-08T19:52:58","date_gmt":"2022-02-08T19:52:58","guid":{"rendered":"https:\/\/barneleker.no\/index.php\/product\/disney-frozen-2-musical-adventure-anna-doll\/"},"modified":"2022-02-08T19:52:58","modified_gmt":"2022-02-08T19:52:58","slug":"disney-frozen-2-musical-adventure-anna-doll","status":"publish","type":"product","link":"https:\/\/barneleker.no\/index.php\/product\/disney-frozen-2-musical-adventure-anna-doll\/","title":{"rendered":"Disney Frozen 2, Musical Adventure Anna Doll"},"content":{"rendered":"<p>I Disney&#8217;s Frozen 2 testes Annas urokkelige optimisme og utholdenhet p\u00e5 en reise langt hjemmefra. Hun m\u00e5 l\u00e6re \u00e5 st\u00e5 sterkt, selv n\u00e5r det f\u00f8les umulig, og gj\u00f8re det neste rette. Barn kan synge sammen med Musical Adventure Anna dukken som hun belter ut &#8216;Some Things Never Change&#8217;, en sang omtalt i Disney&#8217;s Frozen 2 film. Hun inkluderer batterier slik at den musikalske moroa kan starte s\u00e5 snart barna \u00e5pner boksen. Alt de trenger \u00e5 gj\u00f8re er \u00e5 sl\u00e5 p\u00e5 bryteren p\u00e5 ryggen og trykke p\u00e5 knappen p\u00e5 hennes bodice for \u00e5 starte fengende melodi. Barna vil ogs\u00e5 elske sin filminspirerte kjole med sin elegante design, komplett med flytende cape og glitter aksenter. Motedukken kommer med sko, \u00f8redobber og en tiara \u00e5 matche. Se etter andre frosne leker, inkludert Musical Adventure Elsa dukken, for \u00e5 utvide Din Disney dukke samling og holde sangeventyrene i gang! (Hver selges separat, avhengig av tilgjengelighet.) \u00a9 Disney. Hasbro og alle relaterte termer er varemerker for Hasbro.<\/p>\n","protected":false},"excerpt":{"rendered":"<p>I Disney&#8217;s Frozen 2 testes Annas urokkelige optimisme og utholdenhet p\u00e5 en reise langt hjemmefra. Hun m\u00e5 l\u00e6re \u00e5 st\u00e5 sterkt, selv n\u00e5r det f\u00f8les&hellip;<\/p>\n","protected":false},"featured_media":12838,"comment_status":"open","ping_status":"closed","template":"","meta":[],"product_brand":[],"product_cat":[345],"product_tag":[],"class_list":{"0":"post-12839","1":"product","2":"type-product","3":"status-publish","4":"has-post-thumbnail","6":"product_cat-dockor","8":"first","9":"instock","10":"shipping-taxable","11":"product-type-external","12":"customify-col"},"yoast_head":"<!-- This site is optimized with the Yoast SEO plugin v26.0 - https:\/\/yoast.com\/wordpress\/plugins\/seo\/ -->\n<title>Disney Frozen 2, Musical Adventure Anna Doll - Barneleker.no<\/title>\n<meta name=\"robots\" content=\"index, follow, max-snippet:-1, max-image-preview:large, max-video-preview:-1\" \/>\n<link rel=\"canonical\" href=\"https:\/\/barneleker.no\/index.php\/product\/disney-frozen-2-musical-adventure-anna-doll\/\" \/>\n<meta property=\"og:locale\" content=\"nb_NO\" \/>\n<meta property=\"og:type\" content=\"article\" \/>\n<meta property=\"og:title\" content=\"Disney Frozen 2, Musical Adventure Anna Doll - Barneleker.no\" \/>\n<meta property=\"og:description\" content=\"I Disney&#8217;s Frozen 2 testes Annas urokkelige optimisme og utholdenhet p\u00e5 en reise langt hjemmefra. Hun m\u00e5 l\u00e6re \u00e5 st\u00e5 sterkt, selv n\u00e5r det f\u00f8les&hellip;\" \/>\n<meta property=\"og:url\" content=\"https:\/\/barneleker.no\/index.php\/product\/disney-frozen-2-musical-adventure-anna-doll\/\" \/>\n<meta property=\"og:site_name\" content=\"Barneleker.no\" \/>\n<meta name=\"twitter:card\" content=\"summary_large_image\" \/>\n<meta name=\"twitter:label1\" content=\"Ansl. lesetid\" \/>\n\t<meta name=\"twitter:data1\" content=\"1 minutt\" \/>\n<script type=\"application\/ld+json\" class=\"yoast-schema-graph\">{\"@context\":\"https:\/\/schema.org\",\"@graph\":[{\"@type\":\"WebPage\",\"@id\":\"https:\/\/barneleker.no\/index.php\/product\/disney-frozen-2-musical-adventure-anna-doll\/\",\"url\":\"https:\/\/barneleker.no\/index.php\/product\/disney-frozen-2-musical-adventure-anna-doll\/\",\"name\":\"Disney Frozen 2, Musical Adventure Anna Doll - Barneleker.no\",\"isPartOf\":{\"@id\":\"https:\/\/barneleker.no\/#website\"},\"primaryImageOfPage\":{\"@id\":\"https:\/\/barneleker.no\/index.php\/product\/disney-frozen-2-musical-adventure-anna-doll\/#primaryimage\"},\"image\":{\"@id\":\"https:\/\/barneleker.no\/index.php\/product\/disney-frozen-2-musical-adventure-anna-doll\/#primaryimage\"},\"thumbnailUrl\":\"https:\/\/barneleker.no\/wp-content\/uploads\/2022\/02\/disney-frozen-2-musical-adventure-anna-doll.jpg\",\"datePublished\":\"2022-02-08T19:52:58+00:00\",\"breadcrumb\":{\"@id\":\"https:\/\/barneleker.no\/index.php\/product\/disney-frozen-2-musical-adventure-anna-doll\/#breadcrumb\"},\"inLanguage\":\"nb-NO\",\"potentialAction\":[{\"@type\":\"ReadAction\",\"target\":[\"https:\/\/barneleker.no\/index.php\/product\/disney-frozen-2-musical-adventure-anna-doll\/\"]}]},{\"@type\":\"ImageObject\",\"inLanguage\":\"nb-NO\",\"@id\":\"https:\/\/barneleker.no\/index.php\/product\/disney-frozen-2-musical-adventure-anna-doll\/#primaryimage\",\"url\":\"https:\/\/barneleker.no\/wp-content\/uploads\/2022\/02\/disney-frozen-2-musical-adventure-anna-doll.jpg\",\"contentUrl\":\"https:\/\/barneleker.no\/wp-content\/uploads\/2022\/02\/disney-frozen-2-musical-adventure-anna-doll.jpg\",\"width\":555,\"height\":555},{\"@type\":\"BreadcrumbList\",\"@id\":\"https:\/\/barneleker.no\/index.php\/product\/disney-frozen-2-musical-adventure-anna-doll\/#breadcrumb\",\"itemListElement\":[{\"@type\":\"ListItem\",\"position\":1,\"name\":\"Butikken\",\"item\":\"https:\/\/barneleker.no\/\"},{\"@type\":\"ListItem\",\"position\":2,\"name\":\"Disney Frozen 2, Musical Adventure Anna Doll\"}]},{\"@type\":\"WebSite\",\"@id\":\"https:\/\/barneleker.no\/#website\",\"url\":\"https:\/\/barneleker.no\/\",\"name\":\"Barneleker.no\",\"description\":\"Selvf\u00f8lgelig!\",\"publisher\":{\"@id\":\"https:\/\/barneleker.no\/#organization\"},\"potentialAction\":[{\"@type\":\"SearchAction\",\"target\":{\"@type\":\"EntryPoint\",\"urlTemplate\":\"https:\/\/barneleker.no\/?s={search_term_string}\"},\"query-input\":{\"@type\":\"PropertyValueSpecification\",\"valueRequired\":true,\"valueName\":\"search_term_string\"}}],\"inLanguage\":\"nb-NO\"},{\"@type\":\"Organization\",\"@id\":\"https:\/\/barneleker.no\/#organization\",\"name\":\"Barneleker.no\",\"url\":\"https:\/\/barneleker.no\/\",\"logo\":{\"@type\":\"ImageObject\",\"inLanguage\":\"nb-NO\",\"@id\":\"https:\/\/barneleker.no\/#\/schema\/logo\/image\/\",\"url\":\"https:\/\/barneleker.no\/wp-content\/uploads\/2021\/11\/barneleker_logo-780x150-1.jpg\",\"contentUrl\":\"https:\/\/barneleker.no\/wp-content\/uploads\/2021\/11\/barneleker_logo-780x150-1.jpg\",\"width\":780,\"height\":150,\"caption\":\"Barneleker.no\"},\"image\":{\"@id\":\"https:\/\/barneleker.no\/#\/schema\/logo\/image\/\"}}]}<\/script>\n<!-- \/ Yoast SEO plugin. -->","yoast_head_json":{"title":"Disney Frozen 2, Musical Adventure Anna Doll - Barneleker.no","robots":{"index":"index","follow":"follow","max-snippet":"max-snippet:-1","max-image-preview":"max-image-preview:large","max-video-preview":"max-video-preview:-1"},"canonical":"https:\/\/barneleker.no\/index.php\/product\/disney-frozen-2-musical-adventure-anna-doll\/","og_locale":"nb_NO","og_type":"article","og_title":"Disney Frozen 2, Musical Adventure Anna Doll - Barneleker.no","og_description":"I Disney&#8217;s Frozen 2 testes Annas urokkelige optimisme og utholdenhet p\u00e5 en reise langt hjemmefra. Hun m\u00e5 l\u00e6re \u00e5 st\u00e5 sterkt, selv n\u00e5r det f\u00f8les&hellip;","og_url":"https:\/\/barneleker.no\/index.php\/product\/disney-frozen-2-musical-adventure-anna-doll\/","og_site_name":"Barneleker.no","twitter_card":"summary_large_image","twitter_misc":{"Ansl. lesetid":"1 minutt"},"schema":{"@context":"https:\/\/schema.org","@graph":[{"@type":"WebPage","@id":"https:\/\/barneleker.no\/index.php\/product\/disney-frozen-2-musical-adventure-anna-doll\/","url":"https:\/\/barneleker.no\/index.php\/product\/disney-frozen-2-musical-adventure-anna-doll\/","name":"Disney Frozen 2, Musical Adventure Anna Doll - Barneleker.no","isPartOf":{"@id":"https:\/\/barneleker.no\/#website"},"primaryImageOfPage":{"@id":"https:\/\/barneleker.no\/index.php\/product\/disney-frozen-2-musical-adventure-anna-doll\/#primaryimage"},"image":{"@id":"https:\/\/barneleker.no\/index.php\/product\/disney-frozen-2-musical-adventure-anna-doll\/#primaryimage"},"thumbnailUrl":"https:\/\/barneleker.no\/wp-content\/uploads\/2022\/02\/disney-frozen-2-musical-adventure-anna-doll.jpg","datePublished":"2022-02-08T19:52:58+00:00","breadcrumb":{"@id":"https:\/\/barneleker.no\/index.php\/product\/disney-frozen-2-musical-adventure-anna-doll\/#breadcrumb"},"inLanguage":"nb-NO","potentialAction":[{"@type":"ReadAction","target":["https:\/\/barneleker.no\/index.php\/product\/disney-frozen-2-musical-adventure-anna-doll\/"]}]},{"@type":"ImageObject","inLanguage":"nb-NO","@id":"https:\/\/barneleker.no\/index.php\/product\/disney-frozen-2-musical-adventure-anna-doll\/#primaryimage","url":"https:\/\/barneleker.no\/wp-content\/uploads\/2022\/02\/disney-frozen-2-musical-adventure-anna-doll.jpg","contentUrl":"https:\/\/barneleker.no\/wp-content\/uploads\/2022\/02\/disney-frozen-2-musical-adventure-anna-doll.jpg","width":555,"height":555},{"@type":"BreadcrumbList","@id":"https:\/\/barneleker.no\/index.php\/product\/disney-frozen-2-musical-adventure-anna-doll\/#breadcrumb","itemListElement":[{"@type":"ListItem","position":1,"name":"Butikken","item":"https:\/\/barneleker.no\/"},{"@type":"ListItem","position":2,"name":"Disney Frozen 2, Musical Adventure Anna Doll"}]},{"@type":"WebSite","@id":"https:\/\/barneleker.no\/#website","url":"https:\/\/barneleker.no\/","name":"Barneleker.no","description":"Selvf\u00f8lgelig!","publisher":{"@id":"https:\/\/barneleker.no\/#organization"},"potentialAction":[{"@type":"SearchAction","target":{"@type":"EntryPoint","urlTemplate":"https:\/\/barneleker.no\/?s={search_term_string}"},"query-input":{"@type":"PropertyValueSpecification","valueRequired":true,"valueName":"search_term_string"}}],"inLanguage":"nb-NO"},{"@type":"Organization","@id":"https:\/\/barneleker.no\/#organization","name":"Barneleker.no","url":"https:\/\/barneleker.no\/","logo":{"@type":"ImageObject","inLanguage":"nb-NO","@id":"https:\/\/barneleker.no\/#\/schema\/logo\/image\/","url":"https:\/\/barneleker.no\/wp-content\/uploads\/2021\/11\/barneleker_logo-780x150-1.jpg","contentUrl":"https:\/\/barneleker.no\/wp-content\/uploads\/2021\/11\/barneleker_logo-780x150-1.jpg","width":780,"height":150,"caption":"Barneleker.no"},"image":{"@id":"https:\/\/barneleker.no\/#\/schema\/logo\/image\/"}}]}},"_links":{"self":[{"href":"https:\/\/barneleker.no\/index.php\/wp-json\/wp\/v2\/product\/12839","targetHints":{"allow":["GET"]}}],"collection":[{"href":"https:\/\/barneleker.no\/index.php\/wp-json\/wp\/v2\/product"}],"about":[{"href":"https:\/\/barneleker.no\/index.php\/wp-json\/wp\/v2\/types\/product"}],"replies":[{"embeddable":true,"href":"https:\/\/barneleker.no\/index.php\/wp-json\/wp\/v2\/comments?post=12839"}],"wp:featuredmedia":[{"embeddable":true,"href":"https:\/\/barneleker.no\/index.php\/wp-json\/wp\/v2\/media\/12838"}],"wp:attachment":[{"href":"https:\/\/barneleker.no\/index.php\/wp-json\/wp\/v2\/media?parent=12839"}],"wp:term":[{"taxonomy":"product_brand","embeddable":true,"href":"https:\/\/barneleker.no\/index.php\/wp-json\/wp\/v2\/product_brand?post=12839"},{"taxonomy":"product_cat","embeddable":true,"href":"https:\/\/barneleker.no\/index.php\/wp-json\/wp\/v2\/product_cat?post=12839"},{"taxonomy":"product_tag","embeddable":true,"href":"https:\/\/barneleker.no\/index.php\/wp-json\/wp\/v2\/product_tag?post=12839"}],"curies":[{"name":"wp","href":"https:\/\/api.w.org\/{rel}","templated":true}]}}