{"id":12843,"date":"2022-02-08T19:52:59","date_gmt":"2022-02-08T19:52:59","guid":{"rendered":"https:\/\/barneleker.no\/index.php\/product\/lego-art-31201-harry-potter-galtvorts-vapenskjold\/"},"modified":"2022-02-08T19:52:59","modified_gmt":"2022-02-08T19:52:59","slug":"lego-art-31201-harry-potter-galtvorts-vapenskjold","status":"publish","type":"product","link":"https:\/\/barneleker.no\/index.php\/product\/lego-art-31201-harry-potter-galtvorts-vapenskjold\/","title":{"rendered":"LEGO ART 31201, Harry Potter\u2122 Galtvorts v\u00e5penskjold"},"content":{"rendered":"<p>Alle som er interessert i Harry Potter\u2122, kan bygge ett av totalt fire mulige v\u00e5penskjold med settet LEGO\u00ae Art Harry Potter Galtvorts v\u00e5penskjold (31201). Underveis kan de slappe av og fordype seg i en ikonisk verden.  En avstressende opplevelse Med dette veggkunstsettet med 4249 deler kan du bygge en mosaikk av din favoritt blant Galtvorts v\u00e5penskjold \u2013 Griffing, Smygard, H\u00e5sbl\u00e5s eller Ravnklo. Underveis kan du h\u00f8re p\u00e5 et l\u00e6rerikt opptak om husene og Harry Potters verden. Klar for forandring? Bygg om v\u00e5penskjoldet til et av de tre andre, eller samle fire sett og lag tidenes Galtvort-v\u00e5penskjold.  Kreative hobbyprosjekter for voksne Du trenger verken v\u00e6re kunstner eller LEGO samler for \u00e5 sette pris p\u00e5 dette vakre og kreative settet, og du kan stille ut den ferdige modellen hjemme eller p\u00e5 jobben. LEGO Art byggesett-serien har kunst, musikk, design og arkitektur som tema. De er perfekte som gave til voksne (deg selv inkludert) p\u00e5 utkikk etter en ny hobby eller et nytt prosjekt.<\/p>\n","protected":false},"excerpt":{"rendered":"<p>Alle som er interessert i Harry Potter\u2122, kan bygge ett av totalt fire mulige v\u00e5penskjold med settet LEGO\u00ae Art Harry Potter Galtvorts v\u00e5penskjold (31201). Underveis&hellip;<\/p>\n","protected":false},"featured_media":12842,"comment_status":"open","ping_status":"closed","template":"","meta":[],"product_brand":[],"product_cat":[340],"product_tag":[],"class_list":{"0":"post-12843","1":"product","2":"type-product","3":"status-publish","4":"has-post-thumbnail","6":"product_cat-set","8":"first","9":"instock","10":"shipping-taxable","11":"product-type-external","12":"customify-col"},"yoast_head":"<!-- This site is optimized with the Yoast SEO plugin v26.0 - https:\/\/yoast.com\/wordpress\/plugins\/seo\/ -->\n<title>LEGO ART 31201, Harry Potter\u2122 Galtvorts v\u00e5penskjold - Barneleker.no<\/title>\n<meta name=\"robots\" content=\"index, follow, max-snippet:-1, max-image-preview:large, max-video-preview:-1\" \/>\n<link rel=\"canonical\" href=\"https:\/\/barneleker.no\/index.php\/product\/lego-art-31201-harry-potter-galtvorts-vapenskjold\/\" \/>\n<meta property=\"og:locale\" content=\"nb_NO\" \/>\n<meta property=\"og:type\" content=\"article\" \/>\n<meta property=\"og:title\" content=\"LEGO ART 31201, Harry Potter\u2122 Galtvorts v\u00e5penskjold - Barneleker.no\" \/>\n<meta property=\"og:description\" content=\"Alle som er interessert i Harry Potter\u2122, kan bygge ett av totalt fire mulige v\u00e5penskjold med settet LEGO\u00ae Art Harry Potter Galtvorts v\u00e5penskjold (31201). Underveis&hellip;\" \/>\n<meta property=\"og:url\" content=\"https:\/\/barneleker.no\/index.php\/product\/lego-art-31201-harry-potter-galtvorts-vapenskjold\/\" \/>\n<meta property=\"og:site_name\" content=\"Barneleker.no\" \/>\n<meta name=\"twitter:card\" content=\"summary_large_image\" \/>\n<meta name=\"twitter:label1\" content=\"Ansl. lesetid\" \/>\n\t<meta name=\"twitter:data1\" content=\"1 minutt\" \/>\n<script type=\"application\/ld+json\" class=\"yoast-schema-graph\">{\"@context\":\"https:\/\/schema.org\",\"@graph\":[{\"@type\":\"WebPage\",\"@id\":\"https:\/\/barneleker.no\/index.php\/product\/lego-art-31201-harry-potter-galtvorts-vapenskjold\/\",\"url\":\"https:\/\/barneleker.no\/index.php\/product\/lego-art-31201-harry-potter-galtvorts-vapenskjold\/\",\"name\":\"LEGO ART 31201, Harry Potter\u2122 Galtvorts v\u00e5penskjold - Barneleker.no\",\"isPartOf\":{\"@id\":\"https:\/\/barneleker.no\/#website\"},\"primaryImageOfPage\":{\"@id\":\"https:\/\/barneleker.no\/index.php\/product\/lego-art-31201-harry-potter-galtvorts-vapenskjold\/#primaryimage\"},\"image\":{\"@id\":\"https:\/\/barneleker.no\/index.php\/product\/lego-art-31201-harry-potter-galtvorts-vapenskjold\/#primaryimage\"},\"thumbnailUrl\":\"https:\/\/barneleker.no\/wp-content\/uploads\/2022\/02\/lego-art-31201-harry-potter-galtvorts-vapenskjold.jpg\",\"datePublished\":\"2022-02-08T19:52:59+00:00\",\"breadcrumb\":{\"@id\":\"https:\/\/barneleker.no\/index.php\/product\/lego-art-31201-harry-potter-galtvorts-vapenskjold\/#breadcrumb\"},\"inLanguage\":\"nb-NO\",\"potentialAction\":[{\"@type\":\"ReadAction\",\"target\":[\"https:\/\/barneleker.no\/index.php\/product\/lego-art-31201-harry-potter-galtvorts-vapenskjold\/\"]}]},{\"@type\":\"ImageObject\",\"inLanguage\":\"nb-NO\",\"@id\":\"https:\/\/barneleker.no\/index.php\/product\/lego-art-31201-harry-potter-galtvorts-vapenskjold\/#primaryimage\",\"url\":\"https:\/\/barneleker.no\/wp-content\/uploads\/2022\/02\/lego-art-31201-harry-potter-galtvorts-vapenskjold.jpg\",\"contentUrl\":\"https:\/\/barneleker.no\/wp-content\/uploads\/2022\/02\/lego-art-31201-harry-potter-galtvorts-vapenskjold.jpg\",\"width\":555,\"height\":555},{\"@type\":\"BreadcrumbList\",\"@id\":\"https:\/\/barneleker.no\/index.php\/product\/lego-art-31201-harry-potter-galtvorts-vapenskjold\/#breadcrumb\",\"itemListElement\":[{\"@type\":\"ListItem\",\"position\":1,\"name\":\"Butikken\",\"item\":\"https:\/\/barneleker.no\/\"},{\"@type\":\"ListItem\",\"position\":2,\"name\":\"LEGO ART 31201, Harry Potter\u2122 Galtvorts v\u00e5penskjold\"}]},{\"@type\":\"WebSite\",\"@id\":\"https:\/\/barneleker.no\/#website\",\"url\":\"https:\/\/barneleker.no\/\",\"name\":\"Barneleker.no\",\"description\":\"Selvf\u00f8lgelig!\",\"publisher\":{\"@id\":\"https:\/\/barneleker.no\/#organization\"},\"potentialAction\":[{\"@type\":\"SearchAction\",\"target\":{\"@type\":\"EntryPoint\",\"urlTemplate\":\"https:\/\/barneleker.no\/?s={search_term_string}\"},\"query-input\":{\"@type\":\"PropertyValueSpecification\",\"valueRequired\":true,\"valueName\":\"search_term_string\"}}],\"inLanguage\":\"nb-NO\"},{\"@type\":\"Organization\",\"@id\":\"https:\/\/barneleker.no\/#organization\",\"name\":\"Barneleker.no\",\"url\":\"https:\/\/barneleker.no\/\",\"logo\":{\"@type\":\"ImageObject\",\"inLanguage\":\"nb-NO\",\"@id\":\"https:\/\/barneleker.no\/#\/schema\/logo\/image\/\",\"url\":\"https:\/\/barneleker.no\/wp-content\/uploads\/2021\/11\/barneleker_logo-780x150-1.jpg\",\"contentUrl\":\"https:\/\/barneleker.no\/wp-content\/uploads\/2021\/11\/barneleker_logo-780x150-1.jpg\",\"width\":780,\"height\":150,\"caption\":\"Barneleker.no\"},\"image\":{\"@id\":\"https:\/\/barneleker.no\/#\/schema\/logo\/image\/\"}}]}<\/script>\n<!-- \/ Yoast SEO plugin. -->","yoast_head_json":{"title":"LEGO ART 31201, Harry Potter\u2122 Galtvorts v\u00e5penskjold - Barneleker.no","robots":{"index":"index","follow":"follow","max-snippet":"max-snippet:-1","max-image-preview":"max-image-preview:large","max-video-preview":"max-video-preview:-1"},"canonical":"https:\/\/barneleker.no\/index.php\/product\/lego-art-31201-harry-potter-galtvorts-vapenskjold\/","og_locale":"nb_NO","og_type":"article","og_title":"LEGO ART 31201, Harry Potter\u2122 Galtvorts v\u00e5penskjold - Barneleker.no","og_description":"Alle som er interessert i Harry Potter\u2122, kan bygge ett av totalt fire mulige v\u00e5penskjold med settet LEGO\u00ae Art Harry Potter Galtvorts v\u00e5penskjold (31201). Underveis&hellip;","og_url":"https:\/\/barneleker.no\/index.php\/product\/lego-art-31201-harry-potter-galtvorts-vapenskjold\/","og_site_name":"Barneleker.no","twitter_card":"summary_large_image","twitter_misc":{"Ansl. lesetid":"1 minutt"},"schema":{"@context":"https:\/\/schema.org","@graph":[{"@type":"WebPage","@id":"https:\/\/barneleker.no\/index.php\/product\/lego-art-31201-harry-potter-galtvorts-vapenskjold\/","url":"https:\/\/barneleker.no\/index.php\/product\/lego-art-31201-harry-potter-galtvorts-vapenskjold\/","name":"LEGO ART 31201, Harry Potter\u2122 Galtvorts v\u00e5penskjold - Barneleker.no","isPartOf":{"@id":"https:\/\/barneleker.no\/#website"},"primaryImageOfPage":{"@id":"https:\/\/barneleker.no\/index.php\/product\/lego-art-31201-harry-potter-galtvorts-vapenskjold\/#primaryimage"},"image":{"@id":"https:\/\/barneleker.no\/index.php\/product\/lego-art-31201-harry-potter-galtvorts-vapenskjold\/#primaryimage"},"thumbnailUrl":"https:\/\/barneleker.no\/wp-content\/uploads\/2022\/02\/lego-art-31201-harry-potter-galtvorts-vapenskjold.jpg","datePublished":"2022-02-08T19:52:59+00:00","breadcrumb":{"@id":"https:\/\/barneleker.no\/index.php\/product\/lego-art-31201-harry-potter-galtvorts-vapenskjold\/#breadcrumb"},"inLanguage":"nb-NO","potentialAction":[{"@type":"ReadAction","target":["https:\/\/barneleker.no\/index.php\/product\/lego-art-31201-harry-potter-galtvorts-vapenskjold\/"]}]},{"@type":"ImageObject","inLanguage":"nb-NO","@id":"https:\/\/barneleker.no\/index.php\/product\/lego-art-31201-harry-potter-galtvorts-vapenskjold\/#primaryimage","url":"https:\/\/barneleker.no\/wp-content\/uploads\/2022\/02\/lego-art-31201-harry-potter-galtvorts-vapenskjold.jpg","contentUrl":"https:\/\/barneleker.no\/wp-content\/uploads\/2022\/02\/lego-art-31201-harry-potter-galtvorts-vapenskjold.jpg","width":555,"height":555},{"@type":"BreadcrumbList","@id":"https:\/\/barneleker.no\/index.php\/product\/lego-art-31201-harry-potter-galtvorts-vapenskjold\/#breadcrumb","itemListElement":[{"@type":"ListItem","position":1,"name":"Butikken","item":"https:\/\/barneleker.no\/"},{"@type":"ListItem","position":2,"name":"LEGO ART 31201, Harry Potter\u2122 Galtvorts v\u00e5penskjold"}]},{"@type":"WebSite","@id":"https:\/\/barneleker.no\/#website","url":"https:\/\/barneleker.no\/","name":"Barneleker.no","description":"Selvf\u00f8lgelig!","publisher":{"@id":"https:\/\/barneleker.no\/#organization"},"potentialAction":[{"@type":"SearchAction","target":{"@type":"EntryPoint","urlTemplate":"https:\/\/barneleker.no\/?s={search_term_string}"},"query-input":{"@type":"PropertyValueSpecification","valueRequired":true,"valueName":"search_term_string"}}],"inLanguage":"nb-NO"},{"@type":"Organization","@id":"https:\/\/barneleker.no\/#organization","name":"Barneleker.no","url":"https:\/\/barneleker.no\/","logo":{"@type":"ImageObject","inLanguage":"nb-NO","@id":"https:\/\/barneleker.no\/#\/schema\/logo\/image\/","url":"https:\/\/barneleker.no\/wp-content\/uploads\/2021\/11\/barneleker_logo-780x150-1.jpg","contentUrl":"https:\/\/barneleker.no\/wp-content\/uploads\/2021\/11\/barneleker_logo-780x150-1.jpg","width":780,"height":150,"caption":"Barneleker.no"},"image":{"@id":"https:\/\/barneleker.no\/#\/schema\/logo\/image\/"}}]}},"_links":{"self":[{"href":"https:\/\/barneleker.no\/index.php\/wp-json\/wp\/v2\/product\/12843","targetHints":{"allow":["GET"]}}],"collection":[{"href":"https:\/\/barneleker.no\/index.php\/wp-json\/wp\/v2\/product"}],"about":[{"href":"https:\/\/barneleker.no\/index.php\/wp-json\/wp\/v2\/types\/product"}],"replies":[{"embeddable":true,"href":"https:\/\/barneleker.no\/index.php\/wp-json\/wp\/v2\/comments?post=12843"}],"wp:featuredmedia":[{"embeddable":true,"href":"https:\/\/barneleker.no\/index.php\/wp-json\/wp\/v2\/media\/12842"}],"wp:attachment":[{"href":"https:\/\/barneleker.no\/index.php\/wp-json\/wp\/v2\/media?parent=12843"}],"wp:term":[{"taxonomy":"product_brand","embeddable":true,"href":"https:\/\/barneleker.no\/index.php\/wp-json\/wp\/v2\/product_brand?post=12843"},{"taxonomy":"product_cat","embeddable":true,"href":"https:\/\/barneleker.no\/index.php\/wp-json\/wp\/v2\/product_cat?post=12843"},{"taxonomy":"product_tag","embeddable":true,"href":"https:\/\/barneleker.no\/index.php\/wp-json\/wp\/v2\/product_tag?post=12843"}],"curies":[{"name":"wp","href":"https:\/\/api.w.org\/{rel}","templated":true}]}}