{"id":12845,"date":"2022-02-08T19:53:00","date_gmt":"2022-02-08T19:53:00","guid":{"rendered":"https:\/\/barneleker.no\/index.php\/product\/disney-princess-royal-shimmer-cinderella-dukke\/"},"modified":"2022-02-08T19:53:00","modified_gmt":"2022-02-08T19:53:00","slug":"disney-princess-royal-shimmer-cinderella-dukke","status":"publish","type":"product","link":"https:\/\/barneleker.no\/index.php\/product\/disney-princess-royal-shimmer-cinderella-dukke\/","title":{"rendered":"Disney Princess, Royal Shimmer Cinderella dukke"},"content":{"rendered":"<p>I den klassiske Disney-animasjonsfilmen gj\u00f8r Askepotts godhet, n\u00e5de og mot hennes dr\u00f8mmer til virkelighet takket v\u00e6re den gode feens magiske forvandling av utseendet og litt hjelp fra musevennene Jaq og Gus. Med denne Royal Shimmer Disney Princess-dukken kan barna forestille seg at Askepott f\u00e5r alle dr\u00f8mmene sine oppfylt n\u00e5r de gjenskaper favorittfilm\u00f8yeblikk eller dikter opp sine egne nye eventyr. Denne Disney-dukken er inspirert av hennes animerte karakter, og den inkluderer et motedukkeskj\u00f8rt og tilbeh\u00f8r \u2013 en tiara og sko \u2013 i den bl\u00e5 signaturfargen. Barn kan ha det g\u00f8y med \u00e5 gjenskape scener fra Disneys Askepott med motedukkens blonde h\u00e5r og signaturtilbeh\u00f8r. Askepott-dukken vil v\u00e6re en flott bursdagsgave eller julegave til jenter og gutter fra 3 \u00e5r, og er et fantastisk tillegg til barnas Disney-dukkesamling! Copyright Disney. Hasbro og alle relaterte begreper er varemerker som tilh\u00f8rer Hasbro.<\/p>\n","protected":false},"excerpt":{"rendered":"<p>I den klassiske Disney-animasjonsfilmen gj\u00f8r Askepotts godhet, n\u00e5de og mot hennes dr\u00f8mmer til virkelighet takket v\u00e6re den gode feens magiske forvandling av utseendet og litt&hellip;<\/p>\n","protected":false},"featured_media":12844,"comment_status":"open","ping_status":"closed","template":"","meta":[],"product_brand":[],"product_cat":[345],"product_tag":[],"class_list":{"0":"post-12845","1":"product","2":"type-product","3":"status-publish","4":"has-post-thumbnail","6":"product_cat-dockor","8":"first","9":"instock","10":"shipping-taxable","11":"product-type-external","12":"customify-col"},"yoast_head":"<!-- This site is optimized with the Yoast SEO plugin v26.0 - https:\/\/yoast.com\/wordpress\/plugins\/seo\/ -->\n<title>Disney Princess, Royal Shimmer Cinderella dukke - Barneleker.no<\/title>\n<meta name=\"robots\" content=\"index, follow, max-snippet:-1, max-image-preview:large, max-video-preview:-1\" \/>\n<link rel=\"canonical\" href=\"https:\/\/barneleker.no\/index.php\/product\/disney-princess-royal-shimmer-cinderella-dukke\/\" \/>\n<meta property=\"og:locale\" content=\"nb_NO\" \/>\n<meta property=\"og:type\" content=\"article\" \/>\n<meta property=\"og:title\" content=\"Disney Princess, Royal Shimmer Cinderella dukke - Barneleker.no\" \/>\n<meta property=\"og:description\" content=\"I den klassiske Disney-animasjonsfilmen gj\u00f8r Askepotts godhet, n\u00e5de og mot hennes dr\u00f8mmer til virkelighet takket v\u00e6re den gode feens magiske forvandling av utseendet og litt&hellip;\" \/>\n<meta property=\"og:url\" content=\"https:\/\/barneleker.no\/index.php\/product\/disney-princess-royal-shimmer-cinderella-dukke\/\" \/>\n<meta property=\"og:site_name\" content=\"Barneleker.no\" \/>\n<meta name=\"twitter:card\" content=\"summary_large_image\" \/>\n<meta name=\"twitter:label1\" content=\"Ansl. lesetid\" \/>\n\t<meta name=\"twitter:data1\" content=\"1 minutt\" \/>\n<script type=\"application\/ld+json\" class=\"yoast-schema-graph\">{\"@context\":\"https:\/\/schema.org\",\"@graph\":[{\"@type\":\"WebPage\",\"@id\":\"https:\/\/barneleker.no\/index.php\/product\/disney-princess-royal-shimmer-cinderella-dukke\/\",\"url\":\"https:\/\/barneleker.no\/index.php\/product\/disney-princess-royal-shimmer-cinderella-dukke\/\",\"name\":\"Disney Princess, Royal Shimmer Cinderella dukke - Barneleker.no\",\"isPartOf\":{\"@id\":\"https:\/\/barneleker.no\/#website\"},\"primaryImageOfPage\":{\"@id\":\"https:\/\/barneleker.no\/index.php\/product\/disney-princess-royal-shimmer-cinderella-dukke\/#primaryimage\"},\"image\":{\"@id\":\"https:\/\/barneleker.no\/index.php\/product\/disney-princess-royal-shimmer-cinderella-dukke\/#primaryimage\"},\"thumbnailUrl\":\"https:\/\/barneleker.no\/wp-content\/uploads\/2022\/02\/disney-princess-royal-shimmer-cinderella-dukke.jpg\",\"datePublished\":\"2022-02-08T19:53:00+00:00\",\"breadcrumb\":{\"@id\":\"https:\/\/barneleker.no\/index.php\/product\/disney-princess-royal-shimmer-cinderella-dukke\/#breadcrumb\"},\"inLanguage\":\"nb-NO\",\"potentialAction\":[{\"@type\":\"ReadAction\",\"target\":[\"https:\/\/barneleker.no\/index.php\/product\/disney-princess-royal-shimmer-cinderella-dukke\/\"]}]},{\"@type\":\"ImageObject\",\"inLanguage\":\"nb-NO\",\"@id\":\"https:\/\/barneleker.no\/index.php\/product\/disney-princess-royal-shimmer-cinderella-dukke\/#primaryimage\",\"url\":\"https:\/\/barneleker.no\/wp-content\/uploads\/2022\/02\/disney-princess-royal-shimmer-cinderella-dukke.jpg\",\"contentUrl\":\"https:\/\/barneleker.no\/wp-content\/uploads\/2022\/02\/disney-princess-royal-shimmer-cinderella-dukke.jpg\",\"width\":555,\"height\":555},{\"@type\":\"BreadcrumbList\",\"@id\":\"https:\/\/barneleker.no\/index.php\/product\/disney-princess-royal-shimmer-cinderella-dukke\/#breadcrumb\",\"itemListElement\":[{\"@type\":\"ListItem\",\"position\":1,\"name\":\"Butikken\",\"item\":\"https:\/\/barneleker.no\/\"},{\"@type\":\"ListItem\",\"position\":2,\"name\":\"Disney Princess, Royal Shimmer Cinderella dukke\"}]},{\"@type\":\"WebSite\",\"@id\":\"https:\/\/barneleker.no\/#website\",\"url\":\"https:\/\/barneleker.no\/\",\"name\":\"Barneleker.no\",\"description\":\"Selvf\u00f8lgelig!\",\"publisher\":{\"@id\":\"https:\/\/barneleker.no\/#organization\"},\"potentialAction\":[{\"@type\":\"SearchAction\",\"target\":{\"@type\":\"EntryPoint\",\"urlTemplate\":\"https:\/\/barneleker.no\/?s={search_term_string}\"},\"query-input\":{\"@type\":\"PropertyValueSpecification\",\"valueRequired\":true,\"valueName\":\"search_term_string\"}}],\"inLanguage\":\"nb-NO\"},{\"@type\":\"Organization\",\"@id\":\"https:\/\/barneleker.no\/#organization\",\"name\":\"Barneleker.no\",\"url\":\"https:\/\/barneleker.no\/\",\"logo\":{\"@type\":\"ImageObject\",\"inLanguage\":\"nb-NO\",\"@id\":\"https:\/\/barneleker.no\/#\/schema\/logo\/image\/\",\"url\":\"https:\/\/barneleker.no\/wp-content\/uploads\/2021\/11\/barneleker_logo-780x150-1.jpg\",\"contentUrl\":\"https:\/\/barneleker.no\/wp-content\/uploads\/2021\/11\/barneleker_logo-780x150-1.jpg\",\"width\":780,\"height\":150,\"caption\":\"Barneleker.no\"},\"image\":{\"@id\":\"https:\/\/barneleker.no\/#\/schema\/logo\/image\/\"}}]}<\/script>\n<!-- \/ Yoast SEO plugin. -->","yoast_head_json":{"title":"Disney Princess, Royal Shimmer Cinderella dukke - Barneleker.no","robots":{"index":"index","follow":"follow","max-snippet":"max-snippet:-1","max-image-preview":"max-image-preview:large","max-video-preview":"max-video-preview:-1"},"canonical":"https:\/\/barneleker.no\/index.php\/product\/disney-princess-royal-shimmer-cinderella-dukke\/","og_locale":"nb_NO","og_type":"article","og_title":"Disney Princess, Royal Shimmer Cinderella dukke - Barneleker.no","og_description":"I den klassiske Disney-animasjonsfilmen gj\u00f8r Askepotts godhet, n\u00e5de og mot hennes dr\u00f8mmer til virkelighet takket v\u00e6re den gode feens magiske forvandling av utseendet og litt&hellip;","og_url":"https:\/\/barneleker.no\/index.php\/product\/disney-princess-royal-shimmer-cinderella-dukke\/","og_site_name":"Barneleker.no","twitter_card":"summary_large_image","twitter_misc":{"Ansl. lesetid":"1 minutt"},"schema":{"@context":"https:\/\/schema.org","@graph":[{"@type":"WebPage","@id":"https:\/\/barneleker.no\/index.php\/product\/disney-princess-royal-shimmer-cinderella-dukke\/","url":"https:\/\/barneleker.no\/index.php\/product\/disney-princess-royal-shimmer-cinderella-dukke\/","name":"Disney Princess, Royal Shimmer Cinderella dukke - Barneleker.no","isPartOf":{"@id":"https:\/\/barneleker.no\/#website"},"primaryImageOfPage":{"@id":"https:\/\/barneleker.no\/index.php\/product\/disney-princess-royal-shimmer-cinderella-dukke\/#primaryimage"},"image":{"@id":"https:\/\/barneleker.no\/index.php\/product\/disney-princess-royal-shimmer-cinderella-dukke\/#primaryimage"},"thumbnailUrl":"https:\/\/barneleker.no\/wp-content\/uploads\/2022\/02\/disney-princess-royal-shimmer-cinderella-dukke.jpg","datePublished":"2022-02-08T19:53:00+00:00","breadcrumb":{"@id":"https:\/\/barneleker.no\/index.php\/product\/disney-princess-royal-shimmer-cinderella-dukke\/#breadcrumb"},"inLanguage":"nb-NO","potentialAction":[{"@type":"ReadAction","target":["https:\/\/barneleker.no\/index.php\/product\/disney-princess-royal-shimmer-cinderella-dukke\/"]}]},{"@type":"ImageObject","inLanguage":"nb-NO","@id":"https:\/\/barneleker.no\/index.php\/product\/disney-princess-royal-shimmer-cinderella-dukke\/#primaryimage","url":"https:\/\/barneleker.no\/wp-content\/uploads\/2022\/02\/disney-princess-royal-shimmer-cinderella-dukke.jpg","contentUrl":"https:\/\/barneleker.no\/wp-content\/uploads\/2022\/02\/disney-princess-royal-shimmer-cinderella-dukke.jpg","width":555,"height":555},{"@type":"BreadcrumbList","@id":"https:\/\/barneleker.no\/index.php\/product\/disney-princess-royal-shimmer-cinderella-dukke\/#breadcrumb","itemListElement":[{"@type":"ListItem","position":1,"name":"Butikken","item":"https:\/\/barneleker.no\/"},{"@type":"ListItem","position":2,"name":"Disney Princess, Royal Shimmer Cinderella dukke"}]},{"@type":"WebSite","@id":"https:\/\/barneleker.no\/#website","url":"https:\/\/barneleker.no\/","name":"Barneleker.no","description":"Selvf\u00f8lgelig!","publisher":{"@id":"https:\/\/barneleker.no\/#organization"},"potentialAction":[{"@type":"SearchAction","target":{"@type":"EntryPoint","urlTemplate":"https:\/\/barneleker.no\/?s={search_term_string}"},"query-input":{"@type":"PropertyValueSpecification","valueRequired":true,"valueName":"search_term_string"}}],"inLanguage":"nb-NO"},{"@type":"Organization","@id":"https:\/\/barneleker.no\/#organization","name":"Barneleker.no","url":"https:\/\/barneleker.no\/","logo":{"@type":"ImageObject","inLanguage":"nb-NO","@id":"https:\/\/barneleker.no\/#\/schema\/logo\/image\/","url":"https:\/\/barneleker.no\/wp-content\/uploads\/2021\/11\/barneleker_logo-780x150-1.jpg","contentUrl":"https:\/\/barneleker.no\/wp-content\/uploads\/2021\/11\/barneleker_logo-780x150-1.jpg","width":780,"height":150,"caption":"Barneleker.no"},"image":{"@id":"https:\/\/barneleker.no\/#\/schema\/logo\/image\/"}}]}},"_links":{"self":[{"href":"https:\/\/barneleker.no\/index.php\/wp-json\/wp\/v2\/product\/12845","targetHints":{"allow":["GET"]}}],"collection":[{"href":"https:\/\/barneleker.no\/index.php\/wp-json\/wp\/v2\/product"}],"about":[{"href":"https:\/\/barneleker.no\/index.php\/wp-json\/wp\/v2\/types\/product"}],"replies":[{"embeddable":true,"href":"https:\/\/barneleker.no\/index.php\/wp-json\/wp\/v2\/comments?post=12845"}],"wp:featuredmedia":[{"embeddable":true,"href":"https:\/\/barneleker.no\/index.php\/wp-json\/wp\/v2\/media\/12844"}],"wp:attachment":[{"href":"https:\/\/barneleker.no\/index.php\/wp-json\/wp\/v2\/media?parent=12845"}],"wp:term":[{"taxonomy":"product_brand","embeddable":true,"href":"https:\/\/barneleker.no\/index.php\/wp-json\/wp\/v2\/product_brand?post=12845"},{"taxonomy":"product_cat","embeddable":true,"href":"https:\/\/barneleker.no\/index.php\/wp-json\/wp\/v2\/product_cat?post=12845"},{"taxonomy":"product_tag","embeddable":true,"href":"https:\/\/barneleker.no\/index.php\/wp-json\/wp\/v2\/product_tag?post=12845"}],"curies":[{"name":"wp","href":"https:\/\/api.w.org\/{rel}","templated":true}]}}