{"id":12847,"date":"2022-02-08T19:53:00","date_gmt":"2022-02-08T19:53:00","guid":{"rendered":"https:\/\/barneleker.no\/index.php\/product\/playmobil-1-2-3-sortering-pa-gjenbruksstasjonen\/"},"modified":"2022-02-08T19:53:00","modified_gmt":"2022-02-08T19:53:00","slug":"playmobil-1-2-3-sortering-pa-gjenbruksstasjonen","status":"publish","type":"product","link":"https:\/\/barneleker.no\/index.php\/product\/playmobil-1-2-3-sortering-pa-gjenbruksstasjonen\/","title":{"rendered":"Playmobil 1.2.3 &#8211; Sortering p\u00e5 gjenbruksstasjonen"},"content":{"rendered":"<p>I den romslige lastebilen kj\u00f8rer bygningsarbeideren lasten inn p\u00e5 lageret. Kj\u00f8r forsiktig opp mot lasterampen, senk gjerdet og t\u00f8nnen glir inn i bygningen. En enkel match. G\u00f8y p\u00e5 jobb! Lekesettet best\u00e5r av et lager, en lastebil med tipp, forskjellige materialer \u00e5 ha med seg: fat, sekker, pakker og ekstra tilbeh\u00f8r. Fin funksjon: gjennom sorteringsfunksjonen i taket blir sm\u00e5barn kjent med former og forst\u00e5 gjenstander. Lekesettet passer for barn fra 18 m\u00e5neder. Med runde former, fine farger og uten sm\u00e5 deler, er alle sett trygge, kvalitative og \u00f8ker kreativiteten og finmotorikken.<\/p>\n","protected":false},"excerpt":{"rendered":"<p>I den romslige lastebilen kj\u00f8rer bygningsarbeideren lasten inn p\u00e5 lageret. Kj\u00f8r forsiktig opp mot lasterampen, senk gjerdet og t\u00f8nnen glir inn i bygningen. En enkel&hellip;<\/p>\n","protected":false},"featured_media":12846,"comment_status":"open","ping_status":"closed","template":"","meta":[],"product_brand":[],"product_cat":[367],"product_tag":[],"class_list":{"0":"post-12847","1":"product","2":"type-product","3":"status-publish","4":"has-post-thumbnail","6":"product_cat-byggset","8":"first","9":"instock","10":"shipping-taxable","11":"product-type-external","12":"customify-col"},"yoast_head":"<!-- This site is optimized with the Yoast SEO plugin v26.0 - https:\/\/yoast.com\/wordpress\/plugins\/seo\/ -->\n<title>Playmobil 1.2.3 - Sortering p\u00e5 gjenbruksstasjonen - Barneleker.no<\/title>\n<meta name=\"robots\" content=\"index, follow, max-snippet:-1, max-image-preview:large, max-video-preview:-1\" \/>\n<link rel=\"canonical\" href=\"https:\/\/barneleker.no\/index.php\/product\/playmobil-1-2-3-sortering-pa-gjenbruksstasjonen\/\" \/>\n<meta property=\"og:locale\" content=\"nb_NO\" \/>\n<meta property=\"og:type\" content=\"article\" \/>\n<meta property=\"og:title\" content=\"Playmobil 1.2.3 - Sortering p\u00e5 gjenbruksstasjonen - Barneleker.no\" \/>\n<meta property=\"og:description\" content=\"I den romslige lastebilen kj\u00f8rer bygningsarbeideren lasten inn p\u00e5 lageret. Kj\u00f8r forsiktig opp mot lasterampen, senk gjerdet og t\u00f8nnen glir inn i bygningen. En enkel&hellip;\" \/>\n<meta property=\"og:url\" content=\"https:\/\/barneleker.no\/index.php\/product\/playmobil-1-2-3-sortering-pa-gjenbruksstasjonen\/\" \/>\n<meta property=\"og:site_name\" content=\"Barneleker.no\" \/>\n<meta name=\"twitter:card\" content=\"summary_large_image\" \/>\n<script type=\"application\/ld+json\" class=\"yoast-schema-graph\">{\"@context\":\"https:\/\/schema.org\",\"@graph\":[{\"@type\":\"WebPage\",\"@id\":\"https:\/\/barneleker.no\/index.php\/product\/playmobil-1-2-3-sortering-pa-gjenbruksstasjonen\/\",\"url\":\"https:\/\/barneleker.no\/index.php\/product\/playmobil-1-2-3-sortering-pa-gjenbruksstasjonen\/\",\"name\":\"Playmobil 1.2.3 - Sortering p\u00e5 gjenbruksstasjonen - Barneleker.no\",\"isPartOf\":{\"@id\":\"https:\/\/barneleker.no\/#website\"},\"primaryImageOfPage\":{\"@id\":\"https:\/\/barneleker.no\/index.php\/product\/playmobil-1-2-3-sortering-pa-gjenbruksstasjonen\/#primaryimage\"},\"image\":{\"@id\":\"https:\/\/barneleker.no\/index.php\/product\/playmobil-1-2-3-sortering-pa-gjenbruksstasjonen\/#primaryimage\"},\"thumbnailUrl\":\"https:\/\/barneleker.no\/wp-content\/uploads\/2022\/02\/playmobil-1-2-3-sortering-pa-gjenbruksstasjonen.jpg\",\"datePublished\":\"2022-02-08T19:53:00+00:00\",\"breadcrumb\":{\"@id\":\"https:\/\/barneleker.no\/index.php\/product\/playmobil-1-2-3-sortering-pa-gjenbruksstasjonen\/#breadcrumb\"},\"inLanguage\":\"nb-NO\",\"potentialAction\":[{\"@type\":\"ReadAction\",\"target\":[\"https:\/\/barneleker.no\/index.php\/product\/playmobil-1-2-3-sortering-pa-gjenbruksstasjonen\/\"]}]},{\"@type\":\"ImageObject\",\"inLanguage\":\"nb-NO\",\"@id\":\"https:\/\/barneleker.no\/index.php\/product\/playmobil-1-2-3-sortering-pa-gjenbruksstasjonen\/#primaryimage\",\"url\":\"https:\/\/barneleker.no\/wp-content\/uploads\/2022\/02\/playmobil-1-2-3-sortering-pa-gjenbruksstasjonen.jpg\",\"contentUrl\":\"https:\/\/barneleker.no\/wp-content\/uploads\/2022\/02\/playmobil-1-2-3-sortering-pa-gjenbruksstasjonen.jpg\",\"width\":555,\"height\":555},{\"@type\":\"BreadcrumbList\",\"@id\":\"https:\/\/barneleker.no\/index.php\/product\/playmobil-1-2-3-sortering-pa-gjenbruksstasjonen\/#breadcrumb\",\"itemListElement\":[{\"@type\":\"ListItem\",\"position\":1,\"name\":\"Butikken\",\"item\":\"https:\/\/barneleker.no\/\"},{\"@type\":\"ListItem\",\"position\":2,\"name\":\"Playmobil 1.2.3 &#8211; Sortering p\u00e5 gjenbruksstasjonen\"}]},{\"@type\":\"WebSite\",\"@id\":\"https:\/\/barneleker.no\/#website\",\"url\":\"https:\/\/barneleker.no\/\",\"name\":\"Barneleker.no\",\"description\":\"Selvf\u00f8lgelig!\",\"publisher\":{\"@id\":\"https:\/\/barneleker.no\/#organization\"},\"potentialAction\":[{\"@type\":\"SearchAction\",\"target\":{\"@type\":\"EntryPoint\",\"urlTemplate\":\"https:\/\/barneleker.no\/?s={search_term_string}\"},\"query-input\":{\"@type\":\"PropertyValueSpecification\",\"valueRequired\":true,\"valueName\":\"search_term_string\"}}],\"inLanguage\":\"nb-NO\"},{\"@type\":\"Organization\",\"@id\":\"https:\/\/barneleker.no\/#organization\",\"name\":\"Barneleker.no\",\"url\":\"https:\/\/barneleker.no\/\",\"logo\":{\"@type\":\"ImageObject\",\"inLanguage\":\"nb-NO\",\"@id\":\"https:\/\/barneleker.no\/#\/schema\/logo\/image\/\",\"url\":\"https:\/\/barneleker.no\/wp-content\/uploads\/2021\/11\/barneleker_logo-780x150-1.jpg\",\"contentUrl\":\"https:\/\/barneleker.no\/wp-content\/uploads\/2021\/11\/barneleker_logo-780x150-1.jpg\",\"width\":780,\"height\":150,\"caption\":\"Barneleker.no\"},\"image\":{\"@id\":\"https:\/\/barneleker.no\/#\/schema\/logo\/image\/\"}}]}<\/script>\n<!-- \/ Yoast SEO plugin. -->","yoast_head_json":{"title":"Playmobil 1.2.3 - Sortering p\u00e5 gjenbruksstasjonen - Barneleker.no","robots":{"index":"index","follow":"follow","max-snippet":"max-snippet:-1","max-image-preview":"max-image-preview:large","max-video-preview":"max-video-preview:-1"},"canonical":"https:\/\/barneleker.no\/index.php\/product\/playmobil-1-2-3-sortering-pa-gjenbruksstasjonen\/","og_locale":"nb_NO","og_type":"article","og_title":"Playmobil 1.2.3 - Sortering p\u00e5 gjenbruksstasjonen - Barneleker.no","og_description":"I den romslige lastebilen kj\u00f8rer bygningsarbeideren lasten inn p\u00e5 lageret. Kj\u00f8r forsiktig opp mot lasterampen, senk gjerdet og t\u00f8nnen glir inn i bygningen. En enkel&hellip;","og_url":"https:\/\/barneleker.no\/index.php\/product\/playmobil-1-2-3-sortering-pa-gjenbruksstasjonen\/","og_site_name":"Barneleker.no","twitter_card":"summary_large_image","schema":{"@context":"https:\/\/schema.org","@graph":[{"@type":"WebPage","@id":"https:\/\/barneleker.no\/index.php\/product\/playmobil-1-2-3-sortering-pa-gjenbruksstasjonen\/","url":"https:\/\/barneleker.no\/index.php\/product\/playmobil-1-2-3-sortering-pa-gjenbruksstasjonen\/","name":"Playmobil 1.2.3 - Sortering p\u00e5 gjenbruksstasjonen - Barneleker.no","isPartOf":{"@id":"https:\/\/barneleker.no\/#website"},"primaryImageOfPage":{"@id":"https:\/\/barneleker.no\/index.php\/product\/playmobil-1-2-3-sortering-pa-gjenbruksstasjonen\/#primaryimage"},"image":{"@id":"https:\/\/barneleker.no\/index.php\/product\/playmobil-1-2-3-sortering-pa-gjenbruksstasjonen\/#primaryimage"},"thumbnailUrl":"https:\/\/barneleker.no\/wp-content\/uploads\/2022\/02\/playmobil-1-2-3-sortering-pa-gjenbruksstasjonen.jpg","datePublished":"2022-02-08T19:53:00+00:00","breadcrumb":{"@id":"https:\/\/barneleker.no\/index.php\/product\/playmobil-1-2-3-sortering-pa-gjenbruksstasjonen\/#breadcrumb"},"inLanguage":"nb-NO","potentialAction":[{"@type":"ReadAction","target":["https:\/\/barneleker.no\/index.php\/product\/playmobil-1-2-3-sortering-pa-gjenbruksstasjonen\/"]}]},{"@type":"ImageObject","inLanguage":"nb-NO","@id":"https:\/\/barneleker.no\/index.php\/product\/playmobil-1-2-3-sortering-pa-gjenbruksstasjonen\/#primaryimage","url":"https:\/\/barneleker.no\/wp-content\/uploads\/2022\/02\/playmobil-1-2-3-sortering-pa-gjenbruksstasjonen.jpg","contentUrl":"https:\/\/barneleker.no\/wp-content\/uploads\/2022\/02\/playmobil-1-2-3-sortering-pa-gjenbruksstasjonen.jpg","width":555,"height":555},{"@type":"BreadcrumbList","@id":"https:\/\/barneleker.no\/index.php\/product\/playmobil-1-2-3-sortering-pa-gjenbruksstasjonen\/#breadcrumb","itemListElement":[{"@type":"ListItem","position":1,"name":"Butikken","item":"https:\/\/barneleker.no\/"},{"@type":"ListItem","position":2,"name":"Playmobil 1.2.3 &#8211; Sortering p\u00e5 gjenbruksstasjonen"}]},{"@type":"WebSite","@id":"https:\/\/barneleker.no\/#website","url":"https:\/\/barneleker.no\/","name":"Barneleker.no","description":"Selvf\u00f8lgelig!","publisher":{"@id":"https:\/\/barneleker.no\/#organization"},"potentialAction":[{"@type":"SearchAction","target":{"@type":"EntryPoint","urlTemplate":"https:\/\/barneleker.no\/?s={search_term_string}"},"query-input":{"@type":"PropertyValueSpecification","valueRequired":true,"valueName":"search_term_string"}}],"inLanguage":"nb-NO"},{"@type":"Organization","@id":"https:\/\/barneleker.no\/#organization","name":"Barneleker.no","url":"https:\/\/barneleker.no\/","logo":{"@type":"ImageObject","inLanguage":"nb-NO","@id":"https:\/\/barneleker.no\/#\/schema\/logo\/image\/","url":"https:\/\/barneleker.no\/wp-content\/uploads\/2021\/11\/barneleker_logo-780x150-1.jpg","contentUrl":"https:\/\/barneleker.no\/wp-content\/uploads\/2021\/11\/barneleker_logo-780x150-1.jpg","width":780,"height":150,"caption":"Barneleker.no"},"image":{"@id":"https:\/\/barneleker.no\/#\/schema\/logo\/image\/"}}]}},"_links":{"self":[{"href":"https:\/\/barneleker.no\/index.php\/wp-json\/wp\/v2\/product\/12847","targetHints":{"allow":["GET"]}}],"collection":[{"href":"https:\/\/barneleker.no\/index.php\/wp-json\/wp\/v2\/product"}],"about":[{"href":"https:\/\/barneleker.no\/index.php\/wp-json\/wp\/v2\/types\/product"}],"replies":[{"embeddable":true,"href":"https:\/\/barneleker.no\/index.php\/wp-json\/wp\/v2\/comments?post=12847"}],"wp:featuredmedia":[{"embeddable":true,"href":"https:\/\/barneleker.no\/index.php\/wp-json\/wp\/v2\/media\/12846"}],"wp:attachment":[{"href":"https:\/\/barneleker.no\/index.php\/wp-json\/wp\/v2\/media?parent=12847"}],"wp:term":[{"taxonomy":"product_brand","embeddable":true,"href":"https:\/\/barneleker.no\/index.php\/wp-json\/wp\/v2\/product_brand?post=12847"},{"taxonomy":"product_cat","embeddable":true,"href":"https:\/\/barneleker.no\/index.php\/wp-json\/wp\/v2\/product_cat?post=12847"},{"taxonomy":"product_tag","embeddable":true,"href":"https:\/\/barneleker.no\/index.php\/wp-json\/wp\/v2\/product_tag?post=12847"}],"curies":[{"name":"wp","href":"https:\/\/api.w.org\/{rel}","templated":true}]}}