{"id":12861,"date":"2022-02-08T19:53:05","date_gmt":"2022-02-08T19:53:05","guid":{"rendered":"https:\/\/barneleker.no\/index.php\/product\/lego-disney-frozen-41168-elsas-smykkeskrin\/"},"modified":"2022-02-08T19:53:05","modified_gmt":"2022-02-08T19:53:05","slug":"lego-disney-frozen-41168-elsas-smykkeskrin","status":"publish","type":"product","link":"https:\/\/barneleker.no\/index.php\/product\/lego-disney-frozen-41168-elsas-smykkeskrin\/","title":{"rendered":"LEGO Disney Frozen 41168 &#8211; Elsas smykkeskrin"},"content":{"rendered":"<p>Lag et kjempefint Frost 2-smykkeskrin inspirert av Elsas isslott, og oppbevar alle skattene dine i det! Roter dreieskiven for \u00e5 f\u00e5 Elsa og den mytiske vann\u00e5nden Nokk til \u00e5 snurre rundt foran speilet. \u00c5pne spesiall\u00e5sen for \u00e5 f\u00e5 opp skuffen hvor du kan ha alle yndlingssmykkene dine. Du f\u00e5r to flotte, nye LEGO ringer til samlingen din!<\/p>\n","protected":false},"excerpt":{"rendered":"<p>Lag et kjempefint Frost 2-smykkeskrin inspirert av Elsas isslott, og oppbevar alle skattene dine i det! Roter dreieskiven for \u00e5 f\u00e5 Elsa og den mytiske&hellip;<\/p>\n","protected":false},"featured_media":12860,"comment_status":"open","ping_status":"closed","template":"","meta":[],"product_brand":[],"product_cat":[340],"product_tag":[],"class_list":{"0":"post-12861","1":"product","2":"type-product","3":"status-publish","4":"has-post-thumbnail","6":"product_cat-set","8":"first","9":"instock","10":"shipping-taxable","11":"product-type-external","12":"customify-col"},"yoast_head":"<!-- This site is optimized with the Yoast SEO plugin v26.0 - https:\/\/yoast.com\/wordpress\/plugins\/seo\/ -->\n<title>LEGO Disney Frozen 41168 - Elsas smykkeskrin - Barneleker.no<\/title>\n<meta name=\"robots\" content=\"index, follow, max-snippet:-1, max-image-preview:large, max-video-preview:-1\" \/>\n<link rel=\"canonical\" href=\"https:\/\/barneleker.no\/index.php\/product\/lego-disney-frozen-41168-elsas-smykkeskrin\/\" \/>\n<meta property=\"og:locale\" content=\"nb_NO\" \/>\n<meta property=\"og:type\" content=\"article\" \/>\n<meta property=\"og:title\" content=\"LEGO Disney Frozen 41168 - Elsas smykkeskrin - Barneleker.no\" \/>\n<meta property=\"og:description\" content=\"Lag et kjempefint Frost 2-smykkeskrin inspirert av Elsas isslott, og oppbevar alle skattene dine i det! Roter dreieskiven for \u00e5 f\u00e5 Elsa og den mytiske&hellip;\" \/>\n<meta property=\"og:url\" content=\"https:\/\/barneleker.no\/index.php\/product\/lego-disney-frozen-41168-elsas-smykkeskrin\/\" \/>\n<meta property=\"og:site_name\" content=\"Barneleker.no\" \/>\n<meta name=\"twitter:card\" content=\"summary_large_image\" \/>\n<script type=\"application\/ld+json\" class=\"yoast-schema-graph\">{\"@context\":\"https:\/\/schema.org\",\"@graph\":[{\"@type\":\"WebPage\",\"@id\":\"https:\/\/barneleker.no\/index.php\/product\/lego-disney-frozen-41168-elsas-smykkeskrin\/\",\"url\":\"https:\/\/barneleker.no\/index.php\/product\/lego-disney-frozen-41168-elsas-smykkeskrin\/\",\"name\":\"LEGO Disney Frozen 41168 - Elsas smykkeskrin - Barneleker.no\",\"isPartOf\":{\"@id\":\"https:\/\/barneleker.no\/#website\"},\"primaryImageOfPage\":{\"@id\":\"https:\/\/barneleker.no\/index.php\/product\/lego-disney-frozen-41168-elsas-smykkeskrin\/#primaryimage\"},\"image\":{\"@id\":\"https:\/\/barneleker.no\/index.php\/product\/lego-disney-frozen-41168-elsas-smykkeskrin\/#primaryimage\"},\"thumbnailUrl\":\"https:\/\/barneleker.no\/wp-content\/uploads\/2022\/02\/lego-disney-frozen-41168-elsas-smykkeskrin.jpg\",\"datePublished\":\"2022-02-08T19:53:05+00:00\",\"breadcrumb\":{\"@id\":\"https:\/\/barneleker.no\/index.php\/product\/lego-disney-frozen-41168-elsas-smykkeskrin\/#breadcrumb\"},\"inLanguage\":\"nb-NO\",\"potentialAction\":[{\"@type\":\"ReadAction\",\"target\":[\"https:\/\/barneleker.no\/index.php\/product\/lego-disney-frozen-41168-elsas-smykkeskrin\/\"]}]},{\"@type\":\"ImageObject\",\"inLanguage\":\"nb-NO\",\"@id\":\"https:\/\/barneleker.no\/index.php\/product\/lego-disney-frozen-41168-elsas-smykkeskrin\/#primaryimage\",\"url\":\"https:\/\/barneleker.no\/wp-content\/uploads\/2022\/02\/lego-disney-frozen-41168-elsas-smykkeskrin.jpg\",\"contentUrl\":\"https:\/\/barneleker.no\/wp-content\/uploads\/2022\/02\/lego-disney-frozen-41168-elsas-smykkeskrin.jpg\",\"width\":555,\"height\":555},{\"@type\":\"BreadcrumbList\",\"@id\":\"https:\/\/barneleker.no\/index.php\/product\/lego-disney-frozen-41168-elsas-smykkeskrin\/#breadcrumb\",\"itemListElement\":[{\"@type\":\"ListItem\",\"position\":1,\"name\":\"Butikken\",\"item\":\"https:\/\/barneleker.no\/\"},{\"@type\":\"ListItem\",\"position\":2,\"name\":\"LEGO Disney Frozen 41168 &#8211; Elsas smykkeskrin\"}]},{\"@type\":\"WebSite\",\"@id\":\"https:\/\/barneleker.no\/#website\",\"url\":\"https:\/\/barneleker.no\/\",\"name\":\"Barneleker.no\",\"description\":\"Selvf\u00f8lgelig!\",\"publisher\":{\"@id\":\"https:\/\/barneleker.no\/#organization\"},\"potentialAction\":[{\"@type\":\"SearchAction\",\"target\":{\"@type\":\"EntryPoint\",\"urlTemplate\":\"https:\/\/barneleker.no\/?s={search_term_string}\"},\"query-input\":{\"@type\":\"PropertyValueSpecification\",\"valueRequired\":true,\"valueName\":\"search_term_string\"}}],\"inLanguage\":\"nb-NO\"},{\"@type\":\"Organization\",\"@id\":\"https:\/\/barneleker.no\/#organization\",\"name\":\"Barneleker.no\",\"url\":\"https:\/\/barneleker.no\/\",\"logo\":{\"@type\":\"ImageObject\",\"inLanguage\":\"nb-NO\",\"@id\":\"https:\/\/barneleker.no\/#\/schema\/logo\/image\/\",\"url\":\"https:\/\/barneleker.no\/wp-content\/uploads\/2021\/11\/barneleker_logo-780x150-1.jpg\",\"contentUrl\":\"https:\/\/barneleker.no\/wp-content\/uploads\/2021\/11\/barneleker_logo-780x150-1.jpg\",\"width\":780,\"height\":150,\"caption\":\"Barneleker.no\"},\"image\":{\"@id\":\"https:\/\/barneleker.no\/#\/schema\/logo\/image\/\"}}]}<\/script>\n<!-- \/ Yoast SEO plugin. -->","yoast_head_json":{"title":"LEGO Disney Frozen 41168 - Elsas smykkeskrin - Barneleker.no","robots":{"index":"index","follow":"follow","max-snippet":"max-snippet:-1","max-image-preview":"max-image-preview:large","max-video-preview":"max-video-preview:-1"},"canonical":"https:\/\/barneleker.no\/index.php\/product\/lego-disney-frozen-41168-elsas-smykkeskrin\/","og_locale":"nb_NO","og_type":"article","og_title":"LEGO Disney Frozen 41168 - Elsas smykkeskrin - Barneleker.no","og_description":"Lag et kjempefint Frost 2-smykkeskrin inspirert av Elsas isslott, og oppbevar alle skattene dine i det! Roter dreieskiven for \u00e5 f\u00e5 Elsa og den mytiske&hellip;","og_url":"https:\/\/barneleker.no\/index.php\/product\/lego-disney-frozen-41168-elsas-smykkeskrin\/","og_site_name":"Barneleker.no","twitter_card":"summary_large_image","schema":{"@context":"https:\/\/schema.org","@graph":[{"@type":"WebPage","@id":"https:\/\/barneleker.no\/index.php\/product\/lego-disney-frozen-41168-elsas-smykkeskrin\/","url":"https:\/\/barneleker.no\/index.php\/product\/lego-disney-frozen-41168-elsas-smykkeskrin\/","name":"LEGO Disney Frozen 41168 - Elsas smykkeskrin - Barneleker.no","isPartOf":{"@id":"https:\/\/barneleker.no\/#website"},"primaryImageOfPage":{"@id":"https:\/\/barneleker.no\/index.php\/product\/lego-disney-frozen-41168-elsas-smykkeskrin\/#primaryimage"},"image":{"@id":"https:\/\/barneleker.no\/index.php\/product\/lego-disney-frozen-41168-elsas-smykkeskrin\/#primaryimage"},"thumbnailUrl":"https:\/\/barneleker.no\/wp-content\/uploads\/2022\/02\/lego-disney-frozen-41168-elsas-smykkeskrin.jpg","datePublished":"2022-02-08T19:53:05+00:00","breadcrumb":{"@id":"https:\/\/barneleker.no\/index.php\/product\/lego-disney-frozen-41168-elsas-smykkeskrin\/#breadcrumb"},"inLanguage":"nb-NO","potentialAction":[{"@type":"ReadAction","target":["https:\/\/barneleker.no\/index.php\/product\/lego-disney-frozen-41168-elsas-smykkeskrin\/"]}]},{"@type":"ImageObject","inLanguage":"nb-NO","@id":"https:\/\/barneleker.no\/index.php\/product\/lego-disney-frozen-41168-elsas-smykkeskrin\/#primaryimage","url":"https:\/\/barneleker.no\/wp-content\/uploads\/2022\/02\/lego-disney-frozen-41168-elsas-smykkeskrin.jpg","contentUrl":"https:\/\/barneleker.no\/wp-content\/uploads\/2022\/02\/lego-disney-frozen-41168-elsas-smykkeskrin.jpg","width":555,"height":555},{"@type":"BreadcrumbList","@id":"https:\/\/barneleker.no\/index.php\/product\/lego-disney-frozen-41168-elsas-smykkeskrin\/#breadcrumb","itemListElement":[{"@type":"ListItem","position":1,"name":"Butikken","item":"https:\/\/barneleker.no\/"},{"@type":"ListItem","position":2,"name":"LEGO Disney Frozen 41168 &#8211; Elsas smykkeskrin"}]},{"@type":"WebSite","@id":"https:\/\/barneleker.no\/#website","url":"https:\/\/barneleker.no\/","name":"Barneleker.no","description":"Selvf\u00f8lgelig!","publisher":{"@id":"https:\/\/barneleker.no\/#organization"},"potentialAction":[{"@type":"SearchAction","target":{"@type":"EntryPoint","urlTemplate":"https:\/\/barneleker.no\/?s={search_term_string}"},"query-input":{"@type":"PropertyValueSpecification","valueRequired":true,"valueName":"search_term_string"}}],"inLanguage":"nb-NO"},{"@type":"Organization","@id":"https:\/\/barneleker.no\/#organization","name":"Barneleker.no","url":"https:\/\/barneleker.no\/","logo":{"@type":"ImageObject","inLanguage":"nb-NO","@id":"https:\/\/barneleker.no\/#\/schema\/logo\/image\/","url":"https:\/\/barneleker.no\/wp-content\/uploads\/2021\/11\/barneleker_logo-780x150-1.jpg","contentUrl":"https:\/\/barneleker.no\/wp-content\/uploads\/2021\/11\/barneleker_logo-780x150-1.jpg","width":780,"height":150,"caption":"Barneleker.no"},"image":{"@id":"https:\/\/barneleker.no\/#\/schema\/logo\/image\/"}}]}},"_links":{"self":[{"href":"https:\/\/barneleker.no\/index.php\/wp-json\/wp\/v2\/product\/12861","targetHints":{"allow":["GET"]}}],"collection":[{"href":"https:\/\/barneleker.no\/index.php\/wp-json\/wp\/v2\/product"}],"about":[{"href":"https:\/\/barneleker.no\/index.php\/wp-json\/wp\/v2\/types\/product"}],"replies":[{"embeddable":true,"href":"https:\/\/barneleker.no\/index.php\/wp-json\/wp\/v2\/comments?post=12861"}],"wp:featuredmedia":[{"embeddable":true,"href":"https:\/\/barneleker.no\/index.php\/wp-json\/wp\/v2\/media\/12860"}],"wp:attachment":[{"href":"https:\/\/barneleker.no\/index.php\/wp-json\/wp\/v2\/media?parent=12861"}],"wp:term":[{"taxonomy":"product_brand","embeddable":true,"href":"https:\/\/barneleker.no\/index.php\/wp-json\/wp\/v2\/product_brand?post=12861"},{"taxonomy":"product_cat","embeddable":true,"href":"https:\/\/barneleker.no\/index.php\/wp-json\/wp\/v2\/product_cat?post=12861"},{"taxonomy":"product_tag","embeddable":true,"href":"https:\/\/barneleker.no\/index.php\/wp-json\/wp\/v2\/product_tag?post=12861"}],"curies":[{"name":"wp","href":"https:\/\/api.w.org\/{rel}","templated":true}]}}