{"id":12869,"date":"2022-02-08T19:53:08","date_gmt":"2022-02-08T19:53:08","guid":{"rendered":"https:\/\/barneleker.no\/index.php\/product\/bubble-fun-sapebobleklipper\/"},"modified":"2022-02-08T19:53:08","modified_gmt":"2022-02-08T19:53:08","slug":"bubble-fun-sapebobleklipper","status":"publish","type":"product","link":"https:\/\/barneleker.no\/index.php\/product\/bubble-fun-sapebobleklipper\/","title":{"rendered":"Bubble Fun, S\u00e5pebobleklipper"},"content":{"rendered":"<p>Ikke altfor sjelden ser man noe som er s\u00e5 \u00e5penbart bra, men enkelt og sier &#8220;hvorfor tenkte jeg ikke p\u00e5 det?&#8221;. Kombinasjonen av barnas mer klassiske utend\u00f8rs leker, gressklipperen med de elskede s\u00e5peboblene er et slikt tilfelle. N\u00e5r du skyver denne gressklipperen frem, skapes mange bobler, og dette fortsetter s\u00e5 lenge du fortsetter \u00e5 &#8220;klippe&#8221;.<\/p>\n","protected":false},"excerpt":{"rendered":"<p>Ikke altfor sjelden ser man noe som er s\u00e5 \u00e5penbart bra, men enkelt og sier &#8220;hvorfor tenkte jeg ikke p\u00e5 det?&#8221;. Kombinasjonen av barnas mer&hellip;<\/p>\n","protected":false},"featured_media":12868,"comment_status":"open","ping_status":"closed","template":"","meta":[],"product_brand":[],"product_cat":[404],"product_tag":[],"class_list":{"0":"post-12869","1":"product","2":"type-product","3":"status-publish","4":"has-post-thumbnail","6":"product_cat-sapbubblor","8":"first","9":"instock","10":"shipping-taxable","11":"product-type-external","12":"customify-col"},"yoast_head":"<!-- This site is optimized with the Yoast SEO plugin v26.0 - https:\/\/yoast.com\/wordpress\/plugins\/seo\/ -->\n<title>Bubble Fun, S\u00e5pebobleklipper - Barneleker.no<\/title>\n<meta name=\"robots\" content=\"index, follow, max-snippet:-1, max-image-preview:large, max-video-preview:-1\" \/>\n<link rel=\"canonical\" href=\"https:\/\/barneleker.no\/index.php\/product\/bubble-fun-sapebobleklipper\/\" \/>\n<meta property=\"og:locale\" content=\"nb_NO\" \/>\n<meta property=\"og:type\" content=\"article\" \/>\n<meta property=\"og:title\" content=\"Bubble Fun, S\u00e5pebobleklipper - Barneleker.no\" \/>\n<meta property=\"og:description\" content=\"Ikke altfor sjelden ser man noe som er s\u00e5 \u00e5penbart bra, men enkelt og sier &#8220;hvorfor tenkte jeg ikke p\u00e5 det?&#8221;. Kombinasjonen av barnas mer&hellip;\" \/>\n<meta property=\"og:url\" content=\"https:\/\/barneleker.no\/index.php\/product\/bubble-fun-sapebobleklipper\/\" \/>\n<meta property=\"og:site_name\" content=\"Barneleker.no\" \/>\n<meta name=\"twitter:card\" content=\"summary_large_image\" \/>\n<script type=\"application\/ld+json\" class=\"yoast-schema-graph\">{\"@context\":\"https:\/\/schema.org\",\"@graph\":[{\"@type\":\"WebPage\",\"@id\":\"https:\/\/barneleker.no\/index.php\/product\/bubble-fun-sapebobleklipper\/\",\"url\":\"https:\/\/barneleker.no\/index.php\/product\/bubble-fun-sapebobleklipper\/\",\"name\":\"Bubble Fun, S\u00e5pebobleklipper - Barneleker.no\",\"isPartOf\":{\"@id\":\"https:\/\/barneleker.no\/#website\"},\"primaryImageOfPage\":{\"@id\":\"https:\/\/barneleker.no\/index.php\/product\/bubble-fun-sapebobleklipper\/#primaryimage\"},\"image\":{\"@id\":\"https:\/\/barneleker.no\/index.php\/product\/bubble-fun-sapebobleklipper\/#primaryimage\"},\"thumbnailUrl\":\"https:\/\/barneleker.no\/wp-content\/uploads\/2022\/02\/bubble-fun-sapebobleklipper.jpg\",\"datePublished\":\"2022-02-08T19:53:08+00:00\",\"breadcrumb\":{\"@id\":\"https:\/\/barneleker.no\/index.php\/product\/bubble-fun-sapebobleklipper\/#breadcrumb\"},\"inLanguage\":\"nb-NO\",\"potentialAction\":[{\"@type\":\"ReadAction\",\"target\":[\"https:\/\/barneleker.no\/index.php\/product\/bubble-fun-sapebobleklipper\/\"]}]},{\"@type\":\"ImageObject\",\"inLanguage\":\"nb-NO\",\"@id\":\"https:\/\/barneleker.no\/index.php\/product\/bubble-fun-sapebobleklipper\/#primaryimage\",\"url\":\"https:\/\/barneleker.no\/wp-content\/uploads\/2022\/02\/bubble-fun-sapebobleklipper.jpg\",\"contentUrl\":\"https:\/\/barneleker.no\/wp-content\/uploads\/2022\/02\/bubble-fun-sapebobleklipper.jpg\",\"width\":555,\"height\":555},{\"@type\":\"BreadcrumbList\",\"@id\":\"https:\/\/barneleker.no\/index.php\/product\/bubble-fun-sapebobleklipper\/#breadcrumb\",\"itemListElement\":[{\"@type\":\"ListItem\",\"position\":1,\"name\":\"Butikken\",\"item\":\"https:\/\/barneleker.no\/\"},{\"@type\":\"ListItem\",\"position\":2,\"name\":\"Bubble Fun, S\u00e5pebobleklipper\"}]},{\"@type\":\"WebSite\",\"@id\":\"https:\/\/barneleker.no\/#website\",\"url\":\"https:\/\/barneleker.no\/\",\"name\":\"Barneleker.no\",\"description\":\"Selvf\u00f8lgelig!\",\"publisher\":{\"@id\":\"https:\/\/barneleker.no\/#organization\"},\"potentialAction\":[{\"@type\":\"SearchAction\",\"target\":{\"@type\":\"EntryPoint\",\"urlTemplate\":\"https:\/\/barneleker.no\/?s={search_term_string}\"},\"query-input\":{\"@type\":\"PropertyValueSpecification\",\"valueRequired\":true,\"valueName\":\"search_term_string\"}}],\"inLanguage\":\"nb-NO\"},{\"@type\":\"Organization\",\"@id\":\"https:\/\/barneleker.no\/#organization\",\"name\":\"Barneleker.no\",\"url\":\"https:\/\/barneleker.no\/\",\"logo\":{\"@type\":\"ImageObject\",\"inLanguage\":\"nb-NO\",\"@id\":\"https:\/\/barneleker.no\/#\/schema\/logo\/image\/\",\"url\":\"https:\/\/barneleker.no\/wp-content\/uploads\/2021\/11\/barneleker_logo-780x150-1.jpg\",\"contentUrl\":\"https:\/\/barneleker.no\/wp-content\/uploads\/2021\/11\/barneleker_logo-780x150-1.jpg\",\"width\":780,\"height\":150,\"caption\":\"Barneleker.no\"},\"image\":{\"@id\":\"https:\/\/barneleker.no\/#\/schema\/logo\/image\/\"}}]}<\/script>\n<!-- \/ Yoast SEO plugin. -->","yoast_head_json":{"title":"Bubble Fun, S\u00e5pebobleklipper - Barneleker.no","robots":{"index":"index","follow":"follow","max-snippet":"max-snippet:-1","max-image-preview":"max-image-preview:large","max-video-preview":"max-video-preview:-1"},"canonical":"https:\/\/barneleker.no\/index.php\/product\/bubble-fun-sapebobleklipper\/","og_locale":"nb_NO","og_type":"article","og_title":"Bubble Fun, S\u00e5pebobleklipper - Barneleker.no","og_description":"Ikke altfor sjelden ser man noe som er s\u00e5 \u00e5penbart bra, men enkelt og sier &#8220;hvorfor tenkte jeg ikke p\u00e5 det?&#8221;. Kombinasjonen av barnas mer&hellip;","og_url":"https:\/\/barneleker.no\/index.php\/product\/bubble-fun-sapebobleklipper\/","og_site_name":"Barneleker.no","twitter_card":"summary_large_image","schema":{"@context":"https:\/\/schema.org","@graph":[{"@type":"WebPage","@id":"https:\/\/barneleker.no\/index.php\/product\/bubble-fun-sapebobleklipper\/","url":"https:\/\/barneleker.no\/index.php\/product\/bubble-fun-sapebobleklipper\/","name":"Bubble Fun, S\u00e5pebobleklipper - Barneleker.no","isPartOf":{"@id":"https:\/\/barneleker.no\/#website"},"primaryImageOfPage":{"@id":"https:\/\/barneleker.no\/index.php\/product\/bubble-fun-sapebobleklipper\/#primaryimage"},"image":{"@id":"https:\/\/barneleker.no\/index.php\/product\/bubble-fun-sapebobleklipper\/#primaryimage"},"thumbnailUrl":"https:\/\/barneleker.no\/wp-content\/uploads\/2022\/02\/bubble-fun-sapebobleklipper.jpg","datePublished":"2022-02-08T19:53:08+00:00","breadcrumb":{"@id":"https:\/\/barneleker.no\/index.php\/product\/bubble-fun-sapebobleklipper\/#breadcrumb"},"inLanguage":"nb-NO","potentialAction":[{"@type":"ReadAction","target":["https:\/\/barneleker.no\/index.php\/product\/bubble-fun-sapebobleklipper\/"]}]},{"@type":"ImageObject","inLanguage":"nb-NO","@id":"https:\/\/barneleker.no\/index.php\/product\/bubble-fun-sapebobleklipper\/#primaryimage","url":"https:\/\/barneleker.no\/wp-content\/uploads\/2022\/02\/bubble-fun-sapebobleklipper.jpg","contentUrl":"https:\/\/barneleker.no\/wp-content\/uploads\/2022\/02\/bubble-fun-sapebobleklipper.jpg","width":555,"height":555},{"@type":"BreadcrumbList","@id":"https:\/\/barneleker.no\/index.php\/product\/bubble-fun-sapebobleklipper\/#breadcrumb","itemListElement":[{"@type":"ListItem","position":1,"name":"Butikken","item":"https:\/\/barneleker.no\/"},{"@type":"ListItem","position":2,"name":"Bubble Fun, S\u00e5pebobleklipper"}]},{"@type":"WebSite","@id":"https:\/\/barneleker.no\/#website","url":"https:\/\/barneleker.no\/","name":"Barneleker.no","description":"Selvf\u00f8lgelig!","publisher":{"@id":"https:\/\/barneleker.no\/#organization"},"potentialAction":[{"@type":"SearchAction","target":{"@type":"EntryPoint","urlTemplate":"https:\/\/barneleker.no\/?s={search_term_string}"},"query-input":{"@type":"PropertyValueSpecification","valueRequired":true,"valueName":"search_term_string"}}],"inLanguage":"nb-NO"},{"@type":"Organization","@id":"https:\/\/barneleker.no\/#organization","name":"Barneleker.no","url":"https:\/\/barneleker.no\/","logo":{"@type":"ImageObject","inLanguage":"nb-NO","@id":"https:\/\/barneleker.no\/#\/schema\/logo\/image\/","url":"https:\/\/barneleker.no\/wp-content\/uploads\/2021\/11\/barneleker_logo-780x150-1.jpg","contentUrl":"https:\/\/barneleker.no\/wp-content\/uploads\/2021\/11\/barneleker_logo-780x150-1.jpg","width":780,"height":150,"caption":"Barneleker.no"},"image":{"@id":"https:\/\/barneleker.no\/#\/schema\/logo\/image\/"}}]}},"_links":{"self":[{"href":"https:\/\/barneleker.no\/index.php\/wp-json\/wp\/v2\/product\/12869","targetHints":{"allow":["GET"]}}],"collection":[{"href":"https:\/\/barneleker.no\/index.php\/wp-json\/wp\/v2\/product"}],"about":[{"href":"https:\/\/barneleker.no\/index.php\/wp-json\/wp\/v2\/types\/product"}],"replies":[{"embeddable":true,"href":"https:\/\/barneleker.no\/index.php\/wp-json\/wp\/v2\/comments?post=12869"}],"wp:featuredmedia":[{"embeddable":true,"href":"https:\/\/barneleker.no\/index.php\/wp-json\/wp\/v2\/media\/12868"}],"wp:attachment":[{"href":"https:\/\/barneleker.no\/index.php\/wp-json\/wp\/v2\/media?parent=12869"}],"wp:term":[{"taxonomy":"product_brand","embeddable":true,"href":"https:\/\/barneleker.no\/index.php\/wp-json\/wp\/v2\/product_brand?post=12869"},{"taxonomy":"product_cat","embeddable":true,"href":"https:\/\/barneleker.no\/index.php\/wp-json\/wp\/v2\/product_cat?post=12869"},{"taxonomy":"product_tag","embeddable":true,"href":"https:\/\/barneleker.no\/index.php\/wp-json\/wp\/v2\/product_tag?post=12869"}],"curies":[{"name":"wp","href":"https:\/\/api.w.org\/{rel}","templated":true}]}}