{"id":12875,"date":"2022-02-08T19:53:10","date_gmt":"2022-02-08T19:53:10","guid":{"rendered":"https:\/\/barneleker.no\/index.php\/product\/lego-dots-41911-team-armband\/"},"modified":"2022-02-08T19:53:10","modified_gmt":"2022-02-08T19:53:10","slug":"lego-dots-41911-team-armband","status":"publish","type":"product","link":"https:\/\/barneleker.no\/index.php\/product\/lego-dots-41911-team-armband\/","title":{"rendered":"LEGO DOTS 41911, Team-armb\u00e5nd"},"content":{"rendered":"<p>Barn som liker \u00e5 drive med kunst- og hobbyprosjekter og \u00e5 designe smykker, vil elske armb\u00e5ndsettet LEGO\u00ae DOTS\u2122 team-armb\u00e5nd (41911). Dette gj\u00f8r det selv-settet er enkelt og intuitivt og gir barn muligheten til \u00e5 lage sine egne smykker og deretter forandre dem s\u00e5 de passer til kl\u00e6r og hum\u00f8r.  Kreativt armb\u00e5ndsett Dette kule armb\u00e5ndsettet inneholder 32 fargerike fliser og et justerbart, bl\u00e5tt armb\u00e5nd som passer til b\u00e5de store og sm\u00e5 h\u00e5ndledd. Settet inkluderer spesielle fliser dekorert med sportsikoner, som barn kan designe sitt eget armb\u00e5nd med. Med dette settet kan de lage unike og g\u00f8yale armb\u00e5nd, basert p\u00e5 fri fantasi og egen smak.  Designmoro for kreative barn Med dette hobbysettet kan barn bruke fantasien og lage egne m\u00f8nstre basert p\u00e5 hum\u00f8r, personlighet og stil, og etterp\u00e5 kan de vise fram de g\u00f8yale designm\u00f8nstrene sine. Alt er mulig med disse armb\u00e5ndene! Settet er en perfekt gave til jul, bursdag og alle andre anledninger.<\/p>\n","protected":false},"excerpt":{"rendered":"<p>Barn som liker \u00e5 drive med kunst- og hobbyprosjekter og \u00e5 designe smykker, vil elske armb\u00e5ndsettet LEGO\u00ae DOTS\u2122 team-armb\u00e5nd (41911). Dette gj\u00f8r det selv-settet er&hellip;<\/p>\n","protected":false},"featured_media":12874,"comment_status":"open","ping_status":"closed","template":"","meta":[],"product_brand":[],"product_cat":[340],"product_tag":[],"class_list":{"0":"post-12875","1":"product","2":"type-product","3":"status-publish","4":"has-post-thumbnail","6":"product_cat-set","8":"first","9":"instock","10":"shipping-taxable","11":"product-type-external","12":"customify-col"},"yoast_head":"<!-- This site is optimized with the Yoast SEO plugin v26.0 - https:\/\/yoast.com\/wordpress\/plugins\/seo\/ -->\n<title>LEGO DOTS 41911, Team-armb\u00e5nd - Barneleker.no<\/title>\n<meta name=\"robots\" content=\"index, follow, max-snippet:-1, max-image-preview:large, max-video-preview:-1\" \/>\n<link rel=\"canonical\" href=\"https:\/\/barneleker.no\/index.php\/product\/lego-dots-41911-team-armband\/\" \/>\n<meta property=\"og:locale\" content=\"nb_NO\" \/>\n<meta property=\"og:type\" content=\"article\" \/>\n<meta property=\"og:title\" content=\"LEGO DOTS 41911, Team-armb\u00e5nd - Barneleker.no\" \/>\n<meta property=\"og:description\" content=\"Barn som liker \u00e5 drive med kunst- og hobbyprosjekter og \u00e5 designe smykker, vil elske armb\u00e5ndsettet LEGO\u00ae DOTS\u2122 team-armb\u00e5nd (41911). Dette gj\u00f8r det selv-settet er&hellip;\" \/>\n<meta property=\"og:url\" content=\"https:\/\/barneleker.no\/index.php\/product\/lego-dots-41911-team-armband\/\" \/>\n<meta property=\"og:site_name\" content=\"Barneleker.no\" \/>\n<meta name=\"twitter:card\" content=\"summary_large_image\" \/>\n<meta name=\"twitter:label1\" content=\"Ansl. lesetid\" \/>\n\t<meta name=\"twitter:data1\" content=\"1 minutt\" \/>\n<script type=\"application\/ld+json\" class=\"yoast-schema-graph\">{\"@context\":\"https:\/\/schema.org\",\"@graph\":[{\"@type\":\"WebPage\",\"@id\":\"https:\/\/barneleker.no\/index.php\/product\/lego-dots-41911-team-armband\/\",\"url\":\"https:\/\/barneleker.no\/index.php\/product\/lego-dots-41911-team-armband\/\",\"name\":\"LEGO DOTS 41911, Team-armb\u00e5nd - Barneleker.no\",\"isPartOf\":{\"@id\":\"https:\/\/barneleker.no\/#website\"},\"primaryImageOfPage\":{\"@id\":\"https:\/\/barneleker.no\/index.php\/product\/lego-dots-41911-team-armband\/#primaryimage\"},\"image\":{\"@id\":\"https:\/\/barneleker.no\/index.php\/product\/lego-dots-41911-team-armband\/#primaryimage\"},\"thumbnailUrl\":\"https:\/\/barneleker.no\/wp-content\/uploads\/2022\/02\/lego-dots-41911-team-armband.jpg\",\"datePublished\":\"2022-02-08T19:53:10+00:00\",\"breadcrumb\":{\"@id\":\"https:\/\/barneleker.no\/index.php\/product\/lego-dots-41911-team-armband\/#breadcrumb\"},\"inLanguage\":\"nb-NO\",\"potentialAction\":[{\"@type\":\"ReadAction\",\"target\":[\"https:\/\/barneleker.no\/index.php\/product\/lego-dots-41911-team-armband\/\"]}]},{\"@type\":\"ImageObject\",\"inLanguage\":\"nb-NO\",\"@id\":\"https:\/\/barneleker.no\/index.php\/product\/lego-dots-41911-team-armband\/#primaryimage\",\"url\":\"https:\/\/barneleker.no\/wp-content\/uploads\/2022\/02\/lego-dots-41911-team-armband.jpg\",\"contentUrl\":\"https:\/\/barneleker.no\/wp-content\/uploads\/2022\/02\/lego-dots-41911-team-armband.jpg\",\"width\":555,\"height\":555},{\"@type\":\"BreadcrumbList\",\"@id\":\"https:\/\/barneleker.no\/index.php\/product\/lego-dots-41911-team-armband\/#breadcrumb\",\"itemListElement\":[{\"@type\":\"ListItem\",\"position\":1,\"name\":\"Butikken\",\"item\":\"https:\/\/barneleker.no\/\"},{\"@type\":\"ListItem\",\"position\":2,\"name\":\"LEGO DOTS 41911, Team-armb\u00e5nd\"}]},{\"@type\":\"WebSite\",\"@id\":\"https:\/\/barneleker.no\/#website\",\"url\":\"https:\/\/barneleker.no\/\",\"name\":\"Barneleker.no\",\"description\":\"Selvf\u00f8lgelig!\",\"publisher\":{\"@id\":\"https:\/\/barneleker.no\/#organization\"},\"potentialAction\":[{\"@type\":\"SearchAction\",\"target\":{\"@type\":\"EntryPoint\",\"urlTemplate\":\"https:\/\/barneleker.no\/?s={search_term_string}\"},\"query-input\":{\"@type\":\"PropertyValueSpecification\",\"valueRequired\":true,\"valueName\":\"search_term_string\"}}],\"inLanguage\":\"nb-NO\"},{\"@type\":\"Organization\",\"@id\":\"https:\/\/barneleker.no\/#organization\",\"name\":\"Barneleker.no\",\"url\":\"https:\/\/barneleker.no\/\",\"logo\":{\"@type\":\"ImageObject\",\"inLanguage\":\"nb-NO\",\"@id\":\"https:\/\/barneleker.no\/#\/schema\/logo\/image\/\",\"url\":\"https:\/\/barneleker.no\/wp-content\/uploads\/2021\/11\/barneleker_logo-780x150-1.jpg\",\"contentUrl\":\"https:\/\/barneleker.no\/wp-content\/uploads\/2021\/11\/barneleker_logo-780x150-1.jpg\",\"width\":780,\"height\":150,\"caption\":\"Barneleker.no\"},\"image\":{\"@id\":\"https:\/\/barneleker.no\/#\/schema\/logo\/image\/\"}}]}<\/script>\n<!-- \/ Yoast SEO plugin. -->","yoast_head_json":{"title":"LEGO DOTS 41911, Team-armb\u00e5nd - Barneleker.no","robots":{"index":"index","follow":"follow","max-snippet":"max-snippet:-1","max-image-preview":"max-image-preview:large","max-video-preview":"max-video-preview:-1"},"canonical":"https:\/\/barneleker.no\/index.php\/product\/lego-dots-41911-team-armband\/","og_locale":"nb_NO","og_type":"article","og_title":"LEGO DOTS 41911, Team-armb\u00e5nd - Barneleker.no","og_description":"Barn som liker \u00e5 drive med kunst- og hobbyprosjekter og \u00e5 designe smykker, vil elske armb\u00e5ndsettet LEGO\u00ae DOTS\u2122 team-armb\u00e5nd (41911). Dette gj\u00f8r det selv-settet er&hellip;","og_url":"https:\/\/barneleker.no\/index.php\/product\/lego-dots-41911-team-armband\/","og_site_name":"Barneleker.no","twitter_card":"summary_large_image","twitter_misc":{"Ansl. lesetid":"1 minutt"},"schema":{"@context":"https:\/\/schema.org","@graph":[{"@type":"WebPage","@id":"https:\/\/barneleker.no\/index.php\/product\/lego-dots-41911-team-armband\/","url":"https:\/\/barneleker.no\/index.php\/product\/lego-dots-41911-team-armband\/","name":"LEGO DOTS 41911, Team-armb\u00e5nd - Barneleker.no","isPartOf":{"@id":"https:\/\/barneleker.no\/#website"},"primaryImageOfPage":{"@id":"https:\/\/barneleker.no\/index.php\/product\/lego-dots-41911-team-armband\/#primaryimage"},"image":{"@id":"https:\/\/barneleker.no\/index.php\/product\/lego-dots-41911-team-armband\/#primaryimage"},"thumbnailUrl":"https:\/\/barneleker.no\/wp-content\/uploads\/2022\/02\/lego-dots-41911-team-armband.jpg","datePublished":"2022-02-08T19:53:10+00:00","breadcrumb":{"@id":"https:\/\/barneleker.no\/index.php\/product\/lego-dots-41911-team-armband\/#breadcrumb"},"inLanguage":"nb-NO","potentialAction":[{"@type":"ReadAction","target":["https:\/\/barneleker.no\/index.php\/product\/lego-dots-41911-team-armband\/"]}]},{"@type":"ImageObject","inLanguage":"nb-NO","@id":"https:\/\/barneleker.no\/index.php\/product\/lego-dots-41911-team-armband\/#primaryimage","url":"https:\/\/barneleker.no\/wp-content\/uploads\/2022\/02\/lego-dots-41911-team-armband.jpg","contentUrl":"https:\/\/barneleker.no\/wp-content\/uploads\/2022\/02\/lego-dots-41911-team-armband.jpg","width":555,"height":555},{"@type":"BreadcrumbList","@id":"https:\/\/barneleker.no\/index.php\/product\/lego-dots-41911-team-armband\/#breadcrumb","itemListElement":[{"@type":"ListItem","position":1,"name":"Butikken","item":"https:\/\/barneleker.no\/"},{"@type":"ListItem","position":2,"name":"LEGO DOTS 41911, Team-armb\u00e5nd"}]},{"@type":"WebSite","@id":"https:\/\/barneleker.no\/#website","url":"https:\/\/barneleker.no\/","name":"Barneleker.no","description":"Selvf\u00f8lgelig!","publisher":{"@id":"https:\/\/barneleker.no\/#organization"},"potentialAction":[{"@type":"SearchAction","target":{"@type":"EntryPoint","urlTemplate":"https:\/\/barneleker.no\/?s={search_term_string}"},"query-input":{"@type":"PropertyValueSpecification","valueRequired":true,"valueName":"search_term_string"}}],"inLanguage":"nb-NO"},{"@type":"Organization","@id":"https:\/\/barneleker.no\/#organization","name":"Barneleker.no","url":"https:\/\/barneleker.no\/","logo":{"@type":"ImageObject","inLanguage":"nb-NO","@id":"https:\/\/barneleker.no\/#\/schema\/logo\/image\/","url":"https:\/\/barneleker.no\/wp-content\/uploads\/2021\/11\/barneleker_logo-780x150-1.jpg","contentUrl":"https:\/\/barneleker.no\/wp-content\/uploads\/2021\/11\/barneleker_logo-780x150-1.jpg","width":780,"height":150,"caption":"Barneleker.no"},"image":{"@id":"https:\/\/barneleker.no\/#\/schema\/logo\/image\/"}}]}},"_links":{"self":[{"href":"https:\/\/barneleker.no\/index.php\/wp-json\/wp\/v2\/product\/12875","targetHints":{"allow":["GET"]}}],"collection":[{"href":"https:\/\/barneleker.no\/index.php\/wp-json\/wp\/v2\/product"}],"about":[{"href":"https:\/\/barneleker.no\/index.php\/wp-json\/wp\/v2\/types\/product"}],"replies":[{"embeddable":true,"href":"https:\/\/barneleker.no\/index.php\/wp-json\/wp\/v2\/comments?post=12875"}],"wp:featuredmedia":[{"embeddable":true,"href":"https:\/\/barneleker.no\/index.php\/wp-json\/wp\/v2\/media\/12874"}],"wp:attachment":[{"href":"https:\/\/barneleker.no\/index.php\/wp-json\/wp\/v2\/media?parent=12875"}],"wp:term":[{"taxonomy":"product_brand","embeddable":true,"href":"https:\/\/barneleker.no\/index.php\/wp-json\/wp\/v2\/product_brand?post=12875"},{"taxonomy":"product_cat","embeddable":true,"href":"https:\/\/barneleker.no\/index.php\/wp-json\/wp\/v2\/product_cat?post=12875"},{"taxonomy":"product_tag","embeddable":true,"href":"https:\/\/barneleker.no\/index.php\/wp-json\/wp\/v2\/product_tag?post=12875"}],"curies":[{"name":"wp","href":"https:\/\/api.w.org\/{rel}","templated":true}]}}