{"id":12889,"date":"2022-02-08T19:53:17","date_gmt":"2022-02-08T19:53:17","guid":{"rendered":"https:\/\/barneleker.no\/index.php\/product\/jabadabado-jabadabado-hamburger-meal\/"},"modified":"2022-02-08T19:53:17","modified_gmt":"2022-02-08T19:53:17","slug":"jabadabado-jabadabado-hamburger-meal","status":"publish","type":"product","link":"https:\/\/barneleker.no\/index.php\/product\/jabadabado-jabadabado-hamburger-meal\/","title":{"rendered":"Jabadabado JaBaDaBaDo Hamburger meal"},"content":{"rendered":"<p>Et komplett hamburgerm\u00e5ltid for de sultne! Med v\u00e5rt smakfulle hamburgerm\u00e5ltid vil du ikke v\u00e6re sulten p\u00e5 mange timer. Her er alt du kan \u00f8nske deg en hamburger. Selvf\u00f8lgelig inkluderer det b\u00e5de drikke og pommes frites for ekstra luksus.<\/p>\n","protected":false},"excerpt":{"rendered":"<p>Et komplett hamburgerm\u00e5ltid for de sultne! Med v\u00e5rt smakfulle hamburgerm\u00e5ltid vil du ikke v\u00e6re sulten p\u00e5 mange timer. Her er alt du kan \u00f8nske deg&hellip;<\/p>\n","protected":false},"featured_media":12888,"comment_status":"open","ping_status":"closed","template":"","meta":[],"product_brand":[],"product_cat":[472],"product_tag":[],"class_list":{"0":"post-12889","1":"product","2":"type-product","3":"status-publish","4":"has-post-thumbnail","6":"product_cat-leksaksmat","8":"first","9":"instock","10":"shipping-taxable","11":"product-type-external","12":"customify-col"},"yoast_head":"<!-- This site is optimized with the Yoast SEO plugin v26.0 - https:\/\/yoast.com\/wordpress\/plugins\/seo\/ -->\n<title>Jabadabado JaBaDaBaDo Hamburger meal - Barneleker.no<\/title>\n<meta name=\"robots\" content=\"index, follow, max-snippet:-1, max-image-preview:large, max-video-preview:-1\" \/>\n<link rel=\"canonical\" href=\"https:\/\/barneleker.no\/index.php\/product\/jabadabado-jabadabado-hamburger-meal\/\" \/>\n<meta property=\"og:locale\" content=\"nb_NO\" \/>\n<meta property=\"og:type\" content=\"article\" \/>\n<meta property=\"og:title\" content=\"Jabadabado JaBaDaBaDo Hamburger meal - Barneleker.no\" \/>\n<meta property=\"og:description\" content=\"Et komplett hamburgerm\u00e5ltid for de sultne! Med v\u00e5rt smakfulle hamburgerm\u00e5ltid vil du ikke v\u00e6re sulten p\u00e5 mange timer. Her er alt du kan \u00f8nske deg&hellip;\" \/>\n<meta property=\"og:url\" content=\"https:\/\/barneleker.no\/index.php\/product\/jabadabado-jabadabado-hamburger-meal\/\" \/>\n<meta property=\"og:site_name\" content=\"Barneleker.no\" \/>\n<meta name=\"twitter:card\" content=\"summary_large_image\" \/>\n<script type=\"application\/ld+json\" class=\"yoast-schema-graph\">{\"@context\":\"https:\/\/schema.org\",\"@graph\":[{\"@type\":\"WebPage\",\"@id\":\"https:\/\/barneleker.no\/index.php\/product\/jabadabado-jabadabado-hamburger-meal\/\",\"url\":\"https:\/\/barneleker.no\/index.php\/product\/jabadabado-jabadabado-hamburger-meal\/\",\"name\":\"Jabadabado JaBaDaBaDo Hamburger meal - Barneleker.no\",\"isPartOf\":{\"@id\":\"https:\/\/barneleker.no\/#website\"},\"primaryImageOfPage\":{\"@id\":\"https:\/\/barneleker.no\/index.php\/product\/jabadabado-jabadabado-hamburger-meal\/#primaryimage\"},\"image\":{\"@id\":\"https:\/\/barneleker.no\/index.php\/product\/jabadabado-jabadabado-hamburger-meal\/#primaryimage\"},\"thumbnailUrl\":\"https:\/\/barneleker.no\/wp-content\/uploads\/2022\/02\/jabadabado-hamburger-meal.jpg\",\"datePublished\":\"2022-02-08T19:53:17+00:00\",\"breadcrumb\":{\"@id\":\"https:\/\/barneleker.no\/index.php\/product\/jabadabado-jabadabado-hamburger-meal\/#breadcrumb\"},\"inLanguage\":\"nb-NO\",\"potentialAction\":[{\"@type\":\"ReadAction\",\"target\":[\"https:\/\/barneleker.no\/index.php\/product\/jabadabado-jabadabado-hamburger-meal\/\"]}]},{\"@type\":\"ImageObject\",\"inLanguage\":\"nb-NO\",\"@id\":\"https:\/\/barneleker.no\/index.php\/product\/jabadabado-jabadabado-hamburger-meal\/#primaryimage\",\"url\":\"https:\/\/barneleker.no\/wp-content\/uploads\/2022\/02\/jabadabado-hamburger-meal.jpg\",\"contentUrl\":\"https:\/\/barneleker.no\/wp-content\/uploads\/2022\/02\/jabadabado-hamburger-meal.jpg\",\"width\":555,\"height\":555},{\"@type\":\"BreadcrumbList\",\"@id\":\"https:\/\/barneleker.no\/index.php\/product\/jabadabado-jabadabado-hamburger-meal\/#breadcrumb\",\"itemListElement\":[{\"@type\":\"ListItem\",\"position\":1,\"name\":\"Butikken\",\"item\":\"https:\/\/barneleker.no\/\"},{\"@type\":\"ListItem\",\"position\":2,\"name\":\"Jabadabado JaBaDaBaDo Hamburger meal\"}]},{\"@type\":\"WebSite\",\"@id\":\"https:\/\/barneleker.no\/#website\",\"url\":\"https:\/\/barneleker.no\/\",\"name\":\"Barneleker.no\",\"description\":\"Selvf\u00f8lgelig!\",\"publisher\":{\"@id\":\"https:\/\/barneleker.no\/#organization\"},\"potentialAction\":[{\"@type\":\"SearchAction\",\"target\":{\"@type\":\"EntryPoint\",\"urlTemplate\":\"https:\/\/barneleker.no\/?s={search_term_string}\"},\"query-input\":{\"@type\":\"PropertyValueSpecification\",\"valueRequired\":true,\"valueName\":\"search_term_string\"}}],\"inLanguage\":\"nb-NO\"},{\"@type\":\"Organization\",\"@id\":\"https:\/\/barneleker.no\/#organization\",\"name\":\"Barneleker.no\",\"url\":\"https:\/\/barneleker.no\/\",\"logo\":{\"@type\":\"ImageObject\",\"inLanguage\":\"nb-NO\",\"@id\":\"https:\/\/barneleker.no\/#\/schema\/logo\/image\/\",\"url\":\"https:\/\/barneleker.no\/wp-content\/uploads\/2021\/11\/barneleker_logo-780x150-1.jpg\",\"contentUrl\":\"https:\/\/barneleker.no\/wp-content\/uploads\/2021\/11\/barneleker_logo-780x150-1.jpg\",\"width\":780,\"height\":150,\"caption\":\"Barneleker.no\"},\"image\":{\"@id\":\"https:\/\/barneleker.no\/#\/schema\/logo\/image\/\"}}]}<\/script>\n<!-- \/ Yoast SEO plugin. -->","yoast_head_json":{"title":"Jabadabado JaBaDaBaDo Hamburger meal - Barneleker.no","robots":{"index":"index","follow":"follow","max-snippet":"max-snippet:-1","max-image-preview":"max-image-preview:large","max-video-preview":"max-video-preview:-1"},"canonical":"https:\/\/barneleker.no\/index.php\/product\/jabadabado-jabadabado-hamburger-meal\/","og_locale":"nb_NO","og_type":"article","og_title":"Jabadabado JaBaDaBaDo Hamburger meal - Barneleker.no","og_description":"Et komplett hamburgerm\u00e5ltid for de sultne! Med v\u00e5rt smakfulle hamburgerm\u00e5ltid vil du ikke v\u00e6re sulten p\u00e5 mange timer. Her er alt du kan \u00f8nske deg&hellip;","og_url":"https:\/\/barneleker.no\/index.php\/product\/jabadabado-jabadabado-hamburger-meal\/","og_site_name":"Barneleker.no","twitter_card":"summary_large_image","schema":{"@context":"https:\/\/schema.org","@graph":[{"@type":"WebPage","@id":"https:\/\/barneleker.no\/index.php\/product\/jabadabado-jabadabado-hamburger-meal\/","url":"https:\/\/barneleker.no\/index.php\/product\/jabadabado-jabadabado-hamburger-meal\/","name":"Jabadabado JaBaDaBaDo Hamburger meal - Barneleker.no","isPartOf":{"@id":"https:\/\/barneleker.no\/#website"},"primaryImageOfPage":{"@id":"https:\/\/barneleker.no\/index.php\/product\/jabadabado-jabadabado-hamburger-meal\/#primaryimage"},"image":{"@id":"https:\/\/barneleker.no\/index.php\/product\/jabadabado-jabadabado-hamburger-meal\/#primaryimage"},"thumbnailUrl":"https:\/\/barneleker.no\/wp-content\/uploads\/2022\/02\/jabadabado-hamburger-meal.jpg","datePublished":"2022-02-08T19:53:17+00:00","breadcrumb":{"@id":"https:\/\/barneleker.no\/index.php\/product\/jabadabado-jabadabado-hamburger-meal\/#breadcrumb"},"inLanguage":"nb-NO","potentialAction":[{"@type":"ReadAction","target":["https:\/\/barneleker.no\/index.php\/product\/jabadabado-jabadabado-hamburger-meal\/"]}]},{"@type":"ImageObject","inLanguage":"nb-NO","@id":"https:\/\/barneleker.no\/index.php\/product\/jabadabado-jabadabado-hamburger-meal\/#primaryimage","url":"https:\/\/barneleker.no\/wp-content\/uploads\/2022\/02\/jabadabado-hamburger-meal.jpg","contentUrl":"https:\/\/barneleker.no\/wp-content\/uploads\/2022\/02\/jabadabado-hamburger-meal.jpg","width":555,"height":555},{"@type":"BreadcrumbList","@id":"https:\/\/barneleker.no\/index.php\/product\/jabadabado-jabadabado-hamburger-meal\/#breadcrumb","itemListElement":[{"@type":"ListItem","position":1,"name":"Butikken","item":"https:\/\/barneleker.no\/"},{"@type":"ListItem","position":2,"name":"Jabadabado JaBaDaBaDo Hamburger meal"}]},{"@type":"WebSite","@id":"https:\/\/barneleker.no\/#website","url":"https:\/\/barneleker.no\/","name":"Barneleker.no","description":"Selvf\u00f8lgelig!","publisher":{"@id":"https:\/\/barneleker.no\/#organization"},"potentialAction":[{"@type":"SearchAction","target":{"@type":"EntryPoint","urlTemplate":"https:\/\/barneleker.no\/?s={search_term_string}"},"query-input":{"@type":"PropertyValueSpecification","valueRequired":true,"valueName":"search_term_string"}}],"inLanguage":"nb-NO"},{"@type":"Organization","@id":"https:\/\/barneleker.no\/#organization","name":"Barneleker.no","url":"https:\/\/barneleker.no\/","logo":{"@type":"ImageObject","inLanguage":"nb-NO","@id":"https:\/\/barneleker.no\/#\/schema\/logo\/image\/","url":"https:\/\/barneleker.no\/wp-content\/uploads\/2021\/11\/barneleker_logo-780x150-1.jpg","contentUrl":"https:\/\/barneleker.no\/wp-content\/uploads\/2021\/11\/barneleker_logo-780x150-1.jpg","width":780,"height":150,"caption":"Barneleker.no"},"image":{"@id":"https:\/\/barneleker.no\/#\/schema\/logo\/image\/"}}]}},"_links":{"self":[{"href":"https:\/\/barneleker.no\/index.php\/wp-json\/wp\/v2\/product\/12889","targetHints":{"allow":["GET"]}}],"collection":[{"href":"https:\/\/barneleker.no\/index.php\/wp-json\/wp\/v2\/product"}],"about":[{"href":"https:\/\/barneleker.no\/index.php\/wp-json\/wp\/v2\/types\/product"}],"replies":[{"embeddable":true,"href":"https:\/\/barneleker.no\/index.php\/wp-json\/wp\/v2\/comments?post=12889"}],"wp:featuredmedia":[{"embeddable":true,"href":"https:\/\/barneleker.no\/index.php\/wp-json\/wp\/v2\/media\/12888"}],"wp:attachment":[{"href":"https:\/\/barneleker.no\/index.php\/wp-json\/wp\/v2\/media?parent=12889"}],"wp:term":[{"taxonomy":"product_brand","embeddable":true,"href":"https:\/\/barneleker.no\/index.php\/wp-json\/wp\/v2\/product_brand?post=12889"},{"taxonomy":"product_cat","embeddable":true,"href":"https:\/\/barneleker.no\/index.php\/wp-json\/wp\/v2\/product_cat?post=12889"},{"taxonomy":"product_tag","embeddable":true,"href":"https:\/\/barneleker.no\/index.php\/wp-json\/wp\/v2\/product_tag?post=12889"}],"curies":[{"name":"wp","href":"https:\/\/api.w.org\/{rel}","templated":true}]}}