{"id":12905,"date":"2022-02-08T19:53:22","date_gmt":"2022-02-08T19:53:22","guid":{"rendered":"https:\/\/barneleker.no\/index.php\/product\/brio-lek-og-laer-ta-opp-og-spill-av-papegoye\/"},"modified":"2022-02-08T19:53:22","modified_gmt":"2022-02-08T19:53:22","slug":"brio-lek-og-laer-ta-opp-og-spill-av-papegoye","status":"publish","type":"product","link":"https:\/\/barneleker.no\/index.php\/product\/brio-lek-og-laer-ta-opp-og-spill-av-papegoye\/","title":{"rendered":"BRIO, Lek og l\u00e6r, ta opp og spill av-papeg\u00f8ye"},"content":{"rendered":"<p>M\u00f8t papeg\u00f8yen som kan ta opp og spille av det du sier med papeg\u00f8yens egen stemme. Denne stableleken hjelper de minste med \u00e5 leke og l\u00e6re p\u00e5 samme tid \u2013 stable papeg\u00f8yens fem tre- og plastdeler sammen p\u00e5 dens pinne i korrekt rekkef\u00f8lge og se den begynne \u00e5 snakke. Trykk p\u00e5 knappen for \u00e5 ta opp egen stemme og lyder, og h\u00f8r deretter ved \u00e5 spille av med papeg\u00f8yens egen stemme n\u00e5r stablingen er ferdig. Med denne papeg\u00f8yen er det alltid morsomt \u00e5 l\u00e6re. Ta opp med denne stablepapeg\u00f8yen som hermer det du sier n\u00e5r du spiller av. Plassere tre- og plastdelene i korrekt rekkef\u00f8lge p\u00e5 pinnen og s\u00e5 begynner papeg\u00f8yen \u00e5 snakke. Stableleke med 5 deler som hjelper sm\u00e5rollinger med \u00e5 leke og l\u00e6re p\u00e5 samme tid. Barna l\u00e6rer korrekt rekkef\u00f8lge for \u00e5 stable formene korrekt og forbedre motorikken. Fargerik blanding av naturlig tre og plast.<\/p>\n","protected":false},"excerpt":{"rendered":"<p>M\u00f8t papeg\u00f8yen som kan ta opp og spille av det du sier med papeg\u00f8yens egen stemme. Denne stableleken hjelper de minste med \u00e5 leke og&hellip;<\/p>\n","protected":false},"featured_media":12904,"comment_status":"open","ping_status":"closed","template":"","meta":[],"product_brand":[],"product_cat":[428],"product_tag":[],"class_list":{"0":"post-12905","1":"product","2":"type-product","3":"status-publish","4":"has-post-thumbnail","6":"product_cat-djur-figurer","8":"first","9":"instock","10":"shipping-taxable","11":"product-type-external","12":"customify-col"},"yoast_head":"<!-- This site is optimized with the Yoast SEO plugin v26.0 - https:\/\/yoast.com\/wordpress\/plugins\/seo\/ -->\n<title>BRIO, Lek og l\u00e6r, ta opp og spill av-papeg\u00f8ye - Barneleker.no<\/title>\n<meta name=\"robots\" content=\"index, follow, max-snippet:-1, max-image-preview:large, max-video-preview:-1\" \/>\n<link rel=\"canonical\" href=\"https:\/\/barneleker.no\/index.php\/product\/brio-lek-og-laer-ta-opp-og-spill-av-papegoye\/\" \/>\n<meta property=\"og:locale\" content=\"nb_NO\" \/>\n<meta property=\"og:type\" content=\"article\" \/>\n<meta property=\"og:title\" content=\"BRIO, Lek og l\u00e6r, ta opp og spill av-papeg\u00f8ye - Barneleker.no\" \/>\n<meta property=\"og:description\" content=\"M\u00f8t papeg\u00f8yen som kan ta opp og spille av det du sier med papeg\u00f8yens egen stemme. Denne stableleken hjelper de minste med \u00e5 leke og&hellip;\" \/>\n<meta property=\"og:url\" content=\"https:\/\/barneleker.no\/index.php\/product\/brio-lek-og-laer-ta-opp-og-spill-av-papegoye\/\" \/>\n<meta property=\"og:site_name\" content=\"Barneleker.no\" \/>\n<meta name=\"twitter:card\" content=\"summary_large_image\" \/>\n<meta name=\"twitter:label1\" content=\"Ansl. lesetid\" \/>\n\t<meta name=\"twitter:data1\" content=\"1 minutt\" \/>\n<script type=\"application\/ld+json\" class=\"yoast-schema-graph\">{\"@context\":\"https:\/\/schema.org\",\"@graph\":[{\"@type\":\"WebPage\",\"@id\":\"https:\/\/barneleker.no\/index.php\/product\/brio-lek-og-laer-ta-opp-og-spill-av-papegoye\/\",\"url\":\"https:\/\/barneleker.no\/index.php\/product\/brio-lek-og-laer-ta-opp-og-spill-av-papegoye\/\",\"name\":\"BRIO, Lek og l\u00e6r, ta opp og spill av-papeg\u00f8ye - Barneleker.no\",\"isPartOf\":{\"@id\":\"https:\/\/barneleker.no\/#website\"},\"primaryImageOfPage\":{\"@id\":\"https:\/\/barneleker.no\/index.php\/product\/brio-lek-og-laer-ta-opp-og-spill-av-papegoye\/#primaryimage\"},\"image\":{\"@id\":\"https:\/\/barneleker.no\/index.php\/product\/brio-lek-og-laer-ta-opp-og-spill-av-papegoye\/#primaryimage\"},\"thumbnailUrl\":\"https:\/\/barneleker.no\/wp-content\/uploads\/2022\/02\/brio-lek-og-laer-ta-opp-og-spill-av-papegoye.jpg\",\"datePublished\":\"2022-02-08T19:53:22+00:00\",\"breadcrumb\":{\"@id\":\"https:\/\/barneleker.no\/index.php\/product\/brio-lek-og-laer-ta-opp-og-spill-av-papegoye\/#breadcrumb\"},\"inLanguage\":\"nb-NO\",\"potentialAction\":[{\"@type\":\"ReadAction\",\"target\":[\"https:\/\/barneleker.no\/index.php\/product\/brio-lek-og-laer-ta-opp-og-spill-av-papegoye\/\"]}]},{\"@type\":\"ImageObject\",\"inLanguage\":\"nb-NO\",\"@id\":\"https:\/\/barneleker.no\/index.php\/product\/brio-lek-og-laer-ta-opp-og-spill-av-papegoye\/#primaryimage\",\"url\":\"https:\/\/barneleker.no\/wp-content\/uploads\/2022\/02\/brio-lek-og-laer-ta-opp-og-spill-av-papegoye.jpg\",\"contentUrl\":\"https:\/\/barneleker.no\/wp-content\/uploads\/2022\/02\/brio-lek-og-laer-ta-opp-og-spill-av-papegoye.jpg\",\"width\":555,\"height\":555},{\"@type\":\"BreadcrumbList\",\"@id\":\"https:\/\/barneleker.no\/index.php\/product\/brio-lek-og-laer-ta-opp-og-spill-av-papegoye\/#breadcrumb\",\"itemListElement\":[{\"@type\":\"ListItem\",\"position\":1,\"name\":\"Butikken\",\"item\":\"https:\/\/barneleker.no\/\"},{\"@type\":\"ListItem\",\"position\":2,\"name\":\"BRIO, Lek og l\u00e6r, ta opp og spill av-papeg\u00f8ye\"}]},{\"@type\":\"WebSite\",\"@id\":\"https:\/\/barneleker.no\/#website\",\"url\":\"https:\/\/barneleker.no\/\",\"name\":\"Barneleker.no\",\"description\":\"Selvf\u00f8lgelig!\",\"publisher\":{\"@id\":\"https:\/\/barneleker.no\/#organization\"},\"potentialAction\":[{\"@type\":\"SearchAction\",\"target\":{\"@type\":\"EntryPoint\",\"urlTemplate\":\"https:\/\/barneleker.no\/?s={search_term_string}\"},\"query-input\":{\"@type\":\"PropertyValueSpecification\",\"valueRequired\":true,\"valueName\":\"search_term_string\"}}],\"inLanguage\":\"nb-NO\"},{\"@type\":\"Organization\",\"@id\":\"https:\/\/barneleker.no\/#organization\",\"name\":\"Barneleker.no\",\"url\":\"https:\/\/barneleker.no\/\",\"logo\":{\"@type\":\"ImageObject\",\"inLanguage\":\"nb-NO\",\"@id\":\"https:\/\/barneleker.no\/#\/schema\/logo\/image\/\",\"url\":\"https:\/\/barneleker.no\/wp-content\/uploads\/2021\/11\/barneleker_logo-780x150-1.jpg\",\"contentUrl\":\"https:\/\/barneleker.no\/wp-content\/uploads\/2021\/11\/barneleker_logo-780x150-1.jpg\",\"width\":780,\"height\":150,\"caption\":\"Barneleker.no\"},\"image\":{\"@id\":\"https:\/\/barneleker.no\/#\/schema\/logo\/image\/\"}}]}<\/script>\n<!-- \/ Yoast SEO plugin. -->","yoast_head_json":{"title":"BRIO, Lek og l\u00e6r, ta opp og spill av-papeg\u00f8ye - Barneleker.no","robots":{"index":"index","follow":"follow","max-snippet":"max-snippet:-1","max-image-preview":"max-image-preview:large","max-video-preview":"max-video-preview:-1"},"canonical":"https:\/\/barneleker.no\/index.php\/product\/brio-lek-og-laer-ta-opp-og-spill-av-papegoye\/","og_locale":"nb_NO","og_type":"article","og_title":"BRIO, Lek og l\u00e6r, ta opp og spill av-papeg\u00f8ye - Barneleker.no","og_description":"M\u00f8t papeg\u00f8yen som kan ta opp og spille av det du sier med papeg\u00f8yens egen stemme. Denne stableleken hjelper de minste med \u00e5 leke og&hellip;","og_url":"https:\/\/barneleker.no\/index.php\/product\/brio-lek-og-laer-ta-opp-og-spill-av-papegoye\/","og_site_name":"Barneleker.no","twitter_card":"summary_large_image","twitter_misc":{"Ansl. lesetid":"1 minutt"},"schema":{"@context":"https:\/\/schema.org","@graph":[{"@type":"WebPage","@id":"https:\/\/barneleker.no\/index.php\/product\/brio-lek-og-laer-ta-opp-og-spill-av-papegoye\/","url":"https:\/\/barneleker.no\/index.php\/product\/brio-lek-og-laer-ta-opp-og-spill-av-papegoye\/","name":"BRIO, Lek og l\u00e6r, ta opp og spill av-papeg\u00f8ye - Barneleker.no","isPartOf":{"@id":"https:\/\/barneleker.no\/#website"},"primaryImageOfPage":{"@id":"https:\/\/barneleker.no\/index.php\/product\/brio-lek-og-laer-ta-opp-og-spill-av-papegoye\/#primaryimage"},"image":{"@id":"https:\/\/barneleker.no\/index.php\/product\/brio-lek-og-laer-ta-opp-og-spill-av-papegoye\/#primaryimage"},"thumbnailUrl":"https:\/\/barneleker.no\/wp-content\/uploads\/2022\/02\/brio-lek-og-laer-ta-opp-og-spill-av-papegoye.jpg","datePublished":"2022-02-08T19:53:22+00:00","breadcrumb":{"@id":"https:\/\/barneleker.no\/index.php\/product\/brio-lek-og-laer-ta-opp-og-spill-av-papegoye\/#breadcrumb"},"inLanguage":"nb-NO","potentialAction":[{"@type":"ReadAction","target":["https:\/\/barneleker.no\/index.php\/product\/brio-lek-og-laer-ta-opp-og-spill-av-papegoye\/"]}]},{"@type":"ImageObject","inLanguage":"nb-NO","@id":"https:\/\/barneleker.no\/index.php\/product\/brio-lek-og-laer-ta-opp-og-spill-av-papegoye\/#primaryimage","url":"https:\/\/barneleker.no\/wp-content\/uploads\/2022\/02\/brio-lek-og-laer-ta-opp-og-spill-av-papegoye.jpg","contentUrl":"https:\/\/barneleker.no\/wp-content\/uploads\/2022\/02\/brio-lek-og-laer-ta-opp-og-spill-av-papegoye.jpg","width":555,"height":555},{"@type":"BreadcrumbList","@id":"https:\/\/barneleker.no\/index.php\/product\/brio-lek-og-laer-ta-opp-og-spill-av-papegoye\/#breadcrumb","itemListElement":[{"@type":"ListItem","position":1,"name":"Butikken","item":"https:\/\/barneleker.no\/"},{"@type":"ListItem","position":2,"name":"BRIO, Lek og l\u00e6r, ta opp og spill av-papeg\u00f8ye"}]},{"@type":"WebSite","@id":"https:\/\/barneleker.no\/#website","url":"https:\/\/barneleker.no\/","name":"Barneleker.no","description":"Selvf\u00f8lgelig!","publisher":{"@id":"https:\/\/barneleker.no\/#organization"},"potentialAction":[{"@type":"SearchAction","target":{"@type":"EntryPoint","urlTemplate":"https:\/\/barneleker.no\/?s={search_term_string}"},"query-input":{"@type":"PropertyValueSpecification","valueRequired":true,"valueName":"search_term_string"}}],"inLanguage":"nb-NO"},{"@type":"Organization","@id":"https:\/\/barneleker.no\/#organization","name":"Barneleker.no","url":"https:\/\/barneleker.no\/","logo":{"@type":"ImageObject","inLanguage":"nb-NO","@id":"https:\/\/barneleker.no\/#\/schema\/logo\/image\/","url":"https:\/\/barneleker.no\/wp-content\/uploads\/2021\/11\/barneleker_logo-780x150-1.jpg","contentUrl":"https:\/\/barneleker.no\/wp-content\/uploads\/2021\/11\/barneleker_logo-780x150-1.jpg","width":780,"height":150,"caption":"Barneleker.no"},"image":{"@id":"https:\/\/barneleker.no\/#\/schema\/logo\/image\/"}}]}},"_links":{"self":[{"href":"https:\/\/barneleker.no\/index.php\/wp-json\/wp\/v2\/product\/12905","targetHints":{"allow":["GET"]}}],"collection":[{"href":"https:\/\/barneleker.no\/index.php\/wp-json\/wp\/v2\/product"}],"about":[{"href":"https:\/\/barneleker.no\/index.php\/wp-json\/wp\/v2\/types\/product"}],"replies":[{"embeddable":true,"href":"https:\/\/barneleker.no\/index.php\/wp-json\/wp\/v2\/comments?post=12905"}],"wp:featuredmedia":[{"embeddable":true,"href":"https:\/\/barneleker.no\/index.php\/wp-json\/wp\/v2\/media\/12904"}],"wp:attachment":[{"href":"https:\/\/barneleker.no\/index.php\/wp-json\/wp\/v2\/media?parent=12905"}],"wp:term":[{"taxonomy":"product_brand","embeddable":true,"href":"https:\/\/barneleker.no\/index.php\/wp-json\/wp\/v2\/product_brand?post=12905"},{"taxonomy":"product_cat","embeddable":true,"href":"https:\/\/barneleker.no\/index.php\/wp-json\/wp\/v2\/product_cat?post=12905"},{"taxonomy":"product_tag","embeddable":true,"href":"https:\/\/barneleker.no\/index.php\/wp-json\/wp\/v2\/product_tag?post=12905"}],"curies":[{"name":"wp","href":"https:\/\/api.w.org\/{rel}","templated":true}]}}