{"id":12929,"date":"2022-02-08T19:53:30","date_gmt":"2022-02-08T19:53:30","guid":{"rendered":"https:\/\/barneleker.no\/index.php\/product\/lego-creator-31108-familiens-campingbilferie\/"},"modified":"2022-02-08T19:53:30","modified_gmt":"2022-02-08T19:53:30","slug":"lego-creator-31108-familiens-campingbilferie","status":"publish","type":"product","link":"https:\/\/barneleker.no\/index.php\/product\/lego-creator-31108-familiens-campingbilferie\/","title":{"rendered":"LEGO Creator 31108, Familiens campingbilferie"},"content":{"rendered":"<p>LEGO\u00ae Creator 3-i-1 Familiens campingbilferie (31108) lekesettet byr p\u00e5 kreative og morsomme campingeventyr for barn som liker friluftsliv. Settet inneholder en bil og campingvogn i retrostil, med kj\u00f8kken, toalett, avtakbart tak og side som kan \u00e5pnes. Settet er stappfullt av tilbeh\u00f8r og funksjoner og inneholder ogs\u00e5 tre minifigurer som f\u00e5r fart p\u00e5 leken.  Grensel\u00f8s, kreativ bygging Dette flotte LEGO Creator 3-i-1-lekesettet inneholder minst tre ulike bygge- og lekeopplevelser. Barn kan bygge en campingvogn og bil i retrostil f\u00f8r de bygger dem om til en bobil eller et detaljert fyrt\u00e5rn. Etterp\u00e5 kan de slippe l\u00f8s fantasien og bygge noe helt nytt og interessant.  Frittst\u00e5ende modeller som frigj\u00f8r fantasien LEGO Creator 3-i-1-sett gir barn ulike modeller som er realistiske, og som inspirerer til fantasifull lek. Barn i alle aldre f\u00e5r endel\u00f8se bygge- og lekeopplevelser med modeller som setter fart p\u00e5 kreativiteten deres. De flotte settene er perfekte julegaver og bursdagsgaver til barn.<\/p>\n","protected":false},"excerpt":{"rendered":"<p>LEGO\u00ae Creator 3-i-1 Familiens campingbilferie (31108) lekesettet byr p\u00e5 kreative og morsomme campingeventyr for barn som liker friluftsliv. Settet inneholder en bil og campingvogn i&hellip;<\/p>\n","protected":false},"featured_media":12928,"comment_status":"open","ping_status":"closed","template":"","meta":[],"product_brand":[],"product_cat":[476],"product_tag":[],"class_list":{"0":"post-12929","1":"product","2":"type-product","3":"status-publish","4":"has-post-thumbnail","6":"product_cat-set-lego-fordon","8":"first","9":"instock","10":"shipping-taxable","11":"product-type-external","12":"customify-col"},"yoast_head":"<!-- This site is optimized with the Yoast SEO plugin v26.0 - https:\/\/yoast.com\/wordpress\/plugins\/seo\/ -->\n<title>LEGO Creator 31108, Familiens campingbilferie - Barneleker.no<\/title>\n<meta name=\"robots\" content=\"index, follow, max-snippet:-1, max-image-preview:large, max-video-preview:-1\" \/>\n<link rel=\"canonical\" href=\"https:\/\/barneleker.no\/index.php\/product\/lego-creator-31108-familiens-campingbilferie\/\" \/>\n<meta property=\"og:locale\" content=\"nb_NO\" \/>\n<meta property=\"og:type\" content=\"article\" \/>\n<meta property=\"og:title\" content=\"LEGO Creator 31108, Familiens campingbilferie - Barneleker.no\" \/>\n<meta property=\"og:description\" content=\"LEGO\u00ae Creator 3-i-1 Familiens campingbilferie (31108) lekesettet byr p\u00e5 kreative og morsomme campingeventyr for barn som liker friluftsliv. Settet inneholder en bil og campingvogn i&hellip;\" \/>\n<meta property=\"og:url\" content=\"https:\/\/barneleker.no\/index.php\/product\/lego-creator-31108-familiens-campingbilferie\/\" \/>\n<meta property=\"og:site_name\" content=\"Barneleker.no\" \/>\n<meta name=\"twitter:card\" content=\"summary_large_image\" \/>\n<meta name=\"twitter:label1\" content=\"Ansl. lesetid\" \/>\n\t<meta name=\"twitter:data1\" content=\"1 minutt\" \/>\n<script type=\"application\/ld+json\" class=\"yoast-schema-graph\">{\"@context\":\"https:\/\/schema.org\",\"@graph\":[{\"@type\":\"WebPage\",\"@id\":\"https:\/\/barneleker.no\/index.php\/product\/lego-creator-31108-familiens-campingbilferie\/\",\"url\":\"https:\/\/barneleker.no\/index.php\/product\/lego-creator-31108-familiens-campingbilferie\/\",\"name\":\"LEGO Creator 31108, Familiens campingbilferie - Barneleker.no\",\"isPartOf\":{\"@id\":\"https:\/\/barneleker.no\/#website\"},\"primaryImageOfPage\":{\"@id\":\"https:\/\/barneleker.no\/index.php\/product\/lego-creator-31108-familiens-campingbilferie\/#primaryimage\"},\"image\":{\"@id\":\"https:\/\/barneleker.no\/index.php\/product\/lego-creator-31108-familiens-campingbilferie\/#primaryimage\"},\"thumbnailUrl\":\"https:\/\/barneleker.no\/wp-content\/uploads\/2022\/02\/lego-creator-31108-familiens-campingbilferie.jpg\",\"datePublished\":\"2022-02-08T19:53:30+00:00\",\"breadcrumb\":{\"@id\":\"https:\/\/barneleker.no\/index.php\/product\/lego-creator-31108-familiens-campingbilferie\/#breadcrumb\"},\"inLanguage\":\"nb-NO\",\"potentialAction\":[{\"@type\":\"ReadAction\",\"target\":[\"https:\/\/barneleker.no\/index.php\/product\/lego-creator-31108-familiens-campingbilferie\/\"]}]},{\"@type\":\"ImageObject\",\"inLanguage\":\"nb-NO\",\"@id\":\"https:\/\/barneleker.no\/index.php\/product\/lego-creator-31108-familiens-campingbilferie\/#primaryimage\",\"url\":\"https:\/\/barneleker.no\/wp-content\/uploads\/2022\/02\/lego-creator-31108-familiens-campingbilferie.jpg\",\"contentUrl\":\"https:\/\/barneleker.no\/wp-content\/uploads\/2022\/02\/lego-creator-31108-familiens-campingbilferie.jpg\",\"width\":555,\"height\":555},{\"@type\":\"BreadcrumbList\",\"@id\":\"https:\/\/barneleker.no\/index.php\/product\/lego-creator-31108-familiens-campingbilferie\/#breadcrumb\",\"itemListElement\":[{\"@type\":\"ListItem\",\"position\":1,\"name\":\"Butikken\",\"item\":\"https:\/\/barneleker.no\/\"},{\"@type\":\"ListItem\",\"position\":2,\"name\":\"LEGO Creator 31108, Familiens campingbilferie\"}]},{\"@type\":\"WebSite\",\"@id\":\"https:\/\/barneleker.no\/#website\",\"url\":\"https:\/\/barneleker.no\/\",\"name\":\"Barneleker.no\",\"description\":\"Selvf\u00f8lgelig!\",\"publisher\":{\"@id\":\"https:\/\/barneleker.no\/#organization\"},\"potentialAction\":[{\"@type\":\"SearchAction\",\"target\":{\"@type\":\"EntryPoint\",\"urlTemplate\":\"https:\/\/barneleker.no\/?s={search_term_string}\"},\"query-input\":{\"@type\":\"PropertyValueSpecification\",\"valueRequired\":true,\"valueName\":\"search_term_string\"}}],\"inLanguage\":\"nb-NO\"},{\"@type\":\"Organization\",\"@id\":\"https:\/\/barneleker.no\/#organization\",\"name\":\"Barneleker.no\",\"url\":\"https:\/\/barneleker.no\/\",\"logo\":{\"@type\":\"ImageObject\",\"inLanguage\":\"nb-NO\",\"@id\":\"https:\/\/barneleker.no\/#\/schema\/logo\/image\/\",\"url\":\"https:\/\/barneleker.no\/wp-content\/uploads\/2021\/11\/barneleker_logo-780x150-1.jpg\",\"contentUrl\":\"https:\/\/barneleker.no\/wp-content\/uploads\/2021\/11\/barneleker_logo-780x150-1.jpg\",\"width\":780,\"height\":150,\"caption\":\"Barneleker.no\"},\"image\":{\"@id\":\"https:\/\/barneleker.no\/#\/schema\/logo\/image\/\"}}]}<\/script>\n<!-- \/ Yoast SEO plugin. -->","yoast_head_json":{"title":"LEGO Creator 31108, Familiens campingbilferie - Barneleker.no","robots":{"index":"index","follow":"follow","max-snippet":"max-snippet:-1","max-image-preview":"max-image-preview:large","max-video-preview":"max-video-preview:-1"},"canonical":"https:\/\/barneleker.no\/index.php\/product\/lego-creator-31108-familiens-campingbilferie\/","og_locale":"nb_NO","og_type":"article","og_title":"LEGO Creator 31108, Familiens campingbilferie - Barneleker.no","og_description":"LEGO\u00ae Creator 3-i-1 Familiens campingbilferie (31108) lekesettet byr p\u00e5 kreative og morsomme campingeventyr for barn som liker friluftsliv. Settet inneholder en bil og campingvogn i&hellip;","og_url":"https:\/\/barneleker.no\/index.php\/product\/lego-creator-31108-familiens-campingbilferie\/","og_site_name":"Barneleker.no","twitter_card":"summary_large_image","twitter_misc":{"Ansl. lesetid":"1 minutt"},"schema":{"@context":"https:\/\/schema.org","@graph":[{"@type":"WebPage","@id":"https:\/\/barneleker.no\/index.php\/product\/lego-creator-31108-familiens-campingbilferie\/","url":"https:\/\/barneleker.no\/index.php\/product\/lego-creator-31108-familiens-campingbilferie\/","name":"LEGO Creator 31108, Familiens campingbilferie - Barneleker.no","isPartOf":{"@id":"https:\/\/barneleker.no\/#website"},"primaryImageOfPage":{"@id":"https:\/\/barneleker.no\/index.php\/product\/lego-creator-31108-familiens-campingbilferie\/#primaryimage"},"image":{"@id":"https:\/\/barneleker.no\/index.php\/product\/lego-creator-31108-familiens-campingbilferie\/#primaryimage"},"thumbnailUrl":"https:\/\/barneleker.no\/wp-content\/uploads\/2022\/02\/lego-creator-31108-familiens-campingbilferie.jpg","datePublished":"2022-02-08T19:53:30+00:00","breadcrumb":{"@id":"https:\/\/barneleker.no\/index.php\/product\/lego-creator-31108-familiens-campingbilferie\/#breadcrumb"},"inLanguage":"nb-NO","potentialAction":[{"@type":"ReadAction","target":["https:\/\/barneleker.no\/index.php\/product\/lego-creator-31108-familiens-campingbilferie\/"]}]},{"@type":"ImageObject","inLanguage":"nb-NO","@id":"https:\/\/barneleker.no\/index.php\/product\/lego-creator-31108-familiens-campingbilferie\/#primaryimage","url":"https:\/\/barneleker.no\/wp-content\/uploads\/2022\/02\/lego-creator-31108-familiens-campingbilferie.jpg","contentUrl":"https:\/\/barneleker.no\/wp-content\/uploads\/2022\/02\/lego-creator-31108-familiens-campingbilferie.jpg","width":555,"height":555},{"@type":"BreadcrumbList","@id":"https:\/\/barneleker.no\/index.php\/product\/lego-creator-31108-familiens-campingbilferie\/#breadcrumb","itemListElement":[{"@type":"ListItem","position":1,"name":"Butikken","item":"https:\/\/barneleker.no\/"},{"@type":"ListItem","position":2,"name":"LEGO Creator 31108, Familiens campingbilferie"}]},{"@type":"WebSite","@id":"https:\/\/barneleker.no\/#website","url":"https:\/\/barneleker.no\/","name":"Barneleker.no","description":"Selvf\u00f8lgelig!","publisher":{"@id":"https:\/\/barneleker.no\/#organization"},"potentialAction":[{"@type":"SearchAction","target":{"@type":"EntryPoint","urlTemplate":"https:\/\/barneleker.no\/?s={search_term_string}"},"query-input":{"@type":"PropertyValueSpecification","valueRequired":true,"valueName":"search_term_string"}}],"inLanguage":"nb-NO"},{"@type":"Organization","@id":"https:\/\/barneleker.no\/#organization","name":"Barneleker.no","url":"https:\/\/barneleker.no\/","logo":{"@type":"ImageObject","inLanguage":"nb-NO","@id":"https:\/\/barneleker.no\/#\/schema\/logo\/image\/","url":"https:\/\/barneleker.no\/wp-content\/uploads\/2021\/11\/barneleker_logo-780x150-1.jpg","contentUrl":"https:\/\/barneleker.no\/wp-content\/uploads\/2021\/11\/barneleker_logo-780x150-1.jpg","width":780,"height":150,"caption":"Barneleker.no"},"image":{"@id":"https:\/\/barneleker.no\/#\/schema\/logo\/image\/"}}]}},"_links":{"self":[{"href":"https:\/\/barneleker.no\/index.php\/wp-json\/wp\/v2\/product\/12929","targetHints":{"allow":["GET"]}}],"collection":[{"href":"https:\/\/barneleker.no\/index.php\/wp-json\/wp\/v2\/product"}],"about":[{"href":"https:\/\/barneleker.no\/index.php\/wp-json\/wp\/v2\/types\/product"}],"replies":[{"embeddable":true,"href":"https:\/\/barneleker.no\/index.php\/wp-json\/wp\/v2\/comments?post=12929"}],"wp:featuredmedia":[{"embeddable":true,"href":"https:\/\/barneleker.no\/index.php\/wp-json\/wp\/v2\/media\/12928"}],"wp:attachment":[{"href":"https:\/\/barneleker.no\/index.php\/wp-json\/wp\/v2\/media?parent=12929"}],"wp:term":[{"taxonomy":"product_brand","embeddable":true,"href":"https:\/\/barneleker.no\/index.php\/wp-json\/wp\/v2\/product_brand?post=12929"},{"taxonomy":"product_cat","embeddable":true,"href":"https:\/\/barneleker.no\/index.php\/wp-json\/wp\/v2\/product_cat?post=12929"},{"taxonomy":"product_tag","embeddable":true,"href":"https:\/\/barneleker.no\/index.php\/wp-json\/wp\/v2\/product_tag?post=12929"}],"curies":[{"name":"wp","href":"https:\/\/api.w.org\/{rel}","templated":true}]}}