{"id":12931,"date":"2022-02-08T19:53:30","date_gmt":"2022-02-08T19:53:30","guid":{"rendered":"https:\/\/barneleker.no\/index.php\/product\/schleich-grizzly-bear\/"},"modified":"2022-02-08T19:53:30","modified_gmt":"2022-02-08T19:53:30","slug":"schleich-grizzly-bear","status":"publish","type":"product","link":"https:\/\/barneleker.no\/index.php\/product\/schleich-grizzly-bear\/","title":{"rendered":"Schleich, Grizzly bear"},"content":{"rendered":"<p>Grizzlybj\u00f8rner er h\u00f8ye, sterke dyr, som kan bli opptil 2,4 meter h\u00f8ye og veie rundt 450 kg. De har en slags pukkel p\u00e5 ryggen og sterke bakbein. Grizzlybj\u00f8rnen kan l\u00f8pe i opptil 55 km i timen. De lever alene og kan ofte opptre aggressivt. Noen ganger samles de ved elver og innsj\u00f8er for \u00e5 fange laks. Grizzlybj\u00f8rnen er altetende og spiser fisk, planter og store pattedyr som elg, hjort og svartbj\u00f8rn. De er ogs\u00e5 kjent for \u00e5 stjele mat fra ulver eller mennesker.<\/p>\n","protected":false},"excerpt":{"rendered":"<p>Grizzlybj\u00f8rner er h\u00f8ye, sterke dyr, som kan bli opptil 2,4 meter h\u00f8ye og veie rundt 450 kg. De har en slags pukkel p\u00e5 ryggen og&hellip;<\/p>\n","protected":false},"featured_media":12930,"comment_status":"open","ping_status":"closed","template":"","meta":[],"product_brand":[],"product_cat":[358],"product_tag":[],"class_list":{"0":"post-12931","1":"product","2":"type-product","3":"status-publish","4":"has-post-thumbnail","6":"product_cat-dyr","8":"first","9":"instock","10":"shipping-taxable","11":"product-type-external","12":"customify-col"},"yoast_head":"<!-- This site is optimized with the Yoast SEO plugin v26.0 - https:\/\/yoast.com\/wordpress\/plugins\/seo\/ -->\n<title>Schleich, Grizzly bear - Barneleker.no<\/title>\n<meta name=\"robots\" content=\"index, follow, max-snippet:-1, max-image-preview:large, max-video-preview:-1\" \/>\n<link rel=\"canonical\" href=\"https:\/\/barneleker.no\/index.php\/product\/schleich-grizzly-bear\/\" \/>\n<meta property=\"og:locale\" content=\"nb_NO\" \/>\n<meta property=\"og:type\" content=\"article\" \/>\n<meta property=\"og:title\" content=\"Schleich, Grizzly bear - Barneleker.no\" \/>\n<meta property=\"og:description\" content=\"Grizzlybj\u00f8rner er h\u00f8ye, sterke dyr, som kan bli opptil 2,4 meter h\u00f8ye og veie rundt 450 kg. De har en slags pukkel p\u00e5 ryggen og&hellip;\" \/>\n<meta property=\"og:url\" content=\"https:\/\/barneleker.no\/index.php\/product\/schleich-grizzly-bear\/\" \/>\n<meta property=\"og:site_name\" content=\"Barneleker.no\" \/>\n<meta name=\"twitter:card\" content=\"summary_large_image\" \/>\n<script type=\"application\/ld+json\" class=\"yoast-schema-graph\">{\"@context\":\"https:\/\/schema.org\",\"@graph\":[{\"@type\":\"WebPage\",\"@id\":\"https:\/\/barneleker.no\/index.php\/product\/schleich-grizzly-bear\/\",\"url\":\"https:\/\/barneleker.no\/index.php\/product\/schleich-grizzly-bear\/\",\"name\":\"Schleich, Grizzly bear - Barneleker.no\",\"isPartOf\":{\"@id\":\"https:\/\/barneleker.no\/#website\"},\"primaryImageOfPage\":{\"@id\":\"https:\/\/barneleker.no\/index.php\/product\/schleich-grizzly-bear\/#primaryimage\"},\"image\":{\"@id\":\"https:\/\/barneleker.no\/index.php\/product\/schleich-grizzly-bear\/#primaryimage\"},\"thumbnailUrl\":\"https:\/\/barneleker.no\/wp-content\/uploads\/2022\/02\/schleich-grizzly-bear.jpg\",\"datePublished\":\"2022-02-08T19:53:30+00:00\",\"breadcrumb\":{\"@id\":\"https:\/\/barneleker.no\/index.php\/product\/schleich-grizzly-bear\/#breadcrumb\"},\"inLanguage\":\"nb-NO\",\"potentialAction\":[{\"@type\":\"ReadAction\",\"target\":[\"https:\/\/barneleker.no\/index.php\/product\/schleich-grizzly-bear\/\"]}]},{\"@type\":\"ImageObject\",\"inLanguage\":\"nb-NO\",\"@id\":\"https:\/\/barneleker.no\/index.php\/product\/schleich-grizzly-bear\/#primaryimage\",\"url\":\"https:\/\/barneleker.no\/wp-content\/uploads\/2022\/02\/schleich-grizzly-bear.jpg\",\"contentUrl\":\"https:\/\/barneleker.no\/wp-content\/uploads\/2022\/02\/schleich-grizzly-bear.jpg\",\"width\":555,\"height\":555},{\"@type\":\"BreadcrumbList\",\"@id\":\"https:\/\/barneleker.no\/index.php\/product\/schleich-grizzly-bear\/#breadcrumb\",\"itemListElement\":[{\"@type\":\"ListItem\",\"position\":1,\"name\":\"Butikken\",\"item\":\"https:\/\/barneleker.no\/\"},{\"@type\":\"ListItem\",\"position\":2,\"name\":\"Schleich, Grizzly bear\"}]},{\"@type\":\"WebSite\",\"@id\":\"https:\/\/barneleker.no\/#website\",\"url\":\"https:\/\/barneleker.no\/\",\"name\":\"Barneleker.no\",\"description\":\"Selvf\u00f8lgelig!\",\"publisher\":{\"@id\":\"https:\/\/barneleker.no\/#organization\"},\"potentialAction\":[{\"@type\":\"SearchAction\",\"target\":{\"@type\":\"EntryPoint\",\"urlTemplate\":\"https:\/\/barneleker.no\/?s={search_term_string}\"},\"query-input\":{\"@type\":\"PropertyValueSpecification\",\"valueRequired\":true,\"valueName\":\"search_term_string\"}}],\"inLanguage\":\"nb-NO\"},{\"@type\":\"Organization\",\"@id\":\"https:\/\/barneleker.no\/#organization\",\"name\":\"Barneleker.no\",\"url\":\"https:\/\/barneleker.no\/\",\"logo\":{\"@type\":\"ImageObject\",\"inLanguage\":\"nb-NO\",\"@id\":\"https:\/\/barneleker.no\/#\/schema\/logo\/image\/\",\"url\":\"https:\/\/barneleker.no\/wp-content\/uploads\/2021\/11\/barneleker_logo-780x150-1.jpg\",\"contentUrl\":\"https:\/\/barneleker.no\/wp-content\/uploads\/2021\/11\/barneleker_logo-780x150-1.jpg\",\"width\":780,\"height\":150,\"caption\":\"Barneleker.no\"},\"image\":{\"@id\":\"https:\/\/barneleker.no\/#\/schema\/logo\/image\/\"}}]}<\/script>\n<!-- \/ Yoast SEO plugin. -->","yoast_head_json":{"title":"Schleich, Grizzly bear - Barneleker.no","robots":{"index":"index","follow":"follow","max-snippet":"max-snippet:-1","max-image-preview":"max-image-preview:large","max-video-preview":"max-video-preview:-1"},"canonical":"https:\/\/barneleker.no\/index.php\/product\/schleich-grizzly-bear\/","og_locale":"nb_NO","og_type":"article","og_title":"Schleich, Grizzly bear - Barneleker.no","og_description":"Grizzlybj\u00f8rner er h\u00f8ye, sterke dyr, som kan bli opptil 2,4 meter h\u00f8ye og veie rundt 450 kg. De har en slags pukkel p\u00e5 ryggen og&hellip;","og_url":"https:\/\/barneleker.no\/index.php\/product\/schleich-grizzly-bear\/","og_site_name":"Barneleker.no","twitter_card":"summary_large_image","schema":{"@context":"https:\/\/schema.org","@graph":[{"@type":"WebPage","@id":"https:\/\/barneleker.no\/index.php\/product\/schleich-grizzly-bear\/","url":"https:\/\/barneleker.no\/index.php\/product\/schleich-grizzly-bear\/","name":"Schleich, Grizzly bear - Barneleker.no","isPartOf":{"@id":"https:\/\/barneleker.no\/#website"},"primaryImageOfPage":{"@id":"https:\/\/barneleker.no\/index.php\/product\/schleich-grizzly-bear\/#primaryimage"},"image":{"@id":"https:\/\/barneleker.no\/index.php\/product\/schleich-grizzly-bear\/#primaryimage"},"thumbnailUrl":"https:\/\/barneleker.no\/wp-content\/uploads\/2022\/02\/schleich-grizzly-bear.jpg","datePublished":"2022-02-08T19:53:30+00:00","breadcrumb":{"@id":"https:\/\/barneleker.no\/index.php\/product\/schleich-grizzly-bear\/#breadcrumb"},"inLanguage":"nb-NO","potentialAction":[{"@type":"ReadAction","target":["https:\/\/barneleker.no\/index.php\/product\/schleich-grizzly-bear\/"]}]},{"@type":"ImageObject","inLanguage":"nb-NO","@id":"https:\/\/barneleker.no\/index.php\/product\/schleich-grizzly-bear\/#primaryimage","url":"https:\/\/barneleker.no\/wp-content\/uploads\/2022\/02\/schleich-grizzly-bear.jpg","contentUrl":"https:\/\/barneleker.no\/wp-content\/uploads\/2022\/02\/schleich-grizzly-bear.jpg","width":555,"height":555},{"@type":"BreadcrumbList","@id":"https:\/\/barneleker.no\/index.php\/product\/schleich-grizzly-bear\/#breadcrumb","itemListElement":[{"@type":"ListItem","position":1,"name":"Butikken","item":"https:\/\/barneleker.no\/"},{"@type":"ListItem","position":2,"name":"Schleich, Grizzly bear"}]},{"@type":"WebSite","@id":"https:\/\/barneleker.no\/#website","url":"https:\/\/barneleker.no\/","name":"Barneleker.no","description":"Selvf\u00f8lgelig!","publisher":{"@id":"https:\/\/barneleker.no\/#organization"},"potentialAction":[{"@type":"SearchAction","target":{"@type":"EntryPoint","urlTemplate":"https:\/\/barneleker.no\/?s={search_term_string}"},"query-input":{"@type":"PropertyValueSpecification","valueRequired":true,"valueName":"search_term_string"}}],"inLanguage":"nb-NO"},{"@type":"Organization","@id":"https:\/\/barneleker.no\/#organization","name":"Barneleker.no","url":"https:\/\/barneleker.no\/","logo":{"@type":"ImageObject","inLanguage":"nb-NO","@id":"https:\/\/barneleker.no\/#\/schema\/logo\/image\/","url":"https:\/\/barneleker.no\/wp-content\/uploads\/2021\/11\/barneleker_logo-780x150-1.jpg","contentUrl":"https:\/\/barneleker.no\/wp-content\/uploads\/2021\/11\/barneleker_logo-780x150-1.jpg","width":780,"height":150,"caption":"Barneleker.no"},"image":{"@id":"https:\/\/barneleker.no\/#\/schema\/logo\/image\/"}}]}},"_links":{"self":[{"href":"https:\/\/barneleker.no\/index.php\/wp-json\/wp\/v2\/product\/12931","targetHints":{"allow":["GET"]}}],"collection":[{"href":"https:\/\/barneleker.no\/index.php\/wp-json\/wp\/v2\/product"}],"about":[{"href":"https:\/\/barneleker.no\/index.php\/wp-json\/wp\/v2\/types\/product"}],"replies":[{"embeddable":true,"href":"https:\/\/barneleker.no\/index.php\/wp-json\/wp\/v2\/comments?post=12931"}],"wp:featuredmedia":[{"embeddable":true,"href":"https:\/\/barneleker.no\/index.php\/wp-json\/wp\/v2\/media\/12930"}],"wp:attachment":[{"href":"https:\/\/barneleker.no\/index.php\/wp-json\/wp\/v2\/media?parent=12931"}],"wp:term":[{"taxonomy":"product_brand","embeddable":true,"href":"https:\/\/barneleker.no\/index.php\/wp-json\/wp\/v2\/product_brand?post=12931"},{"taxonomy":"product_cat","embeddable":true,"href":"https:\/\/barneleker.no\/index.php\/wp-json\/wp\/v2\/product_cat?post=12931"},{"taxonomy":"product_tag","embeddable":true,"href":"https:\/\/barneleker.no\/index.php\/wp-json\/wp\/v2\/product_tag?post=12931"}],"curies":[{"name":"wp","href":"https:\/\/api.w.org\/{rel}","templated":true}]}}