{"id":12963,"date":"2022-02-08T19:53:43","date_gmt":"2022-02-08T19:53:43","guid":{"rendered":"https:\/\/barneleker.no\/index.php\/product\/brio-mikke-mus-stasjon-m-opptak-og-avspilling\/"},"modified":"2022-02-08T19:53:43","modified_gmt":"2022-02-08T19:53:43","slug":"brio-mikke-mus-stasjon-m-opptak-og-avspilling","status":"publish","type":"product","link":"https:\/\/barneleker.no\/index.php\/product\/brio-mikke-mus-stasjon-m-opptak-og-avspilling\/","title":{"rendered":"BRIO, Mikke Mus stasjon m\/opptak og avspilling"},"content":{"rendered":"<p>Disney-leketogstasjon med opptaker og avspillingsfunksjon og Disney-karakterene Mikke og Minni Mus. Bruk opptaker og avspiller-funksjonen til \u00e5 ta opp egne togstasjonlyder og lage kunngj\u00f8ringer. Laget av europeisk bj\u00f8rketre, h\u00f8ykvalitets plast og fine metalldetaljer. Etter hvert som barna vokser, kan ogs\u00e5 leken med jernbanen utvikle seg. Dette toget kobles til andre lokomotiver og vogner fra BRIO via magneter. \u00c5 leke med jernbane hjelper barna med \u00e5 utvikle finmotorikken og evnen til rollespill. For barn i alderen 3 \u00e5r og eldre.<\/p>\n","protected":false},"excerpt":{"rendered":"<p>Disney-leketogstasjon med opptaker og avspillingsfunksjon og Disney-karakterene Mikke og Minni Mus. Bruk opptaker og avspiller-funksjonen til \u00e5 ta opp egne togstasjonlyder og lage kunngj\u00f8ringer. Laget&hellip;<\/p>\n","protected":false},"featured_media":12962,"comment_status":"open","ping_status":"closed","template":"","meta":[],"product_brand":[],"product_cat":[428],"product_tag":[],"class_list":{"0":"post-12963","1":"product","2":"type-product","3":"status-publish","4":"has-post-thumbnail","6":"product_cat-djur-figurer","8":"first","9":"instock","10":"shipping-taxable","11":"product-type-external","12":"customify-col"},"yoast_head":"<!-- This site is optimized with the Yoast SEO plugin v26.0 - https:\/\/yoast.com\/wordpress\/plugins\/seo\/ -->\n<title>BRIO, Mikke Mus stasjon m\/opptak og avspilling - Barneleker.no<\/title>\n<meta name=\"robots\" content=\"index, follow, max-snippet:-1, max-image-preview:large, max-video-preview:-1\" \/>\n<link rel=\"canonical\" href=\"https:\/\/barneleker.no\/index.php\/product\/brio-mikke-mus-stasjon-m-opptak-og-avspilling\/\" \/>\n<meta property=\"og:locale\" content=\"nb_NO\" \/>\n<meta property=\"og:type\" content=\"article\" \/>\n<meta property=\"og:title\" content=\"BRIO, Mikke Mus stasjon m\/opptak og avspilling - Barneleker.no\" \/>\n<meta property=\"og:description\" content=\"Disney-leketogstasjon med opptaker og avspillingsfunksjon og Disney-karakterene Mikke og Minni Mus. Bruk opptaker og avspiller-funksjonen til \u00e5 ta opp egne togstasjonlyder og lage kunngj\u00f8ringer. Laget&hellip;\" \/>\n<meta property=\"og:url\" content=\"https:\/\/barneleker.no\/index.php\/product\/brio-mikke-mus-stasjon-m-opptak-og-avspilling\/\" \/>\n<meta property=\"og:site_name\" content=\"Barneleker.no\" \/>\n<meta name=\"twitter:card\" content=\"summary_large_image\" \/>\n<script type=\"application\/ld+json\" class=\"yoast-schema-graph\">{\"@context\":\"https:\/\/schema.org\",\"@graph\":[{\"@type\":\"WebPage\",\"@id\":\"https:\/\/barneleker.no\/index.php\/product\/brio-mikke-mus-stasjon-m-opptak-og-avspilling\/\",\"url\":\"https:\/\/barneleker.no\/index.php\/product\/brio-mikke-mus-stasjon-m-opptak-og-avspilling\/\",\"name\":\"BRIO, Mikke Mus stasjon m\/opptak og avspilling - Barneleker.no\",\"isPartOf\":{\"@id\":\"https:\/\/barneleker.no\/#website\"},\"primaryImageOfPage\":{\"@id\":\"https:\/\/barneleker.no\/index.php\/product\/brio-mikke-mus-stasjon-m-opptak-og-avspilling\/#primaryimage\"},\"image\":{\"@id\":\"https:\/\/barneleker.no\/index.php\/product\/brio-mikke-mus-stasjon-m-opptak-og-avspilling\/#primaryimage\"},\"thumbnailUrl\":\"https:\/\/barneleker.no\/wp-content\/uploads\/2022\/02\/brio-mikke-mus-stasjon-m-opptak-og-avspilling.jpg\",\"datePublished\":\"2022-02-08T19:53:43+00:00\",\"breadcrumb\":{\"@id\":\"https:\/\/barneleker.no\/index.php\/product\/brio-mikke-mus-stasjon-m-opptak-og-avspilling\/#breadcrumb\"},\"inLanguage\":\"nb-NO\",\"potentialAction\":[{\"@type\":\"ReadAction\",\"target\":[\"https:\/\/barneleker.no\/index.php\/product\/brio-mikke-mus-stasjon-m-opptak-og-avspilling\/\"]}]},{\"@type\":\"ImageObject\",\"inLanguage\":\"nb-NO\",\"@id\":\"https:\/\/barneleker.no\/index.php\/product\/brio-mikke-mus-stasjon-m-opptak-og-avspilling\/#primaryimage\",\"url\":\"https:\/\/barneleker.no\/wp-content\/uploads\/2022\/02\/brio-mikke-mus-stasjon-m-opptak-og-avspilling.jpg\",\"contentUrl\":\"https:\/\/barneleker.no\/wp-content\/uploads\/2022\/02\/brio-mikke-mus-stasjon-m-opptak-og-avspilling.jpg\",\"width\":555,\"height\":555},{\"@type\":\"BreadcrumbList\",\"@id\":\"https:\/\/barneleker.no\/index.php\/product\/brio-mikke-mus-stasjon-m-opptak-og-avspilling\/#breadcrumb\",\"itemListElement\":[{\"@type\":\"ListItem\",\"position\":1,\"name\":\"Butikken\",\"item\":\"https:\/\/barneleker.no\/\"},{\"@type\":\"ListItem\",\"position\":2,\"name\":\"BRIO, Mikke Mus stasjon m\/opptak og avspilling\"}]},{\"@type\":\"WebSite\",\"@id\":\"https:\/\/barneleker.no\/#website\",\"url\":\"https:\/\/barneleker.no\/\",\"name\":\"Barneleker.no\",\"description\":\"Selvf\u00f8lgelig!\",\"publisher\":{\"@id\":\"https:\/\/barneleker.no\/#organization\"},\"potentialAction\":[{\"@type\":\"SearchAction\",\"target\":{\"@type\":\"EntryPoint\",\"urlTemplate\":\"https:\/\/barneleker.no\/?s={search_term_string}\"},\"query-input\":{\"@type\":\"PropertyValueSpecification\",\"valueRequired\":true,\"valueName\":\"search_term_string\"}}],\"inLanguage\":\"nb-NO\"},{\"@type\":\"Organization\",\"@id\":\"https:\/\/barneleker.no\/#organization\",\"name\":\"Barneleker.no\",\"url\":\"https:\/\/barneleker.no\/\",\"logo\":{\"@type\":\"ImageObject\",\"inLanguage\":\"nb-NO\",\"@id\":\"https:\/\/barneleker.no\/#\/schema\/logo\/image\/\",\"url\":\"https:\/\/barneleker.no\/wp-content\/uploads\/2021\/11\/barneleker_logo-780x150-1.jpg\",\"contentUrl\":\"https:\/\/barneleker.no\/wp-content\/uploads\/2021\/11\/barneleker_logo-780x150-1.jpg\",\"width\":780,\"height\":150,\"caption\":\"Barneleker.no\"},\"image\":{\"@id\":\"https:\/\/barneleker.no\/#\/schema\/logo\/image\/\"}}]}<\/script>\n<!-- \/ Yoast SEO plugin. -->","yoast_head_json":{"title":"BRIO, Mikke Mus stasjon m\/opptak og avspilling - Barneleker.no","robots":{"index":"index","follow":"follow","max-snippet":"max-snippet:-1","max-image-preview":"max-image-preview:large","max-video-preview":"max-video-preview:-1"},"canonical":"https:\/\/barneleker.no\/index.php\/product\/brio-mikke-mus-stasjon-m-opptak-og-avspilling\/","og_locale":"nb_NO","og_type":"article","og_title":"BRIO, Mikke Mus stasjon m\/opptak og avspilling - Barneleker.no","og_description":"Disney-leketogstasjon med opptaker og avspillingsfunksjon og Disney-karakterene Mikke og Minni Mus. Bruk opptaker og avspiller-funksjonen til \u00e5 ta opp egne togstasjonlyder og lage kunngj\u00f8ringer. Laget&hellip;","og_url":"https:\/\/barneleker.no\/index.php\/product\/brio-mikke-mus-stasjon-m-opptak-og-avspilling\/","og_site_name":"Barneleker.no","twitter_card":"summary_large_image","schema":{"@context":"https:\/\/schema.org","@graph":[{"@type":"WebPage","@id":"https:\/\/barneleker.no\/index.php\/product\/brio-mikke-mus-stasjon-m-opptak-og-avspilling\/","url":"https:\/\/barneleker.no\/index.php\/product\/brio-mikke-mus-stasjon-m-opptak-og-avspilling\/","name":"BRIO, Mikke Mus stasjon m\/opptak og avspilling - Barneleker.no","isPartOf":{"@id":"https:\/\/barneleker.no\/#website"},"primaryImageOfPage":{"@id":"https:\/\/barneleker.no\/index.php\/product\/brio-mikke-mus-stasjon-m-opptak-og-avspilling\/#primaryimage"},"image":{"@id":"https:\/\/barneleker.no\/index.php\/product\/brio-mikke-mus-stasjon-m-opptak-og-avspilling\/#primaryimage"},"thumbnailUrl":"https:\/\/barneleker.no\/wp-content\/uploads\/2022\/02\/brio-mikke-mus-stasjon-m-opptak-og-avspilling.jpg","datePublished":"2022-02-08T19:53:43+00:00","breadcrumb":{"@id":"https:\/\/barneleker.no\/index.php\/product\/brio-mikke-mus-stasjon-m-opptak-og-avspilling\/#breadcrumb"},"inLanguage":"nb-NO","potentialAction":[{"@type":"ReadAction","target":["https:\/\/barneleker.no\/index.php\/product\/brio-mikke-mus-stasjon-m-opptak-og-avspilling\/"]}]},{"@type":"ImageObject","inLanguage":"nb-NO","@id":"https:\/\/barneleker.no\/index.php\/product\/brio-mikke-mus-stasjon-m-opptak-og-avspilling\/#primaryimage","url":"https:\/\/barneleker.no\/wp-content\/uploads\/2022\/02\/brio-mikke-mus-stasjon-m-opptak-og-avspilling.jpg","contentUrl":"https:\/\/barneleker.no\/wp-content\/uploads\/2022\/02\/brio-mikke-mus-stasjon-m-opptak-og-avspilling.jpg","width":555,"height":555},{"@type":"BreadcrumbList","@id":"https:\/\/barneleker.no\/index.php\/product\/brio-mikke-mus-stasjon-m-opptak-og-avspilling\/#breadcrumb","itemListElement":[{"@type":"ListItem","position":1,"name":"Butikken","item":"https:\/\/barneleker.no\/"},{"@type":"ListItem","position":2,"name":"BRIO, Mikke Mus stasjon m\/opptak og avspilling"}]},{"@type":"WebSite","@id":"https:\/\/barneleker.no\/#website","url":"https:\/\/barneleker.no\/","name":"Barneleker.no","description":"Selvf\u00f8lgelig!","publisher":{"@id":"https:\/\/barneleker.no\/#organization"},"potentialAction":[{"@type":"SearchAction","target":{"@type":"EntryPoint","urlTemplate":"https:\/\/barneleker.no\/?s={search_term_string}"},"query-input":{"@type":"PropertyValueSpecification","valueRequired":true,"valueName":"search_term_string"}}],"inLanguage":"nb-NO"},{"@type":"Organization","@id":"https:\/\/barneleker.no\/#organization","name":"Barneleker.no","url":"https:\/\/barneleker.no\/","logo":{"@type":"ImageObject","inLanguage":"nb-NO","@id":"https:\/\/barneleker.no\/#\/schema\/logo\/image\/","url":"https:\/\/barneleker.no\/wp-content\/uploads\/2021\/11\/barneleker_logo-780x150-1.jpg","contentUrl":"https:\/\/barneleker.no\/wp-content\/uploads\/2021\/11\/barneleker_logo-780x150-1.jpg","width":780,"height":150,"caption":"Barneleker.no"},"image":{"@id":"https:\/\/barneleker.no\/#\/schema\/logo\/image\/"}}]}},"_links":{"self":[{"href":"https:\/\/barneleker.no\/index.php\/wp-json\/wp\/v2\/product\/12963","targetHints":{"allow":["GET"]}}],"collection":[{"href":"https:\/\/barneleker.no\/index.php\/wp-json\/wp\/v2\/product"}],"about":[{"href":"https:\/\/barneleker.no\/index.php\/wp-json\/wp\/v2\/types\/product"}],"replies":[{"embeddable":true,"href":"https:\/\/barneleker.no\/index.php\/wp-json\/wp\/v2\/comments?post=12963"}],"wp:featuredmedia":[{"embeddable":true,"href":"https:\/\/barneleker.no\/index.php\/wp-json\/wp\/v2\/media\/12962"}],"wp:attachment":[{"href":"https:\/\/barneleker.no\/index.php\/wp-json\/wp\/v2\/media?parent=12963"}],"wp:term":[{"taxonomy":"product_brand","embeddable":true,"href":"https:\/\/barneleker.no\/index.php\/wp-json\/wp\/v2\/product_brand?post=12963"},{"taxonomy":"product_cat","embeddable":true,"href":"https:\/\/barneleker.no\/index.php\/wp-json\/wp\/v2\/product_cat?post=12963"},{"taxonomy":"product_tag","embeddable":true,"href":"https:\/\/barneleker.no\/index.php\/wp-json\/wp\/v2\/product_tag?post=12963"}],"curies":[{"name":"wp","href":"https:\/\/api.w.org\/{rel}","templated":true}]}}