{"id":12965,"date":"2022-02-08T19:53:44","date_gmt":"2022-02-08T19:53:44","guid":{"rendered":"https:\/\/barneleker.no\/index.php\/product\/playmobil-city-action-6924-politiveisperring\/"},"modified":"2022-02-08T19:53:44","modified_gmt":"2022-02-08T19:53:44","slug":"playmobil-city-action-6924-politiveisperring","status":"publish","type":"product","link":"https:\/\/barneleker.no\/index.php\/product\/playmobil-city-action-6924-politiveisperring\/","title":{"rendered":"Playmobil City Action 6924, Politiveisperring"},"content":{"rendered":"<p>Hjelp politiet med \u00e5 bruke denne politisperringen. Trafikkskiltene og trafikklysene gj\u00f8r det lettere \u00e5 hindre trafikklovbrudd. Ved hjelp av en sporhund gj\u00f8r det lettere \u00e5 finne og f\u00f8lge et spor. Og med det fleksible spikerb\u00e5ndet blir det lettere \u00e5 fange kriminelle som r\u00f8mmer med bilen! Det er vel god praksis? M\u00e5l: 7,5 x 3 x 4,5 cm. Playmobil inspirerer barn til \u00e5 lage sine egne opplevelser og la fantasien flyte.Playmobil inspirerer barn til \u00e5 lage sine egne opplevelser og la deres fantasi str\u00f8mme. Den vesentlige delen av Playmobil er den 7.5 cm figuren med bevegelige lemmer, hender med gripefunksjon som kan holde matchende tilbeh\u00f8r og et rundt roterende hode med et smilende ansikt. Lekene er underholdende, stimulerer \u00f8yeh\u00e5ndskoordinasjon og bidrar til videreutvikling av romperspektiv og sosiale ferdigheter.<\/p>\n","protected":false},"excerpt":{"rendered":"<p>Hjelp politiet med \u00e5 bruke denne politisperringen. Trafikkskiltene og trafikklysene gj\u00f8r det lettere \u00e5 hindre trafikklovbrudd. Ved hjelp av en sporhund gj\u00f8r det lettere \u00e5&hellip;<\/p>\n","protected":false},"featured_media":12964,"comment_status":"open","ping_status":"closed","template":"","meta":[],"product_brand":[],"product_cat":[354],"product_tag":[],"class_list":{"0":"post-12965","1":"product","2":"type-product","3":"status-publish","4":"has-post-thumbnail","6":"product_cat-lekset","8":"first","9":"instock","10":"shipping-taxable","11":"product-type-external","12":"customify-col"},"yoast_head":"<!-- This site is optimized with the Yoast SEO plugin v26.0 - https:\/\/yoast.com\/wordpress\/plugins\/seo\/ -->\n<title>Playmobil City Action 6924, Politiveisperring - Barneleker.no<\/title>\n<meta name=\"robots\" content=\"index, follow, max-snippet:-1, max-image-preview:large, max-video-preview:-1\" \/>\n<link rel=\"canonical\" href=\"https:\/\/barneleker.no\/index.php\/product\/playmobil-city-action-6924-politiveisperring\/\" \/>\n<meta property=\"og:locale\" content=\"nb_NO\" \/>\n<meta property=\"og:type\" content=\"article\" \/>\n<meta property=\"og:title\" content=\"Playmobil City Action 6924, Politiveisperring - Barneleker.no\" \/>\n<meta property=\"og:description\" content=\"Hjelp politiet med \u00e5 bruke denne politisperringen. Trafikkskiltene og trafikklysene gj\u00f8r det lettere \u00e5 hindre trafikklovbrudd. Ved hjelp av en sporhund gj\u00f8r det lettere \u00e5&hellip;\" \/>\n<meta property=\"og:url\" content=\"https:\/\/barneleker.no\/index.php\/product\/playmobil-city-action-6924-politiveisperring\/\" \/>\n<meta property=\"og:site_name\" content=\"Barneleker.no\" \/>\n<meta name=\"twitter:card\" content=\"summary_large_image\" \/>\n<meta name=\"twitter:label1\" content=\"Ansl. lesetid\" \/>\n\t<meta name=\"twitter:data1\" content=\"1 minutt\" \/>\n<script type=\"application\/ld+json\" class=\"yoast-schema-graph\">{\"@context\":\"https:\/\/schema.org\",\"@graph\":[{\"@type\":\"WebPage\",\"@id\":\"https:\/\/barneleker.no\/index.php\/product\/playmobil-city-action-6924-politiveisperring\/\",\"url\":\"https:\/\/barneleker.no\/index.php\/product\/playmobil-city-action-6924-politiveisperring\/\",\"name\":\"Playmobil City Action 6924, Politiveisperring - Barneleker.no\",\"isPartOf\":{\"@id\":\"https:\/\/barneleker.no\/#website\"},\"primaryImageOfPage\":{\"@id\":\"https:\/\/barneleker.no\/index.php\/product\/playmobil-city-action-6924-politiveisperring\/#primaryimage\"},\"image\":{\"@id\":\"https:\/\/barneleker.no\/index.php\/product\/playmobil-city-action-6924-politiveisperring\/#primaryimage\"},\"thumbnailUrl\":\"https:\/\/barneleker.no\/wp-content\/uploads\/2022\/02\/playmobil-city-action-6924-politiveisperring.png\",\"datePublished\":\"2022-02-08T19:53:44+00:00\",\"breadcrumb\":{\"@id\":\"https:\/\/barneleker.no\/index.php\/product\/playmobil-city-action-6924-politiveisperring\/#breadcrumb\"},\"inLanguage\":\"nb-NO\",\"potentialAction\":[{\"@type\":\"ReadAction\",\"target\":[\"https:\/\/barneleker.no\/index.php\/product\/playmobil-city-action-6924-politiveisperring\/\"]}]},{\"@type\":\"ImageObject\",\"inLanguage\":\"nb-NO\",\"@id\":\"https:\/\/barneleker.no\/index.php\/product\/playmobil-city-action-6924-politiveisperring\/#primaryimage\",\"url\":\"https:\/\/barneleker.no\/wp-content\/uploads\/2022\/02\/playmobil-city-action-6924-politiveisperring.png\",\"contentUrl\":\"https:\/\/barneleker.no\/wp-content\/uploads\/2022\/02\/playmobil-city-action-6924-politiveisperring.png\",\"width\":555,\"height\":555},{\"@type\":\"BreadcrumbList\",\"@id\":\"https:\/\/barneleker.no\/index.php\/product\/playmobil-city-action-6924-politiveisperring\/#breadcrumb\",\"itemListElement\":[{\"@type\":\"ListItem\",\"position\":1,\"name\":\"Butikken\",\"item\":\"https:\/\/barneleker.no\/\"},{\"@type\":\"ListItem\",\"position\":2,\"name\":\"Playmobil City Action 6924, Politiveisperring\"}]},{\"@type\":\"WebSite\",\"@id\":\"https:\/\/barneleker.no\/#website\",\"url\":\"https:\/\/barneleker.no\/\",\"name\":\"Barneleker.no\",\"description\":\"Selvf\u00f8lgelig!\",\"publisher\":{\"@id\":\"https:\/\/barneleker.no\/#organization\"},\"potentialAction\":[{\"@type\":\"SearchAction\",\"target\":{\"@type\":\"EntryPoint\",\"urlTemplate\":\"https:\/\/barneleker.no\/?s={search_term_string}\"},\"query-input\":{\"@type\":\"PropertyValueSpecification\",\"valueRequired\":true,\"valueName\":\"search_term_string\"}}],\"inLanguage\":\"nb-NO\"},{\"@type\":\"Organization\",\"@id\":\"https:\/\/barneleker.no\/#organization\",\"name\":\"Barneleker.no\",\"url\":\"https:\/\/barneleker.no\/\",\"logo\":{\"@type\":\"ImageObject\",\"inLanguage\":\"nb-NO\",\"@id\":\"https:\/\/barneleker.no\/#\/schema\/logo\/image\/\",\"url\":\"https:\/\/barneleker.no\/wp-content\/uploads\/2021\/11\/barneleker_logo-780x150-1.jpg\",\"contentUrl\":\"https:\/\/barneleker.no\/wp-content\/uploads\/2021\/11\/barneleker_logo-780x150-1.jpg\",\"width\":780,\"height\":150,\"caption\":\"Barneleker.no\"},\"image\":{\"@id\":\"https:\/\/barneleker.no\/#\/schema\/logo\/image\/\"}}]}<\/script>\n<!-- \/ Yoast SEO plugin. -->","yoast_head_json":{"title":"Playmobil City Action 6924, Politiveisperring - Barneleker.no","robots":{"index":"index","follow":"follow","max-snippet":"max-snippet:-1","max-image-preview":"max-image-preview:large","max-video-preview":"max-video-preview:-1"},"canonical":"https:\/\/barneleker.no\/index.php\/product\/playmobil-city-action-6924-politiveisperring\/","og_locale":"nb_NO","og_type":"article","og_title":"Playmobil City Action 6924, Politiveisperring - Barneleker.no","og_description":"Hjelp politiet med \u00e5 bruke denne politisperringen. Trafikkskiltene og trafikklysene gj\u00f8r det lettere \u00e5 hindre trafikklovbrudd. Ved hjelp av en sporhund gj\u00f8r det lettere \u00e5&hellip;","og_url":"https:\/\/barneleker.no\/index.php\/product\/playmobil-city-action-6924-politiveisperring\/","og_site_name":"Barneleker.no","twitter_card":"summary_large_image","twitter_misc":{"Ansl. lesetid":"1 minutt"},"schema":{"@context":"https:\/\/schema.org","@graph":[{"@type":"WebPage","@id":"https:\/\/barneleker.no\/index.php\/product\/playmobil-city-action-6924-politiveisperring\/","url":"https:\/\/barneleker.no\/index.php\/product\/playmobil-city-action-6924-politiveisperring\/","name":"Playmobil City Action 6924, Politiveisperring - Barneleker.no","isPartOf":{"@id":"https:\/\/barneleker.no\/#website"},"primaryImageOfPage":{"@id":"https:\/\/barneleker.no\/index.php\/product\/playmobil-city-action-6924-politiveisperring\/#primaryimage"},"image":{"@id":"https:\/\/barneleker.no\/index.php\/product\/playmobil-city-action-6924-politiveisperring\/#primaryimage"},"thumbnailUrl":"https:\/\/barneleker.no\/wp-content\/uploads\/2022\/02\/playmobil-city-action-6924-politiveisperring.png","datePublished":"2022-02-08T19:53:44+00:00","breadcrumb":{"@id":"https:\/\/barneleker.no\/index.php\/product\/playmobil-city-action-6924-politiveisperring\/#breadcrumb"},"inLanguage":"nb-NO","potentialAction":[{"@type":"ReadAction","target":["https:\/\/barneleker.no\/index.php\/product\/playmobil-city-action-6924-politiveisperring\/"]}]},{"@type":"ImageObject","inLanguage":"nb-NO","@id":"https:\/\/barneleker.no\/index.php\/product\/playmobil-city-action-6924-politiveisperring\/#primaryimage","url":"https:\/\/barneleker.no\/wp-content\/uploads\/2022\/02\/playmobil-city-action-6924-politiveisperring.png","contentUrl":"https:\/\/barneleker.no\/wp-content\/uploads\/2022\/02\/playmobil-city-action-6924-politiveisperring.png","width":555,"height":555},{"@type":"BreadcrumbList","@id":"https:\/\/barneleker.no\/index.php\/product\/playmobil-city-action-6924-politiveisperring\/#breadcrumb","itemListElement":[{"@type":"ListItem","position":1,"name":"Butikken","item":"https:\/\/barneleker.no\/"},{"@type":"ListItem","position":2,"name":"Playmobil City Action 6924, Politiveisperring"}]},{"@type":"WebSite","@id":"https:\/\/barneleker.no\/#website","url":"https:\/\/barneleker.no\/","name":"Barneleker.no","description":"Selvf\u00f8lgelig!","publisher":{"@id":"https:\/\/barneleker.no\/#organization"},"potentialAction":[{"@type":"SearchAction","target":{"@type":"EntryPoint","urlTemplate":"https:\/\/barneleker.no\/?s={search_term_string}"},"query-input":{"@type":"PropertyValueSpecification","valueRequired":true,"valueName":"search_term_string"}}],"inLanguage":"nb-NO"},{"@type":"Organization","@id":"https:\/\/barneleker.no\/#organization","name":"Barneleker.no","url":"https:\/\/barneleker.no\/","logo":{"@type":"ImageObject","inLanguage":"nb-NO","@id":"https:\/\/barneleker.no\/#\/schema\/logo\/image\/","url":"https:\/\/barneleker.no\/wp-content\/uploads\/2021\/11\/barneleker_logo-780x150-1.jpg","contentUrl":"https:\/\/barneleker.no\/wp-content\/uploads\/2021\/11\/barneleker_logo-780x150-1.jpg","width":780,"height":150,"caption":"Barneleker.no"},"image":{"@id":"https:\/\/barneleker.no\/#\/schema\/logo\/image\/"}}]}},"_links":{"self":[{"href":"https:\/\/barneleker.no\/index.php\/wp-json\/wp\/v2\/product\/12965","targetHints":{"allow":["GET"]}}],"collection":[{"href":"https:\/\/barneleker.no\/index.php\/wp-json\/wp\/v2\/product"}],"about":[{"href":"https:\/\/barneleker.no\/index.php\/wp-json\/wp\/v2\/types\/product"}],"replies":[{"embeddable":true,"href":"https:\/\/barneleker.no\/index.php\/wp-json\/wp\/v2\/comments?post=12965"}],"wp:featuredmedia":[{"embeddable":true,"href":"https:\/\/barneleker.no\/index.php\/wp-json\/wp\/v2\/media\/12964"}],"wp:attachment":[{"href":"https:\/\/barneleker.no\/index.php\/wp-json\/wp\/v2\/media?parent=12965"}],"wp:term":[{"taxonomy":"product_brand","embeddable":true,"href":"https:\/\/barneleker.no\/index.php\/wp-json\/wp\/v2\/product_brand?post=12965"},{"taxonomy":"product_cat","embeddable":true,"href":"https:\/\/barneleker.no\/index.php\/wp-json\/wp\/v2\/product_cat?post=12965"},{"taxonomy":"product_tag","embeddable":true,"href":"https:\/\/barneleker.no\/index.php\/wp-json\/wp\/v2\/product_tag?post=12965"}],"curies":[{"name":"wp","href":"https:\/\/api.w.org\/{rel}","templated":true}]}}