{"id":12969,"date":"2022-02-08T19:53:45","date_gmt":"2022-02-08T19:53:45","guid":{"rendered":"https:\/\/barneleker.no\/index.php\/product\/barbie-color-reveal-pets-party-series\/"},"modified":"2022-02-08T19:53:45","modified_gmt":"2022-02-08T19:53:45","slug":"barbie-color-reveal-pets-party-series","status":"publish","type":"product","link":"https:\/\/barneleker.no\/index.php\/product\/barbie-color-reveal-pets-party-series\/","title":{"rendered":"Barbie, Color Reveal Pets Party Series"},"content":{"rendered":"<p>Barbie\u00ae Color Reveal\u2122-kj\u00e6ledyrene gir en opplevelse full av overraskelser \u2013 hele fem stykker. Du f\u00e5r garantert en s\u00f8t valp, men fargen forblir en hemmelighet til den blir avsl\u00f8rt. Hver serie har et unikt tema \u2013 disse Color Reveal\u2122-kj\u00e6ledyrene er klare til fest med en partystil! \u00c5pne det fargerike gaveetuiet, og ta ut valpen dekket med metallisk bl\u00e5 Color Reveal\u2122-farge og tre mysterieposer. Fyll etuiet med varmt vann, og avsl\u00f8r utseendet til kj\u00e6ledyret ved \u00e5 dyppe og virvle det rundt \u2013 s\u00e5 s\u00f8tt! \u00c5pne de tre posene for \u00e5 finne en ellevill kj\u00e6ledyrseng, et ballongdyr og en partyhatt som b\u00e5de Barbie\u00ae og Chelsea\u2122 kan bruke! Oppbevar disse og andre favoritter i gaveetuiet. Hvilken kj\u00e6ledyr f\u00e5r du? Barna kan samle p\u00e5 dem for \u00e5 mikse og matche tilbeh\u00f8r og utvide mulighetene. Selges hver for seg s\u00e5 langt lageret rekker. Farger og dekor kan variere.<\/p>\n","protected":false},"excerpt":{"rendered":"<p>Barbie\u00ae Color Reveal\u2122-kj\u00e6ledyrene gir en opplevelse full av overraskelser \u2013 hele fem stykker. Du f\u00e5r garantert en s\u00f8t valp, men fargen forblir en hemmelighet til&hellip;<\/p>\n","protected":false},"featured_media":12968,"comment_status":"open","ping_status":"closed","template":"","meta":[],"product_brand":[],"product_cat":[349],"product_tag":[],"class_list":{"0":"post-12969","1":"product","2":"type-product","3":"status-publish","4":"has-post-thumbnail","6":"product_cat-modedockor","8":"first","9":"instock","10":"shipping-taxable","11":"product-type-external","12":"customify-col"},"yoast_head":"<!-- This site is optimized with the Yoast SEO plugin v26.0 - https:\/\/yoast.com\/wordpress\/plugins\/seo\/ -->\n<title>Barbie, Color Reveal Pets Party Series - Barneleker.no<\/title>\n<meta name=\"robots\" content=\"index, follow, max-snippet:-1, max-image-preview:large, max-video-preview:-1\" \/>\n<link rel=\"canonical\" href=\"https:\/\/barneleker.no\/index.php\/product\/barbie-color-reveal-pets-party-series\/\" \/>\n<meta property=\"og:locale\" content=\"nb_NO\" \/>\n<meta property=\"og:type\" content=\"article\" \/>\n<meta property=\"og:title\" content=\"Barbie, Color Reveal Pets Party Series - Barneleker.no\" \/>\n<meta property=\"og:description\" content=\"Barbie\u00ae Color Reveal\u2122-kj\u00e6ledyrene gir en opplevelse full av overraskelser \u2013 hele fem stykker. Du f\u00e5r garantert en s\u00f8t valp, men fargen forblir en hemmelighet til&hellip;\" \/>\n<meta property=\"og:url\" content=\"https:\/\/barneleker.no\/index.php\/product\/barbie-color-reveal-pets-party-series\/\" \/>\n<meta property=\"og:site_name\" content=\"Barneleker.no\" \/>\n<meta name=\"twitter:card\" content=\"summary_large_image\" \/>\n<meta name=\"twitter:label1\" content=\"Ansl. lesetid\" \/>\n\t<meta name=\"twitter:data1\" content=\"1 minutt\" \/>\n<script type=\"application\/ld+json\" class=\"yoast-schema-graph\">{\"@context\":\"https:\/\/schema.org\",\"@graph\":[{\"@type\":\"WebPage\",\"@id\":\"https:\/\/barneleker.no\/index.php\/product\/barbie-color-reveal-pets-party-series\/\",\"url\":\"https:\/\/barneleker.no\/index.php\/product\/barbie-color-reveal-pets-party-series\/\",\"name\":\"Barbie, Color Reveal Pets Party Series - Barneleker.no\",\"isPartOf\":{\"@id\":\"https:\/\/barneleker.no\/#website\"},\"primaryImageOfPage\":{\"@id\":\"https:\/\/barneleker.no\/index.php\/product\/barbie-color-reveal-pets-party-series\/#primaryimage\"},\"image\":{\"@id\":\"https:\/\/barneleker.no\/index.php\/product\/barbie-color-reveal-pets-party-series\/#primaryimage\"},\"thumbnailUrl\":\"https:\/\/barneleker.no\/wp-content\/uploads\/2022\/02\/barbie-color-reveal-pets-party-series.jpg\",\"datePublished\":\"2022-02-08T19:53:45+00:00\",\"breadcrumb\":{\"@id\":\"https:\/\/barneleker.no\/index.php\/product\/barbie-color-reveal-pets-party-series\/#breadcrumb\"},\"inLanguage\":\"nb-NO\",\"potentialAction\":[{\"@type\":\"ReadAction\",\"target\":[\"https:\/\/barneleker.no\/index.php\/product\/barbie-color-reveal-pets-party-series\/\"]}]},{\"@type\":\"ImageObject\",\"inLanguage\":\"nb-NO\",\"@id\":\"https:\/\/barneleker.no\/index.php\/product\/barbie-color-reveal-pets-party-series\/#primaryimage\",\"url\":\"https:\/\/barneleker.no\/wp-content\/uploads\/2022\/02\/barbie-color-reveal-pets-party-series.jpg\",\"contentUrl\":\"https:\/\/barneleker.no\/wp-content\/uploads\/2022\/02\/barbie-color-reveal-pets-party-series.jpg\",\"width\":555,\"height\":555},{\"@type\":\"BreadcrumbList\",\"@id\":\"https:\/\/barneleker.no\/index.php\/product\/barbie-color-reveal-pets-party-series\/#breadcrumb\",\"itemListElement\":[{\"@type\":\"ListItem\",\"position\":1,\"name\":\"Butikken\",\"item\":\"https:\/\/barneleker.no\/\"},{\"@type\":\"ListItem\",\"position\":2,\"name\":\"Barbie, Color Reveal Pets Party Series\"}]},{\"@type\":\"WebSite\",\"@id\":\"https:\/\/barneleker.no\/#website\",\"url\":\"https:\/\/barneleker.no\/\",\"name\":\"Barneleker.no\",\"description\":\"Selvf\u00f8lgelig!\",\"publisher\":{\"@id\":\"https:\/\/barneleker.no\/#organization\"},\"potentialAction\":[{\"@type\":\"SearchAction\",\"target\":{\"@type\":\"EntryPoint\",\"urlTemplate\":\"https:\/\/barneleker.no\/?s={search_term_string}\"},\"query-input\":{\"@type\":\"PropertyValueSpecification\",\"valueRequired\":true,\"valueName\":\"search_term_string\"}}],\"inLanguage\":\"nb-NO\"},{\"@type\":\"Organization\",\"@id\":\"https:\/\/barneleker.no\/#organization\",\"name\":\"Barneleker.no\",\"url\":\"https:\/\/barneleker.no\/\",\"logo\":{\"@type\":\"ImageObject\",\"inLanguage\":\"nb-NO\",\"@id\":\"https:\/\/barneleker.no\/#\/schema\/logo\/image\/\",\"url\":\"https:\/\/barneleker.no\/wp-content\/uploads\/2021\/11\/barneleker_logo-780x150-1.jpg\",\"contentUrl\":\"https:\/\/barneleker.no\/wp-content\/uploads\/2021\/11\/barneleker_logo-780x150-1.jpg\",\"width\":780,\"height\":150,\"caption\":\"Barneleker.no\"},\"image\":{\"@id\":\"https:\/\/barneleker.no\/#\/schema\/logo\/image\/\"}}]}<\/script>\n<!-- \/ Yoast SEO plugin. -->","yoast_head_json":{"title":"Barbie, Color Reveal Pets Party Series - Barneleker.no","robots":{"index":"index","follow":"follow","max-snippet":"max-snippet:-1","max-image-preview":"max-image-preview:large","max-video-preview":"max-video-preview:-1"},"canonical":"https:\/\/barneleker.no\/index.php\/product\/barbie-color-reveal-pets-party-series\/","og_locale":"nb_NO","og_type":"article","og_title":"Barbie, Color Reveal Pets Party Series - Barneleker.no","og_description":"Barbie\u00ae Color Reveal\u2122-kj\u00e6ledyrene gir en opplevelse full av overraskelser \u2013 hele fem stykker. Du f\u00e5r garantert en s\u00f8t valp, men fargen forblir en hemmelighet til&hellip;","og_url":"https:\/\/barneleker.no\/index.php\/product\/barbie-color-reveal-pets-party-series\/","og_site_name":"Barneleker.no","twitter_card":"summary_large_image","twitter_misc":{"Ansl. lesetid":"1 minutt"},"schema":{"@context":"https:\/\/schema.org","@graph":[{"@type":"WebPage","@id":"https:\/\/barneleker.no\/index.php\/product\/barbie-color-reveal-pets-party-series\/","url":"https:\/\/barneleker.no\/index.php\/product\/barbie-color-reveal-pets-party-series\/","name":"Barbie, Color Reveal Pets Party Series - Barneleker.no","isPartOf":{"@id":"https:\/\/barneleker.no\/#website"},"primaryImageOfPage":{"@id":"https:\/\/barneleker.no\/index.php\/product\/barbie-color-reveal-pets-party-series\/#primaryimage"},"image":{"@id":"https:\/\/barneleker.no\/index.php\/product\/barbie-color-reveal-pets-party-series\/#primaryimage"},"thumbnailUrl":"https:\/\/barneleker.no\/wp-content\/uploads\/2022\/02\/barbie-color-reveal-pets-party-series.jpg","datePublished":"2022-02-08T19:53:45+00:00","breadcrumb":{"@id":"https:\/\/barneleker.no\/index.php\/product\/barbie-color-reveal-pets-party-series\/#breadcrumb"},"inLanguage":"nb-NO","potentialAction":[{"@type":"ReadAction","target":["https:\/\/barneleker.no\/index.php\/product\/barbie-color-reveal-pets-party-series\/"]}]},{"@type":"ImageObject","inLanguage":"nb-NO","@id":"https:\/\/barneleker.no\/index.php\/product\/barbie-color-reveal-pets-party-series\/#primaryimage","url":"https:\/\/barneleker.no\/wp-content\/uploads\/2022\/02\/barbie-color-reveal-pets-party-series.jpg","contentUrl":"https:\/\/barneleker.no\/wp-content\/uploads\/2022\/02\/barbie-color-reveal-pets-party-series.jpg","width":555,"height":555},{"@type":"BreadcrumbList","@id":"https:\/\/barneleker.no\/index.php\/product\/barbie-color-reveal-pets-party-series\/#breadcrumb","itemListElement":[{"@type":"ListItem","position":1,"name":"Butikken","item":"https:\/\/barneleker.no\/"},{"@type":"ListItem","position":2,"name":"Barbie, Color Reveal Pets Party Series"}]},{"@type":"WebSite","@id":"https:\/\/barneleker.no\/#website","url":"https:\/\/barneleker.no\/","name":"Barneleker.no","description":"Selvf\u00f8lgelig!","publisher":{"@id":"https:\/\/barneleker.no\/#organization"},"potentialAction":[{"@type":"SearchAction","target":{"@type":"EntryPoint","urlTemplate":"https:\/\/barneleker.no\/?s={search_term_string}"},"query-input":{"@type":"PropertyValueSpecification","valueRequired":true,"valueName":"search_term_string"}}],"inLanguage":"nb-NO"},{"@type":"Organization","@id":"https:\/\/barneleker.no\/#organization","name":"Barneleker.no","url":"https:\/\/barneleker.no\/","logo":{"@type":"ImageObject","inLanguage":"nb-NO","@id":"https:\/\/barneleker.no\/#\/schema\/logo\/image\/","url":"https:\/\/barneleker.no\/wp-content\/uploads\/2021\/11\/barneleker_logo-780x150-1.jpg","contentUrl":"https:\/\/barneleker.no\/wp-content\/uploads\/2021\/11\/barneleker_logo-780x150-1.jpg","width":780,"height":150,"caption":"Barneleker.no"},"image":{"@id":"https:\/\/barneleker.no\/#\/schema\/logo\/image\/"}}]}},"_links":{"self":[{"href":"https:\/\/barneleker.no\/index.php\/wp-json\/wp\/v2\/product\/12969","targetHints":{"allow":["GET"]}}],"collection":[{"href":"https:\/\/barneleker.no\/index.php\/wp-json\/wp\/v2\/product"}],"about":[{"href":"https:\/\/barneleker.no\/index.php\/wp-json\/wp\/v2\/types\/product"}],"replies":[{"embeddable":true,"href":"https:\/\/barneleker.no\/index.php\/wp-json\/wp\/v2\/comments?post=12969"}],"wp:featuredmedia":[{"embeddable":true,"href":"https:\/\/barneleker.no\/index.php\/wp-json\/wp\/v2\/media\/12968"}],"wp:attachment":[{"href":"https:\/\/barneleker.no\/index.php\/wp-json\/wp\/v2\/media?parent=12969"}],"wp:term":[{"taxonomy":"product_brand","embeddable":true,"href":"https:\/\/barneleker.no\/index.php\/wp-json\/wp\/v2\/product_brand?post=12969"},{"taxonomy":"product_cat","embeddable":true,"href":"https:\/\/barneleker.no\/index.php\/wp-json\/wp\/v2\/product_cat?post=12969"},{"taxonomy":"product_tag","embeddable":true,"href":"https:\/\/barneleker.no\/index.php\/wp-json\/wp\/v2\/product_tag?post=12969"}],"curies":[{"name":"wp","href":"https:\/\/api.w.org\/{rel}","templated":true}]}}