{"id":12971,"date":"2022-02-08T19:53:46","date_gmt":"2022-02-08T19:53:46","guid":{"rendered":"https:\/\/barneleker.no\/index.php\/product\/disney-princess-cinderella-story-skirt\/"},"modified":"2022-02-08T19:53:46","modified_gmt":"2022-02-08T19:53:46","slug":"disney-princess-cinderella-story-skirt","status":"publish","type":"product","link":"https:\/\/barneleker.no\/index.php\/product\/disney-princess-cinderella-story-skirt\/","title":{"rendered":"Disney Princess, Cinderella Story Skirt"},"content":{"rendered":"<p>Oppdag en skjult verden p\u00e5 innsiden av Askepotts ballkjole med Style Surprise Cinderella Story Skirt. Denne Disney Princess-dukken har et overdimensjonert skj\u00f8rt som kan \u00e5pnes og har en skjult verden p\u00e5 innsiden, et komplett lekerom med sminkespeil og krakk, en seng som ogs\u00e5 er garderobeskap med 3 kleshengere, en skjermvegg, et kakestykketilbeh\u00f8r og en b\u00f8rste. Barn fra 4 \u00e5r kan kle den cirka 8,5\u00a0cm h\u00f8ye Askepott-dukken i 2 inkluderte skj\u00f8rt, 2 livstykker, sko og halskjede, og forestille seg at de er den gode feen som hjelper henne med \u00e5 gj\u00f8re seg klar til ballet. Cinderella Story Skirt er en flott gave til barn, og de kan ogs\u00e5 se etter andre Disney Princess Secret Styles for mer motemoro. (Selges separat. Tilgjengelighet kan variere.) Copyright Disney. Hasbro og alle tilknyttede begreper er varemerker som tilh\u00f8rer Hasbro.<\/p>\n","protected":false},"excerpt":{"rendered":"<p>Oppdag en skjult verden p\u00e5 innsiden av Askepotts ballkjole med Style Surprise Cinderella Story Skirt. Denne Disney Princess-dukken har et overdimensjonert skj\u00f8rt som kan \u00e5pnes&hellip;<\/p>\n","protected":false},"featured_media":12970,"comment_status":"open","ping_status":"closed","template":"","meta":[],"product_brand":[],"product_cat":[345],"product_tag":[],"class_list":{"0":"post-12971","1":"product","2":"type-product","3":"status-publish","4":"has-post-thumbnail","6":"product_cat-dockor","8":"first","9":"instock","10":"shipping-taxable","11":"product-type-external","12":"customify-col"},"yoast_head":"<!-- This site is optimized with the Yoast SEO plugin v26.0 - https:\/\/yoast.com\/wordpress\/plugins\/seo\/ -->\n<title>Disney Princess, Cinderella Story Skirt - Barneleker.no<\/title>\n<meta name=\"robots\" content=\"index, follow, max-snippet:-1, max-image-preview:large, max-video-preview:-1\" \/>\n<link rel=\"canonical\" href=\"https:\/\/barneleker.no\/index.php\/product\/disney-princess-cinderella-story-skirt\/\" \/>\n<meta property=\"og:locale\" content=\"nb_NO\" \/>\n<meta property=\"og:type\" content=\"article\" \/>\n<meta property=\"og:title\" content=\"Disney Princess, Cinderella Story Skirt - Barneleker.no\" \/>\n<meta property=\"og:description\" content=\"Oppdag en skjult verden p\u00e5 innsiden av Askepotts ballkjole med Style Surprise Cinderella Story Skirt. Denne Disney Princess-dukken har et overdimensjonert skj\u00f8rt som kan \u00e5pnes&hellip;\" \/>\n<meta property=\"og:url\" content=\"https:\/\/barneleker.no\/index.php\/product\/disney-princess-cinderella-story-skirt\/\" \/>\n<meta property=\"og:site_name\" content=\"Barneleker.no\" \/>\n<meta name=\"twitter:card\" content=\"summary_large_image\" \/>\n<meta name=\"twitter:label1\" content=\"Ansl. lesetid\" \/>\n\t<meta name=\"twitter:data1\" content=\"1 minutt\" \/>\n<script type=\"application\/ld+json\" class=\"yoast-schema-graph\">{\"@context\":\"https:\/\/schema.org\",\"@graph\":[{\"@type\":\"WebPage\",\"@id\":\"https:\/\/barneleker.no\/index.php\/product\/disney-princess-cinderella-story-skirt\/\",\"url\":\"https:\/\/barneleker.no\/index.php\/product\/disney-princess-cinderella-story-skirt\/\",\"name\":\"Disney Princess, Cinderella Story Skirt - Barneleker.no\",\"isPartOf\":{\"@id\":\"https:\/\/barneleker.no\/#website\"},\"primaryImageOfPage\":{\"@id\":\"https:\/\/barneleker.no\/index.php\/product\/disney-princess-cinderella-story-skirt\/#primaryimage\"},\"image\":{\"@id\":\"https:\/\/barneleker.no\/index.php\/product\/disney-princess-cinderella-story-skirt\/#primaryimage\"},\"thumbnailUrl\":\"https:\/\/barneleker.no\/wp-content\/uploads\/2022\/02\/disney-princess-cinderella-story-skirt.jpg\",\"datePublished\":\"2022-02-08T19:53:46+00:00\",\"breadcrumb\":{\"@id\":\"https:\/\/barneleker.no\/index.php\/product\/disney-princess-cinderella-story-skirt\/#breadcrumb\"},\"inLanguage\":\"nb-NO\",\"potentialAction\":[{\"@type\":\"ReadAction\",\"target\":[\"https:\/\/barneleker.no\/index.php\/product\/disney-princess-cinderella-story-skirt\/\"]}]},{\"@type\":\"ImageObject\",\"inLanguage\":\"nb-NO\",\"@id\":\"https:\/\/barneleker.no\/index.php\/product\/disney-princess-cinderella-story-skirt\/#primaryimage\",\"url\":\"https:\/\/barneleker.no\/wp-content\/uploads\/2022\/02\/disney-princess-cinderella-story-skirt.jpg\",\"contentUrl\":\"https:\/\/barneleker.no\/wp-content\/uploads\/2022\/02\/disney-princess-cinderella-story-skirt.jpg\",\"width\":555,\"height\":555},{\"@type\":\"BreadcrumbList\",\"@id\":\"https:\/\/barneleker.no\/index.php\/product\/disney-princess-cinderella-story-skirt\/#breadcrumb\",\"itemListElement\":[{\"@type\":\"ListItem\",\"position\":1,\"name\":\"Butikken\",\"item\":\"https:\/\/barneleker.no\/\"},{\"@type\":\"ListItem\",\"position\":2,\"name\":\"Disney Princess, Cinderella Story Skirt\"}]},{\"@type\":\"WebSite\",\"@id\":\"https:\/\/barneleker.no\/#website\",\"url\":\"https:\/\/barneleker.no\/\",\"name\":\"Barneleker.no\",\"description\":\"Selvf\u00f8lgelig!\",\"publisher\":{\"@id\":\"https:\/\/barneleker.no\/#organization\"},\"potentialAction\":[{\"@type\":\"SearchAction\",\"target\":{\"@type\":\"EntryPoint\",\"urlTemplate\":\"https:\/\/barneleker.no\/?s={search_term_string}\"},\"query-input\":{\"@type\":\"PropertyValueSpecification\",\"valueRequired\":true,\"valueName\":\"search_term_string\"}}],\"inLanguage\":\"nb-NO\"},{\"@type\":\"Organization\",\"@id\":\"https:\/\/barneleker.no\/#organization\",\"name\":\"Barneleker.no\",\"url\":\"https:\/\/barneleker.no\/\",\"logo\":{\"@type\":\"ImageObject\",\"inLanguage\":\"nb-NO\",\"@id\":\"https:\/\/barneleker.no\/#\/schema\/logo\/image\/\",\"url\":\"https:\/\/barneleker.no\/wp-content\/uploads\/2021\/11\/barneleker_logo-780x150-1.jpg\",\"contentUrl\":\"https:\/\/barneleker.no\/wp-content\/uploads\/2021\/11\/barneleker_logo-780x150-1.jpg\",\"width\":780,\"height\":150,\"caption\":\"Barneleker.no\"},\"image\":{\"@id\":\"https:\/\/barneleker.no\/#\/schema\/logo\/image\/\"}}]}<\/script>\n<!-- \/ Yoast SEO plugin. -->","yoast_head_json":{"title":"Disney Princess, Cinderella Story Skirt - Barneleker.no","robots":{"index":"index","follow":"follow","max-snippet":"max-snippet:-1","max-image-preview":"max-image-preview:large","max-video-preview":"max-video-preview:-1"},"canonical":"https:\/\/barneleker.no\/index.php\/product\/disney-princess-cinderella-story-skirt\/","og_locale":"nb_NO","og_type":"article","og_title":"Disney Princess, Cinderella Story Skirt - Barneleker.no","og_description":"Oppdag en skjult verden p\u00e5 innsiden av Askepotts ballkjole med Style Surprise Cinderella Story Skirt. Denne Disney Princess-dukken har et overdimensjonert skj\u00f8rt som kan \u00e5pnes&hellip;","og_url":"https:\/\/barneleker.no\/index.php\/product\/disney-princess-cinderella-story-skirt\/","og_site_name":"Barneleker.no","twitter_card":"summary_large_image","twitter_misc":{"Ansl. lesetid":"1 minutt"},"schema":{"@context":"https:\/\/schema.org","@graph":[{"@type":"WebPage","@id":"https:\/\/barneleker.no\/index.php\/product\/disney-princess-cinderella-story-skirt\/","url":"https:\/\/barneleker.no\/index.php\/product\/disney-princess-cinderella-story-skirt\/","name":"Disney Princess, Cinderella Story Skirt - Barneleker.no","isPartOf":{"@id":"https:\/\/barneleker.no\/#website"},"primaryImageOfPage":{"@id":"https:\/\/barneleker.no\/index.php\/product\/disney-princess-cinderella-story-skirt\/#primaryimage"},"image":{"@id":"https:\/\/barneleker.no\/index.php\/product\/disney-princess-cinderella-story-skirt\/#primaryimage"},"thumbnailUrl":"https:\/\/barneleker.no\/wp-content\/uploads\/2022\/02\/disney-princess-cinderella-story-skirt.jpg","datePublished":"2022-02-08T19:53:46+00:00","breadcrumb":{"@id":"https:\/\/barneleker.no\/index.php\/product\/disney-princess-cinderella-story-skirt\/#breadcrumb"},"inLanguage":"nb-NO","potentialAction":[{"@type":"ReadAction","target":["https:\/\/barneleker.no\/index.php\/product\/disney-princess-cinderella-story-skirt\/"]}]},{"@type":"ImageObject","inLanguage":"nb-NO","@id":"https:\/\/barneleker.no\/index.php\/product\/disney-princess-cinderella-story-skirt\/#primaryimage","url":"https:\/\/barneleker.no\/wp-content\/uploads\/2022\/02\/disney-princess-cinderella-story-skirt.jpg","contentUrl":"https:\/\/barneleker.no\/wp-content\/uploads\/2022\/02\/disney-princess-cinderella-story-skirt.jpg","width":555,"height":555},{"@type":"BreadcrumbList","@id":"https:\/\/barneleker.no\/index.php\/product\/disney-princess-cinderella-story-skirt\/#breadcrumb","itemListElement":[{"@type":"ListItem","position":1,"name":"Butikken","item":"https:\/\/barneleker.no\/"},{"@type":"ListItem","position":2,"name":"Disney Princess, Cinderella Story Skirt"}]},{"@type":"WebSite","@id":"https:\/\/barneleker.no\/#website","url":"https:\/\/barneleker.no\/","name":"Barneleker.no","description":"Selvf\u00f8lgelig!","publisher":{"@id":"https:\/\/barneleker.no\/#organization"},"potentialAction":[{"@type":"SearchAction","target":{"@type":"EntryPoint","urlTemplate":"https:\/\/barneleker.no\/?s={search_term_string}"},"query-input":{"@type":"PropertyValueSpecification","valueRequired":true,"valueName":"search_term_string"}}],"inLanguage":"nb-NO"},{"@type":"Organization","@id":"https:\/\/barneleker.no\/#organization","name":"Barneleker.no","url":"https:\/\/barneleker.no\/","logo":{"@type":"ImageObject","inLanguage":"nb-NO","@id":"https:\/\/barneleker.no\/#\/schema\/logo\/image\/","url":"https:\/\/barneleker.no\/wp-content\/uploads\/2021\/11\/barneleker_logo-780x150-1.jpg","contentUrl":"https:\/\/barneleker.no\/wp-content\/uploads\/2021\/11\/barneleker_logo-780x150-1.jpg","width":780,"height":150,"caption":"Barneleker.no"},"image":{"@id":"https:\/\/barneleker.no\/#\/schema\/logo\/image\/"}}]}},"_links":{"self":[{"href":"https:\/\/barneleker.no\/index.php\/wp-json\/wp\/v2\/product\/12971","targetHints":{"allow":["GET"]}}],"collection":[{"href":"https:\/\/barneleker.no\/index.php\/wp-json\/wp\/v2\/product"}],"about":[{"href":"https:\/\/barneleker.no\/index.php\/wp-json\/wp\/v2\/types\/product"}],"replies":[{"embeddable":true,"href":"https:\/\/barneleker.no\/index.php\/wp-json\/wp\/v2\/comments?post=12971"}],"wp:featuredmedia":[{"embeddable":true,"href":"https:\/\/barneleker.no\/index.php\/wp-json\/wp\/v2\/media\/12970"}],"wp:attachment":[{"href":"https:\/\/barneleker.no\/index.php\/wp-json\/wp\/v2\/media?parent=12971"}],"wp:term":[{"taxonomy":"product_brand","embeddable":true,"href":"https:\/\/barneleker.no\/index.php\/wp-json\/wp\/v2\/product_brand?post=12971"},{"taxonomy":"product_cat","embeddable":true,"href":"https:\/\/barneleker.no\/index.php\/wp-json\/wp\/v2\/product_cat?post=12971"},{"taxonomy":"product_tag","embeddable":true,"href":"https:\/\/barneleker.no\/index.php\/wp-json\/wp\/v2\/product_tag?post=12971"}],"curies":[{"name":"wp","href":"https:\/\/api.w.org\/{rel}","templated":true}]}}