{"id":12987,"date":"2022-02-08T19:53:51","date_gmt":"2022-02-08T19:53:51","guid":{"rendered":"https:\/\/barneleker.no\/index.php\/product\/nerf-dinosquad-rex-rampage\/"},"modified":"2022-02-08T19:53:51","modified_gmt":"2022-02-08T19:53:51","slug":"nerf-dinosquad-rex-rampage","status":"publish","type":"product","link":"https:\/\/barneleker.no\/index.php\/product\/nerf-dinosquad-rex-rampage\/","title":{"rendered":"NERF, DinoSquad Rex-Rampage"},"content":{"rendered":"<p>Sl\u00e5 deg i lag med legendariske dinosaurer og bli medlem av DinoSquad! Bruk den ekstraordin\u00e6re dinosaurkraften og ta fart inn i fantastiske eventyr! Fyr l\u00f8s med den grusomme kraften til en t-rex, med Nerf DinoSquad Rex-Rampage-blasteren! Den har et fantastisk dinosaurdesign, som har sterke likhetstrekk med en tyrannosaurus-rex-dinosaur. Gi full guffe p\u00e5 motoren til denne motoriserte blasteren, og trykk p\u00e5 avtrekkeren for \u00e5 skyte ut piler i rask rekkef\u00f8lge. Det f\u00f8lger med et magasin for 10 piler, slik at du kan skyte ut 10 piler raskt etter hverandre mot m\u00e5let. Det er oppbevaringsplass til 10 piler for \u00e5 ha reserveammunisjon innen rekkevidde for p\u00e5fylling. Blasteren inkluderer et ikke-avtagbart sikte, slik at du lettere kan treffe m\u00e5let. 20 offisielle Nerf Elite-skumpiler som er blitt testet for godkjent ytelse og kvalitet f\u00f8lger med. Vernebriller er anbefalt (ikke inkludert). Krever 4 x 1,5 V AA alkaliske batterier (ikke inkludert). Nerf og alle tilknyttede produkter er varemerker som tilh\u00f8rer Hasbro.<\/p>\n","protected":false},"excerpt":{"rendered":"<p>Sl\u00e5 deg i lag med legendariske dinosaurer og bli medlem av DinoSquad! Bruk den ekstraordin\u00e6re dinosaurkraften og ta fart inn i fantastiske eventyr! Fyr l\u00f8s&hellip;<\/p>\n","protected":false},"featured_media":12986,"comment_status":"open","ping_status":"closed","template":"","meta":[],"product_brand":[],"product_cat":[370],"product_tag":[],"class_list":{"0":"post-12987","1":"product","2":"type-product","3":"status-publish","4":"has-post-thumbnail","6":"product_cat-rollelek","8":"first","9":"instock","10":"shipping-taxable","11":"product-type-external","12":"customify-col"},"yoast_head":"<!-- This site is optimized with the Yoast SEO plugin v26.0 - https:\/\/yoast.com\/wordpress\/plugins\/seo\/ -->\n<title>NERF, DinoSquad Rex-Rampage - Barneleker.no<\/title>\n<meta name=\"robots\" content=\"index, follow, max-snippet:-1, max-image-preview:large, max-video-preview:-1\" \/>\n<link rel=\"canonical\" href=\"https:\/\/barneleker.no\/index.php\/product\/nerf-dinosquad-rex-rampage\/\" \/>\n<meta property=\"og:locale\" content=\"nb_NO\" \/>\n<meta property=\"og:type\" content=\"article\" \/>\n<meta property=\"og:title\" content=\"NERF, DinoSquad Rex-Rampage - Barneleker.no\" \/>\n<meta property=\"og:description\" content=\"Sl\u00e5 deg i lag med legendariske dinosaurer og bli medlem av DinoSquad! Bruk den ekstraordin\u00e6re dinosaurkraften og ta fart inn i fantastiske eventyr! Fyr l\u00f8s&hellip;\" \/>\n<meta property=\"og:url\" content=\"https:\/\/barneleker.no\/index.php\/product\/nerf-dinosquad-rex-rampage\/\" \/>\n<meta property=\"og:site_name\" content=\"Barneleker.no\" \/>\n<meta name=\"twitter:card\" content=\"summary_large_image\" \/>\n<meta name=\"twitter:label1\" content=\"Ansl. lesetid\" \/>\n\t<meta name=\"twitter:data1\" content=\"1 minutt\" \/>\n<script type=\"application\/ld+json\" class=\"yoast-schema-graph\">{\"@context\":\"https:\/\/schema.org\",\"@graph\":[{\"@type\":\"WebPage\",\"@id\":\"https:\/\/barneleker.no\/index.php\/product\/nerf-dinosquad-rex-rampage\/\",\"url\":\"https:\/\/barneleker.no\/index.php\/product\/nerf-dinosquad-rex-rampage\/\",\"name\":\"NERF, DinoSquad Rex-Rampage - Barneleker.no\",\"isPartOf\":{\"@id\":\"https:\/\/barneleker.no\/#website\"},\"primaryImageOfPage\":{\"@id\":\"https:\/\/barneleker.no\/index.php\/product\/nerf-dinosquad-rex-rampage\/#primaryimage\"},\"image\":{\"@id\":\"https:\/\/barneleker.no\/index.php\/product\/nerf-dinosquad-rex-rampage\/#primaryimage\"},\"thumbnailUrl\":\"https:\/\/barneleker.no\/wp-content\/uploads\/2022\/02\/nerf-dinosquad-rex-rampage.jpg\",\"datePublished\":\"2022-02-08T19:53:51+00:00\",\"breadcrumb\":{\"@id\":\"https:\/\/barneleker.no\/index.php\/product\/nerf-dinosquad-rex-rampage\/#breadcrumb\"},\"inLanguage\":\"nb-NO\",\"potentialAction\":[{\"@type\":\"ReadAction\",\"target\":[\"https:\/\/barneleker.no\/index.php\/product\/nerf-dinosquad-rex-rampage\/\"]}]},{\"@type\":\"ImageObject\",\"inLanguage\":\"nb-NO\",\"@id\":\"https:\/\/barneleker.no\/index.php\/product\/nerf-dinosquad-rex-rampage\/#primaryimage\",\"url\":\"https:\/\/barneleker.no\/wp-content\/uploads\/2022\/02\/nerf-dinosquad-rex-rampage.jpg\",\"contentUrl\":\"https:\/\/barneleker.no\/wp-content\/uploads\/2022\/02\/nerf-dinosquad-rex-rampage.jpg\",\"width\":555,\"height\":555},{\"@type\":\"BreadcrumbList\",\"@id\":\"https:\/\/barneleker.no\/index.php\/product\/nerf-dinosquad-rex-rampage\/#breadcrumb\",\"itemListElement\":[{\"@type\":\"ListItem\",\"position\":1,\"name\":\"Butikken\",\"item\":\"https:\/\/barneleker.no\/\"},{\"@type\":\"ListItem\",\"position\":2,\"name\":\"NERF, DinoSquad Rex-Rampage\"}]},{\"@type\":\"WebSite\",\"@id\":\"https:\/\/barneleker.no\/#website\",\"url\":\"https:\/\/barneleker.no\/\",\"name\":\"Barneleker.no\",\"description\":\"Selvf\u00f8lgelig!\",\"publisher\":{\"@id\":\"https:\/\/barneleker.no\/#organization\"},\"potentialAction\":[{\"@type\":\"SearchAction\",\"target\":{\"@type\":\"EntryPoint\",\"urlTemplate\":\"https:\/\/barneleker.no\/?s={search_term_string}\"},\"query-input\":{\"@type\":\"PropertyValueSpecification\",\"valueRequired\":true,\"valueName\":\"search_term_string\"}}],\"inLanguage\":\"nb-NO\"},{\"@type\":\"Organization\",\"@id\":\"https:\/\/barneleker.no\/#organization\",\"name\":\"Barneleker.no\",\"url\":\"https:\/\/barneleker.no\/\",\"logo\":{\"@type\":\"ImageObject\",\"inLanguage\":\"nb-NO\",\"@id\":\"https:\/\/barneleker.no\/#\/schema\/logo\/image\/\",\"url\":\"https:\/\/barneleker.no\/wp-content\/uploads\/2021\/11\/barneleker_logo-780x150-1.jpg\",\"contentUrl\":\"https:\/\/barneleker.no\/wp-content\/uploads\/2021\/11\/barneleker_logo-780x150-1.jpg\",\"width\":780,\"height\":150,\"caption\":\"Barneleker.no\"},\"image\":{\"@id\":\"https:\/\/barneleker.no\/#\/schema\/logo\/image\/\"}}]}<\/script>\n<!-- \/ Yoast SEO plugin. -->","yoast_head_json":{"title":"NERF, DinoSquad Rex-Rampage - Barneleker.no","robots":{"index":"index","follow":"follow","max-snippet":"max-snippet:-1","max-image-preview":"max-image-preview:large","max-video-preview":"max-video-preview:-1"},"canonical":"https:\/\/barneleker.no\/index.php\/product\/nerf-dinosquad-rex-rampage\/","og_locale":"nb_NO","og_type":"article","og_title":"NERF, DinoSquad Rex-Rampage - Barneleker.no","og_description":"Sl\u00e5 deg i lag med legendariske dinosaurer og bli medlem av DinoSquad! Bruk den ekstraordin\u00e6re dinosaurkraften og ta fart inn i fantastiske eventyr! Fyr l\u00f8s&hellip;","og_url":"https:\/\/barneleker.no\/index.php\/product\/nerf-dinosquad-rex-rampage\/","og_site_name":"Barneleker.no","twitter_card":"summary_large_image","twitter_misc":{"Ansl. lesetid":"1 minutt"},"schema":{"@context":"https:\/\/schema.org","@graph":[{"@type":"WebPage","@id":"https:\/\/barneleker.no\/index.php\/product\/nerf-dinosquad-rex-rampage\/","url":"https:\/\/barneleker.no\/index.php\/product\/nerf-dinosquad-rex-rampage\/","name":"NERF, DinoSquad Rex-Rampage - Barneleker.no","isPartOf":{"@id":"https:\/\/barneleker.no\/#website"},"primaryImageOfPage":{"@id":"https:\/\/barneleker.no\/index.php\/product\/nerf-dinosquad-rex-rampage\/#primaryimage"},"image":{"@id":"https:\/\/barneleker.no\/index.php\/product\/nerf-dinosquad-rex-rampage\/#primaryimage"},"thumbnailUrl":"https:\/\/barneleker.no\/wp-content\/uploads\/2022\/02\/nerf-dinosquad-rex-rampage.jpg","datePublished":"2022-02-08T19:53:51+00:00","breadcrumb":{"@id":"https:\/\/barneleker.no\/index.php\/product\/nerf-dinosquad-rex-rampage\/#breadcrumb"},"inLanguage":"nb-NO","potentialAction":[{"@type":"ReadAction","target":["https:\/\/barneleker.no\/index.php\/product\/nerf-dinosquad-rex-rampage\/"]}]},{"@type":"ImageObject","inLanguage":"nb-NO","@id":"https:\/\/barneleker.no\/index.php\/product\/nerf-dinosquad-rex-rampage\/#primaryimage","url":"https:\/\/barneleker.no\/wp-content\/uploads\/2022\/02\/nerf-dinosquad-rex-rampage.jpg","contentUrl":"https:\/\/barneleker.no\/wp-content\/uploads\/2022\/02\/nerf-dinosquad-rex-rampage.jpg","width":555,"height":555},{"@type":"BreadcrumbList","@id":"https:\/\/barneleker.no\/index.php\/product\/nerf-dinosquad-rex-rampage\/#breadcrumb","itemListElement":[{"@type":"ListItem","position":1,"name":"Butikken","item":"https:\/\/barneleker.no\/"},{"@type":"ListItem","position":2,"name":"NERF, DinoSquad Rex-Rampage"}]},{"@type":"WebSite","@id":"https:\/\/barneleker.no\/#website","url":"https:\/\/barneleker.no\/","name":"Barneleker.no","description":"Selvf\u00f8lgelig!","publisher":{"@id":"https:\/\/barneleker.no\/#organization"},"potentialAction":[{"@type":"SearchAction","target":{"@type":"EntryPoint","urlTemplate":"https:\/\/barneleker.no\/?s={search_term_string}"},"query-input":{"@type":"PropertyValueSpecification","valueRequired":true,"valueName":"search_term_string"}}],"inLanguage":"nb-NO"},{"@type":"Organization","@id":"https:\/\/barneleker.no\/#organization","name":"Barneleker.no","url":"https:\/\/barneleker.no\/","logo":{"@type":"ImageObject","inLanguage":"nb-NO","@id":"https:\/\/barneleker.no\/#\/schema\/logo\/image\/","url":"https:\/\/barneleker.no\/wp-content\/uploads\/2021\/11\/barneleker_logo-780x150-1.jpg","contentUrl":"https:\/\/barneleker.no\/wp-content\/uploads\/2021\/11\/barneleker_logo-780x150-1.jpg","width":780,"height":150,"caption":"Barneleker.no"},"image":{"@id":"https:\/\/barneleker.no\/#\/schema\/logo\/image\/"}}]}},"_links":{"self":[{"href":"https:\/\/barneleker.no\/index.php\/wp-json\/wp\/v2\/product\/12987","targetHints":{"allow":["GET"]}}],"collection":[{"href":"https:\/\/barneleker.no\/index.php\/wp-json\/wp\/v2\/product"}],"about":[{"href":"https:\/\/barneleker.no\/index.php\/wp-json\/wp\/v2\/types\/product"}],"replies":[{"embeddable":true,"href":"https:\/\/barneleker.no\/index.php\/wp-json\/wp\/v2\/comments?post=12987"}],"wp:featuredmedia":[{"embeddable":true,"href":"https:\/\/barneleker.no\/index.php\/wp-json\/wp\/v2\/media\/12986"}],"wp:attachment":[{"href":"https:\/\/barneleker.no\/index.php\/wp-json\/wp\/v2\/media?parent=12987"}],"wp:term":[{"taxonomy":"product_brand","embeddable":true,"href":"https:\/\/barneleker.no\/index.php\/wp-json\/wp\/v2\/product_brand?post=12987"},{"taxonomy":"product_cat","embeddable":true,"href":"https:\/\/barneleker.no\/index.php\/wp-json\/wp\/v2\/product_cat?post=12987"},{"taxonomy":"product_tag","embeddable":true,"href":"https:\/\/barneleker.no\/index.php\/wp-json\/wp\/v2\/product_tag?post=12987"}],"curies":[{"name":"wp","href":"https:\/\/api.w.org\/{rel}","templated":true}]}}