{"id":12995,"date":"2022-02-08T19:53:54","date_gmt":"2022-02-08T19:53:54","guid":{"rendered":"https:\/\/barneleker.no\/index.php\/product\/hasbro-games-operation-pet-scan\/"},"modified":"2022-02-08T19:53:54","modified_gmt":"2022-02-08T19:53:54","slug":"hasbro-games-operation-pet-scan","status":"publish","type":"product","link":"https:\/\/barneleker.no\/index.php\/product\/hasbro-games-operation-pet-scan\/","title":{"rendered":"Hasbro Games Operation Pet Scan"},"content":{"rendered":"<p>\u00c5 nei! Hunden til Hullete Sam \u2013 Rex-Ray \u2013 spiste noe han ikke skulle, for eksempel leksene, sokker, kanint\u00f8fler og et kj\u00f8ttbein. Spillerne m\u00e5 hjelpe ham med \u00e5 bli frisk ved \u00e5 fjerne objektene. Legg et objekt inn i hundens munn og bruk det magnetiske hundeskopet for \u00e5 f\u00f8re det gjennom magen hans og ut ved halen. Men pass opp for summeren! Hvis summeren aktiveres, mister du objektet. Hvis det faller ut, er spillerens tur over. Hvert objekt spilleren klarer \u00e5 fjerne, utgj\u00f8r ett poeng. Spilleren med flest poeng vinner. Barna morer seg gjennom hele spillet med morsomme lydeffekter. Trykk p\u00e5 og hold inne hundens nese for \u00e5 h\u00f8re bjeffe- og prompelyder. Operation Pet Scan-spillet er en flott bursdags- eller julegave for barn fra 6 \u00e5r og oppover. Hasbro Gaming og alle relaterte varemerker og logoer er varemerker tilh\u00f8rende Hasbro, Inc.<\/p>\n","protected":false},"excerpt":{"rendered":"<p>\u00c5 nei! Hunden til Hullete Sam \u2013 Rex-Ray \u2013 spiste noe han ikke skulle, for eksempel leksene, sokker, kanint\u00f8fler og et kj\u00f8ttbein. Spillerne m\u00e5 hjelpe&hellip;<\/p>\n","protected":false},"featured_media":12994,"comment_status":"open","ping_status":"closed","template":"","meta":[],"product_brand":[],"product_cat":[382],"product_tag":[],"class_list":{"0":"post-12995","1":"product","2":"type-product","3":"status-publish","4":"has-post-thumbnail","6":"product_cat-spill","8":"first","9":"instock","10":"shipping-taxable","11":"product-type-external","12":"customify-col"},"yoast_head":"<!-- This site is optimized with the Yoast SEO plugin v26.0 - https:\/\/yoast.com\/wordpress\/plugins\/seo\/ -->\n<title>Hasbro Games Operation Pet Scan - Barneleker.no<\/title>\n<meta name=\"robots\" content=\"index, follow, max-snippet:-1, max-image-preview:large, max-video-preview:-1\" \/>\n<link rel=\"canonical\" href=\"https:\/\/barneleker.no\/index.php\/product\/hasbro-games-operation-pet-scan\/\" \/>\n<meta property=\"og:locale\" content=\"nb_NO\" \/>\n<meta property=\"og:type\" content=\"article\" \/>\n<meta property=\"og:title\" content=\"Hasbro Games Operation Pet Scan - Barneleker.no\" \/>\n<meta property=\"og:description\" content=\"\u00c5 nei! Hunden til Hullete Sam \u2013 Rex-Ray \u2013 spiste noe han ikke skulle, for eksempel leksene, sokker, kanint\u00f8fler og et kj\u00f8ttbein. Spillerne m\u00e5 hjelpe&hellip;\" \/>\n<meta property=\"og:url\" content=\"https:\/\/barneleker.no\/index.php\/product\/hasbro-games-operation-pet-scan\/\" \/>\n<meta property=\"og:site_name\" content=\"Barneleker.no\" \/>\n<meta name=\"twitter:card\" content=\"summary_large_image\" \/>\n<meta name=\"twitter:label1\" content=\"Ansl. lesetid\" \/>\n\t<meta name=\"twitter:data1\" content=\"1 minutt\" \/>\n<script type=\"application\/ld+json\" class=\"yoast-schema-graph\">{\"@context\":\"https:\/\/schema.org\",\"@graph\":[{\"@type\":\"WebPage\",\"@id\":\"https:\/\/barneleker.no\/index.php\/product\/hasbro-games-operation-pet-scan\/\",\"url\":\"https:\/\/barneleker.no\/index.php\/product\/hasbro-games-operation-pet-scan\/\",\"name\":\"Hasbro Games Operation Pet Scan - Barneleker.no\",\"isPartOf\":{\"@id\":\"https:\/\/barneleker.no\/#website\"},\"primaryImageOfPage\":{\"@id\":\"https:\/\/barneleker.no\/index.php\/product\/hasbro-games-operation-pet-scan\/#primaryimage\"},\"image\":{\"@id\":\"https:\/\/barneleker.no\/index.php\/product\/hasbro-games-operation-pet-scan\/#primaryimage\"},\"thumbnailUrl\":\"https:\/\/barneleker.no\/wp-content\/uploads\/2022\/02\/operation-pet-scan.jpg\",\"datePublished\":\"2022-02-08T19:53:54+00:00\",\"breadcrumb\":{\"@id\":\"https:\/\/barneleker.no\/index.php\/product\/hasbro-games-operation-pet-scan\/#breadcrumb\"},\"inLanguage\":\"nb-NO\",\"potentialAction\":[{\"@type\":\"ReadAction\",\"target\":[\"https:\/\/barneleker.no\/index.php\/product\/hasbro-games-operation-pet-scan\/\"]}]},{\"@type\":\"ImageObject\",\"inLanguage\":\"nb-NO\",\"@id\":\"https:\/\/barneleker.no\/index.php\/product\/hasbro-games-operation-pet-scan\/#primaryimage\",\"url\":\"https:\/\/barneleker.no\/wp-content\/uploads\/2022\/02\/operation-pet-scan.jpg\",\"contentUrl\":\"https:\/\/barneleker.no\/wp-content\/uploads\/2022\/02\/operation-pet-scan.jpg\",\"width\":555,\"height\":555},{\"@type\":\"BreadcrumbList\",\"@id\":\"https:\/\/barneleker.no\/index.php\/product\/hasbro-games-operation-pet-scan\/#breadcrumb\",\"itemListElement\":[{\"@type\":\"ListItem\",\"position\":1,\"name\":\"Butikken\",\"item\":\"https:\/\/barneleker.no\/\"},{\"@type\":\"ListItem\",\"position\":2,\"name\":\"Hasbro Games Operation Pet Scan\"}]},{\"@type\":\"WebSite\",\"@id\":\"https:\/\/barneleker.no\/#website\",\"url\":\"https:\/\/barneleker.no\/\",\"name\":\"Barneleker.no\",\"description\":\"Selvf\u00f8lgelig!\",\"publisher\":{\"@id\":\"https:\/\/barneleker.no\/#organization\"},\"potentialAction\":[{\"@type\":\"SearchAction\",\"target\":{\"@type\":\"EntryPoint\",\"urlTemplate\":\"https:\/\/barneleker.no\/?s={search_term_string}\"},\"query-input\":{\"@type\":\"PropertyValueSpecification\",\"valueRequired\":true,\"valueName\":\"search_term_string\"}}],\"inLanguage\":\"nb-NO\"},{\"@type\":\"Organization\",\"@id\":\"https:\/\/barneleker.no\/#organization\",\"name\":\"Barneleker.no\",\"url\":\"https:\/\/barneleker.no\/\",\"logo\":{\"@type\":\"ImageObject\",\"inLanguage\":\"nb-NO\",\"@id\":\"https:\/\/barneleker.no\/#\/schema\/logo\/image\/\",\"url\":\"https:\/\/barneleker.no\/wp-content\/uploads\/2021\/11\/barneleker_logo-780x150-1.jpg\",\"contentUrl\":\"https:\/\/barneleker.no\/wp-content\/uploads\/2021\/11\/barneleker_logo-780x150-1.jpg\",\"width\":780,\"height\":150,\"caption\":\"Barneleker.no\"},\"image\":{\"@id\":\"https:\/\/barneleker.no\/#\/schema\/logo\/image\/\"}}]}<\/script>\n<!-- \/ Yoast SEO plugin. -->","yoast_head_json":{"title":"Hasbro Games Operation Pet Scan - Barneleker.no","robots":{"index":"index","follow":"follow","max-snippet":"max-snippet:-1","max-image-preview":"max-image-preview:large","max-video-preview":"max-video-preview:-1"},"canonical":"https:\/\/barneleker.no\/index.php\/product\/hasbro-games-operation-pet-scan\/","og_locale":"nb_NO","og_type":"article","og_title":"Hasbro Games Operation Pet Scan - Barneleker.no","og_description":"\u00c5 nei! Hunden til Hullete Sam \u2013 Rex-Ray \u2013 spiste noe han ikke skulle, for eksempel leksene, sokker, kanint\u00f8fler og et kj\u00f8ttbein. Spillerne m\u00e5 hjelpe&hellip;","og_url":"https:\/\/barneleker.no\/index.php\/product\/hasbro-games-operation-pet-scan\/","og_site_name":"Barneleker.no","twitter_card":"summary_large_image","twitter_misc":{"Ansl. lesetid":"1 minutt"},"schema":{"@context":"https:\/\/schema.org","@graph":[{"@type":"WebPage","@id":"https:\/\/barneleker.no\/index.php\/product\/hasbro-games-operation-pet-scan\/","url":"https:\/\/barneleker.no\/index.php\/product\/hasbro-games-operation-pet-scan\/","name":"Hasbro Games Operation Pet Scan - Barneleker.no","isPartOf":{"@id":"https:\/\/barneleker.no\/#website"},"primaryImageOfPage":{"@id":"https:\/\/barneleker.no\/index.php\/product\/hasbro-games-operation-pet-scan\/#primaryimage"},"image":{"@id":"https:\/\/barneleker.no\/index.php\/product\/hasbro-games-operation-pet-scan\/#primaryimage"},"thumbnailUrl":"https:\/\/barneleker.no\/wp-content\/uploads\/2022\/02\/operation-pet-scan.jpg","datePublished":"2022-02-08T19:53:54+00:00","breadcrumb":{"@id":"https:\/\/barneleker.no\/index.php\/product\/hasbro-games-operation-pet-scan\/#breadcrumb"},"inLanguage":"nb-NO","potentialAction":[{"@type":"ReadAction","target":["https:\/\/barneleker.no\/index.php\/product\/hasbro-games-operation-pet-scan\/"]}]},{"@type":"ImageObject","inLanguage":"nb-NO","@id":"https:\/\/barneleker.no\/index.php\/product\/hasbro-games-operation-pet-scan\/#primaryimage","url":"https:\/\/barneleker.no\/wp-content\/uploads\/2022\/02\/operation-pet-scan.jpg","contentUrl":"https:\/\/barneleker.no\/wp-content\/uploads\/2022\/02\/operation-pet-scan.jpg","width":555,"height":555},{"@type":"BreadcrumbList","@id":"https:\/\/barneleker.no\/index.php\/product\/hasbro-games-operation-pet-scan\/#breadcrumb","itemListElement":[{"@type":"ListItem","position":1,"name":"Butikken","item":"https:\/\/barneleker.no\/"},{"@type":"ListItem","position":2,"name":"Hasbro Games Operation Pet Scan"}]},{"@type":"WebSite","@id":"https:\/\/barneleker.no\/#website","url":"https:\/\/barneleker.no\/","name":"Barneleker.no","description":"Selvf\u00f8lgelig!","publisher":{"@id":"https:\/\/barneleker.no\/#organization"},"potentialAction":[{"@type":"SearchAction","target":{"@type":"EntryPoint","urlTemplate":"https:\/\/barneleker.no\/?s={search_term_string}"},"query-input":{"@type":"PropertyValueSpecification","valueRequired":true,"valueName":"search_term_string"}}],"inLanguage":"nb-NO"},{"@type":"Organization","@id":"https:\/\/barneleker.no\/#organization","name":"Barneleker.no","url":"https:\/\/barneleker.no\/","logo":{"@type":"ImageObject","inLanguage":"nb-NO","@id":"https:\/\/barneleker.no\/#\/schema\/logo\/image\/","url":"https:\/\/barneleker.no\/wp-content\/uploads\/2021\/11\/barneleker_logo-780x150-1.jpg","contentUrl":"https:\/\/barneleker.no\/wp-content\/uploads\/2021\/11\/barneleker_logo-780x150-1.jpg","width":780,"height":150,"caption":"Barneleker.no"},"image":{"@id":"https:\/\/barneleker.no\/#\/schema\/logo\/image\/"}}]}},"_links":{"self":[{"href":"https:\/\/barneleker.no\/index.php\/wp-json\/wp\/v2\/product\/12995","targetHints":{"allow":["GET"]}}],"collection":[{"href":"https:\/\/barneleker.no\/index.php\/wp-json\/wp\/v2\/product"}],"about":[{"href":"https:\/\/barneleker.no\/index.php\/wp-json\/wp\/v2\/types\/product"}],"replies":[{"embeddable":true,"href":"https:\/\/barneleker.no\/index.php\/wp-json\/wp\/v2\/comments?post=12995"}],"wp:featuredmedia":[{"embeddable":true,"href":"https:\/\/barneleker.no\/index.php\/wp-json\/wp\/v2\/media\/12994"}],"wp:attachment":[{"href":"https:\/\/barneleker.no\/index.php\/wp-json\/wp\/v2\/media?parent=12995"}],"wp:term":[{"taxonomy":"product_brand","embeddable":true,"href":"https:\/\/barneleker.no\/index.php\/wp-json\/wp\/v2\/product_brand?post=12995"},{"taxonomy":"product_cat","embeddable":true,"href":"https:\/\/barneleker.no\/index.php\/wp-json\/wp\/v2\/product_cat?post=12995"},{"taxonomy":"product_tag","embeddable":true,"href":"https:\/\/barneleker.no\/index.php\/wp-json\/wp\/v2\/product_tag?post=12995"}],"curies":[{"name":"wp","href":"https:\/\/api.w.org\/{rel}","templated":true}]}}