{"id":13051,"date":"2022-02-08T19:54:14","date_gmt":"2022-02-08T19:54:14","guid":{"rendered":"https:\/\/barneleker.no\/index.php\/product\/avengers-marvel-bend-and-flex-flex-rider-iron-man-og-2-i-1-motorsykkel\/"},"modified":"2022-02-08T19:54:14","modified_gmt":"2022-02-08T19:54:14","slug":"avengers-marvel-bend-and-flex-flex-rider-iron-man-og-2-i-1-motorsykkel","status":"publish","type":"product","link":"https:\/\/barneleker.no\/index.php\/product\/avengers-marvel-bend-and-flex-flex-rider-iron-man-og-2-i-1-motorsykkel\/","title":{"rendered":"Avengers Marvel, Bend and Flex, Flex Rider Iron Man og 2-i-1-motorsykkel"},"content":{"rendered":"<p>Iron Man kj\u00f8rer en fleksibel kampmaskin for \u00e5 bekjempe onde krefter! Vri! B\u00f8y! Forestill deg at du ankommer sitasjonen p\u00e5 en motorsykkel og deretter transformerer kj\u00f8ret\u00f8yet til h\u00f8yteknologiske v\u00e5pen for \u00e5 sl\u00e5 skurken! Barn kan b\u00f8ye, vri, posere og leke med favorittsuperheltene sine fra Marvel med disse superbevegelige Avengers Bend and Flex-figurene. Samle p\u00e5 figurer inspirert av Marvel-universet med en vri (selges separat). Disse stiliserte superheltfigurene har armer og ben som kan b\u00f8yes og stilles opp for en t\u00f8ff actionpositur. Det blir mye spennende og v\u00e5gal lek n\u00e5r barn former Bend and Flex-figurene og motorsyklene i alle slags positurer. Og det medf\u00f8lgende tilbeh\u00f8ret gj\u00f8r at barn kan leve seg mer inn i og leke de mest spennende scenene fra Marvel-universet. Kjemp noen ville kamper der helten beveger seg p\u00e5 en fantastisk m\u00e5te. Tross alt, en god helt (eller skurk) m\u00e5 alltid v\u00e6re fleksibel. Copyright 2021 MARVEL. Hasbro og alle tilh\u00f8rende begreper er varemerker som tilh\u00f8rer Hasbro.<\/p>\n","protected":false},"excerpt":{"rendered":"<p>Iron Man kj\u00f8rer en fleksibel kampmaskin for \u00e5 bekjempe onde krefter! Vri! B\u00f8y! Forestill deg at du ankommer sitasjonen p\u00e5 en motorsykkel og deretter transformerer&hellip;<\/p>\n","protected":false},"featured_media":13050,"comment_status":"open","ping_status":"closed","template":"","meta":[],"product_brand":[],"product_cat":[352],"product_tag":[],"class_list":{"0":"post-13051","1":"product","2":"type-product","3":"status-publish","4":"has-post-thumbnail","6":"product_cat-figurer-roboter","8":"first","9":"instock","10":"shipping-taxable","11":"product-type-external","12":"customify-col"},"yoast_head":"<!-- This site is optimized with the Yoast SEO plugin v26.0 - https:\/\/yoast.com\/wordpress\/plugins\/seo\/ -->\n<title>Avengers Marvel, Bend and Flex, Flex Rider Iron Man og 2-i-1-motorsykkel - Barneleker.no<\/title>\n<meta name=\"robots\" content=\"index, follow, max-snippet:-1, max-image-preview:large, max-video-preview:-1\" \/>\n<link rel=\"canonical\" href=\"https:\/\/barneleker.no\/index.php\/product\/avengers-marvel-bend-and-flex-flex-rider-iron-man-og-2-i-1-motorsykkel\/\" \/>\n<meta property=\"og:locale\" content=\"nb_NO\" \/>\n<meta property=\"og:type\" content=\"article\" \/>\n<meta property=\"og:title\" content=\"Avengers Marvel, Bend and Flex, Flex Rider Iron Man og 2-i-1-motorsykkel - Barneleker.no\" \/>\n<meta property=\"og:description\" content=\"Iron Man kj\u00f8rer en fleksibel kampmaskin for \u00e5 bekjempe onde krefter! Vri! B\u00f8y! Forestill deg at du ankommer sitasjonen p\u00e5 en motorsykkel og deretter transformerer&hellip;\" \/>\n<meta property=\"og:url\" content=\"https:\/\/barneleker.no\/index.php\/product\/avengers-marvel-bend-and-flex-flex-rider-iron-man-og-2-i-1-motorsykkel\/\" \/>\n<meta property=\"og:site_name\" content=\"Barneleker.no\" \/>\n<meta name=\"twitter:card\" content=\"summary_large_image\" \/>\n<meta name=\"twitter:label1\" content=\"Ansl. lesetid\" \/>\n\t<meta name=\"twitter:data1\" content=\"1 minutt\" \/>\n<script type=\"application\/ld+json\" class=\"yoast-schema-graph\">{\"@context\":\"https:\/\/schema.org\",\"@graph\":[{\"@type\":\"WebPage\",\"@id\":\"https:\/\/barneleker.no\/index.php\/product\/avengers-marvel-bend-and-flex-flex-rider-iron-man-og-2-i-1-motorsykkel\/\",\"url\":\"https:\/\/barneleker.no\/index.php\/product\/avengers-marvel-bend-and-flex-flex-rider-iron-man-og-2-i-1-motorsykkel\/\",\"name\":\"Avengers Marvel, Bend and Flex, Flex Rider Iron Man og 2-i-1-motorsykkel - Barneleker.no\",\"isPartOf\":{\"@id\":\"https:\/\/barneleker.no\/#website\"},\"primaryImageOfPage\":{\"@id\":\"https:\/\/barneleker.no\/index.php\/product\/avengers-marvel-bend-and-flex-flex-rider-iron-man-og-2-i-1-motorsykkel\/#primaryimage\"},\"image\":{\"@id\":\"https:\/\/barneleker.no\/index.php\/product\/avengers-marvel-bend-and-flex-flex-rider-iron-man-og-2-i-1-motorsykkel\/#primaryimage\"},\"thumbnailUrl\":\"https:\/\/barneleker.no\/wp-content\/uploads\/2022\/02\/marvel-bend-and-flex-flex-rider-iron-man-og-2-i-1-motorsykkel.jpg\",\"datePublished\":\"2022-02-08T19:54:14+00:00\",\"breadcrumb\":{\"@id\":\"https:\/\/barneleker.no\/index.php\/product\/avengers-marvel-bend-and-flex-flex-rider-iron-man-og-2-i-1-motorsykkel\/#breadcrumb\"},\"inLanguage\":\"nb-NO\",\"potentialAction\":[{\"@type\":\"ReadAction\",\"target\":[\"https:\/\/barneleker.no\/index.php\/product\/avengers-marvel-bend-and-flex-flex-rider-iron-man-og-2-i-1-motorsykkel\/\"]}]},{\"@type\":\"ImageObject\",\"inLanguage\":\"nb-NO\",\"@id\":\"https:\/\/barneleker.no\/index.php\/product\/avengers-marvel-bend-and-flex-flex-rider-iron-man-og-2-i-1-motorsykkel\/#primaryimage\",\"url\":\"https:\/\/barneleker.no\/wp-content\/uploads\/2022\/02\/marvel-bend-and-flex-flex-rider-iron-man-og-2-i-1-motorsykkel.jpg\",\"contentUrl\":\"https:\/\/barneleker.no\/wp-content\/uploads\/2022\/02\/marvel-bend-and-flex-flex-rider-iron-man-og-2-i-1-motorsykkel.jpg\",\"width\":555,\"height\":555},{\"@type\":\"BreadcrumbList\",\"@id\":\"https:\/\/barneleker.no\/index.php\/product\/avengers-marvel-bend-and-flex-flex-rider-iron-man-og-2-i-1-motorsykkel\/#breadcrumb\",\"itemListElement\":[{\"@type\":\"ListItem\",\"position\":1,\"name\":\"Butikken\",\"item\":\"https:\/\/barneleker.no\/\"},{\"@type\":\"ListItem\",\"position\":2,\"name\":\"Avengers Marvel, Bend and Flex, Flex Rider Iron Man og 2-i-1-motorsykkel\"}]},{\"@type\":\"WebSite\",\"@id\":\"https:\/\/barneleker.no\/#website\",\"url\":\"https:\/\/barneleker.no\/\",\"name\":\"Barneleker.no\",\"description\":\"Selvf\u00f8lgelig!\",\"publisher\":{\"@id\":\"https:\/\/barneleker.no\/#organization\"},\"potentialAction\":[{\"@type\":\"SearchAction\",\"target\":{\"@type\":\"EntryPoint\",\"urlTemplate\":\"https:\/\/barneleker.no\/?s={search_term_string}\"},\"query-input\":{\"@type\":\"PropertyValueSpecification\",\"valueRequired\":true,\"valueName\":\"search_term_string\"}}],\"inLanguage\":\"nb-NO\"},{\"@type\":\"Organization\",\"@id\":\"https:\/\/barneleker.no\/#organization\",\"name\":\"Barneleker.no\",\"url\":\"https:\/\/barneleker.no\/\",\"logo\":{\"@type\":\"ImageObject\",\"inLanguage\":\"nb-NO\",\"@id\":\"https:\/\/barneleker.no\/#\/schema\/logo\/image\/\",\"url\":\"https:\/\/barneleker.no\/wp-content\/uploads\/2021\/11\/barneleker_logo-780x150-1.jpg\",\"contentUrl\":\"https:\/\/barneleker.no\/wp-content\/uploads\/2021\/11\/barneleker_logo-780x150-1.jpg\",\"width\":780,\"height\":150,\"caption\":\"Barneleker.no\"},\"image\":{\"@id\":\"https:\/\/barneleker.no\/#\/schema\/logo\/image\/\"}}]}<\/script>\n<!-- \/ Yoast SEO plugin. -->","yoast_head_json":{"title":"Avengers Marvel, Bend and Flex, Flex Rider Iron Man og 2-i-1-motorsykkel - Barneleker.no","robots":{"index":"index","follow":"follow","max-snippet":"max-snippet:-1","max-image-preview":"max-image-preview:large","max-video-preview":"max-video-preview:-1"},"canonical":"https:\/\/barneleker.no\/index.php\/product\/avengers-marvel-bend-and-flex-flex-rider-iron-man-og-2-i-1-motorsykkel\/","og_locale":"nb_NO","og_type":"article","og_title":"Avengers Marvel, Bend and Flex, Flex Rider Iron Man og 2-i-1-motorsykkel - Barneleker.no","og_description":"Iron Man kj\u00f8rer en fleksibel kampmaskin for \u00e5 bekjempe onde krefter! Vri! B\u00f8y! Forestill deg at du ankommer sitasjonen p\u00e5 en motorsykkel og deretter transformerer&hellip;","og_url":"https:\/\/barneleker.no\/index.php\/product\/avengers-marvel-bend-and-flex-flex-rider-iron-man-og-2-i-1-motorsykkel\/","og_site_name":"Barneleker.no","twitter_card":"summary_large_image","twitter_misc":{"Ansl. lesetid":"1 minutt"},"schema":{"@context":"https:\/\/schema.org","@graph":[{"@type":"WebPage","@id":"https:\/\/barneleker.no\/index.php\/product\/avengers-marvel-bend-and-flex-flex-rider-iron-man-og-2-i-1-motorsykkel\/","url":"https:\/\/barneleker.no\/index.php\/product\/avengers-marvel-bend-and-flex-flex-rider-iron-man-og-2-i-1-motorsykkel\/","name":"Avengers Marvel, Bend and Flex, Flex Rider Iron Man og 2-i-1-motorsykkel - Barneleker.no","isPartOf":{"@id":"https:\/\/barneleker.no\/#website"},"primaryImageOfPage":{"@id":"https:\/\/barneleker.no\/index.php\/product\/avengers-marvel-bend-and-flex-flex-rider-iron-man-og-2-i-1-motorsykkel\/#primaryimage"},"image":{"@id":"https:\/\/barneleker.no\/index.php\/product\/avengers-marvel-bend-and-flex-flex-rider-iron-man-og-2-i-1-motorsykkel\/#primaryimage"},"thumbnailUrl":"https:\/\/barneleker.no\/wp-content\/uploads\/2022\/02\/marvel-bend-and-flex-flex-rider-iron-man-og-2-i-1-motorsykkel.jpg","datePublished":"2022-02-08T19:54:14+00:00","breadcrumb":{"@id":"https:\/\/barneleker.no\/index.php\/product\/avengers-marvel-bend-and-flex-flex-rider-iron-man-og-2-i-1-motorsykkel\/#breadcrumb"},"inLanguage":"nb-NO","potentialAction":[{"@type":"ReadAction","target":["https:\/\/barneleker.no\/index.php\/product\/avengers-marvel-bend-and-flex-flex-rider-iron-man-og-2-i-1-motorsykkel\/"]}]},{"@type":"ImageObject","inLanguage":"nb-NO","@id":"https:\/\/barneleker.no\/index.php\/product\/avengers-marvel-bend-and-flex-flex-rider-iron-man-og-2-i-1-motorsykkel\/#primaryimage","url":"https:\/\/barneleker.no\/wp-content\/uploads\/2022\/02\/marvel-bend-and-flex-flex-rider-iron-man-og-2-i-1-motorsykkel.jpg","contentUrl":"https:\/\/barneleker.no\/wp-content\/uploads\/2022\/02\/marvel-bend-and-flex-flex-rider-iron-man-og-2-i-1-motorsykkel.jpg","width":555,"height":555},{"@type":"BreadcrumbList","@id":"https:\/\/barneleker.no\/index.php\/product\/avengers-marvel-bend-and-flex-flex-rider-iron-man-og-2-i-1-motorsykkel\/#breadcrumb","itemListElement":[{"@type":"ListItem","position":1,"name":"Butikken","item":"https:\/\/barneleker.no\/"},{"@type":"ListItem","position":2,"name":"Avengers Marvel, Bend and Flex, Flex Rider Iron Man og 2-i-1-motorsykkel"}]},{"@type":"WebSite","@id":"https:\/\/barneleker.no\/#website","url":"https:\/\/barneleker.no\/","name":"Barneleker.no","description":"Selvf\u00f8lgelig!","publisher":{"@id":"https:\/\/barneleker.no\/#organization"},"potentialAction":[{"@type":"SearchAction","target":{"@type":"EntryPoint","urlTemplate":"https:\/\/barneleker.no\/?s={search_term_string}"},"query-input":{"@type":"PropertyValueSpecification","valueRequired":true,"valueName":"search_term_string"}}],"inLanguage":"nb-NO"},{"@type":"Organization","@id":"https:\/\/barneleker.no\/#organization","name":"Barneleker.no","url":"https:\/\/barneleker.no\/","logo":{"@type":"ImageObject","inLanguage":"nb-NO","@id":"https:\/\/barneleker.no\/#\/schema\/logo\/image\/","url":"https:\/\/barneleker.no\/wp-content\/uploads\/2021\/11\/barneleker_logo-780x150-1.jpg","contentUrl":"https:\/\/barneleker.no\/wp-content\/uploads\/2021\/11\/barneleker_logo-780x150-1.jpg","width":780,"height":150,"caption":"Barneleker.no"},"image":{"@id":"https:\/\/barneleker.no\/#\/schema\/logo\/image\/"}}]}},"_links":{"self":[{"href":"https:\/\/barneleker.no\/index.php\/wp-json\/wp\/v2\/product\/13051","targetHints":{"allow":["GET"]}}],"collection":[{"href":"https:\/\/barneleker.no\/index.php\/wp-json\/wp\/v2\/product"}],"about":[{"href":"https:\/\/barneleker.no\/index.php\/wp-json\/wp\/v2\/types\/product"}],"replies":[{"embeddable":true,"href":"https:\/\/barneleker.no\/index.php\/wp-json\/wp\/v2\/comments?post=13051"}],"wp:featuredmedia":[{"embeddable":true,"href":"https:\/\/barneleker.no\/index.php\/wp-json\/wp\/v2\/media\/13050"}],"wp:attachment":[{"href":"https:\/\/barneleker.no\/index.php\/wp-json\/wp\/v2\/media?parent=13051"}],"wp:term":[{"taxonomy":"product_brand","embeddable":true,"href":"https:\/\/barneleker.no\/index.php\/wp-json\/wp\/v2\/product_brand?post=13051"},{"taxonomy":"product_cat","embeddable":true,"href":"https:\/\/barneleker.no\/index.php\/wp-json\/wp\/v2\/product_cat?post=13051"},{"taxonomy":"product_tag","embeddable":true,"href":"https:\/\/barneleker.no\/index.php\/wp-json\/wp\/v2\/product_tag?post=13051"}],"curies":[{"name":"wp","href":"https:\/\/api.w.org\/{rel}","templated":true}]}}