{"id":13063,"date":"2022-02-08T19:54:20","date_gmt":"2022-02-08T19:54:20","guid":{"rendered":"https:\/\/barneleker.no\/index.php\/product\/barbie-fall-feature-horse\/"},"modified":"2022-02-08T19:54:20","modified_gmt":"2022-02-08T19:54:20","slug":"barbie-fall-feature-horse","status":"publish","type":"product","link":"https:\/\/barneleker.no\/index.php\/product\/barbie-fall-feature-horse\/","title":{"rendered":"Barbie, Fall Feature Horse"},"content":{"rendered":"<p>Utforsk omsorg, styling og vennskap med Barbie\u00ae-dukken, to hester og massevis av tilbeh\u00f8r. Barbie\u00ae Groom &#8216;n Care-lekesett inkluderer gjerde med et trau, en dusj og et omr\u00e5de hvor Barbie\u00ae-dukken kan stelle hestene sine. B\u00f8rst manen til hestene, og bruk deretter iskaldt vann for \u00e5 f\u00e5 frem fargerike striper. Bruk varmt vann for \u00e5 reversere fargeendringen, og gjenta dette om og om igjen. Legg til en h\u00e5rforlengelse eller blomsterkrone, fyll det spesielle stylingverkt\u00f8yet og trykk det mot manen til hestene eller h\u00e5ret til Barbie\u00ae-dukken for \u00e5 sette p\u00e5 s\u00f8te sommerfuglklemmer. N\u00e5r barna er ferdige med \u00e5 pynte vennene sine, kan de hjelpe Barbie\u00ae-dukken med \u00e5 gi kj\u00e6ledyrene en gulrot \u2013 begge hestene kan nikke, noe som gj\u00f8re matestunden ekstra s\u00f8t. B\u00f8y kn\u00e6rne til Barbie\u00ae-dukken og sett henne i salen p\u00e5 den store hesten s\u00e5 hun kan ta en ridetur. Med Barbie\u00ae-dukke, to hester og mer enn 20 deler som passer til temaet, er mulighetene uendelige. Dukken kan ikke st\u00e5 uten st\u00f8tte. Farger og dekor kan variere.<\/p>\n","protected":false},"excerpt":{"rendered":"<p>Utforsk omsorg, styling og vennskap med Barbie\u00ae-dukken, to hester og massevis av tilbeh\u00f8r. Barbie\u00ae Groom &#8216;n Care-lekesett inkluderer gjerde med et trau, en dusj og&hellip;<\/p>\n","protected":false},"featured_media":13062,"comment_status":"open","ping_status":"closed","template":"","meta":[],"product_brand":[],"product_cat":[489],"product_tag":[],"class_list":{"0":"post-13063","1":"product","2":"type-product","3":"status-publish","4":"has-post-thumbnail","6":"product_cat-dockhus","8":"first","9":"instock","10":"shipping-taxable","11":"product-type-external","12":"customify-col"},"yoast_head":"<!-- This site is optimized with the Yoast SEO plugin v26.0 - https:\/\/yoast.com\/wordpress\/plugins\/seo\/ -->\n<title>Barbie, Fall Feature Horse - Barneleker.no<\/title>\n<meta name=\"robots\" content=\"index, follow, max-snippet:-1, max-image-preview:large, max-video-preview:-1\" \/>\n<link rel=\"canonical\" href=\"https:\/\/barneleker.no\/index.php\/product\/barbie-fall-feature-horse\/\" \/>\n<meta property=\"og:locale\" content=\"nb_NO\" \/>\n<meta property=\"og:type\" content=\"article\" \/>\n<meta property=\"og:title\" content=\"Barbie, Fall Feature Horse - Barneleker.no\" \/>\n<meta property=\"og:description\" content=\"Utforsk omsorg, styling og vennskap med Barbie\u00ae-dukken, to hester og massevis av tilbeh\u00f8r. Barbie\u00ae Groom &#8216;n Care-lekesett inkluderer gjerde med et trau, en dusj og&hellip;\" \/>\n<meta property=\"og:url\" content=\"https:\/\/barneleker.no\/index.php\/product\/barbie-fall-feature-horse\/\" \/>\n<meta property=\"og:site_name\" content=\"Barneleker.no\" \/>\n<meta name=\"twitter:card\" content=\"summary_large_image\" \/>\n<meta name=\"twitter:label1\" content=\"Ansl. lesetid\" \/>\n\t<meta name=\"twitter:data1\" content=\"1 minutt\" \/>\n<script type=\"application\/ld+json\" class=\"yoast-schema-graph\">{\"@context\":\"https:\/\/schema.org\",\"@graph\":[{\"@type\":\"WebPage\",\"@id\":\"https:\/\/barneleker.no\/index.php\/product\/barbie-fall-feature-horse\/\",\"url\":\"https:\/\/barneleker.no\/index.php\/product\/barbie-fall-feature-horse\/\",\"name\":\"Barbie, Fall Feature Horse - Barneleker.no\",\"isPartOf\":{\"@id\":\"https:\/\/barneleker.no\/#website\"},\"primaryImageOfPage\":{\"@id\":\"https:\/\/barneleker.no\/index.php\/product\/barbie-fall-feature-horse\/#primaryimage\"},\"image\":{\"@id\":\"https:\/\/barneleker.no\/index.php\/product\/barbie-fall-feature-horse\/#primaryimage\"},\"thumbnailUrl\":\"https:\/\/barneleker.no\/wp-content\/uploads\/2022\/02\/barbie-fall-feature-horse.jpg\",\"datePublished\":\"2022-02-08T19:54:20+00:00\",\"breadcrumb\":{\"@id\":\"https:\/\/barneleker.no\/index.php\/product\/barbie-fall-feature-horse\/#breadcrumb\"},\"inLanguage\":\"nb-NO\",\"potentialAction\":[{\"@type\":\"ReadAction\",\"target\":[\"https:\/\/barneleker.no\/index.php\/product\/barbie-fall-feature-horse\/\"]}]},{\"@type\":\"ImageObject\",\"inLanguage\":\"nb-NO\",\"@id\":\"https:\/\/barneleker.no\/index.php\/product\/barbie-fall-feature-horse\/#primaryimage\",\"url\":\"https:\/\/barneleker.no\/wp-content\/uploads\/2022\/02\/barbie-fall-feature-horse.jpg\",\"contentUrl\":\"https:\/\/barneleker.no\/wp-content\/uploads\/2022\/02\/barbie-fall-feature-horse.jpg\",\"width\":555,\"height\":555},{\"@type\":\"BreadcrumbList\",\"@id\":\"https:\/\/barneleker.no\/index.php\/product\/barbie-fall-feature-horse\/#breadcrumb\",\"itemListElement\":[{\"@type\":\"ListItem\",\"position\":1,\"name\":\"Butikken\",\"item\":\"https:\/\/barneleker.no\/\"},{\"@type\":\"ListItem\",\"position\":2,\"name\":\"Barbie, Fall Feature Horse\"}]},{\"@type\":\"WebSite\",\"@id\":\"https:\/\/barneleker.no\/#website\",\"url\":\"https:\/\/barneleker.no\/\",\"name\":\"Barneleker.no\",\"description\":\"Selvf\u00f8lgelig!\",\"publisher\":{\"@id\":\"https:\/\/barneleker.no\/#organization\"},\"potentialAction\":[{\"@type\":\"SearchAction\",\"target\":{\"@type\":\"EntryPoint\",\"urlTemplate\":\"https:\/\/barneleker.no\/?s={search_term_string}\"},\"query-input\":{\"@type\":\"PropertyValueSpecification\",\"valueRequired\":true,\"valueName\":\"search_term_string\"}}],\"inLanguage\":\"nb-NO\"},{\"@type\":\"Organization\",\"@id\":\"https:\/\/barneleker.no\/#organization\",\"name\":\"Barneleker.no\",\"url\":\"https:\/\/barneleker.no\/\",\"logo\":{\"@type\":\"ImageObject\",\"inLanguage\":\"nb-NO\",\"@id\":\"https:\/\/barneleker.no\/#\/schema\/logo\/image\/\",\"url\":\"https:\/\/barneleker.no\/wp-content\/uploads\/2021\/11\/barneleker_logo-780x150-1.jpg\",\"contentUrl\":\"https:\/\/barneleker.no\/wp-content\/uploads\/2021\/11\/barneleker_logo-780x150-1.jpg\",\"width\":780,\"height\":150,\"caption\":\"Barneleker.no\"},\"image\":{\"@id\":\"https:\/\/barneleker.no\/#\/schema\/logo\/image\/\"}}]}<\/script>\n<!-- \/ Yoast SEO plugin. -->","yoast_head_json":{"title":"Barbie, Fall Feature Horse - Barneleker.no","robots":{"index":"index","follow":"follow","max-snippet":"max-snippet:-1","max-image-preview":"max-image-preview:large","max-video-preview":"max-video-preview:-1"},"canonical":"https:\/\/barneleker.no\/index.php\/product\/barbie-fall-feature-horse\/","og_locale":"nb_NO","og_type":"article","og_title":"Barbie, Fall Feature Horse - Barneleker.no","og_description":"Utforsk omsorg, styling og vennskap med Barbie\u00ae-dukken, to hester og massevis av tilbeh\u00f8r. Barbie\u00ae Groom &#8216;n Care-lekesett inkluderer gjerde med et trau, en dusj og&hellip;","og_url":"https:\/\/barneleker.no\/index.php\/product\/barbie-fall-feature-horse\/","og_site_name":"Barneleker.no","twitter_card":"summary_large_image","twitter_misc":{"Ansl. lesetid":"1 minutt"},"schema":{"@context":"https:\/\/schema.org","@graph":[{"@type":"WebPage","@id":"https:\/\/barneleker.no\/index.php\/product\/barbie-fall-feature-horse\/","url":"https:\/\/barneleker.no\/index.php\/product\/barbie-fall-feature-horse\/","name":"Barbie, Fall Feature Horse - Barneleker.no","isPartOf":{"@id":"https:\/\/barneleker.no\/#website"},"primaryImageOfPage":{"@id":"https:\/\/barneleker.no\/index.php\/product\/barbie-fall-feature-horse\/#primaryimage"},"image":{"@id":"https:\/\/barneleker.no\/index.php\/product\/barbie-fall-feature-horse\/#primaryimage"},"thumbnailUrl":"https:\/\/barneleker.no\/wp-content\/uploads\/2022\/02\/barbie-fall-feature-horse.jpg","datePublished":"2022-02-08T19:54:20+00:00","breadcrumb":{"@id":"https:\/\/barneleker.no\/index.php\/product\/barbie-fall-feature-horse\/#breadcrumb"},"inLanguage":"nb-NO","potentialAction":[{"@type":"ReadAction","target":["https:\/\/barneleker.no\/index.php\/product\/barbie-fall-feature-horse\/"]}]},{"@type":"ImageObject","inLanguage":"nb-NO","@id":"https:\/\/barneleker.no\/index.php\/product\/barbie-fall-feature-horse\/#primaryimage","url":"https:\/\/barneleker.no\/wp-content\/uploads\/2022\/02\/barbie-fall-feature-horse.jpg","contentUrl":"https:\/\/barneleker.no\/wp-content\/uploads\/2022\/02\/barbie-fall-feature-horse.jpg","width":555,"height":555},{"@type":"BreadcrumbList","@id":"https:\/\/barneleker.no\/index.php\/product\/barbie-fall-feature-horse\/#breadcrumb","itemListElement":[{"@type":"ListItem","position":1,"name":"Butikken","item":"https:\/\/barneleker.no\/"},{"@type":"ListItem","position":2,"name":"Barbie, Fall Feature Horse"}]},{"@type":"WebSite","@id":"https:\/\/barneleker.no\/#website","url":"https:\/\/barneleker.no\/","name":"Barneleker.no","description":"Selvf\u00f8lgelig!","publisher":{"@id":"https:\/\/barneleker.no\/#organization"},"potentialAction":[{"@type":"SearchAction","target":{"@type":"EntryPoint","urlTemplate":"https:\/\/barneleker.no\/?s={search_term_string}"},"query-input":{"@type":"PropertyValueSpecification","valueRequired":true,"valueName":"search_term_string"}}],"inLanguage":"nb-NO"},{"@type":"Organization","@id":"https:\/\/barneleker.no\/#organization","name":"Barneleker.no","url":"https:\/\/barneleker.no\/","logo":{"@type":"ImageObject","inLanguage":"nb-NO","@id":"https:\/\/barneleker.no\/#\/schema\/logo\/image\/","url":"https:\/\/barneleker.no\/wp-content\/uploads\/2021\/11\/barneleker_logo-780x150-1.jpg","contentUrl":"https:\/\/barneleker.no\/wp-content\/uploads\/2021\/11\/barneleker_logo-780x150-1.jpg","width":780,"height":150,"caption":"Barneleker.no"},"image":{"@id":"https:\/\/barneleker.no\/#\/schema\/logo\/image\/"}}]}},"_links":{"self":[{"href":"https:\/\/barneleker.no\/index.php\/wp-json\/wp\/v2\/product\/13063","targetHints":{"allow":["GET"]}}],"collection":[{"href":"https:\/\/barneleker.no\/index.php\/wp-json\/wp\/v2\/product"}],"about":[{"href":"https:\/\/barneleker.no\/index.php\/wp-json\/wp\/v2\/types\/product"}],"replies":[{"embeddable":true,"href":"https:\/\/barneleker.no\/index.php\/wp-json\/wp\/v2\/comments?post=13063"}],"wp:featuredmedia":[{"embeddable":true,"href":"https:\/\/barneleker.no\/index.php\/wp-json\/wp\/v2\/media\/13062"}],"wp:attachment":[{"href":"https:\/\/barneleker.no\/index.php\/wp-json\/wp\/v2\/media?parent=13063"}],"wp:term":[{"taxonomy":"product_brand","embeddable":true,"href":"https:\/\/barneleker.no\/index.php\/wp-json\/wp\/v2\/product_brand?post=13063"},{"taxonomy":"product_cat","embeddable":true,"href":"https:\/\/barneleker.no\/index.php\/wp-json\/wp\/v2\/product_cat?post=13063"},{"taxonomy":"product_tag","embeddable":true,"href":"https:\/\/barneleker.no\/index.php\/wp-json\/wp\/v2\/product_tag?post=13063"}],"curies":[{"name":"wp","href":"https:\/\/api.w.org\/{rel}","templated":true}]}}