{"id":13103,"date":"2022-02-08T19:54:34","date_gmt":"2022-02-08T19:54:34","guid":{"rendered":"https:\/\/barneleker.no\/index.php\/product\/my-little-pony-my-little-pony-movie-royal-racing-ziplines\/"},"modified":"2022-02-08T19:54:34","modified_gmt":"2022-02-08T19:54:34","slug":"my-little-pony-my-little-pony-movie-royal-racing-ziplines","status":"publish","type":"product","link":"https:\/\/barneleker.no\/index.php\/product\/my-little-pony-my-little-pony-movie-royal-racing-ziplines\/","title":{"rendered":"My Little Pony My little pony, Movie Royal Racing Ziplines"},"content":{"rendered":"<p>M\u00f8t Princess Petals, en Pegasus fra Zephyr Heights! Princess Petals er en fasjonabel og talentfull popstjerne. Late som \u00e5 gj\u00f8re henne klar for sin mest spennende ytelse s\u00e5 langt med kongelige racing ziplines. Det 56 cm h\u00f8yt slottspillet for barn er inspirert av palasset i Zephyr Heights i filmen Min lille pony: En ny generasjon. Sett de medf\u00f8lgende prinsessebladene og cloudpufftallene p\u00e5 tauene og send dem bort fra slottets h\u00f8yeste t\u00e5rn og ned til scenen! Kommer med 9 mote og historie tilbeh\u00f8r og morsomme, aktive spillplasser i slottet. En rosa prinsesseblad ponny p\u00e5 7,5 cm med fleksible ledd, st\u00f8pt lilla h\u00e5r og et spesielt skinnende utseende inkludert. Film Toy er en suveren julegave eller bursdagsgave for barn fra 5 \u00e5r! Min lille ponny og alle relaterte figurer er varemerker for Hasbro.<\/p>\n","protected":false},"excerpt":{"rendered":"<p>M\u00f8t Princess Petals, en Pegasus fra Zephyr Heights! Princess Petals er en fasjonabel og talentfull popstjerne. Late som \u00e5 gj\u00f8re henne klar for sin mest&hellip;<\/p>\n","protected":false},"featured_media":13102,"comment_status":"open","ping_status":"closed","template":"","meta":[],"product_brand":[],"product_cat":[352],"product_tag":[],"class_list":{"0":"post-13103","1":"product","2":"type-product","3":"status-publish","4":"has-post-thumbnail","6":"product_cat-figurer-roboter","8":"first","9":"instock","10":"shipping-taxable","11":"product-type-external","12":"customify-col"},"yoast_head":"<!-- This site is optimized with the Yoast SEO plugin v26.0 - https:\/\/yoast.com\/wordpress\/plugins\/seo\/ -->\n<title>My Little Pony My little pony, Movie Royal Racing Ziplines - Barneleker.no<\/title>\n<meta name=\"robots\" content=\"index, follow, max-snippet:-1, max-image-preview:large, max-video-preview:-1\" \/>\n<link rel=\"canonical\" href=\"https:\/\/barneleker.no\/index.php\/product\/my-little-pony-my-little-pony-movie-royal-racing-ziplines\/\" \/>\n<meta property=\"og:locale\" content=\"nb_NO\" \/>\n<meta property=\"og:type\" content=\"article\" \/>\n<meta property=\"og:title\" content=\"My Little Pony My little pony, Movie Royal Racing Ziplines - Barneleker.no\" \/>\n<meta property=\"og:description\" content=\"M\u00f8t Princess Petals, en Pegasus fra Zephyr Heights! Princess Petals er en fasjonabel og talentfull popstjerne. Late som \u00e5 gj\u00f8re henne klar for sin mest&hellip;\" \/>\n<meta property=\"og:url\" content=\"https:\/\/barneleker.no\/index.php\/product\/my-little-pony-my-little-pony-movie-royal-racing-ziplines\/\" \/>\n<meta property=\"og:site_name\" content=\"Barneleker.no\" \/>\n<meta name=\"twitter:card\" content=\"summary_large_image\" \/>\n<meta name=\"twitter:label1\" content=\"Ansl. lesetid\" \/>\n\t<meta name=\"twitter:data1\" content=\"1 minutt\" \/>\n<script type=\"application\/ld+json\" class=\"yoast-schema-graph\">{\"@context\":\"https:\/\/schema.org\",\"@graph\":[{\"@type\":\"WebPage\",\"@id\":\"https:\/\/barneleker.no\/index.php\/product\/my-little-pony-my-little-pony-movie-royal-racing-ziplines\/\",\"url\":\"https:\/\/barneleker.no\/index.php\/product\/my-little-pony-my-little-pony-movie-royal-racing-ziplines\/\",\"name\":\"My Little Pony My little pony, Movie Royal Racing Ziplines - Barneleker.no\",\"isPartOf\":{\"@id\":\"https:\/\/barneleker.no\/#website\"},\"primaryImageOfPage\":{\"@id\":\"https:\/\/barneleker.no\/index.php\/product\/my-little-pony-my-little-pony-movie-royal-racing-ziplines\/#primaryimage\"},\"image\":{\"@id\":\"https:\/\/barneleker.no\/index.php\/product\/my-little-pony-my-little-pony-movie-royal-racing-ziplines\/#primaryimage\"},\"thumbnailUrl\":\"https:\/\/barneleker.no\/wp-content\/uploads\/2022\/02\/my-little-pony-movie-royal-racing-ziplines.jpg\",\"datePublished\":\"2022-02-08T19:54:34+00:00\",\"breadcrumb\":{\"@id\":\"https:\/\/barneleker.no\/index.php\/product\/my-little-pony-my-little-pony-movie-royal-racing-ziplines\/#breadcrumb\"},\"inLanguage\":\"nb-NO\",\"potentialAction\":[{\"@type\":\"ReadAction\",\"target\":[\"https:\/\/barneleker.no\/index.php\/product\/my-little-pony-my-little-pony-movie-royal-racing-ziplines\/\"]}]},{\"@type\":\"ImageObject\",\"inLanguage\":\"nb-NO\",\"@id\":\"https:\/\/barneleker.no\/index.php\/product\/my-little-pony-my-little-pony-movie-royal-racing-ziplines\/#primaryimage\",\"url\":\"https:\/\/barneleker.no\/wp-content\/uploads\/2022\/02\/my-little-pony-movie-royal-racing-ziplines.jpg\",\"contentUrl\":\"https:\/\/barneleker.no\/wp-content\/uploads\/2022\/02\/my-little-pony-movie-royal-racing-ziplines.jpg\",\"width\":555,\"height\":555},{\"@type\":\"BreadcrumbList\",\"@id\":\"https:\/\/barneleker.no\/index.php\/product\/my-little-pony-my-little-pony-movie-royal-racing-ziplines\/#breadcrumb\",\"itemListElement\":[{\"@type\":\"ListItem\",\"position\":1,\"name\":\"Butikken\",\"item\":\"https:\/\/barneleker.no\/\"},{\"@type\":\"ListItem\",\"position\":2,\"name\":\"My Little Pony My little pony, Movie Royal Racing Ziplines\"}]},{\"@type\":\"WebSite\",\"@id\":\"https:\/\/barneleker.no\/#website\",\"url\":\"https:\/\/barneleker.no\/\",\"name\":\"Barneleker.no\",\"description\":\"Selvf\u00f8lgelig!\",\"publisher\":{\"@id\":\"https:\/\/barneleker.no\/#organization\"},\"potentialAction\":[{\"@type\":\"SearchAction\",\"target\":{\"@type\":\"EntryPoint\",\"urlTemplate\":\"https:\/\/barneleker.no\/?s={search_term_string}\"},\"query-input\":{\"@type\":\"PropertyValueSpecification\",\"valueRequired\":true,\"valueName\":\"search_term_string\"}}],\"inLanguage\":\"nb-NO\"},{\"@type\":\"Organization\",\"@id\":\"https:\/\/barneleker.no\/#organization\",\"name\":\"Barneleker.no\",\"url\":\"https:\/\/barneleker.no\/\",\"logo\":{\"@type\":\"ImageObject\",\"inLanguage\":\"nb-NO\",\"@id\":\"https:\/\/barneleker.no\/#\/schema\/logo\/image\/\",\"url\":\"https:\/\/barneleker.no\/wp-content\/uploads\/2021\/11\/barneleker_logo-780x150-1.jpg\",\"contentUrl\":\"https:\/\/barneleker.no\/wp-content\/uploads\/2021\/11\/barneleker_logo-780x150-1.jpg\",\"width\":780,\"height\":150,\"caption\":\"Barneleker.no\"},\"image\":{\"@id\":\"https:\/\/barneleker.no\/#\/schema\/logo\/image\/\"}}]}<\/script>\n<!-- \/ Yoast SEO plugin. -->","yoast_head_json":{"title":"My Little Pony My little pony, Movie Royal Racing Ziplines - Barneleker.no","robots":{"index":"index","follow":"follow","max-snippet":"max-snippet:-1","max-image-preview":"max-image-preview:large","max-video-preview":"max-video-preview:-1"},"canonical":"https:\/\/barneleker.no\/index.php\/product\/my-little-pony-my-little-pony-movie-royal-racing-ziplines\/","og_locale":"nb_NO","og_type":"article","og_title":"My Little Pony My little pony, Movie Royal Racing Ziplines - Barneleker.no","og_description":"M\u00f8t Princess Petals, en Pegasus fra Zephyr Heights! Princess Petals er en fasjonabel og talentfull popstjerne. Late som \u00e5 gj\u00f8re henne klar for sin mest&hellip;","og_url":"https:\/\/barneleker.no\/index.php\/product\/my-little-pony-my-little-pony-movie-royal-racing-ziplines\/","og_site_name":"Barneleker.no","twitter_card":"summary_large_image","twitter_misc":{"Ansl. lesetid":"1 minutt"},"schema":{"@context":"https:\/\/schema.org","@graph":[{"@type":"WebPage","@id":"https:\/\/barneleker.no\/index.php\/product\/my-little-pony-my-little-pony-movie-royal-racing-ziplines\/","url":"https:\/\/barneleker.no\/index.php\/product\/my-little-pony-my-little-pony-movie-royal-racing-ziplines\/","name":"My Little Pony My little pony, Movie Royal Racing Ziplines - Barneleker.no","isPartOf":{"@id":"https:\/\/barneleker.no\/#website"},"primaryImageOfPage":{"@id":"https:\/\/barneleker.no\/index.php\/product\/my-little-pony-my-little-pony-movie-royal-racing-ziplines\/#primaryimage"},"image":{"@id":"https:\/\/barneleker.no\/index.php\/product\/my-little-pony-my-little-pony-movie-royal-racing-ziplines\/#primaryimage"},"thumbnailUrl":"https:\/\/barneleker.no\/wp-content\/uploads\/2022\/02\/my-little-pony-movie-royal-racing-ziplines.jpg","datePublished":"2022-02-08T19:54:34+00:00","breadcrumb":{"@id":"https:\/\/barneleker.no\/index.php\/product\/my-little-pony-my-little-pony-movie-royal-racing-ziplines\/#breadcrumb"},"inLanguage":"nb-NO","potentialAction":[{"@type":"ReadAction","target":["https:\/\/barneleker.no\/index.php\/product\/my-little-pony-my-little-pony-movie-royal-racing-ziplines\/"]}]},{"@type":"ImageObject","inLanguage":"nb-NO","@id":"https:\/\/barneleker.no\/index.php\/product\/my-little-pony-my-little-pony-movie-royal-racing-ziplines\/#primaryimage","url":"https:\/\/barneleker.no\/wp-content\/uploads\/2022\/02\/my-little-pony-movie-royal-racing-ziplines.jpg","contentUrl":"https:\/\/barneleker.no\/wp-content\/uploads\/2022\/02\/my-little-pony-movie-royal-racing-ziplines.jpg","width":555,"height":555},{"@type":"BreadcrumbList","@id":"https:\/\/barneleker.no\/index.php\/product\/my-little-pony-my-little-pony-movie-royal-racing-ziplines\/#breadcrumb","itemListElement":[{"@type":"ListItem","position":1,"name":"Butikken","item":"https:\/\/barneleker.no\/"},{"@type":"ListItem","position":2,"name":"My Little Pony My little pony, Movie Royal Racing Ziplines"}]},{"@type":"WebSite","@id":"https:\/\/barneleker.no\/#website","url":"https:\/\/barneleker.no\/","name":"Barneleker.no","description":"Selvf\u00f8lgelig!","publisher":{"@id":"https:\/\/barneleker.no\/#organization"},"potentialAction":[{"@type":"SearchAction","target":{"@type":"EntryPoint","urlTemplate":"https:\/\/barneleker.no\/?s={search_term_string}"},"query-input":{"@type":"PropertyValueSpecification","valueRequired":true,"valueName":"search_term_string"}}],"inLanguage":"nb-NO"},{"@type":"Organization","@id":"https:\/\/barneleker.no\/#organization","name":"Barneleker.no","url":"https:\/\/barneleker.no\/","logo":{"@type":"ImageObject","inLanguage":"nb-NO","@id":"https:\/\/barneleker.no\/#\/schema\/logo\/image\/","url":"https:\/\/barneleker.no\/wp-content\/uploads\/2021\/11\/barneleker_logo-780x150-1.jpg","contentUrl":"https:\/\/barneleker.no\/wp-content\/uploads\/2021\/11\/barneleker_logo-780x150-1.jpg","width":780,"height":150,"caption":"Barneleker.no"},"image":{"@id":"https:\/\/barneleker.no\/#\/schema\/logo\/image\/"}}]}},"_links":{"self":[{"href":"https:\/\/barneleker.no\/index.php\/wp-json\/wp\/v2\/product\/13103","targetHints":{"allow":["GET"]}}],"collection":[{"href":"https:\/\/barneleker.no\/index.php\/wp-json\/wp\/v2\/product"}],"about":[{"href":"https:\/\/barneleker.no\/index.php\/wp-json\/wp\/v2\/types\/product"}],"replies":[{"embeddable":true,"href":"https:\/\/barneleker.no\/index.php\/wp-json\/wp\/v2\/comments?post=13103"}],"wp:featuredmedia":[{"embeddable":true,"href":"https:\/\/barneleker.no\/index.php\/wp-json\/wp\/v2\/media\/13102"}],"wp:attachment":[{"href":"https:\/\/barneleker.no\/index.php\/wp-json\/wp\/v2\/media?parent=13103"}],"wp:term":[{"taxonomy":"product_brand","embeddable":true,"href":"https:\/\/barneleker.no\/index.php\/wp-json\/wp\/v2\/product_brand?post=13103"},{"taxonomy":"product_cat","embeddable":true,"href":"https:\/\/barneleker.no\/index.php\/wp-json\/wp\/v2\/product_cat?post=13103"},{"taxonomy":"product_tag","embeddable":true,"href":"https:\/\/barneleker.no\/index.php\/wp-json\/wp\/v2\/product_tag?post=13103"}],"curies":[{"name":"wp","href":"https:\/\/api.w.org\/{rel}","templated":true}]}}