{"id":13107,"date":"2022-02-08T19:54:35","date_gmt":"2022-02-08T19:54:35","guid":{"rendered":"https:\/\/barneleker.no\/index.php\/product\/aquaplay-1547-adventureland\/"},"modified":"2022-02-08T19:54:35","modified_gmt":"2022-02-08T19:54:35","slug":"aquaplay-1547-adventureland","status":"publish","type":"product","link":"https:\/\/barneleker.no\/index.php\/product\/aquaplay-1547-adventureland\/","title":{"rendered":"AquaPlay, 1547, Adventureland"},"content":{"rendered":"<p>Skap din egen vannpark med AquaPlay! Med b\u00e5de sluser og kanaler kan du oppleve en egen liten verden med masse vann og morsomme leker! AquaPlay AdventureLand er kanalsystemet med t\u00f8mmerrenne, innebygget park og et stort fjell.\u00a0\u00a0Sammen med krokodilen Sven og bj\u00f8rnen Bo kan barna utforske den mystiske grotten i fjellet, klatre i de bratte klippene, utforske det morsomme vannfallet eller hoppe av rampen. Padle med vannhjulet for \u00e5 f\u00e5 fart p\u00e5 b\u00e5tene. Opplev spennende eventyr i din egen hage.<\/p>\n","protected":false},"excerpt":{"rendered":"<p>Skap din egen vannpark med AquaPlay! Med b\u00e5de sluser og kanaler kan du oppleve en egen liten verden med masse vann og morsomme leker! AquaPlay&hellip;<\/p>\n","protected":false},"featured_media":13106,"comment_status":"open","ping_status":"closed","template":"","meta":[],"product_brand":[],"product_cat":[459],"product_tag":[],"class_list":{"0":"post-13107","1":"product","2":"type-product","3":"status-publish","4":"has-post-thumbnail","6":"product_cat-vattenbanor","8":"first","9":"instock","10":"shipping-taxable","11":"product-type-external","12":"customify-col"},"yoast_head":"<!-- This site is optimized with the Yoast SEO plugin v26.0 - https:\/\/yoast.com\/wordpress\/plugins\/seo\/ -->\n<title>AquaPlay, 1547, Adventureland - Barneleker.no<\/title>\n<meta name=\"robots\" content=\"index, follow, max-snippet:-1, max-image-preview:large, max-video-preview:-1\" \/>\n<link rel=\"canonical\" href=\"https:\/\/barneleker.no\/index.php\/product\/aquaplay-1547-adventureland\/\" \/>\n<meta property=\"og:locale\" content=\"nb_NO\" \/>\n<meta property=\"og:type\" content=\"article\" \/>\n<meta property=\"og:title\" content=\"AquaPlay, 1547, Adventureland - Barneleker.no\" \/>\n<meta property=\"og:description\" content=\"Skap din egen vannpark med AquaPlay! Med b\u00e5de sluser og kanaler kan du oppleve en egen liten verden med masse vann og morsomme leker! AquaPlay&hellip;\" \/>\n<meta property=\"og:url\" content=\"https:\/\/barneleker.no\/index.php\/product\/aquaplay-1547-adventureland\/\" \/>\n<meta property=\"og:site_name\" content=\"Barneleker.no\" \/>\n<meta name=\"twitter:card\" content=\"summary_large_image\" \/>\n<script type=\"application\/ld+json\" class=\"yoast-schema-graph\">{\"@context\":\"https:\/\/schema.org\",\"@graph\":[{\"@type\":\"WebPage\",\"@id\":\"https:\/\/barneleker.no\/index.php\/product\/aquaplay-1547-adventureland\/\",\"url\":\"https:\/\/barneleker.no\/index.php\/product\/aquaplay-1547-adventureland\/\",\"name\":\"AquaPlay, 1547, Adventureland - Barneleker.no\",\"isPartOf\":{\"@id\":\"https:\/\/barneleker.no\/#website\"},\"primaryImageOfPage\":{\"@id\":\"https:\/\/barneleker.no\/index.php\/product\/aquaplay-1547-adventureland\/#primaryimage\"},\"image\":{\"@id\":\"https:\/\/barneleker.no\/index.php\/product\/aquaplay-1547-adventureland\/#primaryimage\"},\"thumbnailUrl\":\"https:\/\/barneleker.no\/wp-content\/uploads\/2022\/02\/aquaplay-1547-adventureland.jpg\",\"datePublished\":\"2022-02-08T19:54:35+00:00\",\"breadcrumb\":{\"@id\":\"https:\/\/barneleker.no\/index.php\/product\/aquaplay-1547-adventureland\/#breadcrumb\"},\"inLanguage\":\"nb-NO\",\"potentialAction\":[{\"@type\":\"ReadAction\",\"target\":[\"https:\/\/barneleker.no\/index.php\/product\/aquaplay-1547-adventureland\/\"]}]},{\"@type\":\"ImageObject\",\"inLanguage\":\"nb-NO\",\"@id\":\"https:\/\/barneleker.no\/index.php\/product\/aquaplay-1547-adventureland\/#primaryimage\",\"url\":\"https:\/\/barneleker.no\/wp-content\/uploads\/2022\/02\/aquaplay-1547-adventureland.jpg\",\"contentUrl\":\"https:\/\/barneleker.no\/wp-content\/uploads\/2022\/02\/aquaplay-1547-adventureland.jpg\",\"width\":555,\"height\":555},{\"@type\":\"BreadcrumbList\",\"@id\":\"https:\/\/barneleker.no\/index.php\/product\/aquaplay-1547-adventureland\/#breadcrumb\",\"itemListElement\":[{\"@type\":\"ListItem\",\"position\":1,\"name\":\"Butikken\",\"item\":\"https:\/\/barneleker.no\/\"},{\"@type\":\"ListItem\",\"position\":2,\"name\":\"AquaPlay, 1547, Adventureland\"}]},{\"@type\":\"WebSite\",\"@id\":\"https:\/\/barneleker.no\/#website\",\"url\":\"https:\/\/barneleker.no\/\",\"name\":\"Barneleker.no\",\"description\":\"Selvf\u00f8lgelig!\",\"publisher\":{\"@id\":\"https:\/\/barneleker.no\/#organization\"},\"potentialAction\":[{\"@type\":\"SearchAction\",\"target\":{\"@type\":\"EntryPoint\",\"urlTemplate\":\"https:\/\/barneleker.no\/?s={search_term_string}\"},\"query-input\":{\"@type\":\"PropertyValueSpecification\",\"valueRequired\":true,\"valueName\":\"search_term_string\"}}],\"inLanguage\":\"nb-NO\"},{\"@type\":\"Organization\",\"@id\":\"https:\/\/barneleker.no\/#organization\",\"name\":\"Barneleker.no\",\"url\":\"https:\/\/barneleker.no\/\",\"logo\":{\"@type\":\"ImageObject\",\"inLanguage\":\"nb-NO\",\"@id\":\"https:\/\/barneleker.no\/#\/schema\/logo\/image\/\",\"url\":\"https:\/\/barneleker.no\/wp-content\/uploads\/2021\/11\/barneleker_logo-780x150-1.jpg\",\"contentUrl\":\"https:\/\/barneleker.no\/wp-content\/uploads\/2021\/11\/barneleker_logo-780x150-1.jpg\",\"width\":780,\"height\":150,\"caption\":\"Barneleker.no\"},\"image\":{\"@id\":\"https:\/\/barneleker.no\/#\/schema\/logo\/image\/\"}}]}<\/script>\n<!-- \/ Yoast SEO plugin. -->","yoast_head_json":{"title":"AquaPlay, 1547, Adventureland - Barneleker.no","robots":{"index":"index","follow":"follow","max-snippet":"max-snippet:-1","max-image-preview":"max-image-preview:large","max-video-preview":"max-video-preview:-1"},"canonical":"https:\/\/barneleker.no\/index.php\/product\/aquaplay-1547-adventureland\/","og_locale":"nb_NO","og_type":"article","og_title":"AquaPlay, 1547, Adventureland - Barneleker.no","og_description":"Skap din egen vannpark med AquaPlay! Med b\u00e5de sluser og kanaler kan du oppleve en egen liten verden med masse vann og morsomme leker! AquaPlay&hellip;","og_url":"https:\/\/barneleker.no\/index.php\/product\/aquaplay-1547-adventureland\/","og_site_name":"Barneleker.no","twitter_card":"summary_large_image","schema":{"@context":"https:\/\/schema.org","@graph":[{"@type":"WebPage","@id":"https:\/\/barneleker.no\/index.php\/product\/aquaplay-1547-adventureland\/","url":"https:\/\/barneleker.no\/index.php\/product\/aquaplay-1547-adventureland\/","name":"AquaPlay, 1547, Adventureland - Barneleker.no","isPartOf":{"@id":"https:\/\/barneleker.no\/#website"},"primaryImageOfPage":{"@id":"https:\/\/barneleker.no\/index.php\/product\/aquaplay-1547-adventureland\/#primaryimage"},"image":{"@id":"https:\/\/barneleker.no\/index.php\/product\/aquaplay-1547-adventureland\/#primaryimage"},"thumbnailUrl":"https:\/\/barneleker.no\/wp-content\/uploads\/2022\/02\/aquaplay-1547-adventureland.jpg","datePublished":"2022-02-08T19:54:35+00:00","breadcrumb":{"@id":"https:\/\/barneleker.no\/index.php\/product\/aquaplay-1547-adventureland\/#breadcrumb"},"inLanguage":"nb-NO","potentialAction":[{"@type":"ReadAction","target":["https:\/\/barneleker.no\/index.php\/product\/aquaplay-1547-adventureland\/"]}]},{"@type":"ImageObject","inLanguage":"nb-NO","@id":"https:\/\/barneleker.no\/index.php\/product\/aquaplay-1547-adventureland\/#primaryimage","url":"https:\/\/barneleker.no\/wp-content\/uploads\/2022\/02\/aquaplay-1547-adventureland.jpg","contentUrl":"https:\/\/barneleker.no\/wp-content\/uploads\/2022\/02\/aquaplay-1547-adventureland.jpg","width":555,"height":555},{"@type":"BreadcrumbList","@id":"https:\/\/barneleker.no\/index.php\/product\/aquaplay-1547-adventureland\/#breadcrumb","itemListElement":[{"@type":"ListItem","position":1,"name":"Butikken","item":"https:\/\/barneleker.no\/"},{"@type":"ListItem","position":2,"name":"AquaPlay, 1547, Adventureland"}]},{"@type":"WebSite","@id":"https:\/\/barneleker.no\/#website","url":"https:\/\/barneleker.no\/","name":"Barneleker.no","description":"Selvf\u00f8lgelig!","publisher":{"@id":"https:\/\/barneleker.no\/#organization"},"potentialAction":[{"@type":"SearchAction","target":{"@type":"EntryPoint","urlTemplate":"https:\/\/barneleker.no\/?s={search_term_string}"},"query-input":{"@type":"PropertyValueSpecification","valueRequired":true,"valueName":"search_term_string"}}],"inLanguage":"nb-NO"},{"@type":"Organization","@id":"https:\/\/barneleker.no\/#organization","name":"Barneleker.no","url":"https:\/\/barneleker.no\/","logo":{"@type":"ImageObject","inLanguage":"nb-NO","@id":"https:\/\/barneleker.no\/#\/schema\/logo\/image\/","url":"https:\/\/barneleker.no\/wp-content\/uploads\/2021\/11\/barneleker_logo-780x150-1.jpg","contentUrl":"https:\/\/barneleker.no\/wp-content\/uploads\/2021\/11\/barneleker_logo-780x150-1.jpg","width":780,"height":150,"caption":"Barneleker.no"},"image":{"@id":"https:\/\/barneleker.no\/#\/schema\/logo\/image\/"}}]}},"_links":{"self":[{"href":"https:\/\/barneleker.no\/index.php\/wp-json\/wp\/v2\/product\/13107","targetHints":{"allow":["GET"]}}],"collection":[{"href":"https:\/\/barneleker.no\/index.php\/wp-json\/wp\/v2\/product"}],"about":[{"href":"https:\/\/barneleker.no\/index.php\/wp-json\/wp\/v2\/types\/product"}],"replies":[{"embeddable":true,"href":"https:\/\/barneleker.no\/index.php\/wp-json\/wp\/v2\/comments?post=13107"}],"wp:featuredmedia":[{"embeddable":true,"href":"https:\/\/barneleker.no\/index.php\/wp-json\/wp\/v2\/media\/13106"}],"wp:attachment":[{"href":"https:\/\/barneleker.no\/index.php\/wp-json\/wp\/v2\/media?parent=13107"}],"wp:term":[{"taxonomy":"product_brand","embeddable":true,"href":"https:\/\/barneleker.no\/index.php\/wp-json\/wp\/v2\/product_brand?post=13107"},{"taxonomy":"product_cat","embeddable":true,"href":"https:\/\/barneleker.no\/index.php\/wp-json\/wp\/v2\/product_cat?post=13107"},{"taxonomy":"product_tag","embeddable":true,"href":"https:\/\/barneleker.no\/index.php\/wp-json\/wp\/v2\/product_tag?post=13107"}],"curies":[{"name":"wp","href":"https:\/\/api.w.org\/{rel}","templated":true}]}}