{"id":13113,"date":"2022-02-08T19:54:37","date_gmt":"2022-02-08T19:54:37","guid":{"rendered":"https:\/\/barneleker.no\/index.php\/product\/teddykompaniet-diinglisar-biteleke-vognheng-katt\/"},"modified":"2022-02-08T19:54:37","modified_gmt":"2022-02-08T19:54:37","slug":"teddykompaniet-diinglisar-biteleke-vognheng-katt","status":"publish","type":"product","link":"https:\/\/barneleker.no\/index.php\/product\/teddykompaniet-diinglisar-biteleke-vognheng-katt\/","title":{"rendered":"Teddykompaniet Diinglisar Biteleke\/vognheng Katt"},"content":{"rendered":"<p>Diinglisar biteleket\u00f8y og vogn anheng har tre forskjellige funksjoner. Den s\u00f8te katten er dekorativ som en vogn anheng, et interaktivt leket\u00f8y der figuren har en rasling inni og den er ogs\u00e5 litt bitering ettersom det gr\u00e5 hjertet har sm\u00e5 pigger som hjelper babyen n\u00e5r det kl\u00f8r i munnen Anbefalt alder: Fra 0 m\u00e5neder.<\/p>\n","protected":false},"excerpt":{"rendered":"<p>Diinglisar biteleket\u00f8y og vogn anheng har tre forskjellige funksjoner. Den s\u00f8te katten er dekorativ som en vogn anheng, et interaktivt leket\u00f8y der figuren har en&hellip;<\/p>\n","protected":false},"featured_media":13112,"comment_status":"open","ping_status":"closed","template":"","meta":[],"product_brand":[],"product_cat":[444],"product_tag":[],"class_list":{"0":"post-13113","1":"product","2":"type-product","3":"status-publish","4":"has-post-thumbnail","6":"product_cat-vagnhange","8":"first","9":"instock","10":"shipping-taxable","11":"product-type-external","12":"customify-col"},"yoast_head":"<!-- This site is optimized with the Yoast SEO plugin v26.0 - https:\/\/yoast.com\/wordpress\/plugins\/seo\/ -->\n<title>Teddykompaniet Diinglisar Biteleke\/vognheng Katt - Barneleker.no<\/title>\n<meta name=\"robots\" content=\"index, follow, max-snippet:-1, max-image-preview:large, max-video-preview:-1\" \/>\n<link rel=\"canonical\" href=\"https:\/\/barneleker.no\/index.php\/product\/teddykompaniet-diinglisar-biteleke-vognheng-katt\/\" \/>\n<meta property=\"og:locale\" content=\"nb_NO\" \/>\n<meta property=\"og:type\" content=\"article\" \/>\n<meta property=\"og:title\" content=\"Teddykompaniet Diinglisar Biteleke\/vognheng Katt - Barneleker.no\" \/>\n<meta property=\"og:description\" content=\"Diinglisar biteleket\u00f8y og vogn anheng har tre forskjellige funksjoner. Den s\u00f8te katten er dekorativ som en vogn anheng, et interaktivt leket\u00f8y der figuren har en&hellip;\" \/>\n<meta property=\"og:url\" content=\"https:\/\/barneleker.no\/index.php\/product\/teddykompaniet-diinglisar-biteleke-vognheng-katt\/\" \/>\n<meta property=\"og:site_name\" content=\"Barneleker.no\" \/>\n<meta name=\"twitter:card\" content=\"summary_large_image\" \/>\n<script type=\"application\/ld+json\" class=\"yoast-schema-graph\">{\"@context\":\"https:\/\/schema.org\",\"@graph\":[{\"@type\":\"WebPage\",\"@id\":\"https:\/\/barneleker.no\/index.php\/product\/teddykompaniet-diinglisar-biteleke-vognheng-katt\/\",\"url\":\"https:\/\/barneleker.no\/index.php\/product\/teddykompaniet-diinglisar-biteleke-vognheng-katt\/\",\"name\":\"Teddykompaniet Diinglisar Biteleke\/vognheng Katt - Barneleker.no\",\"isPartOf\":{\"@id\":\"https:\/\/barneleker.no\/#website\"},\"primaryImageOfPage\":{\"@id\":\"https:\/\/barneleker.no\/index.php\/product\/teddykompaniet-diinglisar-biteleke-vognheng-katt\/#primaryimage\"},\"image\":{\"@id\":\"https:\/\/barneleker.no\/index.php\/product\/teddykompaniet-diinglisar-biteleke-vognheng-katt\/#primaryimage\"},\"thumbnailUrl\":\"https:\/\/barneleker.no\/wp-content\/uploads\/2022\/02\/teddykompaniet-diinglisar-biteleke-vognheng-katt.jpg\",\"datePublished\":\"2022-02-08T19:54:37+00:00\",\"breadcrumb\":{\"@id\":\"https:\/\/barneleker.no\/index.php\/product\/teddykompaniet-diinglisar-biteleke-vognheng-katt\/#breadcrumb\"},\"inLanguage\":\"nb-NO\",\"potentialAction\":[{\"@type\":\"ReadAction\",\"target\":[\"https:\/\/barneleker.no\/index.php\/product\/teddykompaniet-diinglisar-biteleke-vognheng-katt\/\"]}]},{\"@type\":\"ImageObject\",\"inLanguage\":\"nb-NO\",\"@id\":\"https:\/\/barneleker.no\/index.php\/product\/teddykompaniet-diinglisar-biteleke-vognheng-katt\/#primaryimage\",\"url\":\"https:\/\/barneleker.no\/wp-content\/uploads\/2022\/02\/teddykompaniet-diinglisar-biteleke-vognheng-katt.jpg\",\"contentUrl\":\"https:\/\/barneleker.no\/wp-content\/uploads\/2022\/02\/teddykompaniet-diinglisar-biteleke-vognheng-katt.jpg\",\"width\":555,\"height\":555},{\"@type\":\"BreadcrumbList\",\"@id\":\"https:\/\/barneleker.no\/index.php\/product\/teddykompaniet-diinglisar-biteleke-vognheng-katt\/#breadcrumb\",\"itemListElement\":[{\"@type\":\"ListItem\",\"position\":1,\"name\":\"Butikken\",\"item\":\"https:\/\/barneleker.no\/\"},{\"@type\":\"ListItem\",\"position\":2,\"name\":\"Teddykompaniet Diinglisar Biteleke\/vognheng Katt\"}]},{\"@type\":\"WebSite\",\"@id\":\"https:\/\/barneleker.no\/#website\",\"url\":\"https:\/\/barneleker.no\/\",\"name\":\"Barneleker.no\",\"description\":\"Selvf\u00f8lgelig!\",\"publisher\":{\"@id\":\"https:\/\/barneleker.no\/#organization\"},\"potentialAction\":[{\"@type\":\"SearchAction\",\"target\":{\"@type\":\"EntryPoint\",\"urlTemplate\":\"https:\/\/barneleker.no\/?s={search_term_string}\"},\"query-input\":{\"@type\":\"PropertyValueSpecification\",\"valueRequired\":true,\"valueName\":\"search_term_string\"}}],\"inLanguage\":\"nb-NO\"},{\"@type\":\"Organization\",\"@id\":\"https:\/\/barneleker.no\/#organization\",\"name\":\"Barneleker.no\",\"url\":\"https:\/\/barneleker.no\/\",\"logo\":{\"@type\":\"ImageObject\",\"inLanguage\":\"nb-NO\",\"@id\":\"https:\/\/barneleker.no\/#\/schema\/logo\/image\/\",\"url\":\"https:\/\/barneleker.no\/wp-content\/uploads\/2021\/11\/barneleker_logo-780x150-1.jpg\",\"contentUrl\":\"https:\/\/barneleker.no\/wp-content\/uploads\/2021\/11\/barneleker_logo-780x150-1.jpg\",\"width\":780,\"height\":150,\"caption\":\"Barneleker.no\"},\"image\":{\"@id\":\"https:\/\/barneleker.no\/#\/schema\/logo\/image\/\"}}]}<\/script>\n<!-- \/ Yoast SEO plugin. -->","yoast_head_json":{"title":"Teddykompaniet Diinglisar Biteleke\/vognheng Katt - Barneleker.no","robots":{"index":"index","follow":"follow","max-snippet":"max-snippet:-1","max-image-preview":"max-image-preview:large","max-video-preview":"max-video-preview:-1"},"canonical":"https:\/\/barneleker.no\/index.php\/product\/teddykompaniet-diinglisar-biteleke-vognheng-katt\/","og_locale":"nb_NO","og_type":"article","og_title":"Teddykompaniet Diinglisar Biteleke\/vognheng Katt - Barneleker.no","og_description":"Diinglisar biteleket\u00f8y og vogn anheng har tre forskjellige funksjoner. Den s\u00f8te katten er dekorativ som en vogn anheng, et interaktivt leket\u00f8y der figuren har en&hellip;","og_url":"https:\/\/barneleker.no\/index.php\/product\/teddykompaniet-diinglisar-biteleke-vognheng-katt\/","og_site_name":"Barneleker.no","twitter_card":"summary_large_image","schema":{"@context":"https:\/\/schema.org","@graph":[{"@type":"WebPage","@id":"https:\/\/barneleker.no\/index.php\/product\/teddykompaniet-diinglisar-biteleke-vognheng-katt\/","url":"https:\/\/barneleker.no\/index.php\/product\/teddykompaniet-diinglisar-biteleke-vognheng-katt\/","name":"Teddykompaniet Diinglisar Biteleke\/vognheng Katt - Barneleker.no","isPartOf":{"@id":"https:\/\/barneleker.no\/#website"},"primaryImageOfPage":{"@id":"https:\/\/barneleker.no\/index.php\/product\/teddykompaniet-diinglisar-biteleke-vognheng-katt\/#primaryimage"},"image":{"@id":"https:\/\/barneleker.no\/index.php\/product\/teddykompaniet-diinglisar-biteleke-vognheng-katt\/#primaryimage"},"thumbnailUrl":"https:\/\/barneleker.no\/wp-content\/uploads\/2022\/02\/teddykompaniet-diinglisar-biteleke-vognheng-katt.jpg","datePublished":"2022-02-08T19:54:37+00:00","breadcrumb":{"@id":"https:\/\/barneleker.no\/index.php\/product\/teddykompaniet-diinglisar-biteleke-vognheng-katt\/#breadcrumb"},"inLanguage":"nb-NO","potentialAction":[{"@type":"ReadAction","target":["https:\/\/barneleker.no\/index.php\/product\/teddykompaniet-diinglisar-biteleke-vognheng-katt\/"]}]},{"@type":"ImageObject","inLanguage":"nb-NO","@id":"https:\/\/barneleker.no\/index.php\/product\/teddykompaniet-diinglisar-biteleke-vognheng-katt\/#primaryimage","url":"https:\/\/barneleker.no\/wp-content\/uploads\/2022\/02\/teddykompaniet-diinglisar-biteleke-vognheng-katt.jpg","contentUrl":"https:\/\/barneleker.no\/wp-content\/uploads\/2022\/02\/teddykompaniet-diinglisar-biteleke-vognheng-katt.jpg","width":555,"height":555},{"@type":"BreadcrumbList","@id":"https:\/\/barneleker.no\/index.php\/product\/teddykompaniet-diinglisar-biteleke-vognheng-katt\/#breadcrumb","itemListElement":[{"@type":"ListItem","position":1,"name":"Butikken","item":"https:\/\/barneleker.no\/"},{"@type":"ListItem","position":2,"name":"Teddykompaniet Diinglisar Biteleke\/vognheng Katt"}]},{"@type":"WebSite","@id":"https:\/\/barneleker.no\/#website","url":"https:\/\/barneleker.no\/","name":"Barneleker.no","description":"Selvf\u00f8lgelig!","publisher":{"@id":"https:\/\/barneleker.no\/#organization"},"potentialAction":[{"@type":"SearchAction","target":{"@type":"EntryPoint","urlTemplate":"https:\/\/barneleker.no\/?s={search_term_string}"},"query-input":{"@type":"PropertyValueSpecification","valueRequired":true,"valueName":"search_term_string"}}],"inLanguage":"nb-NO"},{"@type":"Organization","@id":"https:\/\/barneleker.no\/#organization","name":"Barneleker.no","url":"https:\/\/barneleker.no\/","logo":{"@type":"ImageObject","inLanguage":"nb-NO","@id":"https:\/\/barneleker.no\/#\/schema\/logo\/image\/","url":"https:\/\/barneleker.no\/wp-content\/uploads\/2021\/11\/barneleker_logo-780x150-1.jpg","contentUrl":"https:\/\/barneleker.no\/wp-content\/uploads\/2021\/11\/barneleker_logo-780x150-1.jpg","width":780,"height":150,"caption":"Barneleker.no"},"image":{"@id":"https:\/\/barneleker.no\/#\/schema\/logo\/image\/"}}]}},"_links":{"self":[{"href":"https:\/\/barneleker.no\/index.php\/wp-json\/wp\/v2\/product\/13113","targetHints":{"allow":["GET"]}}],"collection":[{"href":"https:\/\/barneleker.no\/index.php\/wp-json\/wp\/v2\/product"}],"about":[{"href":"https:\/\/barneleker.no\/index.php\/wp-json\/wp\/v2\/types\/product"}],"replies":[{"embeddable":true,"href":"https:\/\/barneleker.no\/index.php\/wp-json\/wp\/v2\/comments?post=13113"}],"wp:featuredmedia":[{"embeddable":true,"href":"https:\/\/barneleker.no\/index.php\/wp-json\/wp\/v2\/media\/13112"}],"wp:attachment":[{"href":"https:\/\/barneleker.no\/index.php\/wp-json\/wp\/v2\/media?parent=13113"}],"wp:term":[{"taxonomy":"product_brand","embeddable":true,"href":"https:\/\/barneleker.no\/index.php\/wp-json\/wp\/v2\/product_brand?post=13113"},{"taxonomy":"product_cat","embeddable":true,"href":"https:\/\/barneleker.no\/index.php\/wp-json\/wp\/v2\/product_cat?post=13113"},{"taxonomy":"product_tag","embeddable":true,"href":"https:\/\/barneleker.no\/index.php\/wp-json\/wp\/v2\/product_tag?post=13113"}],"curies":[{"name":"wp","href":"https:\/\/api.w.org\/{rel}","templated":true}]}}