{"id":13119,"date":"2022-02-08T19:54:40","date_gmt":"2022-02-08T19:54:40","guid":{"rendered":"https:\/\/barneleker.no\/index.php\/product\/schleich-moro-med-foll\/"},"modified":"2022-02-08T19:54:40","modified_gmt":"2022-02-08T19:54:40","slug":"schleich-moro-med-foll","status":"publish","type":"product","link":"https:\/\/barneleker.no\/index.php\/product\/schleich-moro-med-foll\/","title":{"rendered":"Schleich, Moro med f\u00f8ll"},"content":{"rendered":"<p>Lek med f\u00f8ll fra Schleich\u00ae Horse Club inneholder en ball som er utviklet spesielt for hester. Ballen har et h\u00e5ndtak som quarter horse-f\u00f8llet kan holde i med tennene. Under leken forveksler f\u00f8llet et lite s\u00f8tt piggsvin med ballen, men det merker med \u00e9n gang at det stikker! Heldigvis skader ingen av dem seg, og etterp\u00e5 blir de venner. N\u00e5r f\u00f8llet er ferdig med \u00e5 leke, f\u00e5r det melk fra flaske og et varmt dekken, slik at det ikke fryser.<\/p>\n","protected":false},"excerpt":{"rendered":"<p>Lek med f\u00f8ll fra Schleich\u00ae Horse Club inneholder en ball som er utviklet spesielt for hester. Ballen har et h\u00e5ndtak som quarter horse-f\u00f8llet kan holde&hellip;<\/p>\n","protected":false},"featured_media":13118,"comment_status":"open","ping_status":"closed","template":"","meta":[],"product_brand":[],"product_cat":[434],"product_tag":[],"class_list":{"0":"post-13119","1":"product","2":"type-product","3":"status-publish","4":"has-post-thumbnail","6":"product_cat-hastar","8":"first","9":"instock","10":"shipping-taxable","11":"product-type-external","12":"customify-col"},"yoast_head":"<!-- This site is optimized with the Yoast SEO plugin v26.0 - https:\/\/yoast.com\/wordpress\/plugins\/seo\/ -->\n<title>Schleich, Moro med f\u00f8ll - Barneleker.no<\/title>\n<meta name=\"robots\" content=\"index, follow, max-snippet:-1, max-image-preview:large, max-video-preview:-1\" \/>\n<link rel=\"canonical\" href=\"https:\/\/barneleker.no\/index.php\/product\/schleich-moro-med-foll\/\" \/>\n<meta property=\"og:locale\" content=\"nb_NO\" \/>\n<meta property=\"og:type\" content=\"article\" \/>\n<meta property=\"og:title\" content=\"Schleich, Moro med f\u00f8ll - Barneleker.no\" \/>\n<meta property=\"og:description\" content=\"Lek med f\u00f8ll fra Schleich\u00ae Horse Club inneholder en ball som er utviklet spesielt for hester. Ballen har et h\u00e5ndtak som quarter horse-f\u00f8llet kan holde&hellip;\" \/>\n<meta property=\"og:url\" content=\"https:\/\/barneleker.no\/index.php\/product\/schleich-moro-med-foll\/\" \/>\n<meta property=\"og:site_name\" content=\"Barneleker.no\" \/>\n<meta name=\"twitter:card\" content=\"summary_large_image\" \/>\n<script type=\"application\/ld+json\" class=\"yoast-schema-graph\">{\"@context\":\"https:\/\/schema.org\",\"@graph\":[{\"@type\":\"WebPage\",\"@id\":\"https:\/\/barneleker.no\/index.php\/product\/schleich-moro-med-foll\/\",\"url\":\"https:\/\/barneleker.no\/index.php\/product\/schleich-moro-med-foll\/\",\"name\":\"Schleich, Moro med f\u00f8ll - Barneleker.no\",\"isPartOf\":{\"@id\":\"https:\/\/barneleker.no\/#website\"},\"primaryImageOfPage\":{\"@id\":\"https:\/\/barneleker.no\/index.php\/product\/schleich-moro-med-foll\/#primaryimage\"},\"image\":{\"@id\":\"https:\/\/barneleker.no\/index.php\/product\/schleich-moro-med-foll\/#primaryimage\"},\"thumbnailUrl\":\"https:\/\/barneleker.no\/wp-content\/uploads\/2022\/02\/schleich-moro-med-foll.jpg\",\"datePublished\":\"2022-02-08T19:54:40+00:00\",\"breadcrumb\":{\"@id\":\"https:\/\/barneleker.no\/index.php\/product\/schleich-moro-med-foll\/#breadcrumb\"},\"inLanguage\":\"nb-NO\",\"potentialAction\":[{\"@type\":\"ReadAction\",\"target\":[\"https:\/\/barneleker.no\/index.php\/product\/schleich-moro-med-foll\/\"]}]},{\"@type\":\"ImageObject\",\"inLanguage\":\"nb-NO\",\"@id\":\"https:\/\/barneleker.no\/index.php\/product\/schleich-moro-med-foll\/#primaryimage\",\"url\":\"https:\/\/barneleker.no\/wp-content\/uploads\/2022\/02\/schleich-moro-med-foll.jpg\",\"contentUrl\":\"https:\/\/barneleker.no\/wp-content\/uploads\/2022\/02\/schleich-moro-med-foll.jpg\",\"width\":555,\"height\":555},{\"@type\":\"BreadcrumbList\",\"@id\":\"https:\/\/barneleker.no\/index.php\/product\/schleich-moro-med-foll\/#breadcrumb\",\"itemListElement\":[{\"@type\":\"ListItem\",\"position\":1,\"name\":\"Butikken\",\"item\":\"https:\/\/barneleker.no\/\"},{\"@type\":\"ListItem\",\"position\":2,\"name\":\"Schleich, Moro med f\u00f8ll\"}]},{\"@type\":\"WebSite\",\"@id\":\"https:\/\/barneleker.no\/#website\",\"url\":\"https:\/\/barneleker.no\/\",\"name\":\"Barneleker.no\",\"description\":\"Selvf\u00f8lgelig!\",\"publisher\":{\"@id\":\"https:\/\/barneleker.no\/#organization\"},\"potentialAction\":[{\"@type\":\"SearchAction\",\"target\":{\"@type\":\"EntryPoint\",\"urlTemplate\":\"https:\/\/barneleker.no\/?s={search_term_string}\"},\"query-input\":{\"@type\":\"PropertyValueSpecification\",\"valueRequired\":true,\"valueName\":\"search_term_string\"}}],\"inLanguage\":\"nb-NO\"},{\"@type\":\"Organization\",\"@id\":\"https:\/\/barneleker.no\/#organization\",\"name\":\"Barneleker.no\",\"url\":\"https:\/\/barneleker.no\/\",\"logo\":{\"@type\":\"ImageObject\",\"inLanguage\":\"nb-NO\",\"@id\":\"https:\/\/barneleker.no\/#\/schema\/logo\/image\/\",\"url\":\"https:\/\/barneleker.no\/wp-content\/uploads\/2021\/11\/barneleker_logo-780x150-1.jpg\",\"contentUrl\":\"https:\/\/barneleker.no\/wp-content\/uploads\/2021\/11\/barneleker_logo-780x150-1.jpg\",\"width\":780,\"height\":150,\"caption\":\"Barneleker.no\"},\"image\":{\"@id\":\"https:\/\/barneleker.no\/#\/schema\/logo\/image\/\"}}]}<\/script>\n<!-- \/ Yoast SEO plugin. -->","yoast_head_json":{"title":"Schleich, Moro med f\u00f8ll - Barneleker.no","robots":{"index":"index","follow":"follow","max-snippet":"max-snippet:-1","max-image-preview":"max-image-preview:large","max-video-preview":"max-video-preview:-1"},"canonical":"https:\/\/barneleker.no\/index.php\/product\/schleich-moro-med-foll\/","og_locale":"nb_NO","og_type":"article","og_title":"Schleich, Moro med f\u00f8ll - Barneleker.no","og_description":"Lek med f\u00f8ll fra Schleich\u00ae Horse Club inneholder en ball som er utviklet spesielt for hester. Ballen har et h\u00e5ndtak som quarter horse-f\u00f8llet kan holde&hellip;","og_url":"https:\/\/barneleker.no\/index.php\/product\/schleich-moro-med-foll\/","og_site_name":"Barneleker.no","twitter_card":"summary_large_image","schema":{"@context":"https:\/\/schema.org","@graph":[{"@type":"WebPage","@id":"https:\/\/barneleker.no\/index.php\/product\/schleich-moro-med-foll\/","url":"https:\/\/barneleker.no\/index.php\/product\/schleich-moro-med-foll\/","name":"Schleich, Moro med f\u00f8ll - Barneleker.no","isPartOf":{"@id":"https:\/\/barneleker.no\/#website"},"primaryImageOfPage":{"@id":"https:\/\/barneleker.no\/index.php\/product\/schleich-moro-med-foll\/#primaryimage"},"image":{"@id":"https:\/\/barneleker.no\/index.php\/product\/schleich-moro-med-foll\/#primaryimage"},"thumbnailUrl":"https:\/\/barneleker.no\/wp-content\/uploads\/2022\/02\/schleich-moro-med-foll.jpg","datePublished":"2022-02-08T19:54:40+00:00","breadcrumb":{"@id":"https:\/\/barneleker.no\/index.php\/product\/schleich-moro-med-foll\/#breadcrumb"},"inLanguage":"nb-NO","potentialAction":[{"@type":"ReadAction","target":["https:\/\/barneleker.no\/index.php\/product\/schleich-moro-med-foll\/"]}]},{"@type":"ImageObject","inLanguage":"nb-NO","@id":"https:\/\/barneleker.no\/index.php\/product\/schleich-moro-med-foll\/#primaryimage","url":"https:\/\/barneleker.no\/wp-content\/uploads\/2022\/02\/schleich-moro-med-foll.jpg","contentUrl":"https:\/\/barneleker.no\/wp-content\/uploads\/2022\/02\/schleich-moro-med-foll.jpg","width":555,"height":555},{"@type":"BreadcrumbList","@id":"https:\/\/barneleker.no\/index.php\/product\/schleich-moro-med-foll\/#breadcrumb","itemListElement":[{"@type":"ListItem","position":1,"name":"Butikken","item":"https:\/\/barneleker.no\/"},{"@type":"ListItem","position":2,"name":"Schleich, Moro med f\u00f8ll"}]},{"@type":"WebSite","@id":"https:\/\/barneleker.no\/#website","url":"https:\/\/barneleker.no\/","name":"Barneleker.no","description":"Selvf\u00f8lgelig!","publisher":{"@id":"https:\/\/barneleker.no\/#organization"},"potentialAction":[{"@type":"SearchAction","target":{"@type":"EntryPoint","urlTemplate":"https:\/\/barneleker.no\/?s={search_term_string}"},"query-input":{"@type":"PropertyValueSpecification","valueRequired":true,"valueName":"search_term_string"}}],"inLanguage":"nb-NO"},{"@type":"Organization","@id":"https:\/\/barneleker.no\/#organization","name":"Barneleker.no","url":"https:\/\/barneleker.no\/","logo":{"@type":"ImageObject","inLanguage":"nb-NO","@id":"https:\/\/barneleker.no\/#\/schema\/logo\/image\/","url":"https:\/\/barneleker.no\/wp-content\/uploads\/2021\/11\/barneleker_logo-780x150-1.jpg","contentUrl":"https:\/\/barneleker.no\/wp-content\/uploads\/2021\/11\/barneleker_logo-780x150-1.jpg","width":780,"height":150,"caption":"Barneleker.no"},"image":{"@id":"https:\/\/barneleker.no\/#\/schema\/logo\/image\/"}}]}},"_links":{"self":[{"href":"https:\/\/barneleker.no\/index.php\/wp-json\/wp\/v2\/product\/13119","targetHints":{"allow":["GET"]}}],"collection":[{"href":"https:\/\/barneleker.no\/index.php\/wp-json\/wp\/v2\/product"}],"about":[{"href":"https:\/\/barneleker.no\/index.php\/wp-json\/wp\/v2\/types\/product"}],"replies":[{"embeddable":true,"href":"https:\/\/barneleker.no\/index.php\/wp-json\/wp\/v2\/comments?post=13119"}],"wp:featuredmedia":[{"embeddable":true,"href":"https:\/\/barneleker.no\/index.php\/wp-json\/wp\/v2\/media\/13118"}],"wp:attachment":[{"href":"https:\/\/barneleker.no\/index.php\/wp-json\/wp\/v2\/media?parent=13119"}],"wp:term":[{"taxonomy":"product_brand","embeddable":true,"href":"https:\/\/barneleker.no\/index.php\/wp-json\/wp\/v2\/product_brand?post=13119"},{"taxonomy":"product_cat","embeddable":true,"href":"https:\/\/barneleker.no\/index.php\/wp-json\/wp\/v2\/product_cat?post=13119"},{"taxonomy":"product_tag","embeddable":true,"href":"https:\/\/barneleker.no\/index.php\/wp-json\/wp\/v2\/product_tag?post=13119"}],"curies":[{"name":"wp","href":"https:\/\/api.w.org\/{rel}","templated":true}]}}