{"id":13123,"date":"2022-02-08T19:54:41","date_gmt":"2022-02-08T19:54:41","guid":{"rendered":"https:\/\/barneleker.no\/index.php\/product\/pokemon-micro-machines-super-15-pack\/"},"modified":"2022-02-08T19:54:41","modified_gmt":"2022-02-08T19:54:41","slug":"pokemon-micro-machines-super-15-pack","status":"publish","type":"product","link":"https:\/\/barneleker.no\/index.php\/product\/pokemon-micro-machines-super-15-pack\/","title":{"rendered":"Pokemon Micro Machines. Super 15 pack"},"content":{"rendered":"<p>Utvid ditt spill med Micro Machines World Pack! Samle inn og koble til din verden med disse samlebare tematiske emballasjen som inneholder fem sv\u00e6rt detaljerte biler og en egnet mikroby-scene som du kan bruke eller presentere kj\u00f8ret\u00f8yene dine. Micro Machines Micro City World Pack leverer alle viktige biler for \u00e5 holde en by d\u00f8gnet rundt. Med et ikonisk identifiserbart emne, i\u00f8ynefallende dekorasjoner og detaljer, er dette settet en fantastisk gave til barn og samlere. Hver pakke er tilgjengelig separat, avhengig av tilgjengelighet. Farger og dekorasjon kan variere.<\/p>\n","protected":false},"excerpt":{"rendered":"<p>Utvid ditt spill med Micro Machines World Pack! Samle inn og koble til din verden med disse samlebare tematiske emballasjen som inneholder fem sv\u00e6rt detaljerte&hellip;<\/p>\n","protected":false},"featured_media":13122,"comment_status":"open","ping_status":"closed","template":"","meta":[],"product_brand":[],"product_cat":[382],"product_tag":[],"class_list":{"0":"post-13123","1":"product","2":"type-product","3":"status-publish","4":"has-post-thumbnail","6":"product_cat-spill","8":"first","9":"instock","10":"shipping-taxable","11":"product-type-external","12":"customify-col"},"yoast_head":"<!-- This site is optimized with the Yoast SEO plugin v26.0 - https:\/\/yoast.com\/wordpress\/plugins\/seo\/ -->\n<title>Pokemon Micro Machines. Super 15 pack - Barneleker.no<\/title>\n<meta name=\"robots\" content=\"index, follow, max-snippet:-1, max-image-preview:large, max-video-preview:-1\" \/>\n<link rel=\"canonical\" href=\"https:\/\/barneleker.no\/index.php\/product\/pokemon-micro-machines-super-15-pack\/\" \/>\n<meta property=\"og:locale\" content=\"nb_NO\" \/>\n<meta property=\"og:type\" content=\"article\" \/>\n<meta property=\"og:title\" content=\"Pokemon Micro Machines. Super 15 pack - Barneleker.no\" \/>\n<meta property=\"og:description\" content=\"Utvid ditt spill med Micro Machines World Pack! Samle inn og koble til din verden med disse samlebare tematiske emballasjen som inneholder fem sv\u00e6rt detaljerte&hellip;\" \/>\n<meta property=\"og:url\" content=\"https:\/\/barneleker.no\/index.php\/product\/pokemon-micro-machines-super-15-pack\/\" \/>\n<meta property=\"og:site_name\" content=\"Barneleker.no\" \/>\n<meta name=\"twitter:card\" content=\"summary_large_image\" \/>\n<script type=\"application\/ld+json\" class=\"yoast-schema-graph\">{\"@context\":\"https:\/\/schema.org\",\"@graph\":[{\"@type\":\"WebPage\",\"@id\":\"https:\/\/barneleker.no\/index.php\/product\/pokemon-micro-machines-super-15-pack\/\",\"url\":\"https:\/\/barneleker.no\/index.php\/product\/pokemon-micro-machines-super-15-pack\/\",\"name\":\"Pokemon Micro Machines. Super 15 pack - Barneleker.no\",\"isPartOf\":{\"@id\":\"https:\/\/barneleker.no\/#website\"},\"primaryImageOfPage\":{\"@id\":\"https:\/\/barneleker.no\/index.php\/product\/pokemon-micro-machines-super-15-pack\/#primaryimage\"},\"image\":{\"@id\":\"https:\/\/barneleker.no\/index.php\/product\/pokemon-micro-machines-super-15-pack\/#primaryimage\"},\"thumbnailUrl\":\"https:\/\/barneleker.no\/wp-content\/uploads\/2022\/02\/micro-machines-super-15-pack.jpg\",\"datePublished\":\"2022-02-08T19:54:41+00:00\",\"breadcrumb\":{\"@id\":\"https:\/\/barneleker.no\/index.php\/product\/pokemon-micro-machines-super-15-pack\/#breadcrumb\"},\"inLanguage\":\"nb-NO\",\"potentialAction\":[{\"@type\":\"ReadAction\",\"target\":[\"https:\/\/barneleker.no\/index.php\/product\/pokemon-micro-machines-super-15-pack\/\"]}]},{\"@type\":\"ImageObject\",\"inLanguage\":\"nb-NO\",\"@id\":\"https:\/\/barneleker.no\/index.php\/product\/pokemon-micro-machines-super-15-pack\/#primaryimage\",\"url\":\"https:\/\/barneleker.no\/wp-content\/uploads\/2022\/02\/micro-machines-super-15-pack.jpg\",\"contentUrl\":\"https:\/\/barneleker.no\/wp-content\/uploads\/2022\/02\/micro-machines-super-15-pack.jpg\",\"width\":555,\"height\":555},{\"@type\":\"BreadcrumbList\",\"@id\":\"https:\/\/barneleker.no\/index.php\/product\/pokemon-micro-machines-super-15-pack\/#breadcrumb\",\"itemListElement\":[{\"@type\":\"ListItem\",\"position\":1,\"name\":\"Butikken\",\"item\":\"https:\/\/barneleker.no\/\"},{\"@type\":\"ListItem\",\"position\":2,\"name\":\"Pokemon Micro Machines. Super 15 pack\"}]},{\"@type\":\"WebSite\",\"@id\":\"https:\/\/barneleker.no\/#website\",\"url\":\"https:\/\/barneleker.no\/\",\"name\":\"Barneleker.no\",\"description\":\"Selvf\u00f8lgelig!\",\"publisher\":{\"@id\":\"https:\/\/barneleker.no\/#organization\"},\"potentialAction\":[{\"@type\":\"SearchAction\",\"target\":{\"@type\":\"EntryPoint\",\"urlTemplate\":\"https:\/\/barneleker.no\/?s={search_term_string}\"},\"query-input\":{\"@type\":\"PropertyValueSpecification\",\"valueRequired\":true,\"valueName\":\"search_term_string\"}}],\"inLanguage\":\"nb-NO\"},{\"@type\":\"Organization\",\"@id\":\"https:\/\/barneleker.no\/#organization\",\"name\":\"Barneleker.no\",\"url\":\"https:\/\/barneleker.no\/\",\"logo\":{\"@type\":\"ImageObject\",\"inLanguage\":\"nb-NO\",\"@id\":\"https:\/\/barneleker.no\/#\/schema\/logo\/image\/\",\"url\":\"https:\/\/barneleker.no\/wp-content\/uploads\/2021\/11\/barneleker_logo-780x150-1.jpg\",\"contentUrl\":\"https:\/\/barneleker.no\/wp-content\/uploads\/2021\/11\/barneleker_logo-780x150-1.jpg\",\"width\":780,\"height\":150,\"caption\":\"Barneleker.no\"},\"image\":{\"@id\":\"https:\/\/barneleker.no\/#\/schema\/logo\/image\/\"}}]}<\/script>\n<!-- \/ Yoast SEO plugin. -->","yoast_head_json":{"title":"Pokemon Micro Machines. Super 15 pack - Barneleker.no","robots":{"index":"index","follow":"follow","max-snippet":"max-snippet:-1","max-image-preview":"max-image-preview:large","max-video-preview":"max-video-preview:-1"},"canonical":"https:\/\/barneleker.no\/index.php\/product\/pokemon-micro-machines-super-15-pack\/","og_locale":"nb_NO","og_type":"article","og_title":"Pokemon Micro Machines. Super 15 pack - Barneleker.no","og_description":"Utvid ditt spill med Micro Machines World Pack! Samle inn og koble til din verden med disse samlebare tematiske emballasjen som inneholder fem sv\u00e6rt detaljerte&hellip;","og_url":"https:\/\/barneleker.no\/index.php\/product\/pokemon-micro-machines-super-15-pack\/","og_site_name":"Barneleker.no","twitter_card":"summary_large_image","schema":{"@context":"https:\/\/schema.org","@graph":[{"@type":"WebPage","@id":"https:\/\/barneleker.no\/index.php\/product\/pokemon-micro-machines-super-15-pack\/","url":"https:\/\/barneleker.no\/index.php\/product\/pokemon-micro-machines-super-15-pack\/","name":"Pokemon Micro Machines. Super 15 pack - Barneleker.no","isPartOf":{"@id":"https:\/\/barneleker.no\/#website"},"primaryImageOfPage":{"@id":"https:\/\/barneleker.no\/index.php\/product\/pokemon-micro-machines-super-15-pack\/#primaryimage"},"image":{"@id":"https:\/\/barneleker.no\/index.php\/product\/pokemon-micro-machines-super-15-pack\/#primaryimage"},"thumbnailUrl":"https:\/\/barneleker.no\/wp-content\/uploads\/2022\/02\/micro-machines-super-15-pack.jpg","datePublished":"2022-02-08T19:54:41+00:00","breadcrumb":{"@id":"https:\/\/barneleker.no\/index.php\/product\/pokemon-micro-machines-super-15-pack\/#breadcrumb"},"inLanguage":"nb-NO","potentialAction":[{"@type":"ReadAction","target":["https:\/\/barneleker.no\/index.php\/product\/pokemon-micro-machines-super-15-pack\/"]}]},{"@type":"ImageObject","inLanguage":"nb-NO","@id":"https:\/\/barneleker.no\/index.php\/product\/pokemon-micro-machines-super-15-pack\/#primaryimage","url":"https:\/\/barneleker.no\/wp-content\/uploads\/2022\/02\/micro-machines-super-15-pack.jpg","contentUrl":"https:\/\/barneleker.no\/wp-content\/uploads\/2022\/02\/micro-machines-super-15-pack.jpg","width":555,"height":555},{"@type":"BreadcrumbList","@id":"https:\/\/barneleker.no\/index.php\/product\/pokemon-micro-machines-super-15-pack\/#breadcrumb","itemListElement":[{"@type":"ListItem","position":1,"name":"Butikken","item":"https:\/\/barneleker.no\/"},{"@type":"ListItem","position":2,"name":"Pokemon Micro Machines. Super 15 pack"}]},{"@type":"WebSite","@id":"https:\/\/barneleker.no\/#website","url":"https:\/\/barneleker.no\/","name":"Barneleker.no","description":"Selvf\u00f8lgelig!","publisher":{"@id":"https:\/\/barneleker.no\/#organization"},"potentialAction":[{"@type":"SearchAction","target":{"@type":"EntryPoint","urlTemplate":"https:\/\/barneleker.no\/?s={search_term_string}"},"query-input":{"@type":"PropertyValueSpecification","valueRequired":true,"valueName":"search_term_string"}}],"inLanguage":"nb-NO"},{"@type":"Organization","@id":"https:\/\/barneleker.no\/#organization","name":"Barneleker.no","url":"https:\/\/barneleker.no\/","logo":{"@type":"ImageObject","inLanguage":"nb-NO","@id":"https:\/\/barneleker.no\/#\/schema\/logo\/image\/","url":"https:\/\/barneleker.no\/wp-content\/uploads\/2021\/11\/barneleker_logo-780x150-1.jpg","contentUrl":"https:\/\/barneleker.no\/wp-content\/uploads\/2021\/11\/barneleker_logo-780x150-1.jpg","width":780,"height":150,"caption":"Barneleker.no"},"image":{"@id":"https:\/\/barneleker.no\/#\/schema\/logo\/image\/"}}]}},"_links":{"self":[{"href":"https:\/\/barneleker.no\/index.php\/wp-json\/wp\/v2\/product\/13123","targetHints":{"allow":["GET"]}}],"collection":[{"href":"https:\/\/barneleker.no\/index.php\/wp-json\/wp\/v2\/product"}],"about":[{"href":"https:\/\/barneleker.no\/index.php\/wp-json\/wp\/v2\/types\/product"}],"replies":[{"embeddable":true,"href":"https:\/\/barneleker.no\/index.php\/wp-json\/wp\/v2\/comments?post=13123"}],"wp:featuredmedia":[{"embeddable":true,"href":"https:\/\/barneleker.no\/index.php\/wp-json\/wp\/v2\/media\/13122"}],"wp:attachment":[{"href":"https:\/\/barneleker.no\/index.php\/wp-json\/wp\/v2\/media?parent=13123"}],"wp:term":[{"taxonomy":"product_brand","embeddable":true,"href":"https:\/\/barneleker.no\/index.php\/wp-json\/wp\/v2\/product_brand?post=13123"},{"taxonomy":"product_cat","embeddable":true,"href":"https:\/\/barneleker.no\/index.php\/wp-json\/wp\/v2\/product_cat?post=13123"},{"taxonomy":"product_tag","embeddable":true,"href":"https:\/\/barneleker.no\/index.php\/wp-json\/wp\/v2\/product_tag?post=13123"}],"curies":[{"name":"wp","href":"https:\/\/api.w.org\/{rel}","templated":true}]}}