{"id":13125,"date":"2022-02-08T19:54:42","date_gmt":"2022-02-08T19:54:42","guid":{"rendered":"https:\/\/barneleker.no\/index.php\/product\/monster-jam-164-playset-car-wash\/"},"modified":"2022-02-08T19:54:42","modified_gmt":"2022-02-08T19:54:42","slug":"monster-jam-164-playset-car-wash","status":"publish","type":"product","link":"https:\/\/barneleker.no\/index.php\/product\/monster-jam-164-playset-car-wash\/","title":{"rendered":"Monster Jam, 1:64 Playset &#8211; Car Wash"},"content":{"rendered":"<p>Boom Boom Balloon, spillet fullt av g\u00f8y og moro for hele familien, er tilbake i helt nytt utseende. Bare kast terningen og klikk en gang p\u00e5 pinnen for hvert \u00f8ye terningen viser.  Se at ballongene klemmes, skvises og strekkes&#8230;vil den neste f\u00e5 den til \u00e5 eksplodere? Inkluderer 10 ballonger, 9 pinner, 1 spillterning og ballongholder. For 2-4 spillere. Beregnet spilletid<\/p>\n","protected":false},"excerpt":{"rendered":"<p>Boom Boom Balloon, spillet fullt av g\u00f8y og moro for hele familien, er tilbake i helt nytt utseende. Bare kast terningen og klikk en gang&hellip;<\/p>\n","protected":false},"featured_media":13124,"comment_status":"open","ping_status":"closed","template":"","meta":[],"product_brand":[],"product_cat":[491],"product_tag":[],"class_list":{"0":"post-13125","1":"product","2":"type-product","3":"status-publish","4":"has-post-thumbnail","6":"product_cat-garage","8":"first","9":"instock","10":"shipping-taxable","11":"product-type-external","12":"customify-col"},"yoast_head":"<!-- This site is optimized with the Yoast SEO plugin v26.0 - https:\/\/yoast.com\/wordpress\/plugins\/seo\/ -->\n<title>Monster Jam, 1:64 Playset - Car Wash - Barneleker.no<\/title>\n<meta name=\"robots\" content=\"index, follow, max-snippet:-1, max-image-preview:large, max-video-preview:-1\" \/>\n<link rel=\"canonical\" href=\"https:\/\/barneleker.no\/index.php\/product\/monster-jam-164-playset-car-wash\/\" \/>\n<meta property=\"og:locale\" content=\"nb_NO\" \/>\n<meta property=\"og:type\" content=\"article\" \/>\n<meta property=\"og:title\" content=\"Monster Jam, 1:64 Playset - Car Wash - Barneleker.no\" \/>\n<meta property=\"og:description\" content=\"Boom Boom Balloon, spillet fullt av g\u00f8y og moro for hele familien, er tilbake i helt nytt utseende. Bare kast terningen og klikk en gang&hellip;\" \/>\n<meta property=\"og:url\" content=\"https:\/\/barneleker.no\/index.php\/product\/monster-jam-164-playset-car-wash\/\" \/>\n<meta property=\"og:site_name\" content=\"Barneleker.no\" \/>\n<meta name=\"twitter:card\" content=\"summary_large_image\" \/>\n<script type=\"application\/ld+json\" class=\"yoast-schema-graph\">{\"@context\":\"https:\/\/schema.org\",\"@graph\":[{\"@type\":\"WebPage\",\"@id\":\"https:\/\/barneleker.no\/index.php\/product\/monster-jam-164-playset-car-wash\/\",\"url\":\"https:\/\/barneleker.no\/index.php\/product\/monster-jam-164-playset-car-wash\/\",\"name\":\"Monster Jam, 1:64 Playset - Car Wash - Barneleker.no\",\"isPartOf\":{\"@id\":\"https:\/\/barneleker.no\/#website\"},\"primaryImageOfPage\":{\"@id\":\"https:\/\/barneleker.no\/index.php\/product\/monster-jam-164-playset-car-wash\/#primaryimage\"},\"image\":{\"@id\":\"https:\/\/barneleker.no\/index.php\/product\/monster-jam-164-playset-car-wash\/#primaryimage\"},\"thumbnailUrl\":\"https:\/\/barneleker.no\/wp-content\/uploads\/2022\/02\/monster-jam-1-64-playset-car-wash.jpg\",\"datePublished\":\"2022-02-08T19:54:42+00:00\",\"breadcrumb\":{\"@id\":\"https:\/\/barneleker.no\/index.php\/product\/monster-jam-164-playset-car-wash\/#breadcrumb\"},\"inLanguage\":\"nb-NO\",\"potentialAction\":[{\"@type\":\"ReadAction\",\"target\":[\"https:\/\/barneleker.no\/index.php\/product\/monster-jam-164-playset-car-wash\/\"]}]},{\"@type\":\"ImageObject\",\"inLanguage\":\"nb-NO\",\"@id\":\"https:\/\/barneleker.no\/index.php\/product\/monster-jam-164-playset-car-wash\/#primaryimage\",\"url\":\"https:\/\/barneleker.no\/wp-content\/uploads\/2022\/02\/monster-jam-1-64-playset-car-wash.jpg\",\"contentUrl\":\"https:\/\/barneleker.no\/wp-content\/uploads\/2022\/02\/monster-jam-1-64-playset-car-wash.jpg\",\"width\":555,\"height\":555},{\"@type\":\"BreadcrumbList\",\"@id\":\"https:\/\/barneleker.no\/index.php\/product\/monster-jam-164-playset-car-wash\/#breadcrumb\",\"itemListElement\":[{\"@type\":\"ListItem\",\"position\":1,\"name\":\"Butikken\",\"item\":\"https:\/\/barneleker.no\/\"},{\"@type\":\"ListItem\",\"position\":2,\"name\":\"Monster Jam, 1:64 Playset &#8211; Car Wash\"}]},{\"@type\":\"WebSite\",\"@id\":\"https:\/\/barneleker.no\/#website\",\"url\":\"https:\/\/barneleker.no\/\",\"name\":\"Barneleker.no\",\"description\":\"Selvf\u00f8lgelig!\",\"publisher\":{\"@id\":\"https:\/\/barneleker.no\/#organization\"},\"potentialAction\":[{\"@type\":\"SearchAction\",\"target\":{\"@type\":\"EntryPoint\",\"urlTemplate\":\"https:\/\/barneleker.no\/?s={search_term_string}\"},\"query-input\":{\"@type\":\"PropertyValueSpecification\",\"valueRequired\":true,\"valueName\":\"search_term_string\"}}],\"inLanguage\":\"nb-NO\"},{\"@type\":\"Organization\",\"@id\":\"https:\/\/barneleker.no\/#organization\",\"name\":\"Barneleker.no\",\"url\":\"https:\/\/barneleker.no\/\",\"logo\":{\"@type\":\"ImageObject\",\"inLanguage\":\"nb-NO\",\"@id\":\"https:\/\/barneleker.no\/#\/schema\/logo\/image\/\",\"url\":\"https:\/\/barneleker.no\/wp-content\/uploads\/2021\/11\/barneleker_logo-780x150-1.jpg\",\"contentUrl\":\"https:\/\/barneleker.no\/wp-content\/uploads\/2021\/11\/barneleker_logo-780x150-1.jpg\",\"width\":780,\"height\":150,\"caption\":\"Barneleker.no\"},\"image\":{\"@id\":\"https:\/\/barneleker.no\/#\/schema\/logo\/image\/\"}}]}<\/script>\n<!-- \/ Yoast SEO plugin. -->","yoast_head_json":{"title":"Monster Jam, 1:64 Playset - Car Wash - Barneleker.no","robots":{"index":"index","follow":"follow","max-snippet":"max-snippet:-1","max-image-preview":"max-image-preview:large","max-video-preview":"max-video-preview:-1"},"canonical":"https:\/\/barneleker.no\/index.php\/product\/monster-jam-164-playset-car-wash\/","og_locale":"nb_NO","og_type":"article","og_title":"Monster Jam, 1:64 Playset - Car Wash - Barneleker.no","og_description":"Boom Boom Balloon, spillet fullt av g\u00f8y og moro for hele familien, er tilbake i helt nytt utseende. Bare kast terningen og klikk en gang&hellip;","og_url":"https:\/\/barneleker.no\/index.php\/product\/monster-jam-164-playset-car-wash\/","og_site_name":"Barneleker.no","twitter_card":"summary_large_image","schema":{"@context":"https:\/\/schema.org","@graph":[{"@type":"WebPage","@id":"https:\/\/barneleker.no\/index.php\/product\/monster-jam-164-playset-car-wash\/","url":"https:\/\/barneleker.no\/index.php\/product\/monster-jam-164-playset-car-wash\/","name":"Monster Jam, 1:64 Playset - Car Wash - Barneleker.no","isPartOf":{"@id":"https:\/\/barneleker.no\/#website"},"primaryImageOfPage":{"@id":"https:\/\/barneleker.no\/index.php\/product\/monster-jam-164-playset-car-wash\/#primaryimage"},"image":{"@id":"https:\/\/barneleker.no\/index.php\/product\/monster-jam-164-playset-car-wash\/#primaryimage"},"thumbnailUrl":"https:\/\/barneleker.no\/wp-content\/uploads\/2022\/02\/monster-jam-1-64-playset-car-wash.jpg","datePublished":"2022-02-08T19:54:42+00:00","breadcrumb":{"@id":"https:\/\/barneleker.no\/index.php\/product\/monster-jam-164-playset-car-wash\/#breadcrumb"},"inLanguage":"nb-NO","potentialAction":[{"@type":"ReadAction","target":["https:\/\/barneleker.no\/index.php\/product\/monster-jam-164-playset-car-wash\/"]}]},{"@type":"ImageObject","inLanguage":"nb-NO","@id":"https:\/\/barneleker.no\/index.php\/product\/monster-jam-164-playset-car-wash\/#primaryimage","url":"https:\/\/barneleker.no\/wp-content\/uploads\/2022\/02\/monster-jam-1-64-playset-car-wash.jpg","contentUrl":"https:\/\/barneleker.no\/wp-content\/uploads\/2022\/02\/monster-jam-1-64-playset-car-wash.jpg","width":555,"height":555},{"@type":"BreadcrumbList","@id":"https:\/\/barneleker.no\/index.php\/product\/monster-jam-164-playset-car-wash\/#breadcrumb","itemListElement":[{"@type":"ListItem","position":1,"name":"Butikken","item":"https:\/\/barneleker.no\/"},{"@type":"ListItem","position":2,"name":"Monster Jam, 1:64 Playset &#8211; Car Wash"}]},{"@type":"WebSite","@id":"https:\/\/barneleker.no\/#website","url":"https:\/\/barneleker.no\/","name":"Barneleker.no","description":"Selvf\u00f8lgelig!","publisher":{"@id":"https:\/\/barneleker.no\/#organization"},"potentialAction":[{"@type":"SearchAction","target":{"@type":"EntryPoint","urlTemplate":"https:\/\/barneleker.no\/?s={search_term_string}"},"query-input":{"@type":"PropertyValueSpecification","valueRequired":true,"valueName":"search_term_string"}}],"inLanguage":"nb-NO"},{"@type":"Organization","@id":"https:\/\/barneleker.no\/#organization","name":"Barneleker.no","url":"https:\/\/barneleker.no\/","logo":{"@type":"ImageObject","inLanguage":"nb-NO","@id":"https:\/\/barneleker.no\/#\/schema\/logo\/image\/","url":"https:\/\/barneleker.no\/wp-content\/uploads\/2021\/11\/barneleker_logo-780x150-1.jpg","contentUrl":"https:\/\/barneleker.no\/wp-content\/uploads\/2021\/11\/barneleker_logo-780x150-1.jpg","width":780,"height":150,"caption":"Barneleker.no"},"image":{"@id":"https:\/\/barneleker.no\/#\/schema\/logo\/image\/"}}]}},"_links":{"self":[{"href":"https:\/\/barneleker.no\/index.php\/wp-json\/wp\/v2\/product\/13125","targetHints":{"allow":["GET"]}}],"collection":[{"href":"https:\/\/barneleker.no\/index.php\/wp-json\/wp\/v2\/product"}],"about":[{"href":"https:\/\/barneleker.no\/index.php\/wp-json\/wp\/v2\/types\/product"}],"replies":[{"embeddable":true,"href":"https:\/\/barneleker.no\/index.php\/wp-json\/wp\/v2\/comments?post=13125"}],"wp:featuredmedia":[{"embeddable":true,"href":"https:\/\/barneleker.no\/index.php\/wp-json\/wp\/v2\/media\/13124"}],"wp:attachment":[{"href":"https:\/\/barneleker.no\/index.php\/wp-json\/wp\/v2\/media?parent=13125"}],"wp:term":[{"taxonomy":"product_brand","embeddable":true,"href":"https:\/\/barneleker.no\/index.php\/wp-json\/wp\/v2\/product_brand?post=13125"},{"taxonomy":"product_cat","embeddable":true,"href":"https:\/\/barneleker.no\/index.php\/wp-json\/wp\/v2\/product_cat?post=13125"},{"taxonomy":"product_tag","embeddable":true,"href":"https:\/\/barneleker.no\/index.php\/wp-json\/wp\/v2\/product_tag?post=13125"}],"curies":[{"name":"wp","href":"https:\/\/api.w.org\/{rel}","templated":true}]}}