{"id":13135,"date":"2022-02-08T19:54:45","date_gmt":"2022-02-08T19:54:45","guid":{"rendered":"https:\/\/barneleker.no\/index.php\/product\/lego-super-mario-71380-makersett-mestre-utfordringen\/"},"modified":"2022-02-08T19:54:45","modified_gmt":"2022-02-08T19:54:45","slug":"lego-super-mario-71380-makersett-mestre-utfordringen","status":"publish","type":"product","link":"https:\/\/barneleker.no\/index.php\/product\/lego-super-mario-71380-makersett-mestre-utfordringen\/","title":{"rendered":"LEGO Super Mario 71380, Makersett Mestre utfordringen"},"content":{"rendered":"<p>Unge byggere kan tilpasse LEGO\u00ae Super Mario\u2122 startbanen og ekstrabanesettene sine og skape unike niv\u00e5er med det spennende settet Makersett Mestre utfordringen (71380). Det inneholder en tilpasningsmaskin som du bruker for \u00e5 velge hvilken bel\u00f8nning tidsklossen og de to objektklossene skal gi. Det modul\u00e6re byggesettet inkluderer ogs\u00e5 en glideplattform, fargede LEGO elementer som utl\u00f8ser forskjellige reaksjoner hos LEGO\u00ae Mario\u2122 (figuren f\u00f8lger ikke med), og spesialr\u00f8ret Dash 30 som spillere bruker for \u00e5 bygge om og utvikle nye niv\u00e5er.  Ikoniske fiender LEGO Super Mario settet inneholder ogs\u00e5 figurer av Larry, Goomba, Bob-omb og Koopa Paratroopa for ekstra mye moro og lek. Se ogs\u00e5 LEGO Super Mario gratisappen med intuitive visningsverkt\u00f8y som forenkler byggingen, tips for kreativ bygging og lek og mye annet.  Konkurransemoro Med LEGO Super Mario samlerlekesettene f\u00e5r barn en legendarisk, digital Nintendo\u00ae-figur i fysisk versjon. Settene passer til leking b\u00e5de alene og i grupper.<\/p>\n","protected":false},"excerpt":{"rendered":"<p>Unge byggere kan tilpasse LEGO\u00ae Super Mario\u2122 startbanen og ekstrabanesettene sine og skape unike niv\u00e5er med det spennende settet Makersett Mestre utfordringen (71380). Det inneholder&hellip;<\/p>\n","protected":false},"featured_media":13134,"comment_status":"open","ping_status":"closed","template":"","meta":[],"product_brand":[],"product_cat":[340],"product_tag":[],"class_list":{"0":"post-13135","1":"product","2":"type-product","3":"status-publish","4":"has-post-thumbnail","6":"product_cat-set","8":"first","9":"instock","10":"shipping-taxable","11":"product-type-external","12":"customify-col"},"yoast_head":"<!-- This site is optimized with the Yoast SEO plugin v26.0 - https:\/\/yoast.com\/wordpress\/plugins\/seo\/ -->\n<title>LEGO Super Mario 71380, Makersett Mestre utfordringen - Barneleker.no<\/title>\n<meta name=\"robots\" content=\"index, follow, max-snippet:-1, max-image-preview:large, max-video-preview:-1\" \/>\n<link rel=\"canonical\" href=\"https:\/\/barneleker.no\/index.php\/product\/lego-super-mario-71380-makersett-mestre-utfordringen\/\" \/>\n<meta property=\"og:locale\" content=\"nb_NO\" \/>\n<meta property=\"og:type\" content=\"article\" \/>\n<meta property=\"og:title\" content=\"LEGO Super Mario 71380, Makersett Mestre utfordringen - Barneleker.no\" \/>\n<meta property=\"og:description\" content=\"Unge byggere kan tilpasse LEGO\u00ae Super Mario\u2122 startbanen og ekstrabanesettene sine og skape unike niv\u00e5er med det spennende settet Makersett Mestre utfordringen (71380). Det inneholder&hellip;\" \/>\n<meta property=\"og:url\" content=\"https:\/\/barneleker.no\/index.php\/product\/lego-super-mario-71380-makersett-mestre-utfordringen\/\" \/>\n<meta property=\"og:site_name\" content=\"Barneleker.no\" \/>\n<meta name=\"twitter:card\" content=\"summary_large_image\" \/>\n<meta name=\"twitter:label1\" content=\"Ansl. lesetid\" \/>\n\t<meta name=\"twitter:data1\" content=\"1 minutt\" \/>\n<script type=\"application\/ld+json\" class=\"yoast-schema-graph\">{\"@context\":\"https:\/\/schema.org\",\"@graph\":[{\"@type\":\"WebPage\",\"@id\":\"https:\/\/barneleker.no\/index.php\/product\/lego-super-mario-71380-makersett-mestre-utfordringen\/\",\"url\":\"https:\/\/barneleker.no\/index.php\/product\/lego-super-mario-71380-makersett-mestre-utfordringen\/\",\"name\":\"LEGO Super Mario 71380, Makersett Mestre utfordringen - Barneleker.no\",\"isPartOf\":{\"@id\":\"https:\/\/barneleker.no\/#website\"},\"primaryImageOfPage\":{\"@id\":\"https:\/\/barneleker.no\/index.php\/product\/lego-super-mario-71380-makersett-mestre-utfordringen\/#primaryimage\"},\"image\":{\"@id\":\"https:\/\/barneleker.no\/index.php\/product\/lego-super-mario-71380-makersett-mestre-utfordringen\/#primaryimage\"},\"thumbnailUrl\":\"https:\/\/barneleker.no\/wp-content\/uploads\/2022\/02\/lego-super-mario-71380-makersett-mestre-utfordringen.jpg\",\"datePublished\":\"2022-02-08T19:54:45+00:00\",\"breadcrumb\":{\"@id\":\"https:\/\/barneleker.no\/index.php\/product\/lego-super-mario-71380-makersett-mestre-utfordringen\/#breadcrumb\"},\"inLanguage\":\"nb-NO\",\"potentialAction\":[{\"@type\":\"ReadAction\",\"target\":[\"https:\/\/barneleker.no\/index.php\/product\/lego-super-mario-71380-makersett-mestre-utfordringen\/\"]}]},{\"@type\":\"ImageObject\",\"inLanguage\":\"nb-NO\",\"@id\":\"https:\/\/barneleker.no\/index.php\/product\/lego-super-mario-71380-makersett-mestre-utfordringen\/#primaryimage\",\"url\":\"https:\/\/barneleker.no\/wp-content\/uploads\/2022\/02\/lego-super-mario-71380-makersett-mestre-utfordringen.jpg\",\"contentUrl\":\"https:\/\/barneleker.no\/wp-content\/uploads\/2022\/02\/lego-super-mario-71380-makersett-mestre-utfordringen.jpg\",\"width\":555,\"height\":555},{\"@type\":\"BreadcrumbList\",\"@id\":\"https:\/\/barneleker.no\/index.php\/product\/lego-super-mario-71380-makersett-mestre-utfordringen\/#breadcrumb\",\"itemListElement\":[{\"@type\":\"ListItem\",\"position\":1,\"name\":\"Butikken\",\"item\":\"https:\/\/barneleker.no\/\"},{\"@type\":\"ListItem\",\"position\":2,\"name\":\"LEGO Super Mario 71380, Makersett Mestre utfordringen\"}]},{\"@type\":\"WebSite\",\"@id\":\"https:\/\/barneleker.no\/#website\",\"url\":\"https:\/\/barneleker.no\/\",\"name\":\"Barneleker.no\",\"description\":\"Selvf\u00f8lgelig!\",\"publisher\":{\"@id\":\"https:\/\/barneleker.no\/#organization\"},\"potentialAction\":[{\"@type\":\"SearchAction\",\"target\":{\"@type\":\"EntryPoint\",\"urlTemplate\":\"https:\/\/barneleker.no\/?s={search_term_string}\"},\"query-input\":{\"@type\":\"PropertyValueSpecification\",\"valueRequired\":true,\"valueName\":\"search_term_string\"}}],\"inLanguage\":\"nb-NO\"},{\"@type\":\"Organization\",\"@id\":\"https:\/\/barneleker.no\/#organization\",\"name\":\"Barneleker.no\",\"url\":\"https:\/\/barneleker.no\/\",\"logo\":{\"@type\":\"ImageObject\",\"inLanguage\":\"nb-NO\",\"@id\":\"https:\/\/barneleker.no\/#\/schema\/logo\/image\/\",\"url\":\"https:\/\/barneleker.no\/wp-content\/uploads\/2021\/11\/barneleker_logo-780x150-1.jpg\",\"contentUrl\":\"https:\/\/barneleker.no\/wp-content\/uploads\/2021\/11\/barneleker_logo-780x150-1.jpg\",\"width\":780,\"height\":150,\"caption\":\"Barneleker.no\"},\"image\":{\"@id\":\"https:\/\/barneleker.no\/#\/schema\/logo\/image\/\"}}]}<\/script>\n<!-- \/ Yoast SEO plugin. -->","yoast_head_json":{"title":"LEGO Super Mario 71380, Makersett Mestre utfordringen - Barneleker.no","robots":{"index":"index","follow":"follow","max-snippet":"max-snippet:-1","max-image-preview":"max-image-preview:large","max-video-preview":"max-video-preview:-1"},"canonical":"https:\/\/barneleker.no\/index.php\/product\/lego-super-mario-71380-makersett-mestre-utfordringen\/","og_locale":"nb_NO","og_type":"article","og_title":"LEGO Super Mario 71380, Makersett Mestre utfordringen - Barneleker.no","og_description":"Unge byggere kan tilpasse LEGO\u00ae Super Mario\u2122 startbanen og ekstrabanesettene sine og skape unike niv\u00e5er med det spennende settet Makersett Mestre utfordringen (71380). Det inneholder&hellip;","og_url":"https:\/\/barneleker.no\/index.php\/product\/lego-super-mario-71380-makersett-mestre-utfordringen\/","og_site_name":"Barneleker.no","twitter_card":"summary_large_image","twitter_misc":{"Ansl. lesetid":"1 minutt"},"schema":{"@context":"https:\/\/schema.org","@graph":[{"@type":"WebPage","@id":"https:\/\/barneleker.no\/index.php\/product\/lego-super-mario-71380-makersett-mestre-utfordringen\/","url":"https:\/\/barneleker.no\/index.php\/product\/lego-super-mario-71380-makersett-mestre-utfordringen\/","name":"LEGO Super Mario 71380, Makersett Mestre utfordringen - Barneleker.no","isPartOf":{"@id":"https:\/\/barneleker.no\/#website"},"primaryImageOfPage":{"@id":"https:\/\/barneleker.no\/index.php\/product\/lego-super-mario-71380-makersett-mestre-utfordringen\/#primaryimage"},"image":{"@id":"https:\/\/barneleker.no\/index.php\/product\/lego-super-mario-71380-makersett-mestre-utfordringen\/#primaryimage"},"thumbnailUrl":"https:\/\/barneleker.no\/wp-content\/uploads\/2022\/02\/lego-super-mario-71380-makersett-mestre-utfordringen.jpg","datePublished":"2022-02-08T19:54:45+00:00","breadcrumb":{"@id":"https:\/\/barneleker.no\/index.php\/product\/lego-super-mario-71380-makersett-mestre-utfordringen\/#breadcrumb"},"inLanguage":"nb-NO","potentialAction":[{"@type":"ReadAction","target":["https:\/\/barneleker.no\/index.php\/product\/lego-super-mario-71380-makersett-mestre-utfordringen\/"]}]},{"@type":"ImageObject","inLanguage":"nb-NO","@id":"https:\/\/barneleker.no\/index.php\/product\/lego-super-mario-71380-makersett-mestre-utfordringen\/#primaryimage","url":"https:\/\/barneleker.no\/wp-content\/uploads\/2022\/02\/lego-super-mario-71380-makersett-mestre-utfordringen.jpg","contentUrl":"https:\/\/barneleker.no\/wp-content\/uploads\/2022\/02\/lego-super-mario-71380-makersett-mestre-utfordringen.jpg","width":555,"height":555},{"@type":"BreadcrumbList","@id":"https:\/\/barneleker.no\/index.php\/product\/lego-super-mario-71380-makersett-mestre-utfordringen\/#breadcrumb","itemListElement":[{"@type":"ListItem","position":1,"name":"Butikken","item":"https:\/\/barneleker.no\/"},{"@type":"ListItem","position":2,"name":"LEGO Super Mario 71380, Makersett Mestre utfordringen"}]},{"@type":"WebSite","@id":"https:\/\/barneleker.no\/#website","url":"https:\/\/barneleker.no\/","name":"Barneleker.no","description":"Selvf\u00f8lgelig!","publisher":{"@id":"https:\/\/barneleker.no\/#organization"},"potentialAction":[{"@type":"SearchAction","target":{"@type":"EntryPoint","urlTemplate":"https:\/\/barneleker.no\/?s={search_term_string}"},"query-input":{"@type":"PropertyValueSpecification","valueRequired":true,"valueName":"search_term_string"}}],"inLanguage":"nb-NO"},{"@type":"Organization","@id":"https:\/\/barneleker.no\/#organization","name":"Barneleker.no","url":"https:\/\/barneleker.no\/","logo":{"@type":"ImageObject","inLanguage":"nb-NO","@id":"https:\/\/barneleker.no\/#\/schema\/logo\/image\/","url":"https:\/\/barneleker.no\/wp-content\/uploads\/2021\/11\/barneleker_logo-780x150-1.jpg","contentUrl":"https:\/\/barneleker.no\/wp-content\/uploads\/2021\/11\/barneleker_logo-780x150-1.jpg","width":780,"height":150,"caption":"Barneleker.no"},"image":{"@id":"https:\/\/barneleker.no\/#\/schema\/logo\/image\/"}}]}},"_links":{"self":[{"href":"https:\/\/barneleker.no\/index.php\/wp-json\/wp\/v2\/product\/13135","targetHints":{"allow":["GET"]}}],"collection":[{"href":"https:\/\/barneleker.no\/index.php\/wp-json\/wp\/v2\/product"}],"about":[{"href":"https:\/\/barneleker.no\/index.php\/wp-json\/wp\/v2\/types\/product"}],"replies":[{"embeddable":true,"href":"https:\/\/barneleker.no\/index.php\/wp-json\/wp\/v2\/comments?post=13135"}],"wp:featuredmedia":[{"embeddable":true,"href":"https:\/\/barneleker.no\/index.php\/wp-json\/wp\/v2\/media\/13134"}],"wp:attachment":[{"href":"https:\/\/barneleker.no\/index.php\/wp-json\/wp\/v2\/media?parent=13135"}],"wp:term":[{"taxonomy":"product_brand","embeddable":true,"href":"https:\/\/barneleker.no\/index.php\/wp-json\/wp\/v2\/product_brand?post=13135"},{"taxonomy":"product_cat","embeddable":true,"href":"https:\/\/barneleker.no\/index.php\/wp-json\/wp\/v2\/product_cat?post=13135"},{"taxonomy":"product_tag","embeddable":true,"href":"https:\/\/barneleker.no\/index.php\/wp-json\/wp\/v2\/product_tag?post=13135"}],"curies":[{"name":"wp","href":"https:\/\/api.w.org\/{rel}","templated":true}]}}