{"id":13169,"date":"2022-02-08T19:54:57","date_gmt":"2022-02-08T19:54:57","guid":{"rendered":"https:\/\/barneleker.no\/index.php\/product\/skills-on-wheels-skills-balansesykkel-rosa-10\/"},"modified":"2022-02-08T19:54:57","modified_gmt":"2022-02-08T19:54:57","slug":"skills-on-wheels-skills-balansesykkel-rosa-10","status":"publish","type":"product","link":"https:\/\/barneleker.no\/index.php\/product\/skills-on-wheels-skills-balansesykkel-rosa-10\/","title":{"rendered":"Skills on Wheels Skills, Balansesykkel Rosa 10&#8243;"},"content":{"rendered":"<p>Balansesykler, eller l\u00f8pesykler som de ogs\u00e5 kalles, har tatt Skandinavia med storm de siste \u00e5rene. I tillegg til \u00e5 v\u00e6re et utmerket morsomt transportmiddel som barn kan l\u00e6re veldig tidlig (som gj\u00f8r mange turer mye raskere), er de ogs\u00e5 den perfekte m\u00e5ten \u00e5 l\u00e6re \u00e5 sykle uten \u00e5 falle s\u00e5 mye. I motsetning til n\u00e5r du sykler med st\u00f8ttehjul n\u00e5r du lener deg utover i svinger, m\u00e5 du lene deg innover p\u00e5 en balansesykkel, akkurat som med en vanlig sykkel. Dette l\u00e6rer barna intuitivt, s\u00e5 de l\u00e6rer letter n\u00e5r de bytter til en vanlig sykkel uten st\u00f8ttehjul. Har du her en veldig god l\u00f8pesykkel med h\u00f8ydejusterbar sal, slik at den lett kan tilpasses det voksende barnet.<\/p>\n","protected":false},"excerpt":{"rendered":"<p>Balansesykler, eller l\u00f8pesykler som de ogs\u00e5 kalles, har tatt Skandinavia med storm de siste \u00e5rene. I tillegg til \u00e5 v\u00e6re et utmerket morsomt transportmiddel som&hellip;<\/p>\n","protected":false},"featured_media":13168,"comment_status":"open","ping_status":"closed","template":"","meta":[],"product_brand":[],"product_cat":[494],"product_tag":[],"class_list":{"0":"post-13169","1":"product","2":"type-product","3":"status-publish","4":"has-post-thumbnail","6":"product_cat-springcyklar","8":"first","9":"instock","10":"shipping-taxable","11":"product-type-external","12":"customify-col"},"yoast_head":"<!-- This site is optimized with the Yoast SEO plugin v26.0 - https:\/\/yoast.com\/wordpress\/plugins\/seo\/ -->\n<title>Skills on Wheels Skills, Balansesykkel Rosa 10&quot; - Barneleker.no<\/title>\n<meta name=\"robots\" content=\"index, follow, max-snippet:-1, max-image-preview:large, max-video-preview:-1\" \/>\n<link rel=\"canonical\" href=\"https:\/\/barneleker.no\/index.php\/product\/skills-on-wheels-skills-balansesykkel-rosa-10\/\" \/>\n<meta property=\"og:locale\" content=\"nb_NO\" \/>\n<meta property=\"og:type\" content=\"article\" \/>\n<meta property=\"og:title\" content=\"Skills on Wheels Skills, Balansesykkel Rosa 10&quot; - Barneleker.no\" \/>\n<meta property=\"og:description\" content=\"Balansesykler, eller l\u00f8pesykler som de ogs\u00e5 kalles, har tatt Skandinavia med storm de siste \u00e5rene. I tillegg til \u00e5 v\u00e6re et utmerket morsomt transportmiddel som&hellip;\" \/>\n<meta property=\"og:url\" content=\"https:\/\/barneleker.no\/index.php\/product\/skills-on-wheels-skills-balansesykkel-rosa-10\/\" \/>\n<meta property=\"og:site_name\" content=\"Barneleker.no\" \/>\n<meta name=\"twitter:card\" content=\"summary_large_image\" \/>\n<meta name=\"twitter:label1\" content=\"Ansl. lesetid\" \/>\n\t<meta name=\"twitter:data1\" content=\"1 minutt\" \/>\n<script type=\"application\/ld+json\" class=\"yoast-schema-graph\">{\"@context\":\"https:\/\/schema.org\",\"@graph\":[{\"@type\":\"WebPage\",\"@id\":\"https:\/\/barneleker.no\/index.php\/product\/skills-on-wheels-skills-balansesykkel-rosa-10\/\",\"url\":\"https:\/\/barneleker.no\/index.php\/product\/skills-on-wheels-skills-balansesykkel-rosa-10\/\",\"name\":\"Skills on Wheels Skills, Balansesykkel Rosa 10\\\" - Barneleker.no\",\"isPartOf\":{\"@id\":\"https:\/\/barneleker.no\/#website\"},\"primaryImageOfPage\":{\"@id\":\"https:\/\/barneleker.no\/index.php\/product\/skills-on-wheels-skills-balansesykkel-rosa-10\/#primaryimage\"},\"image\":{\"@id\":\"https:\/\/barneleker.no\/index.php\/product\/skills-on-wheels-skills-balansesykkel-rosa-10\/#primaryimage\"},\"thumbnailUrl\":\"https:\/\/barneleker.no\/wp-content\/uploads\/2022\/02\/skills-balanse-sykkel-svart-10.jpg\",\"datePublished\":\"2022-02-08T19:54:57+00:00\",\"breadcrumb\":{\"@id\":\"https:\/\/barneleker.no\/index.php\/product\/skills-on-wheels-skills-balansesykkel-rosa-10\/#breadcrumb\"},\"inLanguage\":\"nb-NO\",\"potentialAction\":[{\"@type\":\"ReadAction\",\"target\":[\"https:\/\/barneleker.no\/index.php\/product\/skills-on-wheels-skills-balansesykkel-rosa-10\/\"]}]},{\"@type\":\"ImageObject\",\"inLanguage\":\"nb-NO\",\"@id\":\"https:\/\/barneleker.no\/index.php\/product\/skills-on-wheels-skills-balansesykkel-rosa-10\/#primaryimage\",\"url\":\"https:\/\/barneleker.no\/wp-content\/uploads\/2022\/02\/skills-balanse-sykkel-svart-10.jpg\",\"contentUrl\":\"https:\/\/barneleker.no\/wp-content\/uploads\/2022\/02\/skills-balanse-sykkel-svart-10.jpg\",\"width\":555,\"height\":555},{\"@type\":\"BreadcrumbList\",\"@id\":\"https:\/\/barneleker.no\/index.php\/product\/skills-on-wheels-skills-balansesykkel-rosa-10\/#breadcrumb\",\"itemListElement\":[{\"@type\":\"ListItem\",\"position\":1,\"name\":\"Butikken\",\"item\":\"https:\/\/barneleker.no\/\"},{\"@type\":\"ListItem\",\"position\":2,\"name\":\"Skills on Wheels Skills, Balansesykkel Rosa 10&#8243;\"}]},{\"@type\":\"WebSite\",\"@id\":\"https:\/\/barneleker.no\/#website\",\"url\":\"https:\/\/barneleker.no\/\",\"name\":\"Barneleker.no\",\"description\":\"Selvf\u00f8lgelig!\",\"publisher\":{\"@id\":\"https:\/\/barneleker.no\/#organization\"},\"potentialAction\":[{\"@type\":\"SearchAction\",\"target\":{\"@type\":\"EntryPoint\",\"urlTemplate\":\"https:\/\/barneleker.no\/?s={search_term_string}\"},\"query-input\":{\"@type\":\"PropertyValueSpecification\",\"valueRequired\":true,\"valueName\":\"search_term_string\"}}],\"inLanguage\":\"nb-NO\"},{\"@type\":\"Organization\",\"@id\":\"https:\/\/barneleker.no\/#organization\",\"name\":\"Barneleker.no\",\"url\":\"https:\/\/barneleker.no\/\",\"logo\":{\"@type\":\"ImageObject\",\"inLanguage\":\"nb-NO\",\"@id\":\"https:\/\/barneleker.no\/#\/schema\/logo\/image\/\",\"url\":\"https:\/\/barneleker.no\/wp-content\/uploads\/2021\/11\/barneleker_logo-780x150-1.jpg\",\"contentUrl\":\"https:\/\/barneleker.no\/wp-content\/uploads\/2021\/11\/barneleker_logo-780x150-1.jpg\",\"width\":780,\"height\":150,\"caption\":\"Barneleker.no\"},\"image\":{\"@id\":\"https:\/\/barneleker.no\/#\/schema\/logo\/image\/\"}}]}<\/script>\n<!-- \/ Yoast SEO plugin. -->","yoast_head_json":{"title":"Skills on Wheels Skills, Balansesykkel Rosa 10\" - Barneleker.no","robots":{"index":"index","follow":"follow","max-snippet":"max-snippet:-1","max-image-preview":"max-image-preview:large","max-video-preview":"max-video-preview:-1"},"canonical":"https:\/\/barneleker.no\/index.php\/product\/skills-on-wheels-skills-balansesykkel-rosa-10\/","og_locale":"nb_NO","og_type":"article","og_title":"Skills on Wheels Skills, Balansesykkel Rosa 10\" - Barneleker.no","og_description":"Balansesykler, eller l\u00f8pesykler som de ogs\u00e5 kalles, har tatt Skandinavia med storm de siste \u00e5rene. I tillegg til \u00e5 v\u00e6re et utmerket morsomt transportmiddel som&hellip;","og_url":"https:\/\/barneleker.no\/index.php\/product\/skills-on-wheels-skills-balansesykkel-rosa-10\/","og_site_name":"Barneleker.no","twitter_card":"summary_large_image","twitter_misc":{"Ansl. lesetid":"1 minutt"},"schema":{"@context":"https:\/\/schema.org","@graph":[{"@type":"WebPage","@id":"https:\/\/barneleker.no\/index.php\/product\/skills-on-wheels-skills-balansesykkel-rosa-10\/","url":"https:\/\/barneleker.no\/index.php\/product\/skills-on-wheels-skills-balansesykkel-rosa-10\/","name":"Skills on Wheels Skills, Balansesykkel Rosa 10\" - Barneleker.no","isPartOf":{"@id":"https:\/\/barneleker.no\/#website"},"primaryImageOfPage":{"@id":"https:\/\/barneleker.no\/index.php\/product\/skills-on-wheels-skills-balansesykkel-rosa-10\/#primaryimage"},"image":{"@id":"https:\/\/barneleker.no\/index.php\/product\/skills-on-wheels-skills-balansesykkel-rosa-10\/#primaryimage"},"thumbnailUrl":"https:\/\/barneleker.no\/wp-content\/uploads\/2022\/02\/skills-balanse-sykkel-svart-10.jpg","datePublished":"2022-02-08T19:54:57+00:00","breadcrumb":{"@id":"https:\/\/barneleker.no\/index.php\/product\/skills-on-wheels-skills-balansesykkel-rosa-10\/#breadcrumb"},"inLanguage":"nb-NO","potentialAction":[{"@type":"ReadAction","target":["https:\/\/barneleker.no\/index.php\/product\/skills-on-wheels-skills-balansesykkel-rosa-10\/"]}]},{"@type":"ImageObject","inLanguage":"nb-NO","@id":"https:\/\/barneleker.no\/index.php\/product\/skills-on-wheels-skills-balansesykkel-rosa-10\/#primaryimage","url":"https:\/\/barneleker.no\/wp-content\/uploads\/2022\/02\/skills-balanse-sykkel-svart-10.jpg","contentUrl":"https:\/\/barneleker.no\/wp-content\/uploads\/2022\/02\/skills-balanse-sykkel-svart-10.jpg","width":555,"height":555},{"@type":"BreadcrumbList","@id":"https:\/\/barneleker.no\/index.php\/product\/skills-on-wheels-skills-balansesykkel-rosa-10\/#breadcrumb","itemListElement":[{"@type":"ListItem","position":1,"name":"Butikken","item":"https:\/\/barneleker.no\/"},{"@type":"ListItem","position":2,"name":"Skills on Wheels Skills, Balansesykkel Rosa 10&#8243;"}]},{"@type":"WebSite","@id":"https:\/\/barneleker.no\/#website","url":"https:\/\/barneleker.no\/","name":"Barneleker.no","description":"Selvf\u00f8lgelig!","publisher":{"@id":"https:\/\/barneleker.no\/#organization"},"potentialAction":[{"@type":"SearchAction","target":{"@type":"EntryPoint","urlTemplate":"https:\/\/barneleker.no\/?s={search_term_string}"},"query-input":{"@type":"PropertyValueSpecification","valueRequired":true,"valueName":"search_term_string"}}],"inLanguage":"nb-NO"},{"@type":"Organization","@id":"https:\/\/barneleker.no\/#organization","name":"Barneleker.no","url":"https:\/\/barneleker.no\/","logo":{"@type":"ImageObject","inLanguage":"nb-NO","@id":"https:\/\/barneleker.no\/#\/schema\/logo\/image\/","url":"https:\/\/barneleker.no\/wp-content\/uploads\/2021\/11\/barneleker_logo-780x150-1.jpg","contentUrl":"https:\/\/barneleker.no\/wp-content\/uploads\/2021\/11\/barneleker_logo-780x150-1.jpg","width":780,"height":150,"caption":"Barneleker.no"},"image":{"@id":"https:\/\/barneleker.no\/#\/schema\/logo\/image\/"}}]}},"_links":{"self":[{"href":"https:\/\/barneleker.no\/index.php\/wp-json\/wp\/v2\/product\/13169","targetHints":{"allow":["GET"]}}],"collection":[{"href":"https:\/\/barneleker.no\/index.php\/wp-json\/wp\/v2\/product"}],"about":[{"href":"https:\/\/barneleker.no\/index.php\/wp-json\/wp\/v2\/types\/product"}],"replies":[{"embeddable":true,"href":"https:\/\/barneleker.no\/index.php\/wp-json\/wp\/v2\/comments?post=13169"}],"wp:featuredmedia":[{"embeddable":true,"href":"https:\/\/barneleker.no\/index.php\/wp-json\/wp\/v2\/media\/13168"}],"wp:attachment":[{"href":"https:\/\/barneleker.no\/index.php\/wp-json\/wp\/v2\/media?parent=13169"}],"wp:term":[{"taxonomy":"product_brand","embeddable":true,"href":"https:\/\/barneleker.no\/index.php\/wp-json\/wp\/v2\/product_brand?post=13169"},{"taxonomy":"product_cat","embeddable":true,"href":"https:\/\/barneleker.no\/index.php\/wp-json\/wp\/v2\/product_cat?post=13169"},{"taxonomy":"product_tag","embeddable":true,"href":"https:\/\/barneleker.no\/index.php\/wp-json\/wp\/v2\/product_tag?post=13169"}],"curies":[{"name":"wp","href":"https:\/\/api.w.org\/{rel}","templated":true}]}}