{"id":13185,"date":"2022-02-08T19:55:03","date_gmt":"2022-02-08T19:55:03","guid":{"rendered":"https:\/\/barneleker.no\/index.php\/product\/brio-kombi-dukkevogn-plomme-lilla\/"},"modified":"2022-02-08T19:55:03","modified_gmt":"2022-02-08T19:55:03","slug":"brio-kombi-dukkevogn-plomme-lilla","status":"publish","type":"product","link":"https:\/\/barneleker.no\/index.php\/product\/brio-kombi-dukkevogn-plomme-lilla\/","title":{"rendered":"BRIO, Kombi Dukkevogn Plomme lilla"},"content":{"rendered":"<p>N\u00e5r dukken \u00f8nsker forandring, forandrer denne dukkevognen seg sammen med den. Ligge ned og sove. Deretter sitte oppreist og se verden passere. Eller sitte oppreist og sove. Deretter ligge ned og se verden passere. Uansett hvor gammel dukken er eller hva den vil gj\u00f8re, s\u00e5 dekker denne dukkevognen det. I likhet med en ekte kombivogn har denne avtakbar myk bag med praktiske b\u00e6reh\u00e5ndtak. Deretter kan setet og fothvileren justeres, og materialet kan t\u00f8rkes av. H\u00e5ndtaket kan justeres for \u00e5 passe til barn i ulik alder og h\u00f8yde. Sammenleggbar kalesje, sammenleggbart understell, sidelommer og en romslig handlekurv gj\u00f8r denne allsidige dukkevognen komplett.  NB: Denne dukkevognen krever delvis hjelp av en voksen ved montering.<\/p>\n","protected":false},"excerpt":{"rendered":"<p>N\u00e5r dukken \u00f8nsker forandring, forandrer denne dukkevognen seg sammen med den. Ligge ned og sove. Deretter sitte oppreist og se verden passere. Eller sitte oppreist&hellip;<\/p>\n","protected":false},"featured_media":13184,"comment_status":"open","ping_status":"closed","template":"","meta":[],"product_brand":[],"product_cat":[403],"product_tag":[],"class_list":{"0":"post-13185","1":"product","2":"type-product","3":"status-publish","4":"has-post-thumbnail","6":"product_cat-docktillbehor","8":"first","9":"instock","10":"shipping-taxable","11":"product-type-external","12":"customify-col"},"yoast_head":"<!-- This site is optimized with the Yoast SEO plugin v26.0 - https:\/\/yoast.com\/wordpress\/plugins\/seo\/ -->\n<title>BRIO, Kombi Dukkevogn Plomme lilla - Barneleker.no<\/title>\n<meta name=\"robots\" content=\"index, follow, max-snippet:-1, max-image-preview:large, max-video-preview:-1\" \/>\n<link rel=\"canonical\" href=\"https:\/\/barneleker.no\/index.php\/product\/brio-kombi-dukkevogn-plomme-lilla\/\" \/>\n<meta property=\"og:locale\" content=\"nb_NO\" \/>\n<meta property=\"og:type\" content=\"article\" \/>\n<meta property=\"og:title\" content=\"BRIO, Kombi Dukkevogn Plomme lilla - Barneleker.no\" \/>\n<meta property=\"og:description\" content=\"N\u00e5r dukken \u00f8nsker forandring, forandrer denne dukkevognen seg sammen med den. Ligge ned og sove. Deretter sitte oppreist og se verden passere. Eller sitte oppreist&hellip;\" \/>\n<meta property=\"og:url\" content=\"https:\/\/barneleker.no\/index.php\/product\/brio-kombi-dukkevogn-plomme-lilla\/\" \/>\n<meta property=\"og:site_name\" content=\"Barneleker.no\" \/>\n<meta name=\"twitter:card\" content=\"summary_large_image\" \/>\n<meta name=\"twitter:label1\" content=\"Ansl. lesetid\" \/>\n\t<meta name=\"twitter:data1\" content=\"1 minutt\" \/>\n<script type=\"application\/ld+json\" class=\"yoast-schema-graph\">{\"@context\":\"https:\/\/schema.org\",\"@graph\":[{\"@type\":\"WebPage\",\"@id\":\"https:\/\/barneleker.no\/index.php\/product\/brio-kombi-dukkevogn-plomme-lilla\/\",\"url\":\"https:\/\/barneleker.no\/index.php\/product\/brio-kombi-dukkevogn-plomme-lilla\/\",\"name\":\"BRIO, Kombi Dukkevogn Plomme lilla - Barneleker.no\",\"isPartOf\":{\"@id\":\"https:\/\/barneleker.no\/#website\"},\"primaryImageOfPage\":{\"@id\":\"https:\/\/barneleker.no\/index.php\/product\/brio-kombi-dukkevogn-plomme-lilla\/#primaryimage\"},\"image\":{\"@id\":\"https:\/\/barneleker.no\/index.php\/product\/brio-kombi-dukkevogn-plomme-lilla\/#primaryimage\"},\"thumbnailUrl\":\"https:\/\/barneleker.no\/wp-content\/uploads\/2022\/02\/brio-kombi-dukkevogn-plomme-lilla.jpg\",\"datePublished\":\"2022-02-08T19:55:03+00:00\",\"breadcrumb\":{\"@id\":\"https:\/\/barneleker.no\/index.php\/product\/brio-kombi-dukkevogn-plomme-lilla\/#breadcrumb\"},\"inLanguage\":\"nb-NO\",\"potentialAction\":[{\"@type\":\"ReadAction\",\"target\":[\"https:\/\/barneleker.no\/index.php\/product\/brio-kombi-dukkevogn-plomme-lilla\/\"]}]},{\"@type\":\"ImageObject\",\"inLanguage\":\"nb-NO\",\"@id\":\"https:\/\/barneleker.no\/index.php\/product\/brio-kombi-dukkevogn-plomme-lilla\/#primaryimage\",\"url\":\"https:\/\/barneleker.no\/wp-content\/uploads\/2022\/02\/brio-kombi-dukkevogn-plomme-lilla.jpg\",\"contentUrl\":\"https:\/\/barneleker.no\/wp-content\/uploads\/2022\/02\/brio-kombi-dukkevogn-plomme-lilla.jpg\",\"width\":555,\"height\":555},{\"@type\":\"BreadcrumbList\",\"@id\":\"https:\/\/barneleker.no\/index.php\/product\/brio-kombi-dukkevogn-plomme-lilla\/#breadcrumb\",\"itemListElement\":[{\"@type\":\"ListItem\",\"position\":1,\"name\":\"Butikken\",\"item\":\"https:\/\/barneleker.no\/\"},{\"@type\":\"ListItem\",\"position\":2,\"name\":\"BRIO, Kombi Dukkevogn Plomme lilla\"}]},{\"@type\":\"WebSite\",\"@id\":\"https:\/\/barneleker.no\/#website\",\"url\":\"https:\/\/barneleker.no\/\",\"name\":\"Barneleker.no\",\"description\":\"Selvf\u00f8lgelig!\",\"publisher\":{\"@id\":\"https:\/\/barneleker.no\/#organization\"},\"potentialAction\":[{\"@type\":\"SearchAction\",\"target\":{\"@type\":\"EntryPoint\",\"urlTemplate\":\"https:\/\/barneleker.no\/?s={search_term_string}\"},\"query-input\":{\"@type\":\"PropertyValueSpecification\",\"valueRequired\":true,\"valueName\":\"search_term_string\"}}],\"inLanguage\":\"nb-NO\"},{\"@type\":\"Organization\",\"@id\":\"https:\/\/barneleker.no\/#organization\",\"name\":\"Barneleker.no\",\"url\":\"https:\/\/barneleker.no\/\",\"logo\":{\"@type\":\"ImageObject\",\"inLanguage\":\"nb-NO\",\"@id\":\"https:\/\/barneleker.no\/#\/schema\/logo\/image\/\",\"url\":\"https:\/\/barneleker.no\/wp-content\/uploads\/2021\/11\/barneleker_logo-780x150-1.jpg\",\"contentUrl\":\"https:\/\/barneleker.no\/wp-content\/uploads\/2021\/11\/barneleker_logo-780x150-1.jpg\",\"width\":780,\"height\":150,\"caption\":\"Barneleker.no\"},\"image\":{\"@id\":\"https:\/\/barneleker.no\/#\/schema\/logo\/image\/\"}}]}<\/script>\n<!-- \/ Yoast SEO plugin. -->","yoast_head_json":{"title":"BRIO, Kombi Dukkevogn Plomme lilla - Barneleker.no","robots":{"index":"index","follow":"follow","max-snippet":"max-snippet:-1","max-image-preview":"max-image-preview:large","max-video-preview":"max-video-preview:-1"},"canonical":"https:\/\/barneleker.no\/index.php\/product\/brio-kombi-dukkevogn-plomme-lilla\/","og_locale":"nb_NO","og_type":"article","og_title":"BRIO, Kombi Dukkevogn Plomme lilla - Barneleker.no","og_description":"N\u00e5r dukken \u00f8nsker forandring, forandrer denne dukkevognen seg sammen med den. Ligge ned og sove. Deretter sitte oppreist og se verden passere. Eller sitte oppreist&hellip;","og_url":"https:\/\/barneleker.no\/index.php\/product\/brio-kombi-dukkevogn-plomme-lilla\/","og_site_name":"Barneleker.no","twitter_card":"summary_large_image","twitter_misc":{"Ansl. lesetid":"1 minutt"},"schema":{"@context":"https:\/\/schema.org","@graph":[{"@type":"WebPage","@id":"https:\/\/barneleker.no\/index.php\/product\/brio-kombi-dukkevogn-plomme-lilla\/","url":"https:\/\/barneleker.no\/index.php\/product\/brio-kombi-dukkevogn-plomme-lilla\/","name":"BRIO, Kombi Dukkevogn Plomme lilla - Barneleker.no","isPartOf":{"@id":"https:\/\/barneleker.no\/#website"},"primaryImageOfPage":{"@id":"https:\/\/barneleker.no\/index.php\/product\/brio-kombi-dukkevogn-plomme-lilla\/#primaryimage"},"image":{"@id":"https:\/\/barneleker.no\/index.php\/product\/brio-kombi-dukkevogn-plomme-lilla\/#primaryimage"},"thumbnailUrl":"https:\/\/barneleker.no\/wp-content\/uploads\/2022\/02\/brio-kombi-dukkevogn-plomme-lilla.jpg","datePublished":"2022-02-08T19:55:03+00:00","breadcrumb":{"@id":"https:\/\/barneleker.no\/index.php\/product\/brio-kombi-dukkevogn-plomme-lilla\/#breadcrumb"},"inLanguage":"nb-NO","potentialAction":[{"@type":"ReadAction","target":["https:\/\/barneleker.no\/index.php\/product\/brio-kombi-dukkevogn-plomme-lilla\/"]}]},{"@type":"ImageObject","inLanguage":"nb-NO","@id":"https:\/\/barneleker.no\/index.php\/product\/brio-kombi-dukkevogn-plomme-lilla\/#primaryimage","url":"https:\/\/barneleker.no\/wp-content\/uploads\/2022\/02\/brio-kombi-dukkevogn-plomme-lilla.jpg","contentUrl":"https:\/\/barneleker.no\/wp-content\/uploads\/2022\/02\/brio-kombi-dukkevogn-plomme-lilla.jpg","width":555,"height":555},{"@type":"BreadcrumbList","@id":"https:\/\/barneleker.no\/index.php\/product\/brio-kombi-dukkevogn-plomme-lilla\/#breadcrumb","itemListElement":[{"@type":"ListItem","position":1,"name":"Butikken","item":"https:\/\/barneleker.no\/"},{"@type":"ListItem","position":2,"name":"BRIO, Kombi Dukkevogn Plomme lilla"}]},{"@type":"WebSite","@id":"https:\/\/barneleker.no\/#website","url":"https:\/\/barneleker.no\/","name":"Barneleker.no","description":"Selvf\u00f8lgelig!","publisher":{"@id":"https:\/\/barneleker.no\/#organization"},"potentialAction":[{"@type":"SearchAction","target":{"@type":"EntryPoint","urlTemplate":"https:\/\/barneleker.no\/?s={search_term_string}"},"query-input":{"@type":"PropertyValueSpecification","valueRequired":true,"valueName":"search_term_string"}}],"inLanguage":"nb-NO"},{"@type":"Organization","@id":"https:\/\/barneleker.no\/#organization","name":"Barneleker.no","url":"https:\/\/barneleker.no\/","logo":{"@type":"ImageObject","inLanguage":"nb-NO","@id":"https:\/\/barneleker.no\/#\/schema\/logo\/image\/","url":"https:\/\/barneleker.no\/wp-content\/uploads\/2021\/11\/barneleker_logo-780x150-1.jpg","contentUrl":"https:\/\/barneleker.no\/wp-content\/uploads\/2021\/11\/barneleker_logo-780x150-1.jpg","width":780,"height":150,"caption":"Barneleker.no"},"image":{"@id":"https:\/\/barneleker.no\/#\/schema\/logo\/image\/"}}]}},"_links":{"self":[{"href":"https:\/\/barneleker.no\/index.php\/wp-json\/wp\/v2\/product\/13185","targetHints":{"allow":["GET"]}}],"collection":[{"href":"https:\/\/barneleker.no\/index.php\/wp-json\/wp\/v2\/product"}],"about":[{"href":"https:\/\/barneleker.no\/index.php\/wp-json\/wp\/v2\/types\/product"}],"replies":[{"embeddable":true,"href":"https:\/\/barneleker.no\/index.php\/wp-json\/wp\/v2\/comments?post=13185"}],"wp:featuredmedia":[{"embeddable":true,"href":"https:\/\/barneleker.no\/index.php\/wp-json\/wp\/v2\/media\/13184"}],"wp:attachment":[{"href":"https:\/\/barneleker.no\/index.php\/wp-json\/wp\/v2\/media?parent=13185"}],"wp:term":[{"taxonomy":"product_brand","embeddable":true,"href":"https:\/\/barneleker.no\/index.php\/wp-json\/wp\/v2\/product_brand?post=13185"},{"taxonomy":"product_cat","embeddable":true,"href":"https:\/\/barneleker.no\/index.php\/wp-json\/wp\/v2\/product_cat?post=13185"},{"taxonomy":"product_tag","embeddable":true,"href":"https:\/\/barneleker.no\/index.php\/wp-json\/wp\/v2\/product_tag?post=13185"}],"curies":[{"name":"wp","href":"https:\/\/api.w.org\/{rel}","templated":true}]}}