{"id":13189,"date":"2022-02-08T19:55:04","date_gmt":"2022-02-08T19:55:04","guid":{"rendered":"https:\/\/barneleker.no\/index.php\/product\/playmobil-spirit-luckys-lykkelige-hjem\/"},"modified":"2022-02-08T19:55:04","modified_gmt":"2022-02-08T19:55:04","slug":"playmobil-spirit-luckys-lykkelige-hjem","status":"publish","type":"product","link":"https:\/\/barneleker.no\/index.php\/product\/playmobil-spirit-luckys-lykkelige-hjem\/","title":{"rendered":"Playmobil, Spirit &#8211; Luckys lykkelige hjem"},"content":{"rendered":"<p>Bes\u00f8k Luckys lykkelige hjem i det ville vesten. Da Lucky flyttet fra storbyen til Miradero, var hun usikker p\u00e5 om hun ville passe inn, men hun f\u00f8lte seg umiddelbart hjemme i det hyggelige huset.<\/p>\n","protected":false},"excerpt":{"rendered":"<p>Bes\u00f8k Luckys lykkelige hjem i det ville vesten. Da Lucky flyttet fra storbyen til Miradero, var hun usikker p\u00e5 om hun ville passe inn, men&hellip;<\/p>\n","protected":false},"featured_media":13188,"comment_status":"open","ping_status":"closed","template":"","meta":[],"product_brand":[],"product_cat":[354],"product_tag":[],"class_list":{"0":"post-13189","1":"product","2":"type-product","3":"status-publish","4":"has-post-thumbnail","6":"product_cat-lekset","8":"first","9":"instock","10":"shipping-taxable","11":"product-type-external","12":"customify-col"},"yoast_head":"<!-- This site is optimized with the Yoast SEO plugin v26.0 - https:\/\/yoast.com\/wordpress\/plugins\/seo\/ -->\n<title>Playmobil, Spirit - Luckys lykkelige hjem - Barneleker.no<\/title>\n<meta name=\"robots\" content=\"index, follow, max-snippet:-1, max-image-preview:large, max-video-preview:-1\" \/>\n<link rel=\"canonical\" href=\"https:\/\/barneleker.no\/index.php\/product\/playmobil-spirit-luckys-lykkelige-hjem\/\" \/>\n<meta property=\"og:locale\" content=\"nb_NO\" \/>\n<meta property=\"og:type\" content=\"article\" \/>\n<meta property=\"og:title\" content=\"Playmobil, Spirit - Luckys lykkelige hjem - Barneleker.no\" \/>\n<meta property=\"og:description\" content=\"Bes\u00f8k Luckys lykkelige hjem i det ville vesten. Da Lucky flyttet fra storbyen til Miradero, var hun usikker p\u00e5 om hun ville passe inn, men&hellip;\" \/>\n<meta property=\"og:url\" content=\"https:\/\/barneleker.no\/index.php\/product\/playmobil-spirit-luckys-lykkelige-hjem\/\" \/>\n<meta property=\"og:site_name\" content=\"Barneleker.no\" \/>\n<meta name=\"twitter:card\" content=\"summary_large_image\" \/>\n<script type=\"application\/ld+json\" class=\"yoast-schema-graph\">{\"@context\":\"https:\/\/schema.org\",\"@graph\":[{\"@type\":\"WebPage\",\"@id\":\"https:\/\/barneleker.no\/index.php\/product\/playmobil-spirit-luckys-lykkelige-hjem\/\",\"url\":\"https:\/\/barneleker.no\/index.php\/product\/playmobil-spirit-luckys-lykkelige-hjem\/\",\"name\":\"Playmobil, Spirit - Luckys lykkelige hjem - Barneleker.no\",\"isPartOf\":{\"@id\":\"https:\/\/barneleker.no\/#website\"},\"primaryImageOfPage\":{\"@id\":\"https:\/\/barneleker.no\/index.php\/product\/playmobil-spirit-luckys-lykkelige-hjem\/#primaryimage\"},\"image\":{\"@id\":\"https:\/\/barneleker.no\/index.php\/product\/playmobil-spirit-luckys-lykkelige-hjem\/#primaryimage\"},\"thumbnailUrl\":\"https:\/\/barneleker.no\/wp-content\/uploads\/2022\/02\/playmobil-spirit-luckys-lykkelige-hjem.png\",\"datePublished\":\"2022-02-08T19:55:04+00:00\",\"breadcrumb\":{\"@id\":\"https:\/\/barneleker.no\/index.php\/product\/playmobil-spirit-luckys-lykkelige-hjem\/#breadcrumb\"},\"inLanguage\":\"nb-NO\",\"potentialAction\":[{\"@type\":\"ReadAction\",\"target\":[\"https:\/\/barneleker.no\/index.php\/product\/playmobil-spirit-luckys-lykkelige-hjem\/\"]}]},{\"@type\":\"ImageObject\",\"inLanguage\":\"nb-NO\",\"@id\":\"https:\/\/barneleker.no\/index.php\/product\/playmobil-spirit-luckys-lykkelige-hjem\/#primaryimage\",\"url\":\"https:\/\/barneleker.no\/wp-content\/uploads\/2022\/02\/playmobil-spirit-luckys-lykkelige-hjem.png\",\"contentUrl\":\"https:\/\/barneleker.no\/wp-content\/uploads\/2022\/02\/playmobil-spirit-luckys-lykkelige-hjem.png\",\"width\":555,\"height\":555},{\"@type\":\"BreadcrumbList\",\"@id\":\"https:\/\/barneleker.no\/index.php\/product\/playmobil-spirit-luckys-lykkelige-hjem\/#breadcrumb\",\"itemListElement\":[{\"@type\":\"ListItem\",\"position\":1,\"name\":\"Butikken\",\"item\":\"https:\/\/barneleker.no\/\"},{\"@type\":\"ListItem\",\"position\":2,\"name\":\"Playmobil, Spirit &#8211; Luckys lykkelige hjem\"}]},{\"@type\":\"WebSite\",\"@id\":\"https:\/\/barneleker.no\/#website\",\"url\":\"https:\/\/barneleker.no\/\",\"name\":\"Barneleker.no\",\"description\":\"Selvf\u00f8lgelig!\",\"publisher\":{\"@id\":\"https:\/\/barneleker.no\/#organization\"},\"potentialAction\":[{\"@type\":\"SearchAction\",\"target\":{\"@type\":\"EntryPoint\",\"urlTemplate\":\"https:\/\/barneleker.no\/?s={search_term_string}\"},\"query-input\":{\"@type\":\"PropertyValueSpecification\",\"valueRequired\":true,\"valueName\":\"search_term_string\"}}],\"inLanguage\":\"nb-NO\"},{\"@type\":\"Organization\",\"@id\":\"https:\/\/barneleker.no\/#organization\",\"name\":\"Barneleker.no\",\"url\":\"https:\/\/barneleker.no\/\",\"logo\":{\"@type\":\"ImageObject\",\"inLanguage\":\"nb-NO\",\"@id\":\"https:\/\/barneleker.no\/#\/schema\/logo\/image\/\",\"url\":\"https:\/\/barneleker.no\/wp-content\/uploads\/2021\/11\/barneleker_logo-780x150-1.jpg\",\"contentUrl\":\"https:\/\/barneleker.no\/wp-content\/uploads\/2021\/11\/barneleker_logo-780x150-1.jpg\",\"width\":780,\"height\":150,\"caption\":\"Barneleker.no\"},\"image\":{\"@id\":\"https:\/\/barneleker.no\/#\/schema\/logo\/image\/\"}}]}<\/script>\n<!-- \/ Yoast SEO plugin. -->","yoast_head_json":{"title":"Playmobil, Spirit - Luckys lykkelige hjem - Barneleker.no","robots":{"index":"index","follow":"follow","max-snippet":"max-snippet:-1","max-image-preview":"max-image-preview:large","max-video-preview":"max-video-preview:-1"},"canonical":"https:\/\/barneleker.no\/index.php\/product\/playmobil-spirit-luckys-lykkelige-hjem\/","og_locale":"nb_NO","og_type":"article","og_title":"Playmobil, Spirit - Luckys lykkelige hjem - Barneleker.no","og_description":"Bes\u00f8k Luckys lykkelige hjem i det ville vesten. Da Lucky flyttet fra storbyen til Miradero, var hun usikker p\u00e5 om hun ville passe inn, men&hellip;","og_url":"https:\/\/barneleker.no\/index.php\/product\/playmobil-spirit-luckys-lykkelige-hjem\/","og_site_name":"Barneleker.no","twitter_card":"summary_large_image","schema":{"@context":"https:\/\/schema.org","@graph":[{"@type":"WebPage","@id":"https:\/\/barneleker.no\/index.php\/product\/playmobil-spirit-luckys-lykkelige-hjem\/","url":"https:\/\/barneleker.no\/index.php\/product\/playmobil-spirit-luckys-lykkelige-hjem\/","name":"Playmobil, Spirit - Luckys lykkelige hjem - Barneleker.no","isPartOf":{"@id":"https:\/\/barneleker.no\/#website"},"primaryImageOfPage":{"@id":"https:\/\/barneleker.no\/index.php\/product\/playmobil-spirit-luckys-lykkelige-hjem\/#primaryimage"},"image":{"@id":"https:\/\/barneleker.no\/index.php\/product\/playmobil-spirit-luckys-lykkelige-hjem\/#primaryimage"},"thumbnailUrl":"https:\/\/barneleker.no\/wp-content\/uploads\/2022\/02\/playmobil-spirit-luckys-lykkelige-hjem.png","datePublished":"2022-02-08T19:55:04+00:00","breadcrumb":{"@id":"https:\/\/barneleker.no\/index.php\/product\/playmobil-spirit-luckys-lykkelige-hjem\/#breadcrumb"},"inLanguage":"nb-NO","potentialAction":[{"@type":"ReadAction","target":["https:\/\/barneleker.no\/index.php\/product\/playmobil-spirit-luckys-lykkelige-hjem\/"]}]},{"@type":"ImageObject","inLanguage":"nb-NO","@id":"https:\/\/barneleker.no\/index.php\/product\/playmobil-spirit-luckys-lykkelige-hjem\/#primaryimage","url":"https:\/\/barneleker.no\/wp-content\/uploads\/2022\/02\/playmobil-spirit-luckys-lykkelige-hjem.png","contentUrl":"https:\/\/barneleker.no\/wp-content\/uploads\/2022\/02\/playmobil-spirit-luckys-lykkelige-hjem.png","width":555,"height":555},{"@type":"BreadcrumbList","@id":"https:\/\/barneleker.no\/index.php\/product\/playmobil-spirit-luckys-lykkelige-hjem\/#breadcrumb","itemListElement":[{"@type":"ListItem","position":1,"name":"Butikken","item":"https:\/\/barneleker.no\/"},{"@type":"ListItem","position":2,"name":"Playmobil, Spirit &#8211; Luckys lykkelige hjem"}]},{"@type":"WebSite","@id":"https:\/\/barneleker.no\/#website","url":"https:\/\/barneleker.no\/","name":"Barneleker.no","description":"Selvf\u00f8lgelig!","publisher":{"@id":"https:\/\/barneleker.no\/#organization"},"potentialAction":[{"@type":"SearchAction","target":{"@type":"EntryPoint","urlTemplate":"https:\/\/barneleker.no\/?s={search_term_string}"},"query-input":{"@type":"PropertyValueSpecification","valueRequired":true,"valueName":"search_term_string"}}],"inLanguage":"nb-NO"},{"@type":"Organization","@id":"https:\/\/barneleker.no\/#organization","name":"Barneleker.no","url":"https:\/\/barneleker.no\/","logo":{"@type":"ImageObject","inLanguage":"nb-NO","@id":"https:\/\/barneleker.no\/#\/schema\/logo\/image\/","url":"https:\/\/barneleker.no\/wp-content\/uploads\/2021\/11\/barneleker_logo-780x150-1.jpg","contentUrl":"https:\/\/barneleker.no\/wp-content\/uploads\/2021\/11\/barneleker_logo-780x150-1.jpg","width":780,"height":150,"caption":"Barneleker.no"},"image":{"@id":"https:\/\/barneleker.no\/#\/schema\/logo\/image\/"}}]}},"_links":{"self":[{"href":"https:\/\/barneleker.no\/index.php\/wp-json\/wp\/v2\/product\/13189","targetHints":{"allow":["GET"]}}],"collection":[{"href":"https:\/\/barneleker.no\/index.php\/wp-json\/wp\/v2\/product"}],"about":[{"href":"https:\/\/barneleker.no\/index.php\/wp-json\/wp\/v2\/types\/product"}],"replies":[{"embeddable":true,"href":"https:\/\/barneleker.no\/index.php\/wp-json\/wp\/v2\/comments?post=13189"}],"wp:featuredmedia":[{"embeddable":true,"href":"https:\/\/barneleker.no\/index.php\/wp-json\/wp\/v2\/media\/13188"}],"wp:attachment":[{"href":"https:\/\/barneleker.no\/index.php\/wp-json\/wp\/v2\/media?parent=13189"}],"wp:term":[{"taxonomy":"product_brand","embeddable":true,"href":"https:\/\/barneleker.no\/index.php\/wp-json\/wp\/v2\/product_brand?post=13189"},{"taxonomy":"product_cat","embeddable":true,"href":"https:\/\/barneleker.no\/index.php\/wp-json\/wp\/v2\/product_cat?post=13189"},{"taxonomy":"product_tag","embeddable":true,"href":"https:\/\/barneleker.no\/index.php\/wp-json\/wp\/v2\/product_tag?post=13189"}],"curies":[{"name":"wp","href":"https:\/\/api.w.org\/{rel}","templated":true}]}}