{"id":13201,"date":"2022-02-08T19:55:08","date_gmt":"2022-02-08T19:55:08","guid":{"rendered":"https:\/\/barneleker.no\/index.php\/product\/micro-machines-micro-machines-park-go-garage-playset\/"},"modified":"2022-02-08T19:55:08","modified_gmt":"2022-02-08T19:55:08","slug":"micro-machines-micro-machines-park-go-garage-playset","status":"publish","type":"product","link":"https:\/\/barneleker.no\/index.php\/product\/micro-machines-micro-machines-park-go-garage-playset\/","title":{"rendered":"Micro Machines Micro machines, Park &#038; Go Garage Playset"},"content":{"rendered":"<p>Denne stilige garasjen har plass til mer enn 45 Micro Machines biler! Garasjen har hele 6 etasjer som hvor bilene kan st\u00e5 parkert. Bruk heisen f\u00e5r \u00e5 frakte bilen til den etasjen du vil ta i bruk. N\u00e5r bilen skal ned igjen kan den b\u00e5de benytte heisen, og den stilige rutsjebanen fra 5. etasje. Lukk garasjen igjen n\u00e5r den ikke er i bruk slik at den tar mindre plass og bilene blir st\u00e5ende. Garasjen kommer med et praktisk h\u00e5ndtak slik at den er enkel \u00e5 ta med seg. Kombiner gjerne med andre lekesett og lag din egen Micro Machine by.<\/p>\n","protected":false},"excerpt":{"rendered":"<p>Denne stilige garasjen har plass til mer enn 45 Micro Machines biler! Garasjen har hele 6 etasjer som hvor bilene kan st\u00e5 parkert. Bruk heisen&hellip;<\/p>\n","protected":false},"featured_media":13200,"comment_status":"open","ping_status":"closed","template":"","meta":[],"product_brand":[],"product_cat":[343],"product_tag":[],"class_list":{"0":"post-13201","1":"product","2":"type-product","3":"status-publish","4":"has-post-thumbnail","6":"product_cat-kjoretoy","8":"first","9":"instock","10":"shipping-taxable","11":"product-type-external","12":"customify-col"},"yoast_head":"<!-- This site is optimized with the Yoast SEO plugin v26.0 - https:\/\/yoast.com\/wordpress\/plugins\/seo\/ -->\n<title>Micro Machines Micro machines, Park &amp; Go Garage Playset - Barneleker.no<\/title>\n<meta name=\"robots\" content=\"index, follow, max-snippet:-1, max-image-preview:large, max-video-preview:-1\" \/>\n<link rel=\"canonical\" href=\"https:\/\/barneleker.no\/index.php\/product\/micro-machines-micro-machines-park-go-garage-playset\/\" \/>\n<meta property=\"og:locale\" content=\"nb_NO\" \/>\n<meta property=\"og:type\" content=\"article\" \/>\n<meta property=\"og:title\" content=\"Micro Machines Micro machines, Park &amp; Go Garage Playset - Barneleker.no\" \/>\n<meta property=\"og:description\" content=\"Denne stilige garasjen har plass til mer enn 45 Micro Machines biler! Garasjen har hele 6 etasjer som hvor bilene kan st\u00e5 parkert. Bruk heisen&hellip;\" \/>\n<meta property=\"og:url\" content=\"https:\/\/barneleker.no\/index.php\/product\/micro-machines-micro-machines-park-go-garage-playset\/\" \/>\n<meta property=\"og:site_name\" content=\"Barneleker.no\" \/>\n<meta name=\"twitter:card\" content=\"summary_large_image\" \/>\n<meta name=\"twitter:label1\" content=\"Ansl. lesetid\" \/>\n\t<meta name=\"twitter:data1\" content=\"1 minutt\" \/>\n<script type=\"application\/ld+json\" class=\"yoast-schema-graph\">{\"@context\":\"https:\/\/schema.org\",\"@graph\":[{\"@type\":\"WebPage\",\"@id\":\"https:\/\/barneleker.no\/index.php\/product\/micro-machines-micro-machines-park-go-garage-playset\/\",\"url\":\"https:\/\/barneleker.no\/index.php\/product\/micro-machines-micro-machines-park-go-garage-playset\/\",\"name\":\"Micro Machines Micro machines, Park & Go Garage Playset - Barneleker.no\",\"isPartOf\":{\"@id\":\"https:\/\/barneleker.no\/#website\"},\"primaryImageOfPage\":{\"@id\":\"https:\/\/barneleker.no\/index.php\/product\/micro-machines-micro-machines-park-go-garage-playset\/#primaryimage\"},\"image\":{\"@id\":\"https:\/\/barneleker.no\/index.php\/product\/micro-machines-micro-machines-park-go-garage-playset\/#primaryimage\"},\"thumbnailUrl\":\"https:\/\/barneleker.no\/wp-content\/uploads\/2022\/02\/micro-machines-park-go-garage-playset.jpg\",\"datePublished\":\"2022-02-08T19:55:08+00:00\",\"breadcrumb\":{\"@id\":\"https:\/\/barneleker.no\/index.php\/product\/micro-machines-micro-machines-park-go-garage-playset\/#breadcrumb\"},\"inLanguage\":\"nb-NO\",\"potentialAction\":[{\"@type\":\"ReadAction\",\"target\":[\"https:\/\/barneleker.no\/index.php\/product\/micro-machines-micro-machines-park-go-garage-playset\/\"]}]},{\"@type\":\"ImageObject\",\"inLanguage\":\"nb-NO\",\"@id\":\"https:\/\/barneleker.no\/index.php\/product\/micro-machines-micro-machines-park-go-garage-playset\/#primaryimage\",\"url\":\"https:\/\/barneleker.no\/wp-content\/uploads\/2022\/02\/micro-machines-park-go-garage-playset.jpg\",\"contentUrl\":\"https:\/\/barneleker.no\/wp-content\/uploads\/2022\/02\/micro-machines-park-go-garage-playset.jpg\",\"width\":555,\"height\":555},{\"@type\":\"BreadcrumbList\",\"@id\":\"https:\/\/barneleker.no\/index.php\/product\/micro-machines-micro-machines-park-go-garage-playset\/#breadcrumb\",\"itemListElement\":[{\"@type\":\"ListItem\",\"position\":1,\"name\":\"Butikken\",\"item\":\"https:\/\/barneleker.no\/\"},{\"@type\":\"ListItem\",\"position\":2,\"name\":\"Micro Machines Micro machines, Park &#038; Go Garage Playset\"}]},{\"@type\":\"WebSite\",\"@id\":\"https:\/\/barneleker.no\/#website\",\"url\":\"https:\/\/barneleker.no\/\",\"name\":\"Barneleker.no\",\"description\":\"Selvf\u00f8lgelig!\",\"publisher\":{\"@id\":\"https:\/\/barneleker.no\/#organization\"},\"potentialAction\":[{\"@type\":\"SearchAction\",\"target\":{\"@type\":\"EntryPoint\",\"urlTemplate\":\"https:\/\/barneleker.no\/?s={search_term_string}\"},\"query-input\":{\"@type\":\"PropertyValueSpecification\",\"valueRequired\":true,\"valueName\":\"search_term_string\"}}],\"inLanguage\":\"nb-NO\"},{\"@type\":\"Organization\",\"@id\":\"https:\/\/barneleker.no\/#organization\",\"name\":\"Barneleker.no\",\"url\":\"https:\/\/barneleker.no\/\",\"logo\":{\"@type\":\"ImageObject\",\"inLanguage\":\"nb-NO\",\"@id\":\"https:\/\/barneleker.no\/#\/schema\/logo\/image\/\",\"url\":\"https:\/\/barneleker.no\/wp-content\/uploads\/2021\/11\/barneleker_logo-780x150-1.jpg\",\"contentUrl\":\"https:\/\/barneleker.no\/wp-content\/uploads\/2021\/11\/barneleker_logo-780x150-1.jpg\",\"width\":780,\"height\":150,\"caption\":\"Barneleker.no\"},\"image\":{\"@id\":\"https:\/\/barneleker.no\/#\/schema\/logo\/image\/\"}}]}<\/script>\n<!-- \/ Yoast SEO plugin. -->","yoast_head_json":{"title":"Micro Machines Micro machines, Park & Go Garage Playset - Barneleker.no","robots":{"index":"index","follow":"follow","max-snippet":"max-snippet:-1","max-image-preview":"max-image-preview:large","max-video-preview":"max-video-preview:-1"},"canonical":"https:\/\/barneleker.no\/index.php\/product\/micro-machines-micro-machines-park-go-garage-playset\/","og_locale":"nb_NO","og_type":"article","og_title":"Micro Machines Micro machines, Park & Go Garage Playset - Barneleker.no","og_description":"Denne stilige garasjen har plass til mer enn 45 Micro Machines biler! Garasjen har hele 6 etasjer som hvor bilene kan st\u00e5 parkert. Bruk heisen&hellip;","og_url":"https:\/\/barneleker.no\/index.php\/product\/micro-machines-micro-machines-park-go-garage-playset\/","og_site_name":"Barneleker.no","twitter_card":"summary_large_image","twitter_misc":{"Ansl. lesetid":"1 minutt"},"schema":{"@context":"https:\/\/schema.org","@graph":[{"@type":"WebPage","@id":"https:\/\/barneleker.no\/index.php\/product\/micro-machines-micro-machines-park-go-garage-playset\/","url":"https:\/\/barneleker.no\/index.php\/product\/micro-machines-micro-machines-park-go-garage-playset\/","name":"Micro Machines Micro machines, Park & Go Garage Playset - Barneleker.no","isPartOf":{"@id":"https:\/\/barneleker.no\/#website"},"primaryImageOfPage":{"@id":"https:\/\/barneleker.no\/index.php\/product\/micro-machines-micro-machines-park-go-garage-playset\/#primaryimage"},"image":{"@id":"https:\/\/barneleker.no\/index.php\/product\/micro-machines-micro-machines-park-go-garage-playset\/#primaryimage"},"thumbnailUrl":"https:\/\/barneleker.no\/wp-content\/uploads\/2022\/02\/micro-machines-park-go-garage-playset.jpg","datePublished":"2022-02-08T19:55:08+00:00","breadcrumb":{"@id":"https:\/\/barneleker.no\/index.php\/product\/micro-machines-micro-machines-park-go-garage-playset\/#breadcrumb"},"inLanguage":"nb-NO","potentialAction":[{"@type":"ReadAction","target":["https:\/\/barneleker.no\/index.php\/product\/micro-machines-micro-machines-park-go-garage-playset\/"]}]},{"@type":"ImageObject","inLanguage":"nb-NO","@id":"https:\/\/barneleker.no\/index.php\/product\/micro-machines-micro-machines-park-go-garage-playset\/#primaryimage","url":"https:\/\/barneleker.no\/wp-content\/uploads\/2022\/02\/micro-machines-park-go-garage-playset.jpg","contentUrl":"https:\/\/barneleker.no\/wp-content\/uploads\/2022\/02\/micro-machines-park-go-garage-playset.jpg","width":555,"height":555},{"@type":"BreadcrumbList","@id":"https:\/\/barneleker.no\/index.php\/product\/micro-machines-micro-machines-park-go-garage-playset\/#breadcrumb","itemListElement":[{"@type":"ListItem","position":1,"name":"Butikken","item":"https:\/\/barneleker.no\/"},{"@type":"ListItem","position":2,"name":"Micro Machines Micro machines, Park &#038; Go Garage Playset"}]},{"@type":"WebSite","@id":"https:\/\/barneleker.no\/#website","url":"https:\/\/barneleker.no\/","name":"Barneleker.no","description":"Selvf\u00f8lgelig!","publisher":{"@id":"https:\/\/barneleker.no\/#organization"},"potentialAction":[{"@type":"SearchAction","target":{"@type":"EntryPoint","urlTemplate":"https:\/\/barneleker.no\/?s={search_term_string}"},"query-input":{"@type":"PropertyValueSpecification","valueRequired":true,"valueName":"search_term_string"}}],"inLanguage":"nb-NO"},{"@type":"Organization","@id":"https:\/\/barneleker.no\/#organization","name":"Barneleker.no","url":"https:\/\/barneleker.no\/","logo":{"@type":"ImageObject","inLanguage":"nb-NO","@id":"https:\/\/barneleker.no\/#\/schema\/logo\/image\/","url":"https:\/\/barneleker.no\/wp-content\/uploads\/2021\/11\/barneleker_logo-780x150-1.jpg","contentUrl":"https:\/\/barneleker.no\/wp-content\/uploads\/2021\/11\/barneleker_logo-780x150-1.jpg","width":780,"height":150,"caption":"Barneleker.no"},"image":{"@id":"https:\/\/barneleker.no\/#\/schema\/logo\/image\/"}}]}},"_links":{"self":[{"href":"https:\/\/barneleker.no\/index.php\/wp-json\/wp\/v2\/product\/13201","targetHints":{"allow":["GET"]}}],"collection":[{"href":"https:\/\/barneleker.no\/index.php\/wp-json\/wp\/v2\/product"}],"about":[{"href":"https:\/\/barneleker.no\/index.php\/wp-json\/wp\/v2\/types\/product"}],"replies":[{"embeddable":true,"href":"https:\/\/barneleker.no\/index.php\/wp-json\/wp\/v2\/comments?post=13201"}],"wp:featuredmedia":[{"embeddable":true,"href":"https:\/\/barneleker.no\/index.php\/wp-json\/wp\/v2\/media\/13200"}],"wp:attachment":[{"href":"https:\/\/barneleker.no\/index.php\/wp-json\/wp\/v2\/media?parent=13201"}],"wp:term":[{"taxonomy":"product_brand","embeddable":true,"href":"https:\/\/barneleker.no\/index.php\/wp-json\/wp\/v2\/product_brand?post=13201"},{"taxonomy":"product_cat","embeddable":true,"href":"https:\/\/barneleker.no\/index.php\/wp-json\/wp\/v2\/product_cat?post=13201"},{"taxonomy":"product_tag","embeddable":true,"href":"https:\/\/barneleker.no\/index.php\/wp-json\/wp\/v2\/product_tag?post=13201"}],"curies":[{"name":"wp","href":"https:\/\/api.w.org\/{rel}","templated":true}]}}