{"id":13225,"date":"2022-02-08T19:55:17","date_gmt":"2022-02-08T19:55:17","guid":{"rendered":"https:\/\/barneleker.no\/index.php\/product\/barbie-fast-cast-clinic\/"},"modified":"2022-02-08T19:55:17","modified_gmt":"2022-02-08T19:55:17","slug":"barbie-fast-cast-clinic","status":"publish","type":"product","link":"https:\/\/barneleker.no\/index.php\/product\/barbie-fast-cast-clinic\/","title":{"rendered":"Barbie, Fast Cast Clinic"},"content":{"rendered":"<p>Utforsk en verden av omsorg og moro med Barbie\u00ae Fast Cast Clinic\u2122-lekesettet. N\u00e5r barna leker med Barbie\u00ae, dr\u00f8mmer de om alt de kan bli, og barn som elsker \u00e5 ta vare p\u00e5 andre, kan drive en Fast Cast Clinic\u2122. Klinikken inkluderer en Barbie\u00ae-doktordukke (30\u00a0cm) med brunt h\u00e5r og fire lekeomr\u00e5der: medisinsk post, unders\u00f8kelsesbord, r\u00f8ntgenmaskin og gavebutikk. Barna kan gipse pasientdukken (selges separat) med en realistisk funksjon (bruk rosa, lilla eller hvit modelleire) for \u00e5 lage gips til pasientens armer og ben, og lage omslag med bandasjemaskinen. Lekesettet inkluderer ogs\u00e5 mer enn 30 artige deler: Tre modelleirebeholdere, gips til ben, gips til armen til Chelsea\u00ae-dukken, et par krykker, klistremerker, r\u00f8ntgenbilder, gaver fra gavebutikken og mye mer. Noen av tilbeh\u00f8rsdelene har et feste slik at Barbie\u00ae-doktordukken kan holde dem. Barna vil elske alle m\u00e5tene de kan uttrykke seg kreativt p\u00e5! Dukken kan ikke st\u00e5 uten st\u00f8tte. Farger og dekor kan variere. En flott gave til barn fra 3\u00a0\u00e5r og oppover.<\/p>\n","protected":false},"excerpt":{"rendered":"<p>Utforsk en verden av omsorg og moro med Barbie\u00ae Fast Cast Clinic\u2122-lekesettet. N\u00e5r barna leker med Barbie\u00ae, dr\u00f8mmer de om alt de kan bli, og&hellip;<\/p>\n","protected":false},"featured_media":13224,"comment_status":"open","ping_status":"closed","template":"","meta":[],"product_brand":[],"product_cat":[346],"product_tag":[],"class_list":{"0":"post-13225","1":"product","2":"type-product","3":"status-publish","4":"has-post-thumbnail","6":"product_cat-dockset","8":"first","9":"instock","10":"shipping-taxable","11":"product-type-external","12":"customify-col"},"yoast_head":"<!-- This site is optimized with the Yoast SEO plugin v26.0 - https:\/\/yoast.com\/wordpress\/plugins\/seo\/ -->\n<title>Barbie, Fast Cast Clinic - Barneleker.no<\/title>\n<meta name=\"robots\" content=\"index, follow, max-snippet:-1, max-image-preview:large, max-video-preview:-1\" \/>\n<link rel=\"canonical\" href=\"https:\/\/barneleker.no\/index.php\/product\/barbie-fast-cast-clinic\/\" \/>\n<meta property=\"og:locale\" content=\"nb_NO\" \/>\n<meta property=\"og:type\" content=\"article\" \/>\n<meta property=\"og:title\" content=\"Barbie, Fast Cast Clinic - Barneleker.no\" \/>\n<meta property=\"og:description\" content=\"Utforsk en verden av omsorg og moro med Barbie\u00ae Fast Cast Clinic\u2122-lekesettet. N\u00e5r barna leker med Barbie\u00ae, dr\u00f8mmer de om alt de kan bli, og&hellip;\" \/>\n<meta property=\"og:url\" content=\"https:\/\/barneleker.no\/index.php\/product\/barbie-fast-cast-clinic\/\" \/>\n<meta property=\"og:site_name\" content=\"Barneleker.no\" \/>\n<meta name=\"twitter:card\" content=\"summary_large_image\" \/>\n<meta name=\"twitter:label1\" content=\"Ansl. lesetid\" \/>\n\t<meta name=\"twitter:data1\" content=\"1 minutt\" \/>\n<script type=\"application\/ld+json\" class=\"yoast-schema-graph\">{\"@context\":\"https:\/\/schema.org\",\"@graph\":[{\"@type\":\"WebPage\",\"@id\":\"https:\/\/barneleker.no\/index.php\/product\/barbie-fast-cast-clinic\/\",\"url\":\"https:\/\/barneleker.no\/index.php\/product\/barbie-fast-cast-clinic\/\",\"name\":\"Barbie, Fast Cast Clinic - Barneleker.no\",\"isPartOf\":{\"@id\":\"https:\/\/barneleker.no\/#website\"},\"primaryImageOfPage\":{\"@id\":\"https:\/\/barneleker.no\/index.php\/product\/barbie-fast-cast-clinic\/#primaryimage\"},\"image\":{\"@id\":\"https:\/\/barneleker.no\/index.php\/product\/barbie-fast-cast-clinic\/#primaryimage\"},\"thumbnailUrl\":\"https:\/\/barneleker.no\/wp-content\/uploads\/2022\/02\/barbie-fast-cast-clinic.jpg\",\"datePublished\":\"2022-02-08T19:55:17+00:00\",\"breadcrumb\":{\"@id\":\"https:\/\/barneleker.no\/index.php\/product\/barbie-fast-cast-clinic\/#breadcrumb\"},\"inLanguage\":\"nb-NO\",\"potentialAction\":[{\"@type\":\"ReadAction\",\"target\":[\"https:\/\/barneleker.no\/index.php\/product\/barbie-fast-cast-clinic\/\"]}]},{\"@type\":\"ImageObject\",\"inLanguage\":\"nb-NO\",\"@id\":\"https:\/\/barneleker.no\/index.php\/product\/barbie-fast-cast-clinic\/#primaryimage\",\"url\":\"https:\/\/barneleker.no\/wp-content\/uploads\/2022\/02\/barbie-fast-cast-clinic.jpg\",\"contentUrl\":\"https:\/\/barneleker.no\/wp-content\/uploads\/2022\/02\/barbie-fast-cast-clinic.jpg\",\"width\":555,\"height\":555},{\"@type\":\"BreadcrumbList\",\"@id\":\"https:\/\/barneleker.no\/index.php\/product\/barbie-fast-cast-clinic\/#breadcrumb\",\"itemListElement\":[{\"@type\":\"ListItem\",\"position\":1,\"name\":\"Butikken\",\"item\":\"https:\/\/barneleker.no\/\"},{\"@type\":\"ListItem\",\"position\":2,\"name\":\"Barbie, Fast Cast Clinic\"}]},{\"@type\":\"WebSite\",\"@id\":\"https:\/\/barneleker.no\/#website\",\"url\":\"https:\/\/barneleker.no\/\",\"name\":\"Barneleker.no\",\"description\":\"Selvf\u00f8lgelig!\",\"publisher\":{\"@id\":\"https:\/\/barneleker.no\/#organization\"},\"potentialAction\":[{\"@type\":\"SearchAction\",\"target\":{\"@type\":\"EntryPoint\",\"urlTemplate\":\"https:\/\/barneleker.no\/?s={search_term_string}\"},\"query-input\":{\"@type\":\"PropertyValueSpecification\",\"valueRequired\":true,\"valueName\":\"search_term_string\"}}],\"inLanguage\":\"nb-NO\"},{\"@type\":\"Organization\",\"@id\":\"https:\/\/barneleker.no\/#organization\",\"name\":\"Barneleker.no\",\"url\":\"https:\/\/barneleker.no\/\",\"logo\":{\"@type\":\"ImageObject\",\"inLanguage\":\"nb-NO\",\"@id\":\"https:\/\/barneleker.no\/#\/schema\/logo\/image\/\",\"url\":\"https:\/\/barneleker.no\/wp-content\/uploads\/2021\/11\/barneleker_logo-780x150-1.jpg\",\"contentUrl\":\"https:\/\/barneleker.no\/wp-content\/uploads\/2021\/11\/barneleker_logo-780x150-1.jpg\",\"width\":780,\"height\":150,\"caption\":\"Barneleker.no\"},\"image\":{\"@id\":\"https:\/\/barneleker.no\/#\/schema\/logo\/image\/\"}}]}<\/script>\n<!-- \/ Yoast SEO plugin. -->","yoast_head_json":{"title":"Barbie, Fast Cast Clinic - Barneleker.no","robots":{"index":"index","follow":"follow","max-snippet":"max-snippet:-1","max-image-preview":"max-image-preview:large","max-video-preview":"max-video-preview:-1"},"canonical":"https:\/\/barneleker.no\/index.php\/product\/barbie-fast-cast-clinic\/","og_locale":"nb_NO","og_type":"article","og_title":"Barbie, Fast Cast Clinic - Barneleker.no","og_description":"Utforsk en verden av omsorg og moro med Barbie\u00ae Fast Cast Clinic\u2122-lekesettet. N\u00e5r barna leker med Barbie\u00ae, dr\u00f8mmer de om alt de kan bli, og&hellip;","og_url":"https:\/\/barneleker.no\/index.php\/product\/barbie-fast-cast-clinic\/","og_site_name":"Barneleker.no","twitter_card":"summary_large_image","twitter_misc":{"Ansl. lesetid":"1 minutt"},"schema":{"@context":"https:\/\/schema.org","@graph":[{"@type":"WebPage","@id":"https:\/\/barneleker.no\/index.php\/product\/barbie-fast-cast-clinic\/","url":"https:\/\/barneleker.no\/index.php\/product\/barbie-fast-cast-clinic\/","name":"Barbie, Fast Cast Clinic - Barneleker.no","isPartOf":{"@id":"https:\/\/barneleker.no\/#website"},"primaryImageOfPage":{"@id":"https:\/\/barneleker.no\/index.php\/product\/barbie-fast-cast-clinic\/#primaryimage"},"image":{"@id":"https:\/\/barneleker.no\/index.php\/product\/barbie-fast-cast-clinic\/#primaryimage"},"thumbnailUrl":"https:\/\/barneleker.no\/wp-content\/uploads\/2022\/02\/barbie-fast-cast-clinic.jpg","datePublished":"2022-02-08T19:55:17+00:00","breadcrumb":{"@id":"https:\/\/barneleker.no\/index.php\/product\/barbie-fast-cast-clinic\/#breadcrumb"},"inLanguage":"nb-NO","potentialAction":[{"@type":"ReadAction","target":["https:\/\/barneleker.no\/index.php\/product\/barbie-fast-cast-clinic\/"]}]},{"@type":"ImageObject","inLanguage":"nb-NO","@id":"https:\/\/barneleker.no\/index.php\/product\/barbie-fast-cast-clinic\/#primaryimage","url":"https:\/\/barneleker.no\/wp-content\/uploads\/2022\/02\/barbie-fast-cast-clinic.jpg","contentUrl":"https:\/\/barneleker.no\/wp-content\/uploads\/2022\/02\/barbie-fast-cast-clinic.jpg","width":555,"height":555},{"@type":"BreadcrumbList","@id":"https:\/\/barneleker.no\/index.php\/product\/barbie-fast-cast-clinic\/#breadcrumb","itemListElement":[{"@type":"ListItem","position":1,"name":"Butikken","item":"https:\/\/barneleker.no\/"},{"@type":"ListItem","position":2,"name":"Barbie, Fast Cast Clinic"}]},{"@type":"WebSite","@id":"https:\/\/barneleker.no\/#website","url":"https:\/\/barneleker.no\/","name":"Barneleker.no","description":"Selvf\u00f8lgelig!","publisher":{"@id":"https:\/\/barneleker.no\/#organization"},"potentialAction":[{"@type":"SearchAction","target":{"@type":"EntryPoint","urlTemplate":"https:\/\/barneleker.no\/?s={search_term_string}"},"query-input":{"@type":"PropertyValueSpecification","valueRequired":true,"valueName":"search_term_string"}}],"inLanguage":"nb-NO"},{"@type":"Organization","@id":"https:\/\/barneleker.no\/#organization","name":"Barneleker.no","url":"https:\/\/barneleker.no\/","logo":{"@type":"ImageObject","inLanguage":"nb-NO","@id":"https:\/\/barneleker.no\/#\/schema\/logo\/image\/","url":"https:\/\/barneleker.no\/wp-content\/uploads\/2021\/11\/barneleker_logo-780x150-1.jpg","contentUrl":"https:\/\/barneleker.no\/wp-content\/uploads\/2021\/11\/barneleker_logo-780x150-1.jpg","width":780,"height":150,"caption":"Barneleker.no"},"image":{"@id":"https:\/\/barneleker.no\/#\/schema\/logo\/image\/"}}]}},"_links":{"self":[{"href":"https:\/\/barneleker.no\/index.php\/wp-json\/wp\/v2\/product\/13225","targetHints":{"allow":["GET"]}}],"collection":[{"href":"https:\/\/barneleker.no\/index.php\/wp-json\/wp\/v2\/product"}],"about":[{"href":"https:\/\/barneleker.no\/index.php\/wp-json\/wp\/v2\/types\/product"}],"replies":[{"embeddable":true,"href":"https:\/\/barneleker.no\/index.php\/wp-json\/wp\/v2\/comments?post=13225"}],"wp:featuredmedia":[{"embeddable":true,"href":"https:\/\/barneleker.no\/index.php\/wp-json\/wp\/v2\/media\/13224"}],"wp:attachment":[{"href":"https:\/\/barneleker.no\/index.php\/wp-json\/wp\/v2\/media?parent=13225"}],"wp:term":[{"taxonomy":"product_brand","embeddable":true,"href":"https:\/\/barneleker.no\/index.php\/wp-json\/wp\/v2\/product_brand?post=13225"},{"taxonomy":"product_cat","embeddable":true,"href":"https:\/\/barneleker.no\/index.php\/wp-json\/wp\/v2\/product_cat?post=13225"},{"taxonomy":"product_tag","embeddable":true,"href":"https:\/\/barneleker.no\/index.php\/wp-json\/wp\/v2\/product_tag?post=13225"}],"curies":[{"name":"wp","href":"https:\/\/api.w.org\/{rel}","templated":true}]}}