{"id":13227,"date":"2022-02-08T19:55:17","date_gmt":"2022-02-08T19:55:17","guid":{"rendered":"https:\/\/barneleker.no\/index.php\/product\/cool-maker-inkfluencer-style-n-create-fashion-pack\/"},"modified":"2022-02-08T19:55:17","modified_gmt":"2022-02-08T19:55:17","slug":"cool-maker-inkfluencer-style-n-create-fashion-pack","status":"publish","type":"product","link":"https:\/\/barneleker.no\/index.php\/product\/cool-maker-inkfluencer-style-n-create-fashion-pack\/","title":{"rendered":"Cool Maker, inkFluencer Style N Create Fashion Pack"},"content":{"rendered":"<p>Denne motepakken kommer med alt du trenger for \u00e5 lage og tilpasse dine innflytelsesinspirerte kl\u00e6r. F\u00f8rst velg en av \u00e5tte modeller du vil kle deg, velg deretter en gamer antrekk du vil bruke fra arket med klistremerker: skj\u00f8rt, jakker, bukser, topper, tilbeh\u00f8r og mer! Klipp forsiktig p\u00e5 antrekket ditt, og fjern papiret p\u00e5 baksiden og ta p\u00e5 antrekket p\u00e5 den valgte modellen. Dekorer og s\u00e5 stilig antrekket ditt med de overf\u00f8rbare metalliske m\u00f8nstrene! Det er \u00e5tte stilige m\u00f8nstre \u00e5 velge mellom, du legger en over kl\u00e6rne og gni hardt for \u00e5 f\u00e5 m\u00f8nsteret for \u00e5 feste. Trekk deretter av m\u00f8nsterarket for \u00e5 se den fylte overflaten. Gjenta med resten av kl\u00e6rne for \u00e5 f\u00e5 kl\u00e6rne ferdig.<\/p>\n","protected":false},"excerpt":{"rendered":"<p>Denne motepakken kommer med alt du trenger for \u00e5 lage og tilpasse dine innflytelsesinspirerte kl\u00e6r. F\u00f8rst velg en av \u00e5tte modeller du vil kle deg,&hellip;<\/p>\n","protected":false},"featured_media":13226,"comment_status":"open","ping_status":"closed","template":"","meta":[],"product_brand":[],"product_cat":[396],"product_tag":[],"class_list":{"0":"post-13227","1":"product","2":"type-product","3":"status-publish","4":"has-post-thumbnail","6":"product_cat-interaktivt-pyssel","8":"first","9":"instock","10":"shipping-taxable","11":"product-type-external","12":"customify-col"},"yoast_head":"<!-- This site is optimized with the Yoast SEO plugin v26.0 - https:\/\/yoast.com\/wordpress\/plugins\/seo\/ -->\n<title>Cool Maker, inkFluencer Style N Create Fashion Pack - Barneleker.no<\/title>\n<meta name=\"robots\" content=\"index, follow, max-snippet:-1, max-image-preview:large, max-video-preview:-1\" \/>\n<link rel=\"canonical\" href=\"https:\/\/barneleker.no\/index.php\/product\/cool-maker-inkfluencer-style-n-create-fashion-pack\/\" \/>\n<meta property=\"og:locale\" content=\"nb_NO\" \/>\n<meta property=\"og:type\" content=\"article\" \/>\n<meta property=\"og:title\" content=\"Cool Maker, inkFluencer Style N Create Fashion Pack - Barneleker.no\" \/>\n<meta property=\"og:description\" content=\"Denne motepakken kommer med alt du trenger for \u00e5 lage og tilpasse dine innflytelsesinspirerte kl\u00e6r. F\u00f8rst velg en av \u00e5tte modeller du vil kle deg,&hellip;\" \/>\n<meta property=\"og:url\" content=\"https:\/\/barneleker.no\/index.php\/product\/cool-maker-inkfluencer-style-n-create-fashion-pack\/\" \/>\n<meta property=\"og:site_name\" content=\"Barneleker.no\" \/>\n<meta name=\"twitter:card\" content=\"summary_large_image\" \/>\n<meta name=\"twitter:label1\" content=\"Ansl. lesetid\" \/>\n\t<meta name=\"twitter:data1\" content=\"1 minutt\" \/>\n<script type=\"application\/ld+json\" class=\"yoast-schema-graph\">{\"@context\":\"https:\/\/schema.org\",\"@graph\":[{\"@type\":\"WebPage\",\"@id\":\"https:\/\/barneleker.no\/index.php\/product\/cool-maker-inkfluencer-style-n-create-fashion-pack\/\",\"url\":\"https:\/\/barneleker.no\/index.php\/product\/cool-maker-inkfluencer-style-n-create-fashion-pack\/\",\"name\":\"Cool Maker, inkFluencer Style N Create Fashion Pack - Barneleker.no\",\"isPartOf\":{\"@id\":\"https:\/\/barneleker.no\/#website\"},\"primaryImageOfPage\":{\"@id\":\"https:\/\/barneleker.no\/index.php\/product\/cool-maker-inkfluencer-style-n-create-fashion-pack\/#primaryimage\"},\"image\":{\"@id\":\"https:\/\/barneleker.no\/index.php\/product\/cool-maker-inkfluencer-style-n-create-fashion-pack\/#primaryimage\"},\"thumbnailUrl\":\"https:\/\/barneleker.no\/wp-content\/uploads\/2022\/02\/cool-maker-inkfluencer-style-n-create-fashion-pack.jpg\",\"datePublished\":\"2022-02-08T19:55:17+00:00\",\"breadcrumb\":{\"@id\":\"https:\/\/barneleker.no\/index.php\/product\/cool-maker-inkfluencer-style-n-create-fashion-pack\/#breadcrumb\"},\"inLanguage\":\"nb-NO\",\"potentialAction\":[{\"@type\":\"ReadAction\",\"target\":[\"https:\/\/barneleker.no\/index.php\/product\/cool-maker-inkfluencer-style-n-create-fashion-pack\/\"]}]},{\"@type\":\"ImageObject\",\"inLanguage\":\"nb-NO\",\"@id\":\"https:\/\/barneleker.no\/index.php\/product\/cool-maker-inkfluencer-style-n-create-fashion-pack\/#primaryimage\",\"url\":\"https:\/\/barneleker.no\/wp-content\/uploads\/2022\/02\/cool-maker-inkfluencer-style-n-create-fashion-pack.jpg\",\"contentUrl\":\"https:\/\/barneleker.no\/wp-content\/uploads\/2022\/02\/cool-maker-inkfluencer-style-n-create-fashion-pack.jpg\",\"width\":555,\"height\":555},{\"@type\":\"BreadcrumbList\",\"@id\":\"https:\/\/barneleker.no\/index.php\/product\/cool-maker-inkfluencer-style-n-create-fashion-pack\/#breadcrumb\",\"itemListElement\":[{\"@type\":\"ListItem\",\"position\":1,\"name\":\"Butikken\",\"item\":\"https:\/\/barneleker.no\/\"},{\"@type\":\"ListItem\",\"position\":2,\"name\":\"Cool Maker, inkFluencer Style N Create Fashion Pack\"}]},{\"@type\":\"WebSite\",\"@id\":\"https:\/\/barneleker.no\/#website\",\"url\":\"https:\/\/barneleker.no\/\",\"name\":\"Barneleker.no\",\"description\":\"Selvf\u00f8lgelig!\",\"publisher\":{\"@id\":\"https:\/\/barneleker.no\/#organization\"},\"potentialAction\":[{\"@type\":\"SearchAction\",\"target\":{\"@type\":\"EntryPoint\",\"urlTemplate\":\"https:\/\/barneleker.no\/?s={search_term_string}\"},\"query-input\":{\"@type\":\"PropertyValueSpecification\",\"valueRequired\":true,\"valueName\":\"search_term_string\"}}],\"inLanguage\":\"nb-NO\"},{\"@type\":\"Organization\",\"@id\":\"https:\/\/barneleker.no\/#organization\",\"name\":\"Barneleker.no\",\"url\":\"https:\/\/barneleker.no\/\",\"logo\":{\"@type\":\"ImageObject\",\"inLanguage\":\"nb-NO\",\"@id\":\"https:\/\/barneleker.no\/#\/schema\/logo\/image\/\",\"url\":\"https:\/\/barneleker.no\/wp-content\/uploads\/2021\/11\/barneleker_logo-780x150-1.jpg\",\"contentUrl\":\"https:\/\/barneleker.no\/wp-content\/uploads\/2021\/11\/barneleker_logo-780x150-1.jpg\",\"width\":780,\"height\":150,\"caption\":\"Barneleker.no\"},\"image\":{\"@id\":\"https:\/\/barneleker.no\/#\/schema\/logo\/image\/\"}}]}<\/script>\n<!-- \/ Yoast SEO plugin. -->","yoast_head_json":{"title":"Cool Maker, inkFluencer Style N Create Fashion Pack - Barneleker.no","robots":{"index":"index","follow":"follow","max-snippet":"max-snippet:-1","max-image-preview":"max-image-preview:large","max-video-preview":"max-video-preview:-1"},"canonical":"https:\/\/barneleker.no\/index.php\/product\/cool-maker-inkfluencer-style-n-create-fashion-pack\/","og_locale":"nb_NO","og_type":"article","og_title":"Cool Maker, inkFluencer Style N Create Fashion Pack - Barneleker.no","og_description":"Denne motepakken kommer med alt du trenger for \u00e5 lage og tilpasse dine innflytelsesinspirerte kl\u00e6r. F\u00f8rst velg en av \u00e5tte modeller du vil kle deg,&hellip;","og_url":"https:\/\/barneleker.no\/index.php\/product\/cool-maker-inkfluencer-style-n-create-fashion-pack\/","og_site_name":"Barneleker.no","twitter_card":"summary_large_image","twitter_misc":{"Ansl. lesetid":"1 minutt"},"schema":{"@context":"https:\/\/schema.org","@graph":[{"@type":"WebPage","@id":"https:\/\/barneleker.no\/index.php\/product\/cool-maker-inkfluencer-style-n-create-fashion-pack\/","url":"https:\/\/barneleker.no\/index.php\/product\/cool-maker-inkfluencer-style-n-create-fashion-pack\/","name":"Cool Maker, inkFluencer Style N Create Fashion Pack - Barneleker.no","isPartOf":{"@id":"https:\/\/barneleker.no\/#website"},"primaryImageOfPage":{"@id":"https:\/\/barneleker.no\/index.php\/product\/cool-maker-inkfluencer-style-n-create-fashion-pack\/#primaryimage"},"image":{"@id":"https:\/\/barneleker.no\/index.php\/product\/cool-maker-inkfluencer-style-n-create-fashion-pack\/#primaryimage"},"thumbnailUrl":"https:\/\/barneleker.no\/wp-content\/uploads\/2022\/02\/cool-maker-inkfluencer-style-n-create-fashion-pack.jpg","datePublished":"2022-02-08T19:55:17+00:00","breadcrumb":{"@id":"https:\/\/barneleker.no\/index.php\/product\/cool-maker-inkfluencer-style-n-create-fashion-pack\/#breadcrumb"},"inLanguage":"nb-NO","potentialAction":[{"@type":"ReadAction","target":["https:\/\/barneleker.no\/index.php\/product\/cool-maker-inkfluencer-style-n-create-fashion-pack\/"]}]},{"@type":"ImageObject","inLanguage":"nb-NO","@id":"https:\/\/barneleker.no\/index.php\/product\/cool-maker-inkfluencer-style-n-create-fashion-pack\/#primaryimage","url":"https:\/\/barneleker.no\/wp-content\/uploads\/2022\/02\/cool-maker-inkfluencer-style-n-create-fashion-pack.jpg","contentUrl":"https:\/\/barneleker.no\/wp-content\/uploads\/2022\/02\/cool-maker-inkfluencer-style-n-create-fashion-pack.jpg","width":555,"height":555},{"@type":"BreadcrumbList","@id":"https:\/\/barneleker.no\/index.php\/product\/cool-maker-inkfluencer-style-n-create-fashion-pack\/#breadcrumb","itemListElement":[{"@type":"ListItem","position":1,"name":"Butikken","item":"https:\/\/barneleker.no\/"},{"@type":"ListItem","position":2,"name":"Cool Maker, inkFluencer Style N Create Fashion Pack"}]},{"@type":"WebSite","@id":"https:\/\/barneleker.no\/#website","url":"https:\/\/barneleker.no\/","name":"Barneleker.no","description":"Selvf\u00f8lgelig!","publisher":{"@id":"https:\/\/barneleker.no\/#organization"},"potentialAction":[{"@type":"SearchAction","target":{"@type":"EntryPoint","urlTemplate":"https:\/\/barneleker.no\/?s={search_term_string}"},"query-input":{"@type":"PropertyValueSpecification","valueRequired":true,"valueName":"search_term_string"}}],"inLanguage":"nb-NO"},{"@type":"Organization","@id":"https:\/\/barneleker.no\/#organization","name":"Barneleker.no","url":"https:\/\/barneleker.no\/","logo":{"@type":"ImageObject","inLanguage":"nb-NO","@id":"https:\/\/barneleker.no\/#\/schema\/logo\/image\/","url":"https:\/\/barneleker.no\/wp-content\/uploads\/2021\/11\/barneleker_logo-780x150-1.jpg","contentUrl":"https:\/\/barneleker.no\/wp-content\/uploads\/2021\/11\/barneleker_logo-780x150-1.jpg","width":780,"height":150,"caption":"Barneleker.no"},"image":{"@id":"https:\/\/barneleker.no\/#\/schema\/logo\/image\/"}}]}},"_links":{"self":[{"href":"https:\/\/barneleker.no\/index.php\/wp-json\/wp\/v2\/product\/13227","targetHints":{"allow":["GET"]}}],"collection":[{"href":"https:\/\/barneleker.no\/index.php\/wp-json\/wp\/v2\/product"}],"about":[{"href":"https:\/\/barneleker.no\/index.php\/wp-json\/wp\/v2\/types\/product"}],"replies":[{"embeddable":true,"href":"https:\/\/barneleker.no\/index.php\/wp-json\/wp\/v2\/comments?post=13227"}],"wp:featuredmedia":[{"embeddable":true,"href":"https:\/\/barneleker.no\/index.php\/wp-json\/wp\/v2\/media\/13226"}],"wp:attachment":[{"href":"https:\/\/barneleker.no\/index.php\/wp-json\/wp\/v2\/media?parent=13227"}],"wp:term":[{"taxonomy":"product_brand","embeddable":true,"href":"https:\/\/barneleker.no\/index.php\/wp-json\/wp\/v2\/product_brand?post=13227"},{"taxonomy":"product_cat","embeddable":true,"href":"https:\/\/barneleker.no\/index.php\/wp-json\/wp\/v2\/product_cat?post=13227"},{"taxonomy":"product_tag","embeddable":true,"href":"https:\/\/barneleker.no\/index.php\/wp-json\/wp\/v2\/product_tag?post=13227"}],"curies":[{"name":"wp","href":"https:\/\/api.w.org\/{rel}","templated":true}]}}