{"id":13235,"date":"2022-02-08T19:55:22","date_gmt":"2022-02-08T19:55:22","guid":{"rendered":"https:\/\/barneleker.no\/index.php\/product\/hi-tech-transformer-carbot-large-rod\/"},"modified":"2022-02-08T19:55:22","modified_gmt":"2022-02-08T19:55:22","slug":"hi-tech-transformer-carbot-large-rod","status":"publish","type":"product","link":"https:\/\/barneleker.no\/index.php\/product\/hi-tech-transformer-carbot-large-rod\/","title":{"rendered":"Hi-Tech, Transformer Carbot Large, R\u00f8d"},"content":{"rendered":"<p>Kul robot med b\u00e5de lys og lyd! Denne carboten kan ogs\u00e5 forandre form til en stilig bil med samme farge. Carboten har en detaljert design som sikrer timer med moro. Denne superkule caroboten kan du ikke g\u00e5 glipp av!<\/p>\n","protected":false},"excerpt":{"rendered":"<p>Kul robot med b\u00e5de lys og lyd! Denne carboten kan ogs\u00e5 forandre form til en stilig bil med samme farge. Carboten har en detaljert design&hellip;<\/p>\n","protected":false},"featured_media":13234,"comment_status":"open","ping_status":"closed","template":"","meta":[],"product_brand":[],"product_cat":[372],"product_tag":[],"class_list":{"0":"post-13235","1":"product","2":"type-product","3":"status-publish","4":"has-post-thumbnail","6":"product_cat-actionfigurer","8":"first","9":"instock","10":"shipping-taxable","11":"product-type-external","12":"customify-col"},"yoast_head":"<!-- This site is optimized with the Yoast SEO plugin v26.0 - https:\/\/yoast.com\/wordpress\/plugins\/seo\/ -->\n<title>Hi-Tech, Transformer Carbot Large, R\u00f8d - Barneleker.no<\/title>\n<meta name=\"robots\" content=\"index, follow, max-snippet:-1, max-image-preview:large, max-video-preview:-1\" \/>\n<link rel=\"canonical\" href=\"https:\/\/barneleker.no\/index.php\/product\/hi-tech-transformer-carbot-large-rod\/\" \/>\n<meta property=\"og:locale\" content=\"nb_NO\" \/>\n<meta property=\"og:type\" content=\"article\" \/>\n<meta property=\"og:title\" content=\"Hi-Tech, Transformer Carbot Large, R\u00f8d - Barneleker.no\" \/>\n<meta property=\"og:description\" content=\"Kul robot med b\u00e5de lys og lyd! Denne carboten kan ogs\u00e5 forandre form til en stilig bil med samme farge. Carboten har en detaljert design&hellip;\" \/>\n<meta property=\"og:url\" content=\"https:\/\/barneleker.no\/index.php\/product\/hi-tech-transformer-carbot-large-rod\/\" \/>\n<meta property=\"og:site_name\" content=\"Barneleker.no\" \/>\n<meta name=\"twitter:card\" content=\"summary_large_image\" \/>\n<script type=\"application\/ld+json\" class=\"yoast-schema-graph\">{\"@context\":\"https:\/\/schema.org\",\"@graph\":[{\"@type\":\"WebPage\",\"@id\":\"https:\/\/barneleker.no\/index.php\/product\/hi-tech-transformer-carbot-large-rod\/\",\"url\":\"https:\/\/barneleker.no\/index.php\/product\/hi-tech-transformer-carbot-large-rod\/\",\"name\":\"Hi-Tech, Transformer Carbot Large, R\u00f8d - Barneleker.no\",\"isPartOf\":{\"@id\":\"https:\/\/barneleker.no\/#website\"},\"primaryImageOfPage\":{\"@id\":\"https:\/\/barneleker.no\/index.php\/product\/hi-tech-transformer-carbot-large-rod\/#primaryimage\"},\"image\":{\"@id\":\"https:\/\/barneleker.no\/index.php\/product\/hi-tech-transformer-carbot-large-rod\/#primaryimage\"},\"thumbnailUrl\":\"https:\/\/barneleker.no\/wp-content\/uploads\/2022\/02\/hi-tech-transformer-carbot-large-rod.jpg\",\"datePublished\":\"2022-02-08T19:55:22+00:00\",\"breadcrumb\":{\"@id\":\"https:\/\/barneleker.no\/index.php\/product\/hi-tech-transformer-carbot-large-rod\/#breadcrumb\"},\"inLanguage\":\"nb-NO\",\"potentialAction\":[{\"@type\":\"ReadAction\",\"target\":[\"https:\/\/barneleker.no\/index.php\/product\/hi-tech-transformer-carbot-large-rod\/\"]}]},{\"@type\":\"ImageObject\",\"inLanguage\":\"nb-NO\",\"@id\":\"https:\/\/barneleker.no\/index.php\/product\/hi-tech-transformer-carbot-large-rod\/#primaryimage\",\"url\":\"https:\/\/barneleker.no\/wp-content\/uploads\/2022\/02\/hi-tech-transformer-carbot-large-rod.jpg\",\"contentUrl\":\"https:\/\/barneleker.no\/wp-content\/uploads\/2022\/02\/hi-tech-transformer-carbot-large-rod.jpg\",\"width\":555,\"height\":555},{\"@type\":\"BreadcrumbList\",\"@id\":\"https:\/\/barneleker.no\/index.php\/product\/hi-tech-transformer-carbot-large-rod\/#breadcrumb\",\"itemListElement\":[{\"@type\":\"ListItem\",\"position\":1,\"name\":\"Butikken\",\"item\":\"https:\/\/barneleker.no\/\"},{\"@type\":\"ListItem\",\"position\":2,\"name\":\"Hi-Tech, Transformer Carbot Large, R\u00f8d\"}]},{\"@type\":\"WebSite\",\"@id\":\"https:\/\/barneleker.no\/#website\",\"url\":\"https:\/\/barneleker.no\/\",\"name\":\"Barneleker.no\",\"description\":\"Selvf\u00f8lgelig!\",\"publisher\":{\"@id\":\"https:\/\/barneleker.no\/#organization\"},\"potentialAction\":[{\"@type\":\"SearchAction\",\"target\":{\"@type\":\"EntryPoint\",\"urlTemplate\":\"https:\/\/barneleker.no\/?s={search_term_string}\"},\"query-input\":{\"@type\":\"PropertyValueSpecification\",\"valueRequired\":true,\"valueName\":\"search_term_string\"}}],\"inLanguage\":\"nb-NO\"},{\"@type\":\"Organization\",\"@id\":\"https:\/\/barneleker.no\/#organization\",\"name\":\"Barneleker.no\",\"url\":\"https:\/\/barneleker.no\/\",\"logo\":{\"@type\":\"ImageObject\",\"inLanguage\":\"nb-NO\",\"@id\":\"https:\/\/barneleker.no\/#\/schema\/logo\/image\/\",\"url\":\"https:\/\/barneleker.no\/wp-content\/uploads\/2021\/11\/barneleker_logo-780x150-1.jpg\",\"contentUrl\":\"https:\/\/barneleker.no\/wp-content\/uploads\/2021\/11\/barneleker_logo-780x150-1.jpg\",\"width\":780,\"height\":150,\"caption\":\"Barneleker.no\"},\"image\":{\"@id\":\"https:\/\/barneleker.no\/#\/schema\/logo\/image\/\"}}]}<\/script>\n<!-- \/ Yoast SEO plugin. -->","yoast_head_json":{"title":"Hi-Tech, Transformer Carbot Large, R\u00f8d - Barneleker.no","robots":{"index":"index","follow":"follow","max-snippet":"max-snippet:-1","max-image-preview":"max-image-preview:large","max-video-preview":"max-video-preview:-1"},"canonical":"https:\/\/barneleker.no\/index.php\/product\/hi-tech-transformer-carbot-large-rod\/","og_locale":"nb_NO","og_type":"article","og_title":"Hi-Tech, Transformer Carbot Large, R\u00f8d - Barneleker.no","og_description":"Kul robot med b\u00e5de lys og lyd! Denne carboten kan ogs\u00e5 forandre form til en stilig bil med samme farge. Carboten har en detaljert design&hellip;","og_url":"https:\/\/barneleker.no\/index.php\/product\/hi-tech-transformer-carbot-large-rod\/","og_site_name":"Barneleker.no","twitter_card":"summary_large_image","schema":{"@context":"https:\/\/schema.org","@graph":[{"@type":"WebPage","@id":"https:\/\/barneleker.no\/index.php\/product\/hi-tech-transformer-carbot-large-rod\/","url":"https:\/\/barneleker.no\/index.php\/product\/hi-tech-transformer-carbot-large-rod\/","name":"Hi-Tech, Transformer Carbot Large, R\u00f8d - Barneleker.no","isPartOf":{"@id":"https:\/\/barneleker.no\/#website"},"primaryImageOfPage":{"@id":"https:\/\/barneleker.no\/index.php\/product\/hi-tech-transformer-carbot-large-rod\/#primaryimage"},"image":{"@id":"https:\/\/barneleker.no\/index.php\/product\/hi-tech-transformer-carbot-large-rod\/#primaryimage"},"thumbnailUrl":"https:\/\/barneleker.no\/wp-content\/uploads\/2022\/02\/hi-tech-transformer-carbot-large-rod.jpg","datePublished":"2022-02-08T19:55:22+00:00","breadcrumb":{"@id":"https:\/\/barneleker.no\/index.php\/product\/hi-tech-transformer-carbot-large-rod\/#breadcrumb"},"inLanguage":"nb-NO","potentialAction":[{"@type":"ReadAction","target":["https:\/\/barneleker.no\/index.php\/product\/hi-tech-transformer-carbot-large-rod\/"]}]},{"@type":"ImageObject","inLanguage":"nb-NO","@id":"https:\/\/barneleker.no\/index.php\/product\/hi-tech-transformer-carbot-large-rod\/#primaryimage","url":"https:\/\/barneleker.no\/wp-content\/uploads\/2022\/02\/hi-tech-transformer-carbot-large-rod.jpg","contentUrl":"https:\/\/barneleker.no\/wp-content\/uploads\/2022\/02\/hi-tech-transformer-carbot-large-rod.jpg","width":555,"height":555},{"@type":"BreadcrumbList","@id":"https:\/\/barneleker.no\/index.php\/product\/hi-tech-transformer-carbot-large-rod\/#breadcrumb","itemListElement":[{"@type":"ListItem","position":1,"name":"Butikken","item":"https:\/\/barneleker.no\/"},{"@type":"ListItem","position":2,"name":"Hi-Tech, Transformer Carbot Large, R\u00f8d"}]},{"@type":"WebSite","@id":"https:\/\/barneleker.no\/#website","url":"https:\/\/barneleker.no\/","name":"Barneleker.no","description":"Selvf\u00f8lgelig!","publisher":{"@id":"https:\/\/barneleker.no\/#organization"},"potentialAction":[{"@type":"SearchAction","target":{"@type":"EntryPoint","urlTemplate":"https:\/\/barneleker.no\/?s={search_term_string}"},"query-input":{"@type":"PropertyValueSpecification","valueRequired":true,"valueName":"search_term_string"}}],"inLanguage":"nb-NO"},{"@type":"Organization","@id":"https:\/\/barneleker.no\/#organization","name":"Barneleker.no","url":"https:\/\/barneleker.no\/","logo":{"@type":"ImageObject","inLanguage":"nb-NO","@id":"https:\/\/barneleker.no\/#\/schema\/logo\/image\/","url":"https:\/\/barneleker.no\/wp-content\/uploads\/2021\/11\/barneleker_logo-780x150-1.jpg","contentUrl":"https:\/\/barneleker.no\/wp-content\/uploads\/2021\/11\/barneleker_logo-780x150-1.jpg","width":780,"height":150,"caption":"Barneleker.no"},"image":{"@id":"https:\/\/barneleker.no\/#\/schema\/logo\/image\/"}}]}},"_links":{"self":[{"href":"https:\/\/barneleker.no\/index.php\/wp-json\/wp\/v2\/product\/13235","targetHints":{"allow":["GET"]}}],"collection":[{"href":"https:\/\/barneleker.no\/index.php\/wp-json\/wp\/v2\/product"}],"about":[{"href":"https:\/\/barneleker.no\/index.php\/wp-json\/wp\/v2\/types\/product"}],"replies":[{"embeddable":true,"href":"https:\/\/barneleker.no\/index.php\/wp-json\/wp\/v2\/comments?post=13235"}],"wp:featuredmedia":[{"embeddable":true,"href":"https:\/\/barneleker.no\/index.php\/wp-json\/wp\/v2\/media\/13234"}],"wp:attachment":[{"href":"https:\/\/barneleker.no\/index.php\/wp-json\/wp\/v2\/media?parent=13235"}],"wp:term":[{"taxonomy":"product_brand","embeddable":true,"href":"https:\/\/barneleker.no\/index.php\/wp-json\/wp\/v2\/product_brand?post=13235"},{"taxonomy":"product_cat","embeddable":true,"href":"https:\/\/barneleker.no\/index.php\/wp-json\/wp\/v2\/product_cat?post=13235"},{"taxonomy":"product_tag","embeddable":true,"href":"https:\/\/barneleker.no\/index.php\/wp-json\/wp\/v2\/product_tag?post=13235"}],"curies":[{"name":"wp","href":"https:\/\/api.w.org\/{rel}","templated":true}]}}