{"id":13255,"date":"2022-02-08T19:55:28","date_gmt":"2022-02-08T19:55:28","guid":{"rendered":"https:\/\/barneleker.no\/index.php\/product\/fisher-price-giant-rock-a-stack\/"},"modified":"2022-02-08T19:55:28","modified_gmt":"2022-02-08T19:55:28","slug":"fisher-price-giant-rock-a-stack","status":"publish","type":"product","link":"https:\/\/barneleker.no\/index.php\/product\/fisher-price-giant-rock-a-stack\/","title":{"rendered":"Fisher Price, Giant Rock-a-Stack"},"content":{"rendered":"<p>Den 35,5 cm h\u00f8ye Fisher-Price\u00ae Giant Rock-a-Stack\u00ae tar den klassiske stableleken til nye h\u00f8yder. Barnet ditt kan ta tak i og riste de seks ekstra store, fargerike ringene og deretter stable dem h\u00f8yt opp p\u00e5 den gigantiske, gyngende bunnen. Og den minste ringen har roterende perler inni som barnet ditt kan riste rundt og utforske. Grovmotorikk: Barnets balanse og koordineringsevne styrkes n\u00e5r barnet reiser seg og setter ringer p\u00e5 bunnen. Finmotorikk: Ditt barns fingerferdighet og koordinasjon mellom \u00f8ye og h\u00e5nd styrkes n\u00e5r det griper tak i og stabler ringene. Evnen til \u00e5 tenke: Barnets evne til \u00e5 l\u00f8se problemer styrkes n\u00e5r han eller hun pr\u00f8ver \u00e5 sortere og stable ringene fra den st\u00f8rste til den minste.<\/p>\n","protected":false},"excerpt":{"rendered":"<p>Den 35,5 cm h\u00f8ye Fisher-Price\u00ae Giant Rock-a-Stack\u00ae tar den klassiske stableleken til nye h\u00f8yder. Barnet ditt kan ta tak i og riste de seks ekstra&hellip;<\/p>\n","protected":false},"featured_media":13254,"comment_status":"open","ping_status":"closed","template":"","meta":[],"product_brand":[],"product_cat":[497],"product_tag":[],"class_list":{"0":"post-13255","1":"product","2":"type-product","3":"status-publish","4":"has-post-thumbnail","6":"product_cat-stapeltorn","8":"first","9":"instock","10":"shipping-taxable","11":"product-type-external","12":"customify-col"},"yoast_head":"<!-- This site is optimized with the Yoast SEO plugin v26.0 - https:\/\/yoast.com\/wordpress\/plugins\/seo\/ -->\n<title>Fisher Price, Giant Rock-a-Stack - Barneleker.no<\/title>\n<meta name=\"robots\" content=\"index, follow, max-snippet:-1, max-image-preview:large, max-video-preview:-1\" \/>\n<link rel=\"canonical\" href=\"https:\/\/barneleker.no\/index.php\/product\/fisher-price-giant-rock-a-stack\/\" \/>\n<meta property=\"og:locale\" content=\"nb_NO\" \/>\n<meta property=\"og:type\" content=\"article\" \/>\n<meta property=\"og:title\" content=\"Fisher Price, Giant Rock-a-Stack - Barneleker.no\" \/>\n<meta property=\"og:description\" content=\"Den 35,5 cm h\u00f8ye Fisher-Price\u00ae Giant Rock-a-Stack\u00ae tar den klassiske stableleken til nye h\u00f8yder. Barnet ditt kan ta tak i og riste de seks ekstra&hellip;\" \/>\n<meta property=\"og:url\" content=\"https:\/\/barneleker.no\/index.php\/product\/fisher-price-giant-rock-a-stack\/\" \/>\n<meta property=\"og:site_name\" content=\"Barneleker.no\" \/>\n<meta name=\"twitter:card\" content=\"summary_large_image\" \/>\n<meta name=\"twitter:label1\" content=\"Ansl. lesetid\" \/>\n\t<meta name=\"twitter:data1\" content=\"1 minutt\" \/>\n<script type=\"application\/ld+json\" class=\"yoast-schema-graph\">{\"@context\":\"https:\/\/schema.org\",\"@graph\":[{\"@type\":\"WebPage\",\"@id\":\"https:\/\/barneleker.no\/index.php\/product\/fisher-price-giant-rock-a-stack\/\",\"url\":\"https:\/\/barneleker.no\/index.php\/product\/fisher-price-giant-rock-a-stack\/\",\"name\":\"Fisher Price, Giant Rock-a-Stack - Barneleker.no\",\"isPartOf\":{\"@id\":\"https:\/\/barneleker.no\/#website\"},\"primaryImageOfPage\":{\"@id\":\"https:\/\/barneleker.no\/index.php\/product\/fisher-price-giant-rock-a-stack\/#primaryimage\"},\"image\":{\"@id\":\"https:\/\/barneleker.no\/index.php\/product\/fisher-price-giant-rock-a-stack\/#primaryimage\"},\"thumbnailUrl\":\"https:\/\/barneleker.no\/wp-content\/uploads\/2022\/02\/fisher-price-giant-rock-a-stack.jpg\",\"datePublished\":\"2022-02-08T19:55:28+00:00\",\"breadcrumb\":{\"@id\":\"https:\/\/barneleker.no\/index.php\/product\/fisher-price-giant-rock-a-stack\/#breadcrumb\"},\"inLanguage\":\"nb-NO\",\"potentialAction\":[{\"@type\":\"ReadAction\",\"target\":[\"https:\/\/barneleker.no\/index.php\/product\/fisher-price-giant-rock-a-stack\/\"]}]},{\"@type\":\"ImageObject\",\"inLanguage\":\"nb-NO\",\"@id\":\"https:\/\/barneleker.no\/index.php\/product\/fisher-price-giant-rock-a-stack\/#primaryimage\",\"url\":\"https:\/\/barneleker.no\/wp-content\/uploads\/2022\/02\/fisher-price-giant-rock-a-stack.jpg\",\"contentUrl\":\"https:\/\/barneleker.no\/wp-content\/uploads\/2022\/02\/fisher-price-giant-rock-a-stack.jpg\",\"width\":555,\"height\":555},{\"@type\":\"BreadcrumbList\",\"@id\":\"https:\/\/barneleker.no\/index.php\/product\/fisher-price-giant-rock-a-stack\/#breadcrumb\",\"itemListElement\":[{\"@type\":\"ListItem\",\"position\":1,\"name\":\"Butikken\",\"item\":\"https:\/\/barneleker.no\/\"},{\"@type\":\"ListItem\",\"position\":2,\"name\":\"Fisher Price, Giant Rock-a-Stack\"}]},{\"@type\":\"WebSite\",\"@id\":\"https:\/\/barneleker.no\/#website\",\"url\":\"https:\/\/barneleker.no\/\",\"name\":\"Barneleker.no\",\"description\":\"Selvf\u00f8lgelig!\",\"publisher\":{\"@id\":\"https:\/\/barneleker.no\/#organization\"},\"potentialAction\":[{\"@type\":\"SearchAction\",\"target\":{\"@type\":\"EntryPoint\",\"urlTemplate\":\"https:\/\/barneleker.no\/?s={search_term_string}\"},\"query-input\":{\"@type\":\"PropertyValueSpecification\",\"valueRequired\":true,\"valueName\":\"search_term_string\"}}],\"inLanguage\":\"nb-NO\"},{\"@type\":\"Organization\",\"@id\":\"https:\/\/barneleker.no\/#organization\",\"name\":\"Barneleker.no\",\"url\":\"https:\/\/barneleker.no\/\",\"logo\":{\"@type\":\"ImageObject\",\"inLanguage\":\"nb-NO\",\"@id\":\"https:\/\/barneleker.no\/#\/schema\/logo\/image\/\",\"url\":\"https:\/\/barneleker.no\/wp-content\/uploads\/2021\/11\/barneleker_logo-780x150-1.jpg\",\"contentUrl\":\"https:\/\/barneleker.no\/wp-content\/uploads\/2021\/11\/barneleker_logo-780x150-1.jpg\",\"width\":780,\"height\":150,\"caption\":\"Barneleker.no\"},\"image\":{\"@id\":\"https:\/\/barneleker.no\/#\/schema\/logo\/image\/\"}}]}<\/script>\n<!-- \/ Yoast SEO plugin. -->","yoast_head_json":{"title":"Fisher Price, Giant Rock-a-Stack - Barneleker.no","robots":{"index":"index","follow":"follow","max-snippet":"max-snippet:-1","max-image-preview":"max-image-preview:large","max-video-preview":"max-video-preview:-1"},"canonical":"https:\/\/barneleker.no\/index.php\/product\/fisher-price-giant-rock-a-stack\/","og_locale":"nb_NO","og_type":"article","og_title":"Fisher Price, Giant Rock-a-Stack - Barneleker.no","og_description":"Den 35,5 cm h\u00f8ye Fisher-Price\u00ae Giant Rock-a-Stack\u00ae tar den klassiske stableleken til nye h\u00f8yder. Barnet ditt kan ta tak i og riste de seks ekstra&hellip;","og_url":"https:\/\/barneleker.no\/index.php\/product\/fisher-price-giant-rock-a-stack\/","og_site_name":"Barneleker.no","twitter_card":"summary_large_image","twitter_misc":{"Ansl. lesetid":"1 minutt"},"schema":{"@context":"https:\/\/schema.org","@graph":[{"@type":"WebPage","@id":"https:\/\/barneleker.no\/index.php\/product\/fisher-price-giant-rock-a-stack\/","url":"https:\/\/barneleker.no\/index.php\/product\/fisher-price-giant-rock-a-stack\/","name":"Fisher Price, Giant Rock-a-Stack - Barneleker.no","isPartOf":{"@id":"https:\/\/barneleker.no\/#website"},"primaryImageOfPage":{"@id":"https:\/\/barneleker.no\/index.php\/product\/fisher-price-giant-rock-a-stack\/#primaryimage"},"image":{"@id":"https:\/\/barneleker.no\/index.php\/product\/fisher-price-giant-rock-a-stack\/#primaryimage"},"thumbnailUrl":"https:\/\/barneleker.no\/wp-content\/uploads\/2022\/02\/fisher-price-giant-rock-a-stack.jpg","datePublished":"2022-02-08T19:55:28+00:00","breadcrumb":{"@id":"https:\/\/barneleker.no\/index.php\/product\/fisher-price-giant-rock-a-stack\/#breadcrumb"},"inLanguage":"nb-NO","potentialAction":[{"@type":"ReadAction","target":["https:\/\/barneleker.no\/index.php\/product\/fisher-price-giant-rock-a-stack\/"]}]},{"@type":"ImageObject","inLanguage":"nb-NO","@id":"https:\/\/barneleker.no\/index.php\/product\/fisher-price-giant-rock-a-stack\/#primaryimage","url":"https:\/\/barneleker.no\/wp-content\/uploads\/2022\/02\/fisher-price-giant-rock-a-stack.jpg","contentUrl":"https:\/\/barneleker.no\/wp-content\/uploads\/2022\/02\/fisher-price-giant-rock-a-stack.jpg","width":555,"height":555},{"@type":"BreadcrumbList","@id":"https:\/\/barneleker.no\/index.php\/product\/fisher-price-giant-rock-a-stack\/#breadcrumb","itemListElement":[{"@type":"ListItem","position":1,"name":"Butikken","item":"https:\/\/barneleker.no\/"},{"@type":"ListItem","position":2,"name":"Fisher Price, Giant Rock-a-Stack"}]},{"@type":"WebSite","@id":"https:\/\/barneleker.no\/#website","url":"https:\/\/barneleker.no\/","name":"Barneleker.no","description":"Selvf\u00f8lgelig!","publisher":{"@id":"https:\/\/barneleker.no\/#organization"},"potentialAction":[{"@type":"SearchAction","target":{"@type":"EntryPoint","urlTemplate":"https:\/\/barneleker.no\/?s={search_term_string}"},"query-input":{"@type":"PropertyValueSpecification","valueRequired":true,"valueName":"search_term_string"}}],"inLanguage":"nb-NO"},{"@type":"Organization","@id":"https:\/\/barneleker.no\/#organization","name":"Barneleker.no","url":"https:\/\/barneleker.no\/","logo":{"@type":"ImageObject","inLanguage":"nb-NO","@id":"https:\/\/barneleker.no\/#\/schema\/logo\/image\/","url":"https:\/\/barneleker.no\/wp-content\/uploads\/2021\/11\/barneleker_logo-780x150-1.jpg","contentUrl":"https:\/\/barneleker.no\/wp-content\/uploads\/2021\/11\/barneleker_logo-780x150-1.jpg","width":780,"height":150,"caption":"Barneleker.no"},"image":{"@id":"https:\/\/barneleker.no\/#\/schema\/logo\/image\/"}}]}},"_links":{"self":[{"href":"https:\/\/barneleker.no\/index.php\/wp-json\/wp\/v2\/product\/13255","targetHints":{"allow":["GET"]}}],"collection":[{"href":"https:\/\/barneleker.no\/index.php\/wp-json\/wp\/v2\/product"}],"about":[{"href":"https:\/\/barneleker.no\/index.php\/wp-json\/wp\/v2\/types\/product"}],"replies":[{"embeddable":true,"href":"https:\/\/barneleker.no\/index.php\/wp-json\/wp\/v2\/comments?post=13255"}],"wp:featuredmedia":[{"embeddable":true,"href":"https:\/\/barneleker.no\/index.php\/wp-json\/wp\/v2\/media\/13254"}],"wp:attachment":[{"href":"https:\/\/barneleker.no\/index.php\/wp-json\/wp\/v2\/media?parent=13255"}],"wp:term":[{"taxonomy":"product_brand","embeddable":true,"href":"https:\/\/barneleker.no\/index.php\/wp-json\/wp\/v2\/product_brand?post=13255"},{"taxonomy":"product_cat","embeddable":true,"href":"https:\/\/barneleker.no\/index.php\/wp-json\/wp\/v2\/product_cat?post=13255"},{"taxonomy":"product_tag","embeddable":true,"href":"https:\/\/barneleker.no\/index.php\/wp-json\/wp\/v2\/product_tag?post=13255"}],"curies":[{"name":"wp","href":"https:\/\/api.w.org\/{rel}","templated":true}]}}