{"id":13267,"date":"2022-02-08T19:55:32","date_gmt":"2022-02-08T19:55:32","guid":{"rendered":"https:\/\/barneleker.no\/index.php\/product\/lego-classic-11014-klosser-og-hjul-klosser-og-hjul\/"},"modified":"2022-02-08T19:55:32","modified_gmt":"2022-02-08T19:55:32","slug":"lego-classic-11014-klosser-og-hjul-klosser-og-hjul","status":"publish","type":"product","link":"https:\/\/barneleker.no\/index.php\/product\/lego-classic-11014-klosser-og-hjul-klosser-og-hjul\/","title":{"rendered":"LEGO Classic 11014, Klosser og hjul, Klosser og hjul"},"content":{"rendered":"<p>\u2022 Barn, venner og familier kan slippe kreativiteten l\u00f8s med ni byggbare leker og et fargerikt utvalg av hjul, klosser og deler som gir fantasien luft under vingene! \u2022 Hva inneholder esken? Alt barn trenger for \u00e5 bygge en bil, et tog, en buss, en robot, en sebra-skater, en racerbil, en kanin i rullestol, en draleke med and og en ape med banan-skateboard. Inneholder ogs\u00e5 ekstra LEGO\u00ae klosser. \u2022 Et lekebyggesett av h\u00f8y kvalitet som byr p\u00e5 masse kreative ideer og engasjerende bygge- og lekeopplevelser. For enda mer kreativ moro kan settet kombineres med eksisterende LEGO\u00ae sett. \u2022 Lekesettet LEGO\u00ae Classic Klosser og hjul (11014) er en flott gave uansett anledning. Passer for jenter og gutter fra fire \u00e5r og oppover. \u2022 Barn kan velge fritt blant 653 LEGO\u00ae deler og bygge hva som helst. \u2022 Esken inneholder separate klosseposer med alle LEGO\u00ae delene du trenger for \u00e5 lage en eller to modeller. Det er bare \u00e5 velge modell, \u00e5pne posen og sette i gang! \u2022 Det f\u00f8lger med brukervennlige byggeinstruksjoner for barn fra fire \u00e5r og oppover. Dermed kan selv nybegynnere bygge sine egne LEGO\u00ae leker og f\u00f8le god mestring. \u2022 LEGO\u00ae Classic lekesett gir barn ideer og inspirasjon med sett som oppmuntrer til ubegrenset kreativ frilek. Underveis utvikler barn sin kreativitet og finmotorikk. \u2022 Alle LEGO\u00ae klosser og deler lages i overensstemmelse med strenge kvalitetsstandarder som sikrer at de er ensartede, kompatible og fungerer som de skal. \u2022 LEGO\u00ae byggeleker testes grundig for \u00e5 sikre at hvert eneste lekesett oppfyller strenge sikkerhetsstandarder.<\/p>\n","protected":false},"excerpt":{"rendered":"<p>\u2022 Barn, venner og familier kan slippe kreativiteten l\u00f8s med ni byggbare leker og et fargerikt utvalg av hjul, klosser og deler som gir fantasien&hellip;<\/p>\n","protected":false},"featured_media":13266,"comment_status":"open","ping_status":"closed","template":"","meta":[],"product_brand":[],"product_cat":[499],"product_tag":[],"class_list":{"0":"post-13267","1":"product","2":"type-product","3":"status-publish","4":"has-post-thumbnail","6":"product_cat-set-lego-bygga","8":"first","9":"instock","10":"shipping-taxable","11":"product-type-external","12":"customify-col"},"yoast_head":"<!-- This site is optimized with the Yoast SEO plugin v26.0 - https:\/\/yoast.com\/wordpress\/plugins\/seo\/ -->\n<title>LEGO Classic 11014, Klosser og hjul, Klosser og hjul - Barneleker.no<\/title>\n<meta name=\"robots\" content=\"index, follow, max-snippet:-1, max-image-preview:large, max-video-preview:-1\" \/>\n<link rel=\"canonical\" href=\"https:\/\/barneleker.no\/index.php\/product\/lego-classic-11014-klosser-og-hjul-klosser-og-hjul\/\" \/>\n<meta property=\"og:locale\" content=\"nb_NO\" \/>\n<meta property=\"og:type\" content=\"article\" \/>\n<meta property=\"og:title\" content=\"LEGO Classic 11014, Klosser og hjul, Klosser og hjul - Barneleker.no\" \/>\n<meta property=\"og:description\" content=\"\u2022 Barn, venner og familier kan slippe kreativiteten l\u00f8s med ni byggbare leker og et fargerikt utvalg av hjul, klosser og deler som gir fantasien&hellip;\" \/>\n<meta property=\"og:url\" content=\"https:\/\/barneleker.no\/index.php\/product\/lego-classic-11014-klosser-og-hjul-klosser-og-hjul\/\" \/>\n<meta property=\"og:site_name\" content=\"Barneleker.no\" \/>\n<meta name=\"twitter:card\" content=\"summary_large_image\" \/>\n<meta name=\"twitter:label1\" content=\"Ansl. lesetid\" \/>\n\t<meta name=\"twitter:data1\" content=\"1 minutt\" \/>\n<script type=\"application\/ld+json\" class=\"yoast-schema-graph\">{\"@context\":\"https:\/\/schema.org\",\"@graph\":[{\"@type\":\"WebPage\",\"@id\":\"https:\/\/barneleker.no\/index.php\/product\/lego-classic-11014-klosser-og-hjul-klosser-og-hjul\/\",\"url\":\"https:\/\/barneleker.no\/index.php\/product\/lego-classic-11014-klosser-og-hjul-klosser-og-hjul\/\",\"name\":\"LEGO Classic 11014, Klosser og hjul, Klosser og hjul - Barneleker.no\",\"isPartOf\":{\"@id\":\"https:\/\/barneleker.no\/#website\"},\"primaryImageOfPage\":{\"@id\":\"https:\/\/barneleker.no\/index.php\/product\/lego-classic-11014-klosser-og-hjul-klosser-og-hjul\/#primaryimage\"},\"image\":{\"@id\":\"https:\/\/barneleker.no\/index.php\/product\/lego-classic-11014-klosser-og-hjul-klosser-og-hjul\/#primaryimage\"},\"thumbnailUrl\":\"https:\/\/barneleker.no\/wp-content\/uploads\/2022\/02\/lego-classic-11014-klosser-og-hjul.jpg\",\"datePublished\":\"2022-02-08T19:55:32+00:00\",\"breadcrumb\":{\"@id\":\"https:\/\/barneleker.no\/index.php\/product\/lego-classic-11014-klosser-og-hjul-klosser-og-hjul\/#breadcrumb\"},\"inLanguage\":\"nb-NO\",\"potentialAction\":[{\"@type\":\"ReadAction\",\"target\":[\"https:\/\/barneleker.no\/index.php\/product\/lego-classic-11014-klosser-og-hjul-klosser-og-hjul\/\"]}]},{\"@type\":\"ImageObject\",\"inLanguage\":\"nb-NO\",\"@id\":\"https:\/\/barneleker.no\/index.php\/product\/lego-classic-11014-klosser-og-hjul-klosser-og-hjul\/#primaryimage\",\"url\":\"https:\/\/barneleker.no\/wp-content\/uploads\/2022\/02\/lego-classic-11014-klosser-og-hjul.jpg\",\"contentUrl\":\"https:\/\/barneleker.no\/wp-content\/uploads\/2022\/02\/lego-classic-11014-klosser-og-hjul.jpg\",\"width\":555,\"height\":555},{\"@type\":\"BreadcrumbList\",\"@id\":\"https:\/\/barneleker.no\/index.php\/product\/lego-classic-11014-klosser-og-hjul-klosser-og-hjul\/#breadcrumb\",\"itemListElement\":[{\"@type\":\"ListItem\",\"position\":1,\"name\":\"Butikken\",\"item\":\"https:\/\/barneleker.no\/\"},{\"@type\":\"ListItem\",\"position\":2,\"name\":\"LEGO Classic 11014, Klosser og hjul, Klosser og hjul\"}]},{\"@type\":\"WebSite\",\"@id\":\"https:\/\/barneleker.no\/#website\",\"url\":\"https:\/\/barneleker.no\/\",\"name\":\"Barneleker.no\",\"description\":\"Selvf\u00f8lgelig!\",\"publisher\":{\"@id\":\"https:\/\/barneleker.no\/#organization\"},\"potentialAction\":[{\"@type\":\"SearchAction\",\"target\":{\"@type\":\"EntryPoint\",\"urlTemplate\":\"https:\/\/barneleker.no\/?s={search_term_string}\"},\"query-input\":{\"@type\":\"PropertyValueSpecification\",\"valueRequired\":true,\"valueName\":\"search_term_string\"}}],\"inLanguage\":\"nb-NO\"},{\"@type\":\"Organization\",\"@id\":\"https:\/\/barneleker.no\/#organization\",\"name\":\"Barneleker.no\",\"url\":\"https:\/\/barneleker.no\/\",\"logo\":{\"@type\":\"ImageObject\",\"inLanguage\":\"nb-NO\",\"@id\":\"https:\/\/barneleker.no\/#\/schema\/logo\/image\/\",\"url\":\"https:\/\/barneleker.no\/wp-content\/uploads\/2021\/11\/barneleker_logo-780x150-1.jpg\",\"contentUrl\":\"https:\/\/barneleker.no\/wp-content\/uploads\/2021\/11\/barneleker_logo-780x150-1.jpg\",\"width\":780,\"height\":150,\"caption\":\"Barneleker.no\"},\"image\":{\"@id\":\"https:\/\/barneleker.no\/#\/schema\/logo\/image\/\"}}]}<\/script>\n<!-- \/ Yoast SEO plugin. -->","yoast_head_json":{"title":"LEGO Classic 11014, Klosser og hjul, Klosser og hjul - Barneleker.no","robots":{"index":"index","follow":"follow","max-snippet":"max-snippet:-1","max-image-preview":"max-image-preview:large","max-video-preview":"max-video-preview:-1"},"canonical":"https:\/\/barneleker.no\/index.php\/product\/lego-classic-11014-klosser-og-hjul-klosser-og-hjul\/","og_locale":"nb_NO","og_type":"article","og_title":"LEGO Classic 11014, Klosser og hjul, Klosser og hjul - Barneleker.no","og_description":"\u2022 Barn, venner og familier kan slippe kreativiteten l\u00f8s med ni byggbare leker og et fargerikt utvalg av hjul, klosser og deler som gir fantasien&hellip;","og_url":"https:\/\/barneleker.no\/index.php\/product\/lego-classic-11014-klosser-og-hjul-klosser-og-hjul\/","og_site_name":"Barneleker.no","twitter_card":"summary_large_image","twitter_misc":{"Ansl. lesetid":"1 minutt"},"schema":{"@context":"https:\/\/schema.org","@graph":[{"@type":"WebPage","@id":"https:\/\/barneleker.no\/index.php\/product\/lego-classic-11014-klosser-og-hjul-klosser-og-hjul\/","url":"https:\/\/barneleker.no\/index.php\/product\/lego-classic-11014-klosser-og-hjul-klosser-og-hjul\/","name":"LEGO Classic 11014, Klosser og hjul, Klosser og hjul - Barneleker.no","isPartOf":{"@id":"https:\/\/barneleker.no\/#website"},"primaryImageOfPage":{"@id":"https:\/\/barneleker.no\/index.php\/product\/lego-classic-11014-klosser-og-hjul-klosser-og-hjul\/#primaryimage"},"image":{"@id":"https:\/\/barneleker.no\/index.php\/product\/lego-classic-11014-klosser-og-hjul-klosser-og-hjul\/#primaryimage"},"thumbnailUrl":"https:\/\/barneleker.no\/wp-content\/uploads\/2022\/02\/lego-classic-11014-klosser-og-hjul.jpg","datePublished":"2022-02-08T19:55:32+00:00","breadcrumb":{"@id":"https:\/\/barneleker.no\/index.php\/product\/lego-classic-11014-klosser-og-hjul-klosser-og-hjul\/#breadcrumb"},"inLanguage":"nb-NO","potentialAction":[{"@type":"ReadAction","target":["https:\/\/barneleker.no\/index.php\/product\/lego-classic-11014-klosser-og-hjul-klosser-og-hjul\/"]}]},{"@type":"ImageObject","inLanguage":"nb-NO","@id":"https:\/\/barneleker.no\/index.php\/product\/lego-classic-11014-klosser-og-hjul-klosser-og-hjul\/#primaryimage","url":"https:\/\/barneleker.no\/wp-content\/uploads\/2022\/02\/lego-classic-11014-klosser-og-hjul.jpg","contentUrl":"https:\/\/barneleker.no\/wp-content\/uploads\/2022\/02\/lego-classic-11014-klosser-og-hjul.jpg","width":555,"height":555},{"@type":"BreadcrumbList","@id":"https:\/\/barneleker.no\/index.php\/product\/lego-classic-11014-klosser-og-hjul-klosser-og-hjul\/#breadcrumb","itemListElement":[{"@type":"ListItem","position":1,"name":"Butikken","item":"https:\/\/barneleker.no\/"},{"@type":"ListItem","position":2,"name":"LEGO Classic 11014, Klosser og hjul, Klosser og hjul"}]},{"@type":"WebSite","@id":"https:\/\/barneleker.no\/#website","url":"https:\/\/barneleker.no\/","name":"Barneleker.no","description":"Selvf\u00f8lgelig!","publisher":{"@id":"https:\/\/barneleker.no\/#organization"},"potentialAction":[{"@type":"SearchAction","target":{"@type":"EntryPoint","urlTemplate":"https:\/\/barneleker.no\/?s={search_term_string}"},"query-input":{"@type":"PropertyValueSpecification","valueRequired":true,"valueName":"search_term_string"}}],"inLanguage":"nb-NO"},{"@type":"Organization","@id":"https:\/\/barneleker.no\/#organization","name":"Barneleker.no","url":"https:\/\/barneleker.no\/","logo":{"@type":"ImageObject","inLanguage":"nb-NO","@id":"https:\/\/barneleker.no\/#\/schema\/logo\/image\/","url":"https:\/\/barneleker.no\/wp-content\/uploads\/2021\/11\/barneleker_logo-780x150-1.jpg","contentUrl":"https:\/\/barneleker.no\/wp-content\/uploads\/2021\/11\/barneleker_logo-780x150-1.jpg","width":780,"height":150,"caption":"Barneleker.no"},"image":{"@id":"https:\/\/barneleker.no\/#\/schema\/logo\/image\/"}}]}},"_links":{"self":[{"href":"https:\/\/barneleker.no\/index.php\/wp-json\/wp\/v2\/product\/13267","targetHints":{"allow":["GET"]}}],"collection":[{"href":"https:\/\/barneleker.no\/index.php\/wp-json\/wp\/v2\/product"}],"about":[{"href":"https:\/\/barneleker.no\/index.php\/wp-json\/wp\/v2\/types\/product"}],"replies":[{"embeddable":true,"href":"https:\/\/barneleker.no\/index.php\/wp-json\/wp\/v2\/comments?post=13267"}],"wp:featuredmedia":[{"embeddable":true,"href":"https:\/\/barneleker.no\/index.php\/wp-json\/wp\/v2\/media\/13266"}],"wp:attachment":[{"href":"https:\/\/barneleker.no\/index.php\/wp-json\/wp\/v2\/media?parent=13267"}],"wp:term":[{"taxonomy":"product_brand","embeddable":true,"href":"https:\/\/barneleker.no\/index.php\/wp-json\/wp\/v2\/product_brand?post=13267"},{"taxonomy":"product_cat","embeddable":true,"href":"https:\/\/barneleker.no\/index.php\/wp-json\/wp\/v2\/product_cat?post=13267"},{"taxonomy":"product_tag","embeddable":true,"href":"https:\/\/barneleker.no\/index.php\/wp-json\/wp\/v2\/product_tag?post=13267"}],"curies":[{"name":"wp","href":"https:\/\/api.w.org\/{rel}","templated":true}]}}