{"id":13283,"date":"2022-02-08T19:55:38","date_gmt":"2022-02-08T19:55:38","guid":{"rendered":"https:\/\/barneleker.no\/index.php\/product\/spiderman-spider-man-3-movie-6in-figure-and-vehicle-spy\/"},"modified":"2022-02-08T19:55:38","modified_gmt":"2022-02-08T19:55:38","slug":"spiderman-spider-man-3-movie-6in-figure-and-vehicle-spy","status":"publish","type":"product","link":"https:\/\/barneleker.no\/index.php\/product\/spiderman-spider-man-3-movie-6in-figure-and-vehicle-spy\/","title":{"rendered":"Spiderman Spider-Man, 3 Movie 6In Figure And Vehicle Spy"},"content":{"rendered":"<p>Spiderman med motorsykkel og lysbilde. Figuren kan sitte p\u00e5 motorsykkelen eller spilt med uten. Fest glideren til figuren er tilbake og trykk p\u00e5 en knapp for \u00e5 utfelle vingene. Gi deg selv ut p\u00e5 spennende opplevelser sammen med Spider Man og bidra til \u00e5 redde verden!<\/p>\n","protected":false},"excerpt":{"rendered":"<p>Spiderman med motorsykkel og lysbilde. Figuren kan sitte p\u00e5 motorsykkelen eller spilt med uten. Fest glideren til figuren er tilbake og trykk p\u00e5 en knapp&hellip;<\/p>\n","protected":false},"featured_media":13282,"comment_status":"open","ping_status":"closed","template":"","meta":[],"product_brand":[],"product_cat":[352],"product_tag":[],"class_list":{"0":"post-13283","1":"product","2":"type-product","3":"status-publish","4":"has-post-thumbnail","6":"product_cat-figurer-roboter","8":"first","9":"instock","10":"shipping-taxable","11":"product-type-external","12":"customify-col"},"yoast_head":"<!-- This site is optimized with the Yoast SEO plugin v26.0 - https:\/\/yoast.com\/wordpress\/plugins\/seo\/ -->\n<title>Spiderman Spider-Man, 3 Movie 6In Figure And Vehicle Spy - Barneleker.no<\/title>\n<meta name=\"robots\" content=\"index, follow, max-snippet:-1, max-image-preview:large, max-video-preview:-1\" \/>\n<link rel=\"canonical\" href=\"https:\/\/barneleker.no\/index.php\/product\/spiderman-spider-man-3-movie-6in-figure-and-vehicle-spy\/\" \/>\n<meta property=\"og:locale\" content=\"nb_NO\" \/>\n<meta property=\"og:type\" content=\"article\" \/>\n<meta property=\"og:title\" content=\"Spiderman Spider-Man, 3 Movie 6In Figure And Vehicle Spy - Barneleker.no\" \/>\n<meta property=\"og:description\" content=\"Spiderman med motorsykkel og lysbilde. Figuren kan sitte p\u00e5 motorsykkelen eller spilt med uten. Fest glideren til figuren er tilbake og trykk p\u00e5 en knapp&hellip;\" \/>\n<meta property=\"og:url\" content=\"https:\/\/barneleker.no\/index.php\/product\/spiderman-spider-man-3-movie-6in-figure-and-vehicle-spy\/\" \/>\n<meta property=\"og:site_name\" content=\"Barneleker.no\" \/>\n<meta name=\"twitter:card\" content=\"summary_large_image\" \/>\n<script type=\"application\/ld+json\" class=\"yoast-schema-graph\">{\"@context\":\"https:\/\/schema.org\",\"@graph\":[{\"@type\":\"WebPage\",\"@id\":\"https:\/\/barneleker.no\/index.php\/product\/spiderman-spider-man-3-movie-6in-figure-and-vehicle-spy\/\",\"url\":\"https:\/\/barneleker.no\/index.php\/product\/spiderman-spider-man-3-movie-6in-figure-and-vehicle-spy\/\",\"name\":\"Spiderman Spider-Man, 3 Movie 6In Figure And Vehicle Spy - Barneleker.no\",\"isPartOf\":{\"@id\":\"https:\/\/barneleker.no\/#website\"},\"primaryImageOfPage\":{\"@id\":\"https:\/\/barneleker.no\/index.php\/product\/spiderman-spider-man-3-movie-6in-figure-and-vehicle-spy\/#primaryimage\"},\"image\":{\"@id\":\"https:\/\/barneleker.no\/index.php\/product\/spiderman-spider-man-3-movie-6in-figure-and-vehicle-spy\/#primaryimage\"},\"thumbnailUrl\":\"https:\/\/barneleker.no\/wp-content\/uploads\/2022\/02\/spider-man-3-movie-6in-figure-and-vehicle-spy.jpg\",\"datePublished\":\"2022-02-08T19:55:38+00:00\",\"breadcrumb\":{\"@id\":\"https:\/\/barneleker.no\/index.php\/product\/spiderman-spider-man-3-movie-6in-figure-and-vehicle-spy\/#breadcrumb\"},\"inLanguage\":\"nb-NO\",\"potentialAction\":[{\"@type\":\"ReadAction\",\"target\":[\"https:\/\/barneleker.no\/index.php\/product\/spiderman-spider-man-3-movie-6in-figure-and-vehicle-spy\/\"]}]},{\"@type\":\"ImageObject\",\"inLanguage\":\"nb-NO\",\"@id\":\"https:\/\/barneleker.no\/index.php\/product\/spiderman-spider-man-3-movie-6in-figure-and-vehicle-spy\/#primaryimage\",\"url\":\"https:\/\/barneleker.no\/wp-content\/uploads\/2022\/02\/spider-man-3-movie-6in-figure-and-vehicle-spy.jpg\",\"contentUrl\":\"https:\/\/barneleker.no\/wp-content\/uploads\/2022\/02\/spider-man-3-movie-6in-figure-and-vehicle-spy.jpg\",\"width\":555,\"height\":555},{\"@type\":\"BreadcrumbList\",\"@id\":\"https:\/\/barneleker.no\/index.php\/product\/spiderman-spider-man-3-movie-6in-figure-and-vehicle-spy\/#breadcrumb\",\"itemListElement\":[{\"@type\":\"ListItem\",\"position\":1,\"name\":\"Butikken\",\"item\":\"https:\/\/barneleker.no\/\"},{\"@type\":\"ListItem\",\"position\":2,\"name\":\"Spiderman Spider-Man, 3 Movie 6In Figure And Vehicle Spy\"}]},{\"@type\":\"WebSite\",\"@id\":\"https:\/\/barneleker.no\/#website\",\"url\":\"https:\/\/barneleker.no\/\",\"name\":\"Barneleker.no\",\"description\":\"Selvf\u00f8lgelig!\",\"publisher\":{\"@id\":\"https:\/\/barneleker.no\/#organization\"},\"potentialAction\":[{\"@type\":\"SearchAction\",\"target\":{\"@type\":\"EntryPoint\",\"urlTemplate\":\"https:\/\/barneleker.no\/?s={search_term_string}\"},\"query-input\":{\"@type\":\"PropertyValueSpecification\",\"valueRequired\":true,\"valueName\":\"search_term_string\"}}],\"inLanguage\":\"nb-NO\"},{\"@type\":\"Organization\",\"@id\":\"https:\/\/barneleker.no\/#organization\",\"name\":\"Barneleker.no\",\"url\":\"https:\/\/barneleker.no\/\",\"logo\":{\"@type\":\"ImageObject\",\"inLanguage\":\"nb-NO\",\"@id\":\"https:\/\/barneleker.no\/#\/schema\/logo\/image\/\",\"url\":\"https:\/\/barneleker.no\/wp-content\/uploads\/2021\/11\/barneleker_logo-780x150-1.jpg\",\"contentUrl\":\"https:\/\/barneleker.no\/wp-content\/uploads\/2021\/11\/barneleker_logo-780x150-1.jpg\",\"width\":780,\"height\":150,\"caption\":\"Barneleker.no\"},\"image\":{\"@id\":\"https:\/\/barneleker.no\/#\/schema\/logo\/image\/\"}}]}<\/script>\n<!-- \/ Yoast SEO plugin. -->","yoast_head_json":{"title":"Spiderman Spider-Man, 3 Movie 6In Figure And Vehicle Spy - Barneleker.no","robots":{"index":"index","follow":"follow","max-snippet":"max-snippet:-1","max-image-preview":"max-image-preview:large","max-video-preview":"max-video-preview:-1"},"canonical":"https:\/\/barneleker.no\/index.php\/product\/spiderman-spider-man-3-movie-6in-figure-and-vehicle-spy\/","og_locale":"nb_NO","og_type":"article","og_title":"Spiderman Spider-Man, 3 Movie 6In Figure And Vehicle Spy - Barneleker.no","og_description":"Spiderman med motorsykkel og lysbilde. Figuren kan sitte p\u00e5 motorsykkelen eller spilt med uten. Fest glideren til figuren er tilbake og trykk p\u00e5 en knapp&hellip;","og_url":"https:\/\/barneleker.no\/index.php\/product\/spiderman-spider-man-3-movie-6in-figure-and-vehicle-spy\/","og_site_name":"Barneleker.no","twitter_card":"summary_large_image","schema":{"@context":"https:\/\/schema.org","@graph":[{"@type":"WebPage","@id":"https:\/\/barneleker.no\/index.php\/product\/spiderman-spider-man-3-movie-6in-figure-and-vehicle-spy\/","url":"https:\/\/barneleker.no\/index.php\/product\/spiderman-spider-man-3-movie-6in-figure-and-vehicle-spy\/","name":"Spiderman Spider-Man, 3 Movie 6In Figure And Vehicle Spy - Barneleker.no","isPartOf":{"@id":"https:\/\/barneleker.no\/#website"},"primaryImageOfPage":{"@id":"https:\/\/barneleker.no\/index.php\/product\/spiderman-spider-man-3-movie-6in-figure-and-vehicle-spy\/#primaryimage"},"image":{"@id":"https:\/\/barneleker.no\/index.php\/product\/spiderman-spider-man-3-movie-6in-figure-and-vehicle-spy\/#primaryimage"},"thumbnailUrl":"https:\/\/barneleker.no\/wp-content\/uploads\/2022\/02\/spider-man-3-movie-6in-figure-and-vehicle-spy.jpg","datePublished":"2022-02-08T19:55:38+00:00","breadcrumb":{"@id":"https:\/\/barneleker.no\/index.php\/product\/spiderman-spider-man-3-movie-6in-figure-and-vehicle-spy\/#breadcrumb"},"inLanguage":"nb-NO","potentialAction":[{"@type":"ReadAction","target":["https:\/\/barneleker.no\/index.php\/product\/spiderman-spider-man-3-movie-6in-figure-and-vehicle-spy\/"]}]},{"@type":"ImageObject","inLanguage":"nb-NO","@id":"https:\/\/barneleker.no\/index.php\/product\/spiderman-spider-man-3-movie-6in-figure-and-vehicle-spy\/#primaryimage","url":"https:\/\/barneleker.no\/wp-content\/uploads\/2022\/02\/spider-man-3-movie-6in-figure-and-vehicle-spy.jpg","contentUrl":"https:\/\/barneleker.no\/wp-content\/uploads\/2022\/02\/spider-man-3-movie-6in-figure-and-vehicle-spy.jpg","width":555,"height":555},{"@type":"BreadcrumbList","@id":"https:\/\/barneleker.no\/index.php\/product\/spiderman-spider-man-3-movie-6in-figure-and-vehicle-spy\/#breadcrumb","itemListElement":[{"@type":"ListItem","position":1,"name":"Butikken","item":"https:\/\/barneleker.no\/"},{"@type":"ListItem","position":2,"name":"Spiderman Spider-Man, 3 Movie 6In Figure And Vehicle Spy"}]},{"@type":"WebSite","@id":"https:\/\/barneleker.no\/#website","url":"https:\/\/barneleker.no\/","name":"Barneleker.no","description":"Selvf\u00f8lgelig!","publisher":{"@id":"https:\/\/barneleker.no\/#organization"},"potentialAction":[{"@type":"SearchAction","target":{"@type":"EntryPoint","urlTemplate":"https:\/\/barneleker.no\/?s={search_term_string}"},"query-input":{"@type":"PropertyValueSpecification","valueRequired":true,"valueName":"search_term_string"}}],"inLanguage":"nb-NO"},{"@type":"Organization","@id":"https:\/\/barneleker.no\/#organization","name":"Barneleker.no","url":"https:\/\/barneleker.no\/","logo":{"@type":"ImageObject","inLanguage":"nb-NO","@id":"https:\/\/barneleker.no\/#\/schema\/logo\/image\/","url":"https:\/\/barneleker.no\/wp-content\/uploads\/2021\/11\/barneleker_logo-780x150-1.jpg","contentUrl":"https:\/\/barneleker.no\/wp-content\/uploads\/2021\/11\/barneleker_logo-780x150-1.jpg","width":780,"height":150,"caption":"Barneleker.no"},"image":{"@id":"https:\/\/barneleker.no\/#\/schema\/logo\/image\/"}}]}},"_links":{"self":[{"href":"https:\/\/barneleker.no\/index.php\/wp-json\/wp\/v2\/product\/13283","targetHints":{"allow":["GET"]}}],"collection":[{"href":"https:\/\/barneleker.no\/index.php\/wp-json\/wp\/v2\/product"}],"about":[{"href":"https:\/\/barneleker.no\/index.php\/wp-json\/wp\/v2\/types\/product"}],"replies":[{"embeddable":true,"href":"https:\/\/barneleker.no\/index.php\/wp-json\/wp\/v2\/comments?post=13283"}],"wp:featuredmedia":[{"embeddable":true,"href":"https:\/\/barneleker.no\/index.php\/wp-json\/wp\/v2\/media\/13282"}],"wp:attachment":[{"href":"https:\/\/barneleker.no\/index.php\/wp-json\/wp\/v2\/media?parent=13283"}],"wp:term":[{"taxonomy":"product_brand","embeddable":true,"href":"https:\/\/barneleker.no\/index.php\/wp-json\/wp\/v2\/product_brand?post=13283"},{"taxonomy":"product_cat","embeddable":true,"href":"https:\/\/barneleker.no\/index.php\/wp-json\/wp\/v2\/product_cat?post=13283"},{"taxonomy":"product_tag","embeddable":true,"href":"https:\/\/barneleker.no\/index.php\/wp-json\/wp\/v2\/product_tag?post=13283"}],"curies":[{"name":"wp","href":"https:\/\/api.w.org\/{rel}","templated":true}]}}