{"id":13295,"date":"2022-02-08T19:55:42","date_gmt":"2022-02-08T19:55:42","guid":{"rendered":"https:\/\/barneleker.no\/index.php\/product\/majorette-tune-up\/"},"modified":"2022-02-08T19:55:42","modified_gmt":"2022-02-08T19:55:42","slug":"majorette-tune-up","status":"publish","type":"product","link":"https:\/\/barneleker.no\/index.php\/product\/majorette-tune-up\/","title":{"rendered":"Majorette, Tune up"},"content":{"rendered":"<p>Majorette Tune Up\u00b4s &#8211; samlebiler med et nytt kult stylingkonsept! Tune Up&#8217;s leket\u00f8y inneholder en hemmelig metallbil med frihjul. Lekesettet inneholder ogs\u00e5 kult tuningtilbeh\u00f8r, for \u00e5 kunne style bilen med klistremerker og diverse tilbeh\u00f8r. Det er 18 forskjellige Tune Up-sett tilgjengelig med forskjellige biler, hvorav den ene er sjelden. Oppbevaringsboks som kan stables for \u00e5 kunne bygge garasje, brosjyre og chip er inkludert. Chip inneholder informasjon om hvilken bil det er, kj\u00f8ret\u00f8yets hastighet, styling og styrke. Samle alle 18 bilene for \u00e5 lage din egen tuninggarasje og jag den som er ekstremt sjelden, samt konkurrere mot andre med chipen om hvem som har den beste bilen. Majorette Tune Up er egnet for barn fra 5 \u00e5r.<\/p>\n","protected":false},"excerpt":{"rendered":"<p>Majorette Tune Up\u00b4s &#8211; samlebiler med et nytt kult stylingkonsept! Tune Up&#8217;s leket\u00f8y inneholder en hemmelig metallbil med frihjul. Lekesettet inneholder ogs\u00e5 kult tuningtilbeh\u00f8r, for&hellip;<\/p>\n","protected":false},"featured_media":13294,"comment_status":"open","ping_status":"closed","template":"","meta":[],"product_brand":[],"product_cat":[343],"product_tag":[],"class_list":{"0":"post-13295","1":"product","2":"type-product","3":"status-publish","4":"has-post-thumbnail","6":"product_cat-kjoretoy","8":"first","9":"instock","10":"shipping-taxable","11":"product-type-external","12":"customify-col"},"yoast_head":"<!-- This site is optimized with the Yoast SEO plugin v26.0 - https:\/\/yoast.com\/wordpress\/plugins\/seo\/ -->\n<title>Majorette, Tune up - Barneleker.no<\/title>\n<meta name=\"robots\" content=\"index, follow, max-snippet:-1, max-image-preview:large, max-video-preview:-1\" \/>\n<link rel=\"canonical\" href=\"https:\/\/barneleker.no\/index.php\/product\/majorette-tune-up\/\" \/>\n<meta property=\"og:locale\" content=\"nb_NO\" \/>\n<meta property=\"og:type\" content=\"article\" \/>\n<meta property=\"og:title\" content=\"Majorette, Tune up - Barneleker.no\" \/>\n<meta property=\"og:description\" content=\"Majorette Tune Up\u00b4s &#8211; samlebiler med et nytt kult stylingkonsept! Tune Up&#8217;s leket\u00f8y inneholder en hemmelig metallbil med frihjul. Lekesettet inneholder ogs\u00e5 kult tuningtilbeh\u00f8r, for&hellip;\" \/>\n<meta property=\"og:url\" content=\"https:\/\/barneleker.no\/index.php\/product\/majorette-tune-up\/\" \/>\n<meta property=\"og:site_name\" content=\"Barneleker.no\" \/>\n<meta name=\"twitter:card\" content=\"summary_large_image\" \/>\n<meta name=\"twitter:label1\" content=\"Ansl. lesetid\" \/>\n\t<meta name=\"twitter:data1\" content=\"1 minutt\" \/>\n<script type=\"application\/ld+json\" class=\"yoast-schema-graph\">{\"@context\":\"https:\/\/schema.org\",\"@graph\":[{\"@type\":\"WebPage\",\"@id\":\"https:\/\/barneleker.no\/index.php\/product\/majorette-tune-up\/\",\"url\":\"https:\/\/barneleker.no\/index.php\/product\/majorette-tune-up\/\",\"name\":\"Majorette, Tune up - Barneleker.no\",\"isPartOf\":{\"@id\":\"https:\/\/barneleker.no\/#website\"},\"primaryImageOfPage\":{\"@id\":\"https:\/\/barneleker.no\/index.php\/product\/majorette-tune-up\/#primaryimage\"},\"image\":{\"@id\":\"https:\/\/barneleker.no\/index.php\/product\/majorette-tune-up\/#primaryimage\"},\"thumbnailUrl\":\"https:\/\/barneleker.no\/wp-content\/uploads\/2022\/02\/majorette-tune-up.jpg\",\"datePublished\":\"2022-02-08T19:55:42+00:00\",\"breadcrumb\":{\"@id\":\"https:\/\/barneleker.no\/index.php\/product\/majorette-tune-up\/#breadcrumb\"},\"inLanguage\":\"nb-NO\",\"potentialAction\":[{\"@type\":\"ReadAction\",\"target\":[\"https:\/\/barneleker.no\/index.php\/product\/majorette-tune-up\/\"]}]},{\"@type\":\"ImageObject\",\"inLanguage\":\"nb-NO\",\"@id\":\"https:\/\/barneleker.no\/index.php\/product\/majorette-tune-up\/#primaryimage\",\"url\":\"https:\/\/barneleker.no\/wp-content\/uploads\/2022\/02\/majorette-tune-up.jpg\",\"contentUrl\":\"https:\/\/barneleker.no\/wp-content\/uploads\/2022\/02\/majorette-tune-up.jpg\",\"width\":555,\"height\":555},{\"@type\":\"BreadcrumbList\",\"@id\":\"https:\/\/barneleker.no\/index.php\/product\/majorette-tune-up\/#breadcrumb\",\"itemListElement\":[{\"@type\":\"ListItem\",\"position\":1,\"name\":\"Butikken\",\"item\":\"https:\/\/barneleker.no\/\"},{\"@type\":\"ListItem\",\"position\":2,\"name\":\"Majorette, Tune up\"}]},{\"@type\":\"WebSite\",\"@id\":\"https:\/\/barneleker.no\/#website\",\"url\":\"https:\/\/barneleker.no\/\",\"name\":\"Barneleker.no\",\"description\":\"Selvf\u00f8lgelig!\",\"publisher\":{\"@id\":\"https:\/\/barneleker.no\/#organization\"},\"potentialAction\":[{\"@type\":\"SearchAction\",\"target\":{\"@type\":\"EntryPoint\",\"urlTemplate\":\"https:\/\/barneleker.no\/?s={search_term_string}\"},\"query-input\":{\"@type\":\"PropertyValueSpecification\",\"valueRequired\":true,\"valueName\":\"search_term_string\"}}],\"inLanguage\":\"nb-NO\"},{\"@type\":\"Organization\",\"@id\":\"https:\/\/barneleker.no\/#organization\",\"name\":\"Barneleker.no\",\"url\":\"https:\/\/barneleker.no\/\",\"logo\":{\"@type\":\"ImageObject\",\"inLanguage\":\"nb-NO\",\"@id\":\"https:\/\/barneleker.no\/#\/schema\/logo\/image\/\",\"url\":\"https:\/\/barneleker.no\/wp-content\/uploads\/2021\/11\/barneleker_logo-780x150-1.jpg\",\"contentUrl\":\"https:\/\/barneleker.no\/wp-content\/uploads\/2021\/11\/barneleker_logo-780x150-1.jpg\",\"width\":780,\"height\":150,\"caption\":\"Barneleker.no\"},\"image\":{\"@id\":\"https:\/\/barneleker.no\/#\/schema\/logo\/image\/\"}}]}<\/script>\n<!-- \/ Yoast SEO plugin. -->","yoast_head_json":{"title":"Majorette, Tune up - Barneleker.no","robots":{"index":"index","follow":"follow","max-snippet":"max-snippet:-1","max-image-preview":"max-image-preview:large","max-video-preview":"max-video-preview:-1"},"canonical":"https:\/\/barneleker.no\/index.php\/product\/majorette-tune-up\/","og_locale":"nb_NO","og_type":"article","og_title":"Majorette, Tune up - Barneleker.no","og_description":"Majorette Tune Up\u00b4s &#8211; samlebiler med et nytt kult stylingkonsept! Tune Up&#8217;s leket\u00f8y inneholder en hemmelig metallbil med frihjul. Lekesettet inneholder ogs\u00e5 kult tuningtilbeh\u00f8r, for&hellip;","og_url":"https:\/\/barneleker.no\/index.php\/product\/majorette-tune-up\/","og_site_name":"Barneleker.no","twitter_card":"summary_large_image","twitter_misc":{"Ansl. lesetid":"1 minutt"},"schema":{"@context":"https:\/\/schema.org","@graph":[{"@type":"WebPage","@id":"https:\/\/barneleker.no\/index.php\/product\/majorette-tune-up\/","url":"https:\/\/barneleker.no\/index.php\/product\/majorette-tune-up\/","name":"Majorette, Tune up - Barneleker.no","isPartOf":{"@id":"https:\/\/barneleker.no\/#website"},"primaryImageOfPage":{"@id":"https:\/\/barneleker.no\/index.php\/product\/majorette-tune-up\/#primaryimage"},"image":{"@id":"https:\/\/barneleker.no\/index.php\/product\/majorette-tune-up\/#primaryimage"},"thumbnailUrl":"https:\/\/barneleker.no\/wp-content\/uploads\/2022\/02\/majorette-tune-up.jpg","datePublished":"2022-02-08T19:55:42+00:00","breadcrumb":{"@id":"https:\/\/barneleker.no\/index.php\/product\/majorette-tune-up\/#breadcrumb"},"inLanguage":"nb-NO","potentialAction":[{"@type":"ReadAction","target":["https:\/\/barneleker.no\/index.php\/product\/majorette-tune-up\/"]}]},{"@type":"ImageObject","inLanguage":"nb-NO","@id":"https:\/\/barneleker.no\/index.php\/product\/majorette-tune-up\/#primaryimage","url":"https:\/\/barneleker.no\/wp-content\/uploads\/2022\/02\/majorette-tune-up.jpg","contentUrl":"https:\/\/barneleker.no\/wp-content\/uploads\/2022\/02\/majorette-tune-up.jpg","width":555,"height":555},{"@type":"BreadcrumbList","@id":"https:\/\/barneleker.no\/index.php\/product\/majorette-tune-up\/#breadcrumb","itemListElement":[{"@type":"ListItem","position":1,"name":"Butikken","item":"https:\/\/barneleker.no\/"},{"@type":"ListItem","position":2,"name":"Majorette, Tune up"}]},{"@type":"WebSite","@id":"https:\/\/barneleker.no\/#website","url":"https:\/\/barneleker.no\/","name":"Barneleker.no","description":"Selvf\u00f8lgelig!","publisher":{"@id":"https:\/\/barneleker.no\/#organization"},"potentialAction":[{"@type":"SearchAction","target":{"@type":"EntryPoint","urlTemplate":"https:\/\/barneleker.no\/?s={search_term_string}"},"query-input":{"@type":"PropertyValueSpecification","valueRequired":true,"valueName":"search_term_string"}}],"inLanguage":"nb-NO"},{"@type":"Organization","@id":"https:\/\/barneleker.no\/#organization","name":"Barneleker.no","url":"https:\/\/barneleker.no\/","logo":{"@type":"ImageObject","inLanguage":"nb-NO","@id":"https:\/\/barneleker.no\/#\/schema\/logo\/image\/","url":"https:\/\/barneleker.no\/wp-content\/uploads\/2021\/11\/barneleker_logo-780x150-1.jpg","contentUrl":"https:\/\/barneleker.no\/wp-content\/uploads\/2021\/11\/barneleker_logo-780x150-1.jpg","width":780,"height":150,"caption":"Barneleker.no"},"image":{"@id":"https:\/\/barneleker.no\/#\/schema\/logo\/image\/"}}]}},"_links":{"self":[{"href":"https:\/\/barneleker.no\/index.php\/wp-json\/wp\/v2\/product\/13295","targetHints":{"allow":["GET"]}}],"collection":[{"href":"https:\/\/barneleker.no\/index.php\/wp-json\/wp\/v2\/product"}],"about":[{"href":"https:\/\/barneleker.no\/index.php\/wp-json\/wp\/v2\/types\/product"}],"replies":[{"embeddable":true,"href":"https:\/\/barneleker.no\/index.php\/wp-json\/wp\/v2\/comments?post=13295"}],"wp:featuredmedia":[{"embeddable":true,"href":"https:\/\/barneleker.no\/index.php\/wp-json\/wp\/v2\/media\/13294"}],"wp:attachment":[{"href":"https:\/\/barneleker.no\/index.php\/wp-json\/wp\/v2\/media?parent=13295"}],"wp:term":[{"taxonomy":"product_brand","embeddable":true,"href":"https:\/\/barneleker.no\/index.php\/wp-json\/wp\/v2\/product_brand?post=13295"},{"taxonomy":"product_cat","embeddable":true,"href":"https:\/\/barneleker.no\/index.php\/wp-json\/wp\/v2\/product_cat?post=13295"},{"taxonomy":"product_tag","embeddable":true,"href":"https:\/\/barneleker.no\/index.php\/wp-json\/wp\/v2\/product_tag?post=13295"}],"curies":[{"name":"wp","href":"https:\/\/api.w.org\/{rel}","templated":true}]}}