{"id":13315,"date":"2022-02-08T19:55:49","date_gmt":"2022-02-08T19:55:49","guid":{"rendered":"https:\/\/barneleker.no\/index.php\/product\/disney-princess-rainbow-reveal-ariel\/"},"modified":"2022-02-08T19:55:49","modified_gmt":"2022-02-08T19:55:49","slug":"disney-princess-rainbow-reveal-ariel","status":"publish","type":"product","link":"https:\/\/barneleker.no\/index.php\/product\/disney-princess-rainbow-reveal-ariel\/","title":{"rendered":"Disney Princess, Rainbow Reveal Ariel"},"content":{"rendered":"<p>Gj\u00f8r deg klar for fargerik moro med Disney Princess Rainbow Reveal Ariel. Dukkens hale er delt inn i forskjellige seksjoner med forskjellige farger. Og n\u00e5r du legger den i varmt vann, forvandles hver seksjon til klare regnbuefarger. N\u00e5r den t\u00f8rker, endres fargene tilbake. Barn f\u00e5r mye moro ut av denne havfrueleken som kan endre farger gang p\u00e5 gang. Den segmenterte halen gj\u00f8r ogs\u00e5 at barna kan lage morsomme bevegelser med den slik at det ser ut som om dukken sv\u00f8mmer, enten i vann eller p\u00e5 land. Denne dukken er inspirert av den klassiske Disney-animasjonsfilmen Den lille havfruen, og med denne kan barn forestille seg spennende undervannseventyr og gjenskape favorittscenene sine fra filmen eller skape sine egne nye historier. Denne dukken er et flott tillegg til enhver Disney-samling, og barn kan se etter andre motedukker inspirert av karakterer som Belle, Askepott, Jasmin, Merida, Vaiana, Mulan, Pocahontas, Rapunzel, Snehvit og Tiana. Hver selges separat. Tilgjengelighet varierer. Copyright Disney Hasbro og alle tilh\u00f8rende begreper er varemerker som tilh\u00f8rer Hasbro.<\/p>\n","protected":false},"excerpt":{"rendered":"<p>Gj\u00f8r deg klar for fargerik moro med Disney Princess Rainbow Reveal Ariel. Dukkens hale er delt inn i forskjellige seksjoner med forskjellige farger. Og n\u00e5r&hellip;<\/p>\n","protected":false},"featured_media":13314,"comment_status":"open","ping_status":"closed","template":"","meta":[],"product_brand":[],"product_cat":[345],"product_tag":[],"class_list":{"0":"post-13315","1":"product","2":"type-product","3":"status-publish","4":"has-post-thumbnail","6":"product_cat-dockor","8":"first","9":"instock","10":"shipping-taxable","11":"product-type-external","12":"customify-col"},"yoast_head":"<!-- This site is optimized with the Yoast SEO plugin v26.0 - https:\/\/yoast.com\/wordpress\/plugins\/seo\/ -->\n<title>Disney Princess, Rainbow Reveal Ariel - Barneleker.no<\/title>\n<meta name=\"robots\" content=\"index, follow, max-snippet:-1, max-image-preview:large, max-video-preview:-1\" \/>\n<link rel=\"canonical\" href=\"https:\/\/barneleker.no\/index.php\/product\/disney-princess-rainbow-reveal-ariel\/\" \/>\n<meta property=\"og:locale\" content=\"nb_NO\" \/>\n<meta property=\"og:type\" content=\"article\" \/>\n<meta property=\"og:title\" content=\"Disney Princess, Rainbow Reveal Ariel - Barneleker.no\" \/>\n<meta property=\"og:description\" content=\"Gj\u00f8r deg klar for fargerik moro med Disney Princess Rainbow Reveal Ariel. Dukkens hale er delt inn i forskjellige seksjoner med forskjellige farger. Og n\u00e5r&hellip;\" \/>\n<meta property=\"og:url\" content=\"https:\/\/barneleker.no\/index.php\/product\/disney-princess-rainbow-reveal-ariel\/\" \/>\n<meta property=\"og:site_name\" content=\"Barneleker.no\" \/>\n<meta name=\"twitter:card\" content=\"summary_large_image\" \/>\n<meta name=\"twitter:label1\" content=\"Ansl. lesetid\" \/>\n\t<meta name=\"twitter:data1\" content=\"1 minutt\" \/>\n<script type=\"application\/ld+json\" class=\"yoast-schema-graph\">{\"@context\":\"https:\/\/schema.org\",\"@graph\":[{\"@type\":\"WebPage\",\"@id\":\"https:\/\/barneleker.no\/index.php\/product\/disney-princess-rainbow-reveal-ariel\/\",\"url\":\"https:\/\/barneleker.no\/index.php\/product\/disney-princess-rainbow-reveal-ariel\/\",\"name\":\"Disney Princess, Rainbow Reveal Ariel - Barneleker.no\",\"isPartOf\":{\"@id\":\"https:\/\/barneleker.no\/#website\"},\"primaryImageOfPage\":{\"@id\":\"https:\/\/barneleker.no\/index.php\/product\/disney-princess-rainbow-reveal-ariel\/#primaryimage\"},\"image\":{\"@id\":\"https:\/\/barneleker.no\/index.php\/product\/disney-princess-rainbow-reveal-ariel\/#primaryimage\"},\"thumbnailUrl\":\"https:\/\/barneleker.no\/wp-content\/uploads\/2022\/02\/disney-princess-rainbow-reveal-ariel.jpg\",\"datePublished\":\"2022-02-08T19:55:49+00:00\",\"breadcrumb\":{\"@id\":\"https:\/\/barneleker.no\/index.php\/product\/disney-princess-rainbow-reveal-ariel\/#breadcrumb\"},\"inLanguage\":\"nb-NO\",\"potentialAction\":[{\"@type\":\"ReadAction\",\"target\":[\"https:\/\/barneleker.no\/index.php\/product\/disney-princess-rainbow-reveal-ariel\/\"]}]},{\"@type\":\"ImageObject\",\"inLanguage\":\"nb-NO\",\"@id\":\"https:\/\/barneleker.no\/index.php\/product\/disney-princess-rainbow-reveal-ariel\/#primaryimage\",\"url\":\"https:\/\/barneleker.no\/wp-content\/uploads\/2022\/02\/disney-princess-rainbow-reveal-ariel.jpg\",\"contentUrl\":\"https:\/\/barneleker.no\/wp-content\/uploads\/2022\/02\/disney-princess-rainbow-reveal-ariel.jpg\",\"width\":555,\"height\":555},{\"@type\":\"BreadcrumbList\",\"@id\":\"https:\/\/barneleker.no\/index.php\/product\/disney-princess-rainbow-reveal-ariel\/#breadcrumb\",\"itemListElement\":[{\"@type\":\"ListItem\",\"position\":1,\"name\":\"Butikken\",\"item\":\"https:\/\/barneleker.no\/\"},{\"@type\":\"ListItem\",\"position\":2,\"name\":\"Disney Princess, Rainbow Reveal Ariel\"}]},{\"@type\":\"WebSite\",\"@id\":\"https:\/\/barneleker.no\/#website\",\"url\":\"https:\/\/barneleker.no\/\",\"name\":\"Barneleker.no\",\"description\":\"Selvf\u00f8lgelig!\",\"publisher\":{\"@id\":\"https:\/\/barneleker.no\/#organization\"},\"potentialAction\":[{\"@type\":\"SearchAction\",\"target\":{\"@type\":\"EntryPoint\",\"urlTemplate\":\"https:\/\/barneleker.no\/?s={search_term_string}\"},\"query-input\":{\"@type\":\"PropertyValueSpecification\",\"valueRequired\":true,\"valueName\":\"search_term_string\"}}],\"inLanguage\":\"nb-NO\"},{\"@type\":\"Organization\",\"@id\":\"https:\/\/barneleker.no\/#organization\",\"name\":\"Barneleker.no\",\"url\":\"https:\/\/barneleker.no\/\",\"logo\":{\"@type\":\"ImageObject\",\"inLanguage\":\"nb-NO\",\"@id\":\"https:\/\/barneleker.no\/#\/schema\/logo\/image\/\",\"url\":\"https:\/\/barneleker.no\/wp-content\/uploads\/2021\/11\/barneleker_logo-780x150-1.jpg\",\"contentUrl\":\"https:\/\/barneleker.no\/wp-content\/uploads\/2021\/11\/barneleker_logo-780x150-1.jpg\",\"width\":780,\"height\":150,\"caption\":\"Barneleker.no\"},\"image\":{\"@id\":\"https:\/\/barneleker.no\/#\/schema\/logo\/image\/\"}}]}<\/script>\n<!-- \/ Yoast SEO plugin. -->","yoast_head_json":{"title":"Disney Princess, Rainbow Reveal Ariel - Barneleker.no","robots":{"index":"index","follow":"follow","max-snippet":"max-snippet:-1","max-image-preview":"max-image-preview:large","max-video-preview":"max-video-preview:-1"},"canonical":"https:\/\/barneleker.no\/index.php\/product\/disney-princess-rainbow-reveal-ariel\/","og_locale":"nb_NO","og_type":"article","og_title":"Disney Princess, Rainbow Reveal Ariel - Barneleker.no","og_description":"Gj\u00f8r deg klar for fargerik moro med Disney Princess Rainbow Reveal Ariel. Dukkens hale er delt inn i forskjellige seksjoner med forskjellige farger. Og n\u00e5r&hellip;","og_url":"https:\/\/barneleker.no\/index.php\/product\/disney-princess-rainbow-reveal-ariel\/","og_site_name":"Barneleker.no","twitter_card":"summary_large_image","twitter_misc":{"Ansl. lesetid":"1 minutt"},"schema":{"@context":"https:\/\/schema.org","@graph":[{"@type":"WebPage","@id":"https:\/\/barneleker.no\/index.php\/product\/disney-princess-rainbow-reveal-ariel\/","url":"https:\/\/barneleker.no\/index.php\/product\/disney-princess-rainbow-reveal-ariel\/","name":"Disney Princess, Rainbow Reveal Ariel - Barneleker.no","isPartOf":{"@id":"https:\/\/barneleker.no\/#website"},"primaryImageOfPage":{"@id":"https:\/\/barneleker.no\/index.php\/product\/disney-princess-rainbow-reveal-ariel\/#primaryimage"},"image":{"@id":"https:\/\/barneleker.no\/index.php\/product\/disney-princess-rainbow-reveal-ariel\/#primaryimage"},"thumbnailUrl":"https:\/\/barneleker.no\/wp-content\/uploads\/2022\/02\/disney-princess-rainbow-reveal-ariel.jpg","datePublished":"2022-02-08T19:55:49+00:00","breadcrumb":{"@id":"https:\/\/barneleker.no\/index.php\/product\/disney-princess-rainbow-reveal-ariel\/#breadcrumb"},"inLanguage":"nb-NO","potentialAction":[{"@type":"ReadAction","target":["https:\/\/barneleker.no\/index.php\/product\/disney-princess-rainbow-reveal-ariel\/"]}]},{"@type":"ImageObject","inLanguage":"nb-NO","@id":"https:\/\/barneleker.no\/index.php\/product\/disney-princess-rainbow-reveal-ariel\/#primaryimage","url":"https:\/\/barneleker.no\/wp-content\/uploads\/2022\/02\/disney-princess-rainbow-reveal-ariel.jpg","contentUrl":"https:\/\/barneleker.no\/wp-content\/uploads\/2022\/02\/disney-princess-rainbow-reveal-ariel.jpg","width":555,"height":555},{"@type":"BreadcrumbList","@id":"https:\/\/barneleker.no\/index.php\/product\/disney-princess-rainbow-reveal-ariel\/#breadcrumb","itemListElement":[{"@type":"ListItem","position":1,"name":"Butikken","item":"https:\/\/barneleker.no\/"},{"@type":"ListItem","position":2,"name":"Disney Princess, Rainbow Reveal Ariel"}]},{"@type":"WebSite","@id":"https:\/\/barneleker.no\/#website","url":"https:\/\/barneleker.no\/","name":"Barneleker.no","description":"Selvf\u00f8lgelig!","publisher":{"@id":"https:\/\/barneleker.no\/#organization"},"potentialAction":[{"@type":"SearchAction","target":{"@type":"EntryPoint","urlTemplate":"https:\/\/barneleker.no\/?s={search_term_string}"},"query-input":{"@type":"PropertyValueSpecification","valueRequired":true,"valueName":"search_term_string"}}],"inLanguage":"nb-NO"},{"@type":"Organization","@id":"https:\/\/barneleker.no\/#organization","name":"Barneleker.no","url":"https:\/\/barneleker.no\/","logo":{"@type":"ImageObject","inLanguage":"nb-NO","@id":"https:\/\/barneleker.no\/#\/schema\/logo\/image\/","url":"https:\/\/barneleker.no\/wp-content\/uploads\/2021\/11\/barneleker_logo-780x150-1.jpg","contentUrl":"https:\/\/barneleker.no\/wp-content\/uploads\/2021\/11\/barneleker_logo-780x150-1.jpg","width":780,"height":150,"caption":"Barneleker.no"},"image":{"@id":"https:\/\/barneleker.no\/#\/schema\/logo\/image\/"}}]}},"_links":{"self":[{"href":"https:\/\/barneleker.no\/index.php\/wp-json\/wp\/v2\/product\/13315","targetHints":{"allow":["GET"]}}],"collection":[{"href":"https:\/\/barneleker.no\/index.php\/wp-json\/wp\/v2\/product"}],"about":[{"href":"https:\/\/barneleker.no\/index.php\/wp-json\/wp\/v2\/types\/product"}],"replies":[{"embeddable":true,"href":"https:\/\/barneleker.no\/index.php\/wp-json\/wp\/v2\/comments?post=13315"}],"wp:featuredmedia":[{"embeddable":true,"href":"https:\/\/barneleker.no\/index.php\/wp-json\/wp\/v2\/media\/13314"}],"wp:attachment":[{"href":"https:\/\/barneleker.no\/index.php\/wp-json\/wp\/v2\/media?parent=13315"}],"wp:term":[{"taxonomy":"product_brand","embeddable":true,"href":"https:\/\/barneleker.no\/index.php\/wp-json\/wp\/v2\/product_brand?post=13315"},{"taxonomy":"product_cat","embeddable":true,"href":"https:\/\/barneleker.no\/index.php\/wp-json\/wp\/v2\/product_cat?post=13315"},{"taxonomy":"product_tag","embeddable":true,"href":"https:\/\/barneleker.no\/index.php\/wp-json\/wp\/v2\/product_tag?post=13315"}],"curies":[{"name":"wp","href":"https:\/\/api.w.org\/{rel}","templated":true}]}}