{"id":13413,"date":"2022-02-08T19:56:25","date_gmt":"2022-02-08T19:56:25","guid":{"rendered":"https:\/\/barneleker.no\/index.php\/product\/nap-xylofon-med-8-tangenter\/"},"modified":"2022-02-08T19:56:25","modified_gmt":"2022-02-08T19:56:25","slug":"nap-xylofon-med-8-tangenter","status":"publish","type":"product","link":"https:\/\/barneleker.no\/index.php\/product\/nap-xylofon-med-8-tangenter\/","title":{"rendered":"NAP, Xylofon med 8 tangenter"},"content":{"rendered":"<p>Barn elsker musikk! Men det aller beste er \u00e5 spille og skape musikk selv. N\u00e5r barnet ditt spiller p\u00e5 denne leket\u00f8yutvinningen, oppst\u00e5r toner &#8211; og mange smiler. \u00c5 spille musikk styrker barnets konsentrasjonsevne og evne til \u00e5 lytte og l\u00e6re. Xylofonen er et allsidig leket\u00f8y for sm\u00e5 barn og perfekt for \u00e5 stimulere tidlig musikalsk kunnskap. Imidlertid ikke glem at det hovedsakelig er et leket\u00f8y &#8211; og at toneren ikke kan sammenlignes med en ekte xylofon.<\/p>\n","protected":false},"excerpt":{"rendered":"<p>Barn elsker musikk! Men det aller beste er \u00e5 spille og skape musikk selv. N\u00e5r barnet ditt spiller p\u00e5 denne leket\u00f8yutvinningen, oppst\u00e5r toner &#8211; og&hellip;<\/p>\n","protected":false},"featured_media":13412,"comment_status":"open","ping_status":"closed","template":"","meta":[],"product_brand":[],"product_cat":[377],"product_tag":[],"class_list":{"0":"post-13413","1":"product","2":"type-product","3":"status-publish","4":"has-post-thumbnail","6":"product_cat-musikk","8":"first","9":"instock","10":"shipping-taxable","11":"product-type-external","12":"customify-col"},"yoast_head":"<!-- This site is optimized with the Yoast SEO plugin v26.0 - https:\/\/yoast.com\/wordpress\/plugins\/seo\/ -->\n<title>NAP, Xylofon med 8 tangenter - Barneleker.no<\/title>\n<meta name=\"robots\" content=\"index, follow, max-snippet:-1, max-image-preview:large, max-video-preview:-1\" \/>\n<link rel=\"canonical\" href=\"https:\/\/barneleker.no\/index.php\/product\/nap-xylofon-med-8-tangenter\/\" \/>\n<meta property=\"og:locale\" content=\"nb_NO\" \/>\n<meta property=\"og:type\" content=\"article\" \/>\n<meta property=\"og:title\" content=\"NAP, Xylofon med 8 tangenter - Barneleker.no\" \/>\n<meta property=\"og:description\" content=\"Barn elsker musikk! Men det aller beste er \u00e5 spille og skape musikk selv. N\u00e5r barnet ditt spiller p\u00e5 denne leket\u00f8yutvinningen, oppst\u00e5r toner &#8211; og&hellip;\" \/>\n<meta property=\"og:url\" content=\"https:\/\/barneleker.no\/index.php\/product\/nap-xylofon-med-8-tangenter\/\" \/>\n<meta property=\"og:site_name\" content=\"Barneleker.no\" \/>\n<meta name=\"twitter:card\" content=\"summary_large_image\" \/>\n<script type=\"application\/ld+json\" class=\"yoast-schema-graph\">{\"@context\":\"https:\/\/schema.org\",\"@graph\":[{\"@type\":\"WebPage\",\"@id\":\"https:\/\/barneleker.no\/index.php\/product\/nap-xylofon-med-8-tangenter\/\",\"url\":\"https:\/\/barneleker.no\/index.php\/product\/nap-xylofon-med-8-tangenter\/\",\"name\":\"NAP, Xylofon med 8 tangenter - Barneleker.no\",\"isPartOf\":{\"@id\":\"https:\/\/barneleker.no\/#website\"},\"primaryImageOfPage\":{\"@id\":\"https:\/\/barneleker.no\/index.php\/product\/nap-xylofon-med-8-tangenter\/#primaryimage\"},\"image\":{\"@id\":\"https:\/\/barneleker.no\/index.php\/product\/nap-xylofon-med-8-tangenter\/#primaryimage\"},\"thumbnailUrl\":\"https:\/\/barneleker.no\/wp-content\/uploads\/2022\/02\/nap-xylofon-med-8-tangenter.jpg\",\"datePublished\":\"2022-02-08T19:56:25+00:00\",\"breadcrumb\":{\"@id\":\"https:\/\/barneleker.no\/index.php\/product\/nap-xylofon-med-8-tangenter\/#breadcrumb\"},\"inLanguage\":\"nb-NO\",\"potentialAction\":[{\"@type\":\"ReadAction\",\"target\":[\"https:\/\/barneleker.no\/index.php\/product\/nap-xylofon-med-8-tangenter\/\"]}]},{\"@type\":\"ImageObject\",\"inLanguage\":\"nb-NO\",\"@id\":\"https:\/\/barneleker.no\/index.php\/product\/nap-xylofon-med-8-tangenter\/#primaryimage\",\"url\":\"https:\/\/barneleker.no\/wp-content\/uploads\/2022\/02\/nap-xylofon-med-8-tangenter.jpg\",\"contentUrl\":\"https:\/\/barneleker.no\/wp-content\/uploads\/2022\/02\/nap-xylofon-med-8-tangenter.jpg\",\"width\":555,\"height\":555},{\"@type\":\"BreadcrumbList\",\"@id\":\"https:\/\/barneleker.no\/index.php\/product\/nap-xylofon-med-8-tangenter\/#breadcrumb\",\"itemListElement\":[{\"@type\":\"ListItem\",\"position\":1,\"name\":\"Butikken\",\"item\":\"https:\/\/barneleker.no\/\"},{\"@type\":\"ListItem\",\"position\":2,\"name\":\"NAP, Xylofon med 8 tangenter\"}]},{\"@type\":\"WebSite\",\"@id\":\"https:\/\/barneleker.no\/#website\",\"url\":\"https:\/\/barneleker.no\/\",\"name\":\"Barneleker.no\",\"description\":\"Selvf\u00f8lgelig!\",\"publisher\":{\"@id\":\"https:\/\/barneleker.no\/#organization\"},\"potentialAction\":[{\"@type\":\"SearchAction\",\"target\":{\"@type\":\"EntryPoint\",\"urlTemplate\":\"https:\/\/barneleker.no\/?s={search_term_string}\"},\"query-input\":{\"@type\":\"PropertyValueSpecification\",\"valueRequired\":true,\"valueName\":\"search_term_string\"}}],\"inLanguage\":\"nb-NO\"},{\"@type\":\"Organization\",\"@id\":\"https:\/\/barneleker.no\/#organization\",\"name\":\"Barneleker.no\",\"url\":\"https:\/\/barneleker.no\/\",\"logo\":{\"@type\":\"ImageObject\",\"inLanguage\":\"nb-NO\",\"@id\":\"https:\/\/barneleker.no\/#\/schema\/logo\/image\/\",\"url\":\"https:\/\/barneleker.no\/wp-content\/uploads\/2021\/11\/barneleker_logo-780x150-1.jpg\",\"contentUrl\":\"https:\/\/barneleker.no\/wp-content\/uploads\/2021\/11\/barneleker_logo-780x150-1.jpg\",\"width\":780,\"height\":150,\"caption\":\"Barneleker.no\"},\"image\":{\"@id\":\"https:\/\/barneleker.no\/#\/schema\/logo\/image\/\"}}]}<\/script>\n<!-- \/ Yoast SEO plugin. -->","yoast_head_json":{"title":"NAP, Xylofon med 8 tangenter - Barneleker.no","robots":{"index":"index","follow":"follow","max-snippet":"max-snippet:-1","max-image-preview":"max-image-preview:large","max-video-preview":"max-video-preview:-1"},"canonical":"https:\/\/barneleker.no\/index.php\/product\/nap-xylofon-med-8-tangenter\/","og_locale":"nb_NO","og_type":"article","og_title":"NAP, Xylofon med 8 tangenter - Barneleker.no","og_description":"Barn elsker musikk! Men det aller beste er \u00e5 spille og skape musikk selv. N\u00e5r barnet ditt spiller p\u00e5 denne leket\u00f8yutvinningen, oppst\u00e5r toner &#8211; og&hellip;","og_url":"https:\/\/barneleker.no\/index.php\/product\/nap-xylofon-med-8-tangenter\/","og_site_name":"Barneleker.no","twitter_card":"summary_large_image","schema":{"@context":"https:\/\/schema.org","@graph":[{"@type":"WebPage","@id":"https:\/\/barneleker.no\/index.php\/product\/nap-xylofon-med-8-tangenter\/","url":"https:\/\/barneleker.no\/index.php\/product\/nap-xylofon-med-8-tangenter\/","name":"NAP, Xylofon med 8 tangenter - Barneleker.no","isPartOf":{"@id":"https:\/\/barneleker.no\/#website"},"primaryImageOfPage":{"@id":"https:\/\/barneleker.no\/index.php\/product\/nap-xylofon-med-8-tangenter\/#primaryimage"},"image":{"@id":"https:\/\/barneleker.no\/index.php\/product\/nap-xylofon-med-8-tangenter\/#primaryimage"},"thumbnailUrl":"https:\/\/barneleker.no\/wp-content\/uploads\/2022\/02\/nap-xylofon-med-8-tangenter.jpg","datePublished":"2022-02-08T19:56:25+00:00","breadcrumb":{"@id":"https:\/\/barneleker.no\/index.php\/product\/nap-xylofon-med-8-tangenter\/#breadcrumb"},"inLanguage":"nb-NO","potentialAction":[{"@type":"ReadAction","target":["https:\/\/barneleker.no\/index.php\/product\/nap-xylofon-med-8-tangenter\/"]}]},{"@type":"ImageObject","inLanguage":"nb-NO","@id":"https:\/\/barneleker.no\/index.php\/product\/nap-xylofon-med-8-tangenter\/#primaryimage","url":"https:\/\/barneleker.no\/wp-content\/uploads\/2022\/02\/nap-xylofon-med-8-tangenter.jpg","contentUrl":"https:\/\/barneleker.no\/wp-content\/uploads\/2022\/02\/nap-xylofon-med-8-tangenter.jpg","width":555,"height":555},{"@type":"BreadcrumbList","@id":"https:\/\/barneleker.no\/index.php\/product\/nap-xylofon-med-8-tangenter\/#breadcrumb","itemListElement":[{"@type":"ListItem","position":1,"name":"Butikken","item":"https:\/\/barneleker.no\/"},{"@type":"ListItem","position":2,"name":"NAP, Xylofon med 8 tangenter"}]},{"@type":"WebSite","@id":"https:\/\/barneleker.no\/#website","url":"https:\/\/barneleker.no\/","name":"Barneleker.no","description":"Selvf\u00f8lgelig!","publisher":{"@id":"https:\/\/barneleker.no\/#organization"},"potentialAction":[{"@type":"SearchAction","target":{"@type":"EntryPoint","urlTemplate":"https:\/\/barneleker.no\/?s={search_term_string}"},"query-input":{"@type":"PropertyValueSpecification","valueRequired":true,"valueName":"search_term_string"}}],"inLanguage":"nb-NO"},{"@type":"Organization","@id":"https:\/\/barneleker.no\/#organization","name":"Barneleker.no","url":"https:\/\/barneleker.no\/","logo":{"@type":"ImageObject","inLanguage":"nb-NO","@id":"https:\/\/barneleker.no\/#\/schema\/logo\/image\/","url":"https:\/\/barneleker.no\/wp-content\/uploads\/2021\/11\/barneleker_logo-780x150-1.jpg","contentUrl":"https:\/\/barneleker.no\/wp-content\/uploads\/2021\/11\/barneleker_logo-780x150-1.jpg","width":780,"height":150,"caption":"Barneleker.no"},"image":{"@id":"https:\/\/barneleker.no\/#\/schema\/logo\/image\/"}}]}},"_links":{"self":[{"href":"https:\/\/barneleker.no\/index.php\/wp-json\/wp\/v2\/product\/13413","targetHints":{"allow":["GET"]}}],"collection":[{"href":"https:\/\/barneleker.no\/index.php\/wp-json\/wp\/v2\/product"}],"about":[{"href":"https:\/\/barneleker.no\/index.php\/wp-json\/wp\/v2\/types\/product"}],"replies":[{"embeddable":true,"href":"https:\/\/barneleker.no\/index.php\/wp-json\/wp\/v2\/comments?post=13413"}],"wp:featuredmedia":[{"embeddable":true,"href":"https:\/\/barneleker.no\/index.php\/wp-json\/wp\/v2\/media\/13412"}],"wp:attachment":[{"href":"https:\/\/barneleker.no\/index.php\/wp-json\/wp\/v2\/media?parent=13413"}],"wp:term":[{"taxonomy":"product_brand","embeddable":true,"href":"https:\/\/barneleker.no\/index.php\/wp-json\/wp\/v2\/product_brand?post=13413"},{"taxonomy":"product_cat","embeddable":true,"href":"https:\/\/barneleker.no\/index.php\/wp-json\/wp\/v2\/product_cat?post=13413"},{"taxonomy":"product_tag","embeddable":true,"href":"https:\/\/barneleker.no\/index.php\/wp-json\/wp\/v2\/product_tag?post=13413"}],"curies":[{"name":"wp","href":"https:\/\/api.w.org\/{rel}","templated":true}]}}