{"id":13455,"date":"2022-02-08T19:56:40","date_gmt":"2022-02-08T19:56:40","guid":{"rendered":"https:\/\/barneleker.no\/index.php\/product\/playmobil-dollhouse-stort-dukkehus\/"},"modified":"2022-02-08T19:56:40","modified_gmt":"2022-02-08T19:56:40","slug":"playmobil-dollhouse-stort-dukkehus","status":"publish","type":"product","link":"https:\/\/barneleker.no\/index.php\/product\/playmobil-dollhouse-stort-dukkehus\/","title":{"rendered":"Playmobil Dollhouse &#8211; Stort dukkehus"},"content":{"rendered":"<p>Mitt store dukkehus fra PLAYMOBIL er fullt av liv! I det nostalgiske huset har alle familiemedlemmer det bra. Mange sjener\u00f8se rom i to etasjer og et penthouse kan innredes etter \u00f8nske og stemning, og med mange flyttbare klistremerker er det mulig \u00e5 gj\u00f8re om interi\u00f8ret Gjestene ringer p\u00e5 d\u00f8ra med en ordentlig ringeklokke ved inngangsd\u00f8ren og postkassen venter allerede p\u00e5 den f\u00f8rste posten. N\u00e5r du har pakket ut alle flytteeskene kan familien slappe av p\u00e5 takterrassen og nyte utsikten. Esken inneholder to PLAYMOBIL-figurer, et dukkehus med plass til opptil seks rom og en takterrasse med spiral trapp utenfor, en fungerende d\u00f8rklokke og en postkasse slik at den kan \u00e5pnes i tillegg til mange andre tilbeh\u00f8r Klistremerker med husnummer og navnelapper for d\u00f8ren er inkludert i tillegg til flere gjenbrukbare bilde- og dekorm\u00f8nster for individuell innredning av veggene. kan m\u00f8bleres med seks koselige rom: Artiklene nr. 70206, 70207, 70208, 70209, 70210 og 7021 1 fra Playmobil i Dollhouse-serien.<\/p>\n","protected":false},"excerpt":{"rendered":"<p>Mitt store dukkehus fra PLAYMOBIL er fullt av liv! I det nostalgiske huset har alle familiemedlemmer det bra. Mange sjener\u00f8se rom i to etasjer og&hellip;<\/p>\n","protected":false},"featured_media":13454,"comment_status":"open","ping_status":"closed","template":"","meta":[],"product_brand":[],"product_cat":[367],"product_tag":[],"class_list":{"0":"post-13455","1":"product","2":"type-product","3":"status-publish","4":"has-post-thumbnail","6":"product_cat-byggset","8":"first","9":"instock","10":"shipping-taxable","11":"product-type-external","12":"customify-col"},"yoast_head":"<!-- This site is optimized with the Yoast SEO plugin v26.0 - https:\/\/yoast.com\/wordpress\/plugins\/seo\/ -->\n<title>Playmobil Dollhouse - Stort dukkehus - Barneleker.no<\/title>\n<meta name=\"robots\" content=\"index, follow, max-snippet:-1, max-image-preview:large, max-video-preview:-1\" \/>\n<link rel=\"canonical\" href=\"https:\/\/barneleker.no\/index.php\/product\/playmobil-dollhouse-stort-dukkehus\/\" \/>\n<meta property=\"og:locale\" content=\"nb_NO\" \/>\n<meta property=\"og:type\" content=\"article\" \/>\n<meta property=\"og:title\" content=\"Playmobil Dollhouse - Stort dukkehus - Barneleker.no\" \/>\n<meta property=\"og:description\" content=\"Mitt store dukkehus fra PLAYMOBIL er fullt av liv! I det nostalgiske huset har alle familiemedlemmer det bra. Mange sjener\u00f8se rom i to etasjer og&hellip;\" \/>\n<meta property=\"og:url\" content=\"https:\/\/barneleker.no\/index.php\/product\/playmobil-dollhouse-stort-dukkehus\/\" \/>\n<meta property=\"og:site_name\" content=\"Barneleker.no\" \/>\n<meta name=\"twitter:card\" content=\"summary_large_image\" \/>\n<meta name=\"twitter:label1\" content=\"Ansl. lesetid\" \/>\n\t<meta name=\"twitter:data1\" content=\"1 minutt\" \/>\n<script type=\"application\/ld+json\" class=\"yoast-schema-graph\">{\"@context\":\"https:\/\/schema.org\",\"@graph\":[{\"@type\":\"WebPage\",\"@id\":\"https:\/\/barneleker.no\/index.php\/product\/playmobil-dollhouse-stort-dukkehus\/\",\"url\":\"https:\/\/barneleker.no\/index.php\/product\/playmobil-dollhouse-stort-dukkehus\/\",\"name\":\"Playmobil Dollhouse - Stort dukkehus - Barneleker.no\",\"isPartOf\":{\"@id\":\"https:\/\/barneleker.no\/#website\"},\"primaryImageOfPage\":{\"@id\":\"https:\/\/barneleker.no\/index.php\/product\/playmobil-dollhouse-stort-dukkehus\/#primaryimage\"},\"image\":{\"@id\":\"https:\/\/barneleker.no\/index.php\/product\/playmobil-dollhouse-stort-dukkehus\/#primaryimage\"},\"thumbnailUrl\":\"https:\/\/barneleker.no\/wp-content\/uploads\/2022\/02\/playmobil-dollhouse-stort-dukkehus.jpg\",\"datePublished\":\"2022-02-08T19:56:40+00:00\",\"breadcrumb\":{\"@id\":\"https:\/\/barneleker.no\/index.php\/product\/playmobil-dollhouse-stort-dukkehus\/#breadcrumb\"},\"inLanguage\":\"nb-NO\",\"potentialAction\":[{\"@type\":\"ReadAction\",\"target\":[\"https:\/\/barneleker.no\/index.php\/product\/playmobil-dollhouse-stort-dukkehus\/\"]}]},{\"@type\":\"ImageObject\",\"inLanguage\":\"nb-NO\",\"@id\":\"https:\/\/barneleker.no\/index.php\/product\/playmobil-dollhouse-stort-dukkehus\/#primaryimage\",\"url\":\"https:\/\/barneleker.no\/wp-content\/uploads\/2022\/02\/playmobil-dollhouse-stort-dukkehus.jpg\",\"contentUrl\":\"https:\/\/barneleker.no\/wp-content\/uploads\/2022\/02\/playmobil-dollhouse-stort-dukkehus.jpg\",\"width\":555,\"height\":555},{\"@type\":\"BreadcrumbList\",\"@id\":\"https:\/\/barneleker.no\/index.php\/product\/playmobil-dollhouse-stort-dukkehus\/#breadcrumb\",\"itemListElement\":[{\"@type\":\"ListItem\",\"position\":1,\"name\":\"Butikken\",\"item\":\"https:\/\/barneleker.no\/\"},{\"@type\":\"ListItem\",\"position\":2,\"name\":\"Playmobil Dollhouse &#8211; Stort dukkehus\"}]},{\"@type\":\"WebSite\",\"@id\":\"https:\/\/barneleker.no\/#website\",\"url\":\"https:\/\/barneleker.no\/\",\"name\":\"Barneleker.no\",\"description\":\"Selvf\u00f8lgelig!\",\"publisher\":{\"@id\":\"https:\/\/barneleker.no\/#organization\"},\"potentialAction\":[{\"@type\":\"SearchAction\",\"target\":{\"@type\":\"EntryPoint\",\"urlTemplate\":\"https:\/\/barneleker.no\/?s={search_term_string}\"},\"query-input\":{\"@type\":\"PropertyValueSpecification\",\"valueRequired\":true,\"valueName\":\"search_term_string\"}}],\"inLanguage\":\"nb-NO\"},{\"@type\":\"Organization\",\"@id\":\"https:\/\/barneleker.no\/#organization\",\"name\":\"Barneleker.no\",\"url\":\"https:\/\/barneleker.no\/\",\"logo\":{\"@type\":\"ImageObject\",\"inLanguage\":\"nb-NO\",\"@id\":\"https:\/\/barneleker.no\/#\/schema\/logo\/image\/\",\"url\":\"https:\/\/barneleker.no\/wp-content\/uploads\/2021\/11\/barneleker_logo-780x150-1.jpg\",\"contentUrl\":\"https:\/\/barneleker.no\/wp-content\/uploads\/2021\/11\/barneleker_logo-780x150-1.jpg\",\"width\":780,\"height\":150,\"caption\":\"Barneleker.no\"},\"image\":{\"@id\":\"https:\/\/barneleker.no\/#\/schema\/logo\/image\/\"}}]}<\/script>\n<!-- \/ Yoast SEO plugin. -->","yoast_head_json":{"title":"Playmobil Dollhouse - Stort dukkehus - Barneleker.no","robots":{"index":"index","follow":"follow","max-snippet":"max-snippet:-1","max-image-preview":"max-image-preview:large","max-video-preview":"max-video-preview:-1"},"canonical":"https:\/\/barneleker.no\/index.php\/product\/playmobil-dollhouse-stort-dukkehus\/","og_locale":"nb_NO","og_type":"article","og_title":"Playmobil Dollhouse - Stort dukkehus - Barneleker.no","og_description":"Mitt store dukkehus fra PLAYMOBIL er fullt av liv! I det nostalgiske huset har alle familiemedlemmer det bra. Mange sjener\u00f8se rom i to etasjer og&hellip;","og_url":"https:\/\/barneleker.no\/index.php\/product\/playmobil-dollhouse-stort-dukkehus\/","og_site_name":"Barneleker.no","twitter_card":"summary_large_image","twitter_misc":{"Ansl. lesetid":"1 minutt"},"schema":{"@context":"https:\/\/schema.org","@graph":[{"@type":"WebPage","@id":"https:\/\/barneleker.no\/index.php\/product\/playmobil-dollhouse-stort-dukkehus\/","url":"https:\/\/barneleker.no\/index.php\/product\/playmobil-dollhouse-stort-dukkehus\/","name":"Playmobil Dollhouse - Stort dukkehus - Barneleker.no","isPartOf":{"@id":"https:\/\/barneleker.no\/#website"},"primaryImageOfPage":{"@id":"https:\/\/barneleker.no\/index.php\/product\/playmobil-dollhouse-stort-dukkehus\/#primaryimage"},"image":{"@id":"https:\/\/barneleker.no\/index.php\/product\/playmobil-dollhouse-stort-dukkehus\/#primaryimage"},"thumbnailUrl":"https:\/\/barneleker.no\/wp-content\/uploads\/2022\/02\/playmobil-dollhouse-stort-dukkehus.jpg","datePublished":"2022-02-08T19:56:40+00:00","breadcrumb":{"@id":"https:\/\/barneleker.no\/index.php\/product\/playmobil-dollhouse-stort-dukkehus\/#breadcrumb"},"inLanguage":"nb-NO","potentialAction":[{"@type":"ReadAction","target":["https:\/\/barneleker.no\/index.php\/product\/playmobil-dollhouse-stort-dukkehus\/"]}]},{"@type":"ImageObject","inLanguage":"nb-NO","@id":"https:\/\/barneleker.no\/index.php\/product\/playmobil-dollhouse-stort-dukkehus\/#primaryimage","url":"https:\/\/barneleker.no\/wp-content\/uploads\/2022\/02\/playmobil-dollhouse-stort-dukkehus.jpg","contentUrl":"https:\/\/barneleker.no\/wp-content\/uploads\/2022\/02\/playmobil-dollhouse-stort-dukkehus.jpg","width":555,"height":555},{"@type":"BreadcrumbList","@id":"https:\/\/barneleker.no\/index.php\/product\/playmobil-dollhouse-stort-dukkehus\/#breadcrumb","itemListElement":[{"@type":"ListItem","position":1,"name":"Butikken","item":"https:\/\/barneleker.no\/"},{"@type":"ListItem","position":2,"name":"Playmobil Dollhouse &#8211; Stort dukkehus"}]},{"@type":"WebSite","@id":"https:\/\/barneleker.no\/#website","url":"https:\/\/barneleker.no\/","name":"Barneleker.no","description":"Selvf\u00f8lgelig!","publisher":{"@id":"https:\/\/barneleker.no\/#organization"},"potentialAction":[{"@type":"SearchAction","target":{"@type":"EntryPoint","urlTemplate":"https:\/\/barneleker.no\/?s={search_term_string}"},"query-input":{"@type":"PropertyValueSpecification","valueRequired":true,"valueName":"search_term_string"}}],"inLanguage":"nb-NO"},{"@type":"Organization","@id":"https:\/\/barneleker.no\/#organization","name":"Barneleker.no","url":"https:\/\/barneleker.no\/","logo":{"@type":"ImageObject","inLanguage":"nb-NO","@id":"https:\/\/barneleker.no\/#\/schema\/logo\/image\/","url":"https:\/\/barneleker.no\/wp-content\/uploads\/2021\/11\/barneleker_logo-780x150-1.jpg","contentUrl":"https:\/\/barneleker.no\/wp-content\/uploads\/2021\/11\/barneleker_logo-780x150-1.jpg","width":780,"height":150,"caption":"Barneleker.no"},"image":{"@id":"https:\/\/barneleker.no\/#\/schema\/logo\/image\/"}}]}},"_links":{"self":[{"href":"https:\/\/barneleker.no\/index.php\/wp-json\/wp\/v2\/product\/13455","targetHints":{"allow":["GET"]}}],"collection":[{"href":"https:\/\/barneleker.no\/index.php\/wp-json\/wp\/v2\/product"}],"about":[{"href":"https:\/\/barneleker.no\/index.php\/wp-json\/wp\/v2\/types\/product"}],"replies":[{"embeddable":true,"href":"https:\/\/barneleker.no\/index.php\/wp-json\/wp\/v2\/comments?post=13455"}],"wp:featuredmedia":[{"embeddable":true,"href":"https:\/\/barneleker.no\/index.php\/wp-json\/wp\/v2\/media\/13454"}],"wp:attachment":[{"href":"https:\/\/barneleker.no\/index.php\/wp-json\/wp\/v2\/media?parent=13455"}],"wp:term":[{"taxonomy":"product_brand","embeddable":true,"href":"https:\/\/barneleker.no\/index.php\/wp-json\/wp\/v2\/product_brand?post=13455"},{"taxonomy":"product_cat","embeddable":true,"href":"https:\/\/barneleker.no\/index.php\/wp-json\/wp\/v2\/product_cat?post=13455"},{"taxonomy":"product_tag","embeddable":true,"href":"https:\/\/barneleker.no\/index.php\/wp-json\/wp\/v2\/product_tag?post=13455"}],"curies":[{"name":"wp","href":"https:\/\/api.w.org\/{rel}","templated":true}]}}