{"id":13461,"date":"2022-02-08T19:56:42","date_gmt":"2022-02-08T19:56:42","guid":{"rendered":"https:\/\/barneleker.no\/index.php\/product\/hobby-horse-enhjorning-horn-3-stk\/"},"modified":"2022-02-08T19:56:42","modified_gmt":"2022-02-08T19:56:42","slug":"hobby-horse-enhjorning-horn-3-stk","status":"publish","type":"product","link":"https:\/\/barneleker.no\/index.php\/product\/hobby-horse-enhjorning-horn-3-stk\/","title":{"rendered":"Hobby Horse, Enhj\u00f8rning Horn 3 Stk"},"content":{"rendered":"<p>Enhj\u00f8rningshorn, alle Kjepphester \/ Hobbyhester er selvf\u00f8lgelig fantastiske, men noen tar et skritt videre og blir mytologiske og fantastiske enhj\u00f8rninger! I dette settet er det tre vakre enhj\u00f8rningshorn i gull, hvit og metallisk rosa. Er din Kjepphest 100% Enhj\u00f8rning anbefaler vi at du syr eller limer hornet. Hvis det \u00f8nsker \u00e5 v\u00e6re en hest noen ganger og enhj\u00f8rning fra tid til annen, er det best \u00e5 feste hornet med borrel\u00e5s, som er inkludert i settet. Lengde: 14 cm, diameter ved roten: 35 mm<\/p>\n","protected":false},"excerpt":{"rendered":"<p>Enhj\u00f8rningshorn, alle Kjepphester \/ Hobbyhester er selvf\u00f8lgelig fantastiske, men noen tar et skritt videre og blir mytologiske og fantastiske enhj\u00f8rninger! I dette settet er det&hellip;<\/p>\n","protected":false},"featured_media":13460,"comment_status":"open","ping_status":"closed","template":"","meta":[],"product_brand":[],"product_cat":[358],"product_tag":[],"class_list":{"0":"post-13461","1":"product","2":"type-product","3":"status-publish","4":"has-post-thumbnail","6":"product_cat-dyr","8":"first","9":"instock","10":"shipping-taxable","11":"product-type-external","12":"customify-col"},"yoast_head":"<!-- This site is optimized with the Yoast SEO plugin v26.0 - https:\/\/yoast.com\/wordpress\/plugins\/seo\/ -->\n<title>Hobby Horse, Enhj\u00f8rning Horn 3 Stk - Barneleker.no<\/title>\n<meta name=\"robots\" content=\"index, follow, max-snippet:-1, max-image-preview:large, max-video-preview:-1\" \/>\n<link rel=\"canonical\" href=\"https:\/\/barneleker.no\/index.php\/product\/hobby-horse-enhjorning-horn-3-stk\/\" \/>\n<meta property=\"og:locale\" content=\"nb_NO\" \/>\n<meta property=\"og:type\" content=\"article\" \/>\n<meta property=\"og:title\" content=\"Hobby Horse, Enhj\u00f8rning Horn 3 Stk - Barneleker.no\" \/>\n<meta property=\"og:description\" content=\"Enhj\u00f8rningshorn, alle Kjepphester \/ Hobbyhester er selvf\u00f8lgelig fantastiske, men noen tar et skritt videre og blir mytologiske og fantastiske enhj\u00f8rninger! I dette settet er det&hellip;\" \/>\n<meta property=\"og:url\" content=\"https:\/\/barneleker.no\/index.php\/product\/hobby-horse-enhjorning-horn-3-stk\/\" \/>\n<meta property=\"og:site_name\" content=\"Barneleker.no\" \/>\n<meta name=\"twitter:card\" content=\"summary_large_image\" \/>\n<script type=\"application\/ld+json\" class=\"yoast-schema-graph\">{\"@context\":\"https:\/\/schema.org\",\"@graph\":[{\"@type\":\"WebPage\",\"@id\":\"https:\/\/barneleker.no\/index.php\/product\/hobby-horse-enhjorning-horn-3-stk\/\",\"url\":\"https:\/\/barneleker.no\/index.php\/product\/hobby-horse-enhjorning-horn-3-stk\/\",\"name\":\"Hobby Horse, Enhj\u00f8rning Horn 3 Stk - Barneleker.no\",\"isPartOf\":{\"@id\":\"https:\/\/barneleker.no\/#website\"},\"primaryImageOfPage\":{\"@id\":\"https:\/\/barneleker.no\/index.php\/product\/hobby-horse-enhjorning-horn-3-stk\/#primaryimage\"},\"image\":{\"@id\":\"https:\/\/barneleker.no\/index.php\/product\/hobby-horse-enhjorning-horn-3-stk\/#primaryimage\"},\"thumbnailUrl\":\"https:\/\/barneleker.no\/wp-content\/uploads\/2022\/02\/hobby-horse-enhjorning-horn-3-stk.jpg\",\"datePublished\":\"2022-02-08T19:56:42+00:00\",\"breadcrumb\":{\"@id\":\"https:\/\/barneleker.no\/index.php\/product\/hobby-horse-enhjorning-horn-3-stk\/#breadcrumb\"},\"inLanguage\":\"nb-NO\",\"potentialAction\":[{\"@type\":\"ReadAction\",\"target\":[\"https:\/\/barneleker.no\/index.php\/product\/hobby-horse-enhjorning-horn-3-stk\/\"]}]},{\"@type\":\"ImageObject\",\"inLanguage\":\"nb-NO\",\"@id\":\"https:\/\/barneleker.no\/index.php\/product\/hobby-horse-enhjorning-horn-3-stk\/#primaryimage\",\"url\":\"https:\/\/barneleker.no\/wp-content\/uploads\/2022\/02\/hobby-horse-enhjorning-horn-3-stk.jpg\",\"contentUrl\":\"https:\/\/barneleker.no\/wp-content\/uploads\/2022\/02\/hobby-horse-enhjorning-horn-3-stk.jpg\",\"width\":555,\"height\":555},{\"@type\":\"BreadcrumbList\",\"@id\":\"https:\/\/barneleker.no\/index.php\/product\/hobby-horse-enhjorning-horn-3-stk\/#breadcrumb\",\"itemListElement\":[{\"@type\":\"ListItem\",\"position\":1,\"name\":\"Butikken\",\"item\":\"https:\/\/barneleker.no\/\"},{\"@type\":\"ListItem\",\"position\":2,\"name\":\"Hobby Horse, Enhj\u00f8rning Horn 3 Stk\"}]},{\"@type\":\"WebSite\",\"@id\":\"https:\/\/barneleker.no\/#website\",\"url\":\"https:\/\/barneleker.no\/\",\"name\":\"Barneleker.no\",\"description\":\"Selvf\u00f8lgelig!\",\"publisher\":{\"@id\":\"https:\/\/barneleker.no\/#organization\"},\"potentialAction\":[{\"@type\":\"SearchAction\",\"target\":{\"@type\":\"EntryPoint\",\"urlTemplate\":\"https:\/\/barneleker.no\/?s={search_term_string}\"},\"query-input\":{\"@type\":\"PropertyValueSpecification\",\"valueRequired\":true,\"valueName\":\"search_term_string\"}}],\"inLanguage\":\"nb-NO\"},{\"@type\":\"Organization\",\"@id\":\"https:\/\/barneleker.no\/#organization\",\"name\":\"Barneleker.no\",\"url\":\"https:\/\/barneleker.no\/\",\"logo\":{\"@type\":\"ImageObject\",\"inLanguage\":\"nb-NO\",\"@id\":\"https:\/\/barneleker.no\/#\/schema\/logo\/image\/\",\"url\":\"https:\/\/barneleker.no\/wp-content\/uploads\/2021\/11\/barneleker_logo-780x150-1.jpg\",\"contentUrl\":\"https:\/\/barneleker.no\/wp-content\/uploads\/2021\/11\/barneleker_logo-780x150-1.jpg\",\"width\":780,\"height\":150,\"caption\":\"Barneleker.no\"},\"image\":{\"@id\":\"https:\/\/barneleker.no\/#\/schema\/logo\/image\/\"}}]}<\/script>\n<!-- \/ Yoast SEO plugin. -->","yoast_head_json":{"title":"Hobby Horse, Enhj\u00f8rning Horn 3 Stk - Barneleker.no","robots":{"index":"index","follow":"follow","max-snippet":"max-snippet:-1","max-image-preview":"max-image-preview:large","max-video-preview":"max-video-preview:-1"},"canonical":"https:\/\/barneleker.no\/index.php\/product\/hobby-horse-enhjorning-horn-3-stk\/","og_locale":"nb_NO","og_type":"article","og_title":"Hobby Horse, Enhj\u00f8rning Horn 3 Stk - Barneleker.no","og_description":"Enhj\u00f8rningshorn, alle Kjepphester \/ Hobbyhester er selvf\u00f8lgelig fantastiske, men noen tar et skritt videre og blir mytologiske og fantastiske enhj\u00f8rninger! I dette settet er det&hellip;","og_url":"https:\/\/barneleker.no\/index.php\/product\/hobby-horse-enhjorning-horn-3-stk\/","og_site_name":"Barneleker.no","twitter_card":"summary_large_image","schema":{"@context":"https:\/\/schema.org","@graph":[{"@type":"WebPage","@id":"https:\/\/barneleker.no\/index.php\/product\/hobby-horse-enhjorning-horn-3-stk\/","url":"https:\/\/barneleker.no\/index.php\/product\/hobby-horse-enhjorning-horn-3-stk\/","name":"Hobby Horse, Enhj\u00f8rning Horn 3 Stk - Barneleker.no","isPartOf":{"@id":"https:\/\/barneleker.no\/#website"},"primaryImageOfPage":{"@id":"https:\/\/barneleker.no\/index.php\/product\/hobby-horse-enhjorning-horn-3-stk\/#primaryimage"},"image":{"@id":"https:\/\/barneleker.no\/index.php\/product\/hobby-horse-enhjorning-horn-3-stk\/#primaryimage"},"thumbnailUrl":"https:\/\/barneleker.no\/wp-content\/uploads\/2022\/02\/hobby-horse-enhjorning-horn-3-stk.jpg","datePublished":"2022-02-08T19:56:42+00:00","breadcrumb":{"@id":"https:\/\/barneleker.no\/index.php\/product\/hobby-horse-enhjorning-horn-3-stk\/#breadcrumb"},"inLanguage":"nb-NO","potentialAction":[{"@type":"ReadAction","target":["https:\/\/barneleker.no\/index.php\/product\/hobby-horse-enhjorning-horn-3-stk\/"]}]},{"@type":"ImageObject","inLanguage":"nb-NO","@id":"https:\/\/barneleker.no\/index.php\/product\/hobby-horse-enhjorning-horn-3-stk\/#primaryimage","url":"https:\/\/barneleker.no\/wp-content\/uploads\/2022\/02\/hobby-horse-enhjorning-horn-3-stk.jpg","contentUrl":"https:\/\/barneleker.no\/wp-content\/uploads\/2022\/02\/hobby-horse-enhjorning-horn-3-stk.jpg","width":555,"height":555},{"@type":"BreadcrumbList","@id":"https:\/\/barneleker.no\/index.php\/product\/hobby-horse-enhjorning-horn-3-stk\/#breadcrumb","itemListElement":[{"@type":"ListItem","position":1,"name":"Butikken","item":"https:\/\/barneleker.no\/"},{"@type":"ListItem","position":2,"name":"Hobby Horse, Enhj\u00f8rning Horn 3 Stk"}]},{"@type":"WebSite","@id":"https:\/\/barneleker.no\/#website","url":"https:\/\/barneleker.no\/","name":"Barneleker.no","description":"Selvf\u00f8lgelig!","publisher":{"@id":"https:\/\/barneleker.no\/#organization"},"potentialAction":[{"@type":"SearchAction","target":{"@type":"EntryPoint","urlTemplate":"https:\/\/barneleker.no\/?s={search_term_string}"},"query-input":{"@type":"PropertyValueSpecification","valueRequired":true,"valueName":"search_term_string"}}],"inLanguage":"nb-NO"},{"@type":"Organization","@id":"https:\/\/barneleker.no\/#organization","name":"Barneleker.no","url":"https:\/\/barneleker.no\/","logo":{"@type":"ImageObject","inLanguage":"nb-NO","@id":"https:\/\/barneleker.no\/#\/schema\/logo\/image\/","url":"https:\/\/barneleker.no\/wp-content\/uploads\/2021\/11\/barneleker_logo-780x150-1.jpg","contentUrl":"https:\/\/barneleker.no\/wp-content\/uploads\/2021\/11\/barneleker_logo-780x150-1.jpg","width":780,"height":150,"caption":"Barneleker.no"},"image":{"@id":"https:\/\/barneleker.no\/#\/schema\/logo\/image\/"}}]}},"_links":{"self":[{"href":"https:\/\/barneleker.no\/index.php\/wp-json\/wp\/v2\/product\/13461","targetHints":{"allow":["GET"]}}],"collection":[{"href":"https:\/\/barneleker.no\/index.php\/wp-json\/wp\/v2\/product"}],"about":[{"href":"https:\/\/barneleker.no\/index.php\/wp-json\/wp\/v2\/types\/product"}],"replies":[{"embeddable":true,"href":"https:\/\/barneleker.no\/index.php\/wp-json\/wp\/v2\/comments?post=13461"}],"wp:featuredmedia":[{"embeddable":true,"href":"https:\/\/barneleker.no\/index.php\/wp-json\/wp\/v2\/media\/13460"}],"wp:attachment":[{"href":"https:\/\/barneleker.no\/index.php\/wp-json\/wp\/v2\/media?parent=13461"}],"wp:term":[{"taxonomy":"product_brand","embeddable":true,"href":"https:\/\/barneleker.no\/index.php\/wp-json\/wp\/v2\/product_brand?post=13461"},{"taxonomy":"product_cat","embeddable":true,"href":"https:\/\/barneleker.no\/index.php\/wp-json\/wp\/v2\/product_cat?post=13461"},{"taxonomy":"product_tag","embeddable":true,"href":"https:\/\/barneleker.no\/index.php\/wp-json\/wp\/v2\/product_tag?post=13461"}],"curies":[{"name":"wp","href":"https:\/\/api.w.org\/{rel}","templated":true}]}}