{"id":13465,"date":"2022-02-08T19:56:44","date_gmt":"2022-02-08T19:56:44","guid":{"rendered":"https:\/\/barneleker.no\/index.php\/product\/brannmann-sam-brannman-sam-brannstasjon-med-figur\/"},"modified":"2022-02-08T19:56:44","modified_gmt":"2022-02-08T19:56:44","slug":"brannmann-sam-brannman-sam-brannstasjon-med-figur","status":"publish","type":"product","link":"https:\/\/barneleker.no\/index.php\/product\/brannmann-sam-brannman-sam-brannstasjon-med-figur\/","title":{"rendered":"Brannmann Sam Brannman Sam &#8211; Brannstasjon med figur"},"content":{"rendered":"<p>Bli med Sam i hans daglige liv som brannmann. N\u00e5r sirenen starter, glir brannmennene ned brannstangen, \u00e5pner d\u00f8ren og setter kursen for \u00e5 h\u00e5ndtere n\u00f8dsituasjoner. Den 30 cm h\u00f8ye brannstasjonen har fantastiske lys og lydfunksjoner, brannstenger, skyved\u00f8rer, sammenleggbare sidepaneler, kontorer og mye m\u00f8bler. Fra 3 \u00e5r. Batterier inkludert.<\/p>\n","protected":false},"excerpt":{"rendered":"<p>Bli med Sam i hans daglige liv som brannmann. N\u00e5r sirenen starter, glir brannmennene ned brannstangen, \u00e5pner d\u00f8ren og setter kursen for \u00e5 h\u00e5ndtere n\u00f8dsituasjoner.&hellip;<\/p>\n","protected":false},"featured_media":13464,"comment_status":"open","ping_status":"closed","template":"","meta":[],"product_brand":[],"product_cat":[352],"product_tag":[],"class_list":{"0":"post-13465","1":"product","2":"type-product","3":"status-publish","4":"has-post-thumbnail","6":"product_cat-figurer-roboter","8":"first","9":"instock","10":"shipping-taxable","11":"product-type-external","12":"customify-col"},"yoast_head":"<!-- This site is optimized with the Yoast SEO plugin v26.0 - https:\/\/yoast.com\/wordpress\/plugins\/seo\/ -->\n<title>Brannmann Sam Brannman Sam - Brannstasjon med figur - Barneleker.no<\/title>\n<meta name=\"robots\" content=\"index, follow, max-snippet:-1, max-image-preview:large, max-video-preview:-1\" \/>\n<link rel=\"canonical\" href=\"https:\/\/barneleker.no\/index.php\/product\/brannmann-sam-brannman-sam-brannstasjon-med-figur\/\" \/>\n<meta property=\"og:locale\" content=\"nb_NO\" \/>\n<meta property=\"og:type\" content=\"article\" \/>\n<meta property=\"og:title\" content=\"Brannmann Sam Brannman Sam - Brannstasjon med figur - Barneleker.no\" \/>\n<meta property=\"og:description\" content=\"Bli med Sam i hans daglige liv som brannmann. N\u00e5r sirenen starter, glir brannmennene ned brannstangen, \u00e5pner d\u00f8ren og setter kursen for \u00e5 h\u00e5ndtere n\u00f8dsituasjoner.&hellip;\" \/>\n<meta property=\"og:url\" content=\"https:\/\/barneleker.no\/index.php\/product\/brannmann-sam-brannman-sam-brannstasjon-med-figur\/\" \/>\n<meta property=\"og:site_name\" content=\"Barneleker.no\" \/>\n<meta name=\"twitter:card\" content=\"summary_large_image\" \/>\n<script type=\"application\/ld+json\" class=\"yoast-schema-graph\">{\"@context\":\"https:\/\/schema.org\",\"@graph\":[{\"@type\":\"WebPage\",\"@id\":\"https:\/\/barneleker.no\/index.php\/product\/brannmann-sam-brannman-sam-brannstasjon-med-figur\/\",\"url\":\"https:\/\/barneleker.no\/index.php\/product\/brannmann-sam-brannman-sam-brannstasjon-med-figur\/\",\"name\":\"Brannmann Sam Brannman Sam - Brannstasjon med figur - Barneleker.no\",\"isPartOf\":{\"@id\":\"https:\/\/barneleker.no\/#website\"},\"primaryImageOfPage\":{\"@id\":\"https:\/\/barneleker.no\/index.php\/product\/brannmann-sam-brannman-sam-brannstasjon-med-figur\/#primaryimage\"},\"image\":{\"@id\":\"https:\/\/barneleker.no\/index.php\/product\/brannmann-sam-brannman-sam-brannstasjon-med-figur\/#primaryimage\"},\"thumbnailUrl\":\"https:\/\/barneleker.no\/wp-content\/uploads\/2022\/02\/brannman-sam-brannstasjon-med-figur.jpg\",\"datePublished\":\"2022-02-08T19:56:44+00:00\",\"breadcrumb\":{\"@id\":\"https:\/\/barneleker.no\/index.php\/product\/brannmann-sam-brannman-sam-brannstasjon-med-figur\/#breadcrumb\"},\"inLanguage\":\"nb-NO\",\"potentialAction\":[{\"@type\":\"ReadAction\",\"target\":[\"https:\/\/barneleker.no\/index.php\/product\/brannmann-sam-brannman-sam-brannstasjon-med-figur\/\"]}]},{\"@type\":\"ImageObject\",\"inLanguage\":\"nb-NO\",\"@id\":\"https:\/\/barneleker.no\/index.php\/product\/brannmann-sam-brannman-sam-brannstasjon-med-figur\/#primaryimage\",\"url\":\"https:\/\/barneleker.no\/wp-content\/uploads\/2022\/02\/brannman-sam-brannstasjon-med-figur.jpg\",\"contentUrl\":\"https:\/\/barneleker.no\/wp-content\/uploads\/2022\/02\/brannman-sam-brannstasjon-med-figur.jpg\",\"width\":555,\"height\":555},{\"@type\":\"BreadcrumbList\",\"@id\":\"https:\/\/barneleker.no\/index.php\/product\/brannmann-sam-brannman-sam-brannstasjon-med-figur\/#breadcrumb\",\"itemListElement\":[{\"@type\":\"ListItem\",\"position\":1,\"name\":\"Butikken\",\"item\":\"https:\/\/barneleker.no\/\"},{\"@type\":\"ListItem\",\"position\":2,\"name\":\"Brannmann Sam Brannman Sam &#8211; Brannstasjon med figur\"}]},{\"@type\":\"WebSite\",\"@id\":\"https:\/\/barneleker.no\/#website\",\"url\":\"https:\/\/barneleker.no\/\",\"name\":\"Barneleker.no\",\"description\":\"Selvf\u00f8lgelig!\",\"publisher\":{\"@id\":\"https:\/\/barneleker.no\/#organization\"},\"potentialAction\":[{\"@type\":\"SearchAction\",\"target\":{\"@type\":\"EntryPoint\",\"urlTemplate\":\"https:\/\/barneleker.no\/?s={search_term_string}\"},\"query-input\":{\"@type\":\"PropertyValueSpecification\",\"valueRequired\":true,\"valueName\":\"search_term_string\"}}],\"inLanguage\":\"nb-NO\"},{\"@type\":\"Organization\",\"@id\":\"https:\/\/barneleker.no\/#organization\",\"name\":\"Barneleker.no\",\"url\":\"https:\/\/barneleker.no\/\",\"logo\":{\"@type\":\"ImageObject\",\"inLanguage\":\"nb-NO\",\"@id\":\"https:\/\/barneleker.no\/#\/schema\/logo\/image\/\",\"url\":\"https:\/\/barneleker.no\/wp-content\/uploads\/2021\/11\/barneleker_logo-780x150-1.jpg\",\"contentUrl\":\"https:\/\/barneleker.no\/wp-content\/uploads\/2021\/11\/barneleker_logo-780x150-1.jpg\",\"width\":780,\"height\":150,\"caption\":\"Barneleker.no\"},\"image\":{\"@id\":\"https:\/\/barneleker.no\/#\/schema\/logo\/image\/\"}}]}<\/script>\n<!-- \/ Yoast SEO plugin. -->","yoast_head_json":{"title":"Brannmann Sam Brannman Sam - Brannstasjon med figur - Barneleker.no","robots":{"index":"index","follow":"follow","max-snippet":"max-snippet:-1","max-image-preview":"max-image-preview:large","max-video-preview":"max-video-preview:-1"},"canonical":"https:\/\/barneleker.no\/index.php\/product\/brannmann-sam-brannman-sam-brannstasjon-med-figur\/","og_locale":"nb_NO","og_type":"article","og_title":"Brannmann Sam Brannman Sam - Brannstasjon med figur - Barneleker.no","og_description":"Bli med Sam i hans daglige liv som brannmann. N\u00e5r sirenen starter, glir brannmennene ned brannstangen, \u00e5pner d\u00f8ren og setter kursen for \u00e5 h\u00e5ndtere n\u00f8dsituasjoner.&hellip;","og_url":"https:\/\/barneleker.no\/index.php\/product\/brannmann-sam-brannman-sam-brannstasjon-med-figur\/","og_site_name":"Barneleker.no","twitter_card":"summary_large_image","schema":{"@context":"https:\/\/schema.org","@graph":[{"@type":"WebPage","@id":"https:\/\/barneleker.no\/index.php\/product\/brannmann-sam-brannman-sam-brannstasjon-med-figur\/","url":"https:\/\/barneleker.no\/index.php\/product\/brannmann-sam-brannman-sam-brannstasjon-med-figur\/","name":"Brannmann Sam Brannman Sam - Brannstasjon med figur - Barneleker.no","isPartOf":{"@id":"https:\/\/barneleker.no\/#website"},"primaryImageOfPage":{"@id":"https:\/\/barneleker.no\/index.php\/product\/brannmann-sam-brannman-sam-brannstasjon-med-figur\/#primaryimage"},"image":{"@id":"https:\/\/barneleker.no\/index.php\/product\/brannmann-sam-brannman-sam-brannstasjon-med-figur\/#primaryimage"},"thumbnailUrl":"https:\/\/barneleker.no\/wp-content\/uploads\/2022\/02\/brannman-sam-brannstasjon-med-figur.jpg","datePublished":"2022-02-08T19:56:44+00:00","breadcrumb":{"@id":"https:\/\/barneleker.no\/index.php\/product\/brannmann-sam-brannman-sam-brannstasjon-med-figur\/#breadcrumb"},"inLanguage":"nb-NO","potentialAction":[{"@type":"ReadAction","target":["https:\/\/barneleker.no\/index.php\/product\/brannmann-sam-brannman-sam-brannstasjon-med-figur\/"]}]},{"@type":"ImageObject","inLanguage":"nb-NO","@id":"https:\/\/barneleker.no\/index.php\/product\/brannmann-sam-brannman-sam-brannstasjon-med-figur\/#primaryimage","url":"https:\/\/barneleker.no\/wp-content\/uploads\/2022\/02\/brannman-sam-brannstasjon-med-figur.jpg","contentUrl":"https:\/\/barneleker.no\/wp-content\/uploads\/2022\/02\/brannman-sam-brannstasjon-med-figur.jpg","width":555,"height":555},{"@type":"BreadcrumbList","@id":"https:\/\/barneleker.no\/index.php\/product\/brannmann-sam-brannman-sam-brannstasjon-med-figur\/#breadcrumb","itemListElement":[{"@type":"ListItem","position":1,"name":"Butikken","item":"https:\/\/barneleker.no\/"},{"@type":"ListItem","position":2,"name":"Brannmann Sam Brannman Sam &#8211; Brannstasjon med figur"}]},{"@type":"WebSite","@id":"https:\/\/barneleker.no\/#website","url":"https:\/\/barneleker.no\/","name":"Barneleker.no","description":"Selvf\u00f8lgelig!","publisher":{"@id":"https:\/\/barneleker.no\/#organization"},"potentialAction":[{"@type":"SearchAction","target":{"@type":"EntryPoint","urlTemplate":"https:\/\/barneleker.no\/?s={search_term_string}"},"query-input":{"@type":"PropertyValueSpecification","valueRequired":true,"valueName":"search_term_string"}}],"inLanguage":"nb-NO"},{"@type":"Organization","@id":"https:\/\/barneleker.no\/#organization","name":"Barneleker.no","url":"https:\/\/barneleker.no\/","logo":{"@type":"ImageObject","inLanguage":"nb-NO","@id":"https:\/\/barneleker.no\/#\/schema\/logo\/image\/","url":"https:\/\/barneleker.no\/wp-content\/uploads\/2021\/11\/barneleker_logo-780x150-1.jpg","contentUrl":"https:\/\/barneleker.no\/wp-content\/uploads\/2021\/11\/barneleker_logo-780x150-1.jpg","width":780,"height":150,"caption":"Barneleker.no"},"image":{"@id":"https:\/\/barneleker.no\/#\/schema\/logo\/image\/"}}]}},"_links":{"self":[{"href":"https:\/\/barneleker.no\/index.php\/wp-json\/wp\/v2\/product\/13465","targetHints":{"allow":["GET"]}}],"collection":[{"href":"https:\/\/barneleker.no\/index.php\/wp-json\/wp\/v2\/product"}],"about":[{"href":"https:\/\/barneleker.no\/index.php\/wp-json\/wp\/v2\/types\/product"}],"replies":[{"embeddable":true,"href":"https:\/\/barneleker.no\/index.php\/wp-json\/wp\/v2\/comments?post=13465"}],"wp:featuredmedia":[{"embeddable":true,"href":"https:\/\/barneleker.no\/index.php\/wp-json\/wp\/v2\/media\/13464"}],"wp:attachment":[{"href":"https:\/\/barneleker.no\/index.php\/wp-json\/wp\/v2\/media?parent=13465"}],"wp:term":[{"taxonomy":"product_brand","embeddable":true,"href":"https:\/\/barneleker.no\/index.php\/wp-json\/wp\/v2\/product_brand?post=13465"},{"taxonomy":"product_cat","embeddable":true,"href":"https:\/\/barneleker.no\/index.php\/wp-json\/wp\/v2\/product_cat?post=13465"},{"taxonomy":"product_tag","embeddable":true,"href":"https:\/\/barneleker.no\/index.php\/wp-json\/wp\/v2\/product_tag?post=13465"}],"curies":[{"name":"wp","href":"https:\/\/api.w.org\/{rel}","templated":true}]}}