{"id":13509,"date":"2022-02-08T19:56:59","date_gmt":"2022-02-08T19:56:59","guid":{"rendered":"https:\/\/barneleker.no\/index.php\/product\/rubiks-4x4-master\/"},"modified":"2022-02-08T19:56:59","modified_gmt":"2022-02-08T19:56:59","slug":"rubiks-4x4-master","status":"publish","type":"product","link":"https:\/\/barneleker.no\/index.php\/product\/rubiks-4x4-master\/","title":{"rendered":"Rubiks, 4&#215;4 Master"},"content":{"rendered":"<p>Rubik&#8217;s Master er 4&#215;4-versjonen av den ber\u00f8mte 3&#215;3 Rubik&#8217;s Kube. Puslespillet best\u00e5r imidlertid av 56 sm\u00e5 kuber p\u00e5 overflaten, og i motsetning til 3&#215;3-puslespillet kan senterbitene bevege seg i forhold til hverandre, noe som gj\u00f8r det enda vanskeligere \u00e5 l\u00f8se! Er du klar for den spennende utfordringen?<\/p>\n","protected":false},"excerpt":{"rendered":"<p>Rubik&#8217;s Master er 4&#215;4-versjonen av den ber\u00f8mte 3&#215;3 Rubik&#8217;s Kube. Puslespillet best\u00e5r imidlertid av 56 sm\u00e5 kuber p\u00e5 overflaten, og i motsetning til 3&#215;3-puslespillet kan&hellip;<\/p>\n","protected":false},"featured_media":13508,"comment_status":"open","ping_status":"closed","template":"","meta":[],"product_brand":[],"product_cat":[415],"product_tag":[],"class_list":{"0":"post-13509","1":"product","2":"type-product","3":"status-publish","4":"has-post-thumbnail","6":"product_cat-kuber","8":"first","9":"instock","10":"shipping-taxable","11":"product-type-external","12":"customify-col"},"yoast_head":"<!-- This site is optimized with the Yoast SEO plugin v26.0 - https:\/\/yoast.com\/wordpress\/plugins\/seo\/ -->\n<title>Rubiks, 4x4 Master - Barneleker.no<\/title>\n<meta name=\"robots\" content=\"index, follow, max-snippet:-1, max-image-preview:large, max-video-preview:-1\" \/>\n<link rel=\"canonical\" href=\"https:\/\/barneleker.no\/index.php\/product\/rubiks-4x4-master\/\" \/>\n<meta property=\"og:locale\" content=\"nb_NO\" \/>\n<meta property=\"og:type\" content=\"article\" \/>\n<meta property=\"og:title\" content=\"Rubiks, 4x4 Master - Barneleker.no\" \/>\n<meta property=\"og:description\" content=\"Rubik&#8217;s Master er 4&#215;4-versjonen av den ber\u00f8mte 3&#215;3 Rubik&#8217;s Kube. Puslespillet best\u00e5r imidlertid av 56 sm\u00e5 kuber p\u00e5 overflaten, og i motsetning til 3&#215;3-puslespillet kan&hellip;\" \/>\n<meta property=\"og:url\" content=\"https:\/\/barneleker.no\/index.php\/product\/rubiks-4x4-master\/\" \/>\n<meta property=\"og:site_name\" content=\"Barneleker.no\" \/>\n<meta name=\"twitter:card\" content=\"summary_large_image\" \/>\n<script type=\"application\/ld+json\" class=\"yoast-schema-graph\">{\"@context\":\"https:\/\/schema.org\",\"@graph\":[{\"@type\":\"WebPage\",\"@id\":\"https:\/\/barneleker.no\/index.php\/product\/rubiks-4x4-master\/\",\"url\":\"https:\/\/barneleker.no\/index.php\/product\/rubiks-4x4-master\/\",\"name\":\"Rubiks, 4x4 Master - Barneleker.no\",\"isPartOf\":{\"@id\":\"https:\/\/barneleker.no\/#website\"},\"primaryImageOfPage\":{\"@id\":\"https:\/\/barneleker.no\/index.php\/product\/rubiks-4x4-master\/#primaryimage\"},\"image\":{\"@id\":\"https:\/\/barneleker.no\/index.php\/product\/rubiks-4x4-master\/#primaryimage\"},\"thumbnailUrl\":\"https:\/\/barneleker.no\/wp-content\/uploads\/2022\/02\/rubiks-4x4-master.jpg\",\"datePublished\":\"2022-02-08T19:56:59+00:00\",\"breadcrumb\":{\"@id\":\"https:\/\/barneleker.no\/index.php\/product\/rubiks-4x4-master\/#breadcrumb\"},\"inLanguage\":\"nb-NO\",\"potentialAction\":[{\"@type\":\"ReadAction\",\"target\":[\"https:\/\/barneleker.no\/index.php\/product\/rubiks-4x4-master\/\"]}]},{\"@type\":\"ImageObject\",\"inLanguage\":\"nb-NO\",\"@id\":\"https:\/\/barneleker.no\/index.php\/product\/rubiks-4x4-master\/#primaryimage\",\"url\":\"https:\/\/barneleker.no\/wp-content\/uploads\/2022\/02\/rubiks-4x4-master.jpg\",\"contentUrl\":\"https:\/\/barneleker.no\/wp-content\/uploads\/2022\/02\/rubiks-4x4-master.jpg\",\"width\":555,\"height\":555},{\"@type\":\"BreadcrumbList\",\"@id\":\"https:\/\/barneleker.no\/index.php\/product\/rubiks-4x4-master\/#breadcrumb\",\"itemListElement\":[{\"@type\":\"ListItem\",\"position\":1,\"name\":\"Butikken\",\"item\":\"https:\/\/barneleker.no\/\"},{\"@type\":\"ListItem\",\"position\":2,\"name\":\"Rubiks, 4&#215;4 Master\"}]},{\"@type\":\"WebSite\",\"@id\":\"https:\/\/barneleker.no\/#website\",\"url\":\"https:\/\/barneleker.no\/\",\"name\":\"Barneleker.no\",\"description\":\"Selvf\u00f8lgelig!\",\"publisher\":{\"@id\":\"https:\/\/barneleker.no\/#organization\"},\"potentialAction\":[{\"@type\":\"SearchAction\",\"target\":{\"@type\":\"EntryPoint\",\"urlTemplate\":\"https:\/\/barneleker.no\/?s={search_term_string}\"},\"query-input\":{\"@type\":\"PropertyValueSpecification\",\"valueRequired\":true,\"valueName\":\"search_term_string\"}}],\"inLanguage\":\"nb-NO\"},{\"@type\":\"Organization\",\"@id\":\"https:\/\/barneleker.no\/#organization\",\"name\":\"Barneleker.no\",\"url\":\"https:\/\/barneleker.no\/\",\"logo\":{\"@type\":\"ImageObject\",\"inLanguage\":\"nb-NO\",\"@id\":\"https:\/\/barneleker.no\/#\/schema\/logo\/image\/\",\"url\":\"https:\/\/barneleker.no\/wp-content\/uploads\/2021\/11\/barneleker_logo-780x150-1.jpg\",\"contentUrl\":\"https:\/\/barneleker.no\/wp-content\/uploads\/2021\/11\/barneleker_logo-780x150-1.jpg\",\"width\":780,\"height\":150,\"caption\":\"Barneleker.no\"},\"image\":{\"@id\":\"https:\/\/barneleker.no\/#\/schema\/logo\/image\/\"}}]}<\/script>\n<!-- \/ Yoast SEO plugin. -->","yoast_head_json":{"title":"Rubiks, 4x4 Master - Barneleker.no","robots":{"index":"index","follow":"follow","max-snippet":"max-snippet:-1","max-image-preview":"max-image-preview:large","max-video-preview":"max-video-preview:-1"},"canonical":"https:\/\/barneleker.no\/index.php\/product\/rubiks-4x4-master\/","og_locale":"nb_NO","og_type":"article","og_title":"Rubiks, 4x4 Master - Barneleker.no","og_description":"Rubik&#8217;s Master er 4&#215;4-versjonen av den ber\u00f8mte 3&#215;3 Rubik&#8217;s Kube. Puslespillet best\u00e5r imidlertid av 56 sm\u00e5 kuber p\u00e5 overflaten, og i motsetning til 3&#215;3-puslespillet kan&hellip;","og_url":"https:\/\/barneleker.no\/index.php\/product\/rubiks-4x4-master\/","og_site_name":"Barneleker.no","twitter_card":"summary_large_image","schema":{"@context":"https:\/\/schema.org","@graph":[{"@type":"WebPage","@id":"https:\/\/barneleker.no\/index.php\/product\/rubiks-4x4-master\/","url":"https:\/\/barneleker.no\/index.php\/product\/rubiks-4x4-master\/","name":"Rubiks, 4x4 Master - Barneleker.no","isPartOf":{"@id":"https:\/\/barneleker.no\/#website"},"primaryImageOfPage":{"@id":"https:\/\/barneleker.no\/index.php\/product\/rubiks-4x4-master\/#primaryimage"},"image":{"@id":"https:\/\/barneleker.no\/index.php\/product\/rubiks-4x4-master\/#primaryimage"},"thumbnailUrl":"https:\/\/barneleker.no\/wp-content\/uploads\/2022\/02\/rubiks-4x4-master.jpg","datePublished":"2022-02-08T19:56:59+00:00","breadcrumb":{"@id":"https:\/\/barneleker.no\/index.php\/product\/rubiks-4x4-master\/#breadcrumb"},"inLanguage":"nb-NO","potentialAction":[{"@type":"ReadAction","target":["https:\/\/barneleker.no\/index.php\/product\/rubiks-4x4-master\/"]}]},{"@type":"ImageObject","inLanguage":"nb-NO","@id":"https:\/\/barneleker.no\/index.php\/product\/rubiks-4x4-master\/#primaryimage","url":"https:\/\/barneleker.no\/wp-content\/uploads\/2022\/02\/rubiks-4x4-master.jpg","contentUrl":"https:\/\/barneleker.no\/wp-content\/uploads\/2022\/02\/rubiks-4x4-master.jpg","width":555,"height":555},{"@type":"BreadcrumbList","@id":"https:\/\/barneleker.no\/index.php\/product\/rubiks-4x4-master\/#breadcrumb","itemListElement":[{"@type":"ListItem","position":1,"name":"Butikken","item":"https:\/\/barneleker.no\/"},{"@type":"ListItem","position":2,"name":"Rubiks, 4&#215;4 Master"}]},{"@type":"WebSite","@id":"https:\/\/barneleker.no\/#website","url":"https:\/\/barneleker.no\/","name":"Barneleker.no","description":"Selvf\u00f8lgelig!","publisher":{"@id":"https:\/\/barneleker.no\/#organization"},"potentialAction":[{"@type":"SearchAction","target":{"@type":"EntryPoint","urlTemplate":"https:\/\/barneleker.no\/?s={search_term_string}"},"query-input":{"@type":"PropertyValueSpecification","valueRequired":true,"valueName":"search_term_string"}}],"inLanguage":"nb-NO"},{"@type":"Organization","@id":"https:\/\/barneleker.no\/#organization","name":"Barneleker.no","url":"https:\/\/barneleker.no\/","logo":{"@type":"ImageObject","inLanguage":"nb-NO","@id":"https:\/\/barneleker.no\/#\/schema\/logo\/image\/","url":"https:\/\/barneleker.no\/wp-content\/uploads\/2021\/11\/barneleker_logo-780x150-1.jpg","contentUrl":"https:\/\/barneleker.no\/wp-content\/uploads\/2021\/11\/barneleker_logo-780x150-1.jpg","width":780,"height":150,"caption":"Barneleker.no"},"image":{"@id":"https:\/\/barneleker.no\/#\/schema\/logo\/image\/"}}]}},"_links":{"self":[{"href":"https:\/\/barneleker.no\/index.php\/wp-json\/wp\/v2\/product\/13509","targetHints":{"allow":["GET"]}}],"collection":[{"href":"https:\/\/barneleker.no\/index.php\/wp-json\/wp\/v2\/product"}],"about":[{"href":"https:\/\/barneleker.no\/index.php\/wp-json\/wp\/v2\/types\/product"}],"replies":[{"embeddable":true,"href":"https:\/\/barneleker.no\/index.php\/wp-json\/wp\/v2\/comments?post=13509"}],"wp:featuredmedia":[{"embeddable":true,"href":"https:\/\/barneleker.no\/index.php\/wp-json\/wp\/v2\/media\/13508"}],"wp:attachment":[{"href":"https:\/\/barneleker.no\/index.php\/wp-json\/wp\/v2\/media?parent=13509"}],"wp:term":[{"taxonomy":"product_brand","embeddable":true,"href":"https:\/\/barneleker.no\/index.php\/wp-json\/wp\/v2\/product_brand?post=13509"},{"taxonomy":"product_cat","embeddable":true,"href":"https:\/\/barneleker.no\/index.php\/wp-json\/wp\/v2\/product_cat?post=13509"},{"taxonomy":"product_tag","embeddable":true,"href":"https:\/\/barneleker.no\/index.php\/wp-json\/wp\/v2\/product_tag?post=13509"}],"curies":[{"name":"wp","href":"https:\/\/api.w.org\/{rel}","templated":true}]}}