{"id":13531,"date":"2022-02-08T19:57:08","date_gmt":"2022-02-08T19:57:08","guid":{"rendered":"https:\/\/barneleker.no\/index.php\/product\/barbie-core-malibu-dukke\/"},"modified":"2022-02-08T19:57:08","modified_gmt":"2022-02-08T19:57:08","slug":"barbie-core-malibu-dukke","status":"publish","type":"product","link":"https:\/\/barneleker.no\/index.php\/product\/barbie-core-malibu-dukke\/","title":{"rendered":"Barbie, Core Malibu dukke"},"content":{"rendered":"<p>Barna kan skape eventyr under lysene fra byen eller i rampelyset med dukker som er inspirert av Barbie: Big City, Big Dreams\u2122. \u00abMalibu\u00bb Barbie\u00ae-dukken viser frem signaturstilen sin if\u00f8rt en deniminspirert jakke og stilig skj\u00f8rt med stjernem\u00f8nster og rysjer. De uformelle hvite skoene er perfekte n\u00e5r hun skal utforske byen, og en stilig svart veske gj\u00f8r antrekket komplett. Barn fra 3 \u00e5r og oppover vil elske \u00e5 gjenskape favoritt\u00f8yeblikkene sine eller dikte opp nye eventyr med dukker og lekesett som er inspirert av Barbie: Big City, Big Dreams\u2122. Selges hver for seg s\u00e5 langt lageret rekker. Dukken kan ikke st\u00e5 uten st\u00f8tte. Farger og dekor kan variere.<\/p>\n","protected":false},"excerpt":{"rendered":"<p>Barna kan skape eventyr under lysene fra byen eller i rampelyset med dukker som er inspirert av Barbie: Big City, Big Dreams\u2122. \u00abMalibu\u00bb Barbie\u00ae-dukken viser&hellip;<\/p>\n","protected":false},"featured_media":13530,"comment_status":"open","ping_status":"closed","template":"","meta":[],"product_brand":[],"product_cat":[349],"product_tag":[],"class_list":{"0":"post-13531","1":"product","2":"type-product","3":"status-publish","4":"has-post-thumbnail","6":"product_cat-modedockor","8":"first","9":"instock","10":"shipping-taxable","11":"product-type-external","12":"customify-col"},"yoast_head":"<!-- This site is optimized with the Yoast SEO plugin v26.0 - https:\/\/yoast.com\/wordpress\/plugins\/seo\/ -->\n<title>Barbie, Core Malibu dukke - Barneleker.no<\/title>\n<meta name=\"robots\" content=\"index, follow, max-snippet:-1, max-image-preview:large, max-video-preview:-1\" \/>\n<link rel=\"canonical\" href=\"https:\/\/barneleker.no\/index.php\/product\/barbie-core-malibu-dukke\/\" \/>\n<meta property=\"og:locale\" content=\"nb_NO\" \/>\n<meta property=\"og:type\" content=\"article\" \/>\n<meta property=\"og:title\" content=\"Barbie, Core Malibu dukke - Barneleker.no\" \/>\n<meta property=\"og:description\" content=\"Barna kan skape eventyr under lysene fra byen eller i rampelyset med dukker som er inspirert av Barbie: Big City, Big Dreams\u2122. \u00abMalibu\u00bb Barbie\u00ae-dukken viser&hellip;\" \/>\n<meta property=\"og:url\" content=\"https:\/\/barneleker.no\/index.php\/product\/barbie-core-malibu-dukke\/\" \/>\n<meta property=\"og:site_name\" content=\"Barneleker.no\" \/>\n<meta name=\"twitter:card\" content=\"summary_large_image\" \/>\n<meta name=\"twitter:label1\" content=\"Ansl. lesetid\" \/>\n\t<meta name=\"twitter:data1\" content=\"1 minutt\" \/>\n<script type=\"application\/ld+json\" class=\"yoast-schema-graph\">{\"@context\":\"https:\/\/schema.org\",\"@graph\":[{\"@type\":\"WebPage\",\"@id\":\"https:\/\/barneleker.no\/index.php\/product\/barbie-core-malibu-dukke\/\",\"url\":\"https:\/\/barneleker.no\/index.php\/product\/barbie-core-malibu-dukke\/\",\"name\":\"Barbie, Core Malibu dukke - Barneleker.no\",\"isPartOf\":{\"@id\":\"https:\/\/barneleker.no\/#website\"},\"primaryImageOfPage\":{\"@id\":\"https:\/\/barneleker.no\/index.php\/product\/barbie-core-malibu-dukke\/#primaryimage\"},\"image\":{\"@id\":\"https:\/\/barneleker.no\/index.php\/product\/barbie-core-malibu-dukke\/#primaryimage\"},\"thumbnailUrl\":\"https:\/\/barneleker.no\/wp-content\/uploads\/2022\/02\/barbie-core-malibu-dukke.jpg\",\"datePublished\":\"2022-02-08T19:57:08+00:00\",\"breadcrumb\":{\"@id\":\"https:\/\/barneleker.no\/index.php\/product\/barbie-core-malibu-dukke\/#breadcrumb\"},\"inLanguage\":\"nb-NO\",\"potentialAction\":[{\"@type\":\"ReadAction\",\"target\":[\"https:\/\/barneleker.no\/index.php\/product\/barbie-core-malibu-dukke\/\"]}]},{\"@type\":\"ImageObject\",\"inLanguage\":\"nb-NO\",\"@id\":\"https:\/\/barneleker.no\/index.php\/product\/barbie-core-malibu-dukke\/#primaryimage\",\"url\":\"https:\/\/barneleker.no\/wp-content\/uploads\/2022\/02\/barbie-core-malibu-dukke.jpg\",\"contentUrl\":\"https:\/\/barneleker.no\/wp-content\/uploads\/2022\/02\/barbie-core-malibu-dukke.jpg\",\"width\":555,\"height\":555},{\"@type\":\"BreadcrumbList\",\"@id\":\"https:\/\/barneleker.no\/index.php\/product\/barbie-core-malibu-dukke\/#breadcrumb\",\"itemListElement\":[{\"@type\":\"ListItem\",\"position\":1,\"name\":\"Butikken\",\"item\":\"https:\/\/barneleker.no\/\"},{\"@type\":\"ListItem\",\"position\":2,\"name\":\"Barbie, Core Malibu dukke\"}]},{\"@type\":\"WebSite\",\"@id\":\"https:\/\/barneleker.no\/#website\",\"url\":\"https:\/\/barneleker.no\/\",\"name\":\"Barneleker.no\",\"description\":\"Selvf\u00f8lgelig!\",\"publisher\":{\"@id\":\"https:\/\/barneleker.no\/#organization\"},\"potentialAction\":[{\"@type\":\"SearchAction\",\"target\":{\"@type\":\"EntryPoint\",\"urlTemplate\":\"https:\/\/barneleker.no\/?s={search_term_string}\"},\"query-input\":{\"@type\":\"PropertyValueSpecification\",\"valueRequired\":true,\"valueName\":\"search_term_string\"}}],\"inLanguage\":\"nb-NO\"},{\"@type\":\"Organization\",\"@id\":\"https:\/\/barneleker.no\/#organization\",\"name\":\"Barneleker.no\",\"url\":\"https:\/\/barneleker.no\/\",\"logo\":{\"@type\":\"ImageObject\",\"inLanguage\":\"nb-NO\",\"@id\":\"https:\/\/barneleker.no\/#\/schema\/logo\/image\/\",\"url\":\"https:\/\/barneleker.no\/wp-content\/uploads\/2021\/11\/barneleker_logo-780x150-1.jpg\",\"contentUrl\":\"https:\/\/barneleker.no\/wp-content\/uploads\/2021\/11\/barneleker_logo-780x150-1.jpg\",\"width\":780,\"height\":150,\"caption\":\"Barneleker.no\"},\"image\":{\"@id\":\"https:\/\/barneleker.no\/#\/schema\/logo\/image\/\"}}]}<\/script>\n<!-- \/ Yoast SEO plugin. -->","yoast_head_json":{"title":"Barbie, Core Malibu dukke - Barneleker.no","robots":{"index":"index","follow":"follow","max-snippet":"max-snippet:-1","max-image-preview":"max-image-preview:large","max-video-preview":"max-video-preview:-1"},"canonical":"https:\/\/barneleker.no\/index.php\/product\/barbie-core-malibu-dukke\/","og_locale":"nb_NO","og_type":"article","og_title":"Barbie, Core Malibu dukke - Barneleker.no","og_description":"Barna kan skape eventyr under lysene fra byen eller i rampelyset med dukker som er inspirert av Barbie: Big City, Big Dreams\u2122. \u00abMalibu\u00bb Barbie\u00ae-dukken viser&hellip;","og_url":"https:\/\/barneleker.no\/index.php\/product\/barbie-core-malibu-dukke\/","og_site_name":"Barneleker.no","twitter_card":"summary_large_image","twitter_misc":{"Ansl. lesetid":"1 minutt"},"schema":{"@context":"https:\/\/schema.org","@graph":[{"@type":"WebPage","@id":"https:\/\/barneleker.no\/index.php\/product\/barbie-core-malibu-dukke\/","url":"https:\/\/barneleker.no\/index.php\/product\/barbie-core-malibu-dukke\/","name":"Barbie, Core Malibu dukke - Barneleker.no","isPartOf":{"@id":"https:\/\/barneleker.no\/#website"},"primaryImageOfPage":{"@id":"https:\/\/barneleker.no\/index.php\/product\/barbie-core-malibu-dukke\/#primaryimage"},"image":{"@id":"https:\/\/barneleker.no\/index.php\/product\/barbie-core-malibu-dukke\/#primaryimage"},"thumbnailUrl":"https:\/\/barneleker.no\/wp-content\/uploads\/2022\/02\/barbie-core-malibu-dukke.jpg","datePublished":"2022-02-08T19:57:08+00:00","breadcrumb":{"@id":"https:\/\/barneleker.no\/index.php\/product\/barbie-core-malibu-dukke\/#breadcrumb"},"inLanguage":"nb-NO","potentialAction":[{"@type":"ReadAction","target":["https:\/\/barneleker.no\/index.php\/product\/barbie-core-malibu-dukke\/"]}]},{"@type":"ImageObject","inLanguage":"nb-NO","@id":"https:\/\/barneleker.no\/index.php\/product\/barbie-core-malibu-dukke\/#primaryimage","url":"https:\/\/barneleker.no\/wp-content\/uploads\/2022\/02\/barbie-core-malibu-dukke.jpg","contentUrl":"https:\/\/barneleker.no\/wp-content\/uploads\/2022\/02\/barbie-core-malibu-dukke.jpg","width":555,"height":555},{"@type":"BreadcrumbList","@id":"https:\/\/barneleker.no\/index.php\/product\/barbie-core-malibu-dukke\/#breadcrumb","itemListElement":[{"@type":"ListItem","position":1,"name":"Butikken","item":"https:\/\/barneleker.no\/"},{"@type":"ListItem","position":2,"name":"Barbie, Core Malibu dukke"}]},{"@type":"WebSite","@id":"https:\/\/barneleker.no\/#website","url":"https:\/\/barneleker.no\/","name":"Barneleker.no","description":"Selvf\u00f8lgelig!","publisher":{"@id":"https:\/\/barneleker.no\/#organization"},"potentialAction":[{"@type":"SearchAction","target":{"@type":"EntryPoint","urlTemplate":"https:\/\/barneleker.no\/?s={search_term_string}"},"query-input":{"@type":"PropertyValueSpecification","valueRequired":true,"valueName":"search_term_string"}}],"inLanguage":"nb-NO"},{"@type":"Organization","@id":"https:\/\/barneleker.no\/#organization","name":"Barneleker.no","url":"https:\/\/barneleker.no\/","logo":{"@type":"ImageObject","inLanguage":"nb-NO","@id":"https:\/\/barneleker.no\/#\/schema\/logo\/image\/","url":"https:\/\/barneleker.no\/wp-content\/uploads\/2021\/11\/barneleker_logo-780x150-1.jpg","contentUrl":"https:\/\/barneleker.no\/wp-content\/uploads\/2021\/11\/barneleker_logo-780x150-1.jpg","width":780,"height":150,"caption":"Barneleker.no"},"image":{"@id":"https:\/\/barneleker.no\/#\/schema\/logo\/image\/"}}]}},"_links":{"self":[{"href":"https:\/\/barneleker.no\/index.php\/wp-json\/wp\/v2\/product\/13531","targetHints":{"allow":["GET"]}}],"collection":[{"href":"https:\/\/barneleker.no\/index.php\/wp-json\/wp\/v2\/product"}],"about":[{"href":"https:\/\/barneleker.no\/index.php\/wp-json\/wp\/v2\/types\/product"}],"replies":[{"embeddable":true,"href":"https:\/\/barneleker.no\/index.php\/wp-json\/wp\/v2\/comments?post=13531"}],"wp:featuredmedia":[{"embeddable":true,"href":"https:\/\/barneleker.no\/index.php\/wp-json\/wp\/v2\/media\/13530"}],"wp:attachment":[{"href":"https:\/\/barneleker.no\/index.php\/wp-json\/wp\/v2\/media?parent=13531"}],"wp:term":[{"taxonomy":"product_brand","embeddable":true,"href":"https:\/\/barneleker.no\/index.php\/wp-json\/wp\/v2\/product_brand?post=13531"},{"taxonomy":"product_cat","embeddable":true,"href":"https:\/\/barneleker.no\/index.php\/wp-json\/wp\/v2\/product_cat?post=13531"},{"taxonomy":"product_tag","embeddable":true,"href":"https:\/\/barneleker.no\/index.php\/wp-json\/wp\/v2\/product_tag?post=13531"}],"curies":[{"name":"wp","href":"https:\/\/api.w.org\/{rel}","templated":true}]}}