{"id":13541,"date":"2022-02-08T19:57:11","date_gmt":"2022-02-08T19:57:11","guid":{"rendered":"https:\/\/barneleker.no\/index.php\/product\/brio-lift-load-33887-hoylager-togsett\/"},"modified":"2022-02-08T19:57:11","modified_gmt":"2022-02-08T19:57:11","slug":"brio-lift-load-33887-hoylager-togsett","status":"publish","type":"product","link":"https:\/\/barneleker.no\/index.php\/product\/brio-lift-load-33887-hoylager-togsett\/","title":{"rendered":"BRIO, Lift &#038; Load 33887 H\u00f8ylager togsett"},"content":{"rendered":"<p>\u00c5 bygge vertikale former har en naturlig spenning i seg. H\u00f8ylagertogsettet gj\u00f8r det mulig, og til og med uimotst\u00e5elig! Bygg de stablebare broene, kurver og spor helt opp til toppen. La heisen l\u00f8fte opp vognen, losse og se den rulle ned. Settet har flere planmuligheter. Du bestemmer hva du bygger &#8211; men bygg det h\u00f8yt!<\/p>\n","protected":false},"excerpt":{"rendered":"<p>\u00c5 bygge vertikale former har en naturlig spenning i seg. H\u00f8ylagertogsettet gj\u00f8r det mulig, og til og med uimotst\u00e5elig! Bygg de stablebare broene, kurver og&hellip;<\/p>\n","protected":false},"featured_media":13540,"comment_status":"open","ping_status":"closed","template":"","meta":[],"product_brand":[],"product_cat":[480],"product_tag":[],"class_list":{"0":"post-13541","1":"product","2":"type-product","3":"status-publish","4":"has-post-thumbnail","6":"product_cat-tagset","8":"first","9":"instock","10":"shipping-taxable","11":"product-type-external","12":"customify-col"},"yoast_head":"<!-- This site is optimized with the Yoast SEO plugin v26.0 - https:\/\/yoast.com\/wordpress\/plugins\/seo\/ -->\n<title>BRIO, Lift &amp; Load 33887 H\u00f8ylager togsett - Barneleker.no<\/title>\n<meta name=\"robots\" content=\"index, follow, max-snippet:-1, max-image-preview:large, max-video-preview:-1\" \/>\n<link rel=\"canonical\" href=\"https:\/\/barneleker.no\/index.php\/product\/brio-lift-load-33887-hoylager-togsett\/\" \/>\n<meta property=\"og:locale\" content=\"nb_NO\" \/>\n<meta property=\"og:type\" content=\"article\" \/>\n<meta property=\"og:title\" content=\"BRIO, Lift &amp; Load 33887 H\u00f8ylager togsett - Barneleker.no\" \/>\n<meta property=\"og:description\" content=\"\u00c5 bygge vertikale former har en naturlig spenning i seg. H\u00f8ylagertogsettet gj\u00f8r det mulig, og til og med uimotst\u00e5elig! Bygg de stablebare broene, kurver og&hellip;\" \/>\n<meta property=\"og:url\" content=\"https:\/\/barneleker.no\/index.php\/product\/brio-lift-load-33887-hoylager-togsett\/\" \/>\n<meta property=\"og:site_name\" content=\"Barneleker.no\" \/>\n<meta name=\"twitter:card\" content=\"summary_large_image\" \/>\n<script type=\"application\/ld+json\" class=\"yoast-schema-graph\">{\"@context\":\"https:\/\/schema.org\",\"@graph\":[{\"@type\":\"WebPage\",\"@id\":\"https:\/\/barneleker.no\/index.php\/product\/brio-lift-load-33887-hoylager-togsett\/\",\"url\":\"https:\/\/barneleker.no\/index.php\/product\/brio-lift-load-33887-hoylager-togsett\/\",\"name\":\"BRIO, Lift & Load 33887 H\u00f8ylager togsett - Barneleker.no\",\"isPartOf\":{\"@id\":\"https:\/\/barneleker.no\/#website\"},\"primaryImageOfPage\":{\"@id\":\"https:\/\/barneleker.no\/index.php\/product\/brio-lift-load-33887-hoylager-togsett\/#primaryimage\"},\"image\":{\"@id\":\"https:\/\/barneleker.no\/index.php\/product\/brio-lift-load-33887-hoylager-togsett\/#primaryimage\"},\"thumbnailUrl\":\"https:\/\/barneleker.no\/wp-content\/uploads\/2022\/02\/brio-lift-load-33887-hoylager-togsett.jpg\",\"datePublished\":\"2022-02-08T19:57:11+00:00\",\"breadcrumb\":{\"@id\":\"https:\/\/barneleker.no\/index.php\/product\/brio-lift-load-33887-hoylager-togsett\/#breadcrumb\"},\"inLanguage\":\"nb-NO\",\"potentialAction\":[{\"@type\":\"ReadAction\",\"target\":[\"https:\/\/barneleker.no\/index.php\/product\/brio-lift-load-33887-hoylager-togsett\/\"]}]},{\"@type\":\"ImageObject\",\"inLanguage\":\"nb-NO\",\"@id\":\"https:\/\/barneleker.no\/index.php\/product\/brio-lift-load-33887-hoylager-togsett\/#primaryimage\",\"url\":\"https:\/\/barneleker.no\/wp-content\/uploads\/2022\/02\/brio-lift-load-33887-hoylager-togsett.jpg\",\"contentUrl\":\"https:\/\/barneleker.no\/wp-content\/uploads\/2022\/02\/brio-lift-load-33887-hoylager-togsett.jpg\",\"width\":555,\"height\":555},{\"@type\":\"BreadcrumbList\",\"@id\":\"https:\/\/barneleker.no\/index.php\/product\/brio-lift-load-33887-hoylager-togsett\/#breadcrumb\",\"itemListElement\":[{\"@type\":\"ListItem\",\"position\":1,\"name\":\"Butikken\",\"item\":\"https:\/\/barneleker.no\/\"},{\"@type\":\"ListItem\",\"position\":2,\"name\":\"BRIO, Lift &#038; Load 33887 H\u00f8ylager togsett\"}]},{\"@type\":\"WebSite\",\"@id\":\"https:\/\/barneleker.no\/#website\",\"url\":\"https:\/\/barneleker.no\/\",\"name\":\"Barneleker.no\",\"description\":\"Selvf\u00f8lgelig!\",\"publisher\":{\"@id\":\"https:\/\/barneleker.no\/#organization\"},\"potentialAction\":[{\"@type\":\"SearchAction\",\"target\":{\"@type\":\"EntryPoint\",\"urlTemplate\":\"https:\/\/barneleker.no\/?s={search_term_string}\"},\"query-input\":{\"@type\":\"PropertyValueSpecification\",\"valueRequired\":true,\"valueName\":\"search_term_string\"}}],\"inLanguage\":\"nb-NO\"},{\"@type\":\"Organization\",\"@id\":\"https:\/\/barneleker.no\/#organization\",\"name\":\"Barneleker.no\",\"url\":\"https:\/\/barneleker.no\/\",\"logo\":{\"@type\":\"ImageObject\",\"inLanguage\":\"nb-NO\",\"@id\":\"https:\/\/barneleker.no\/#\/schema\/logo\/image\/\",\"url\":\"https:\/\/barneleker.no\/wp-content\/uploads\/2021\/11\/barneleker_logo-780x150-1.jpg\",\"contentUrl\":\"https:\/\/barneleker.no\/wp-content\/uploads\/2021\/11\/barneleker_logo-780x150-1.jpg\",\"width\":780,\"height\":150,\"caption\":\"Barneleker.no\"},\"image\":{\"@id\":\"https:\/\/barneleker.no\/#\/schema\/logo\/image\/\"}}]}<\/script>\n<!-- \/ Yoast SEO plugin. -->","yoast_head_json":{"title":"BRIO, Lift & Load 33887 H\u00f8ylager togsett - Barneleker.no","robots":{"index":"index","follow":"follow","max-snippet":"max-snippet:-1","max-image-preview":"max-image-preview:large","max-video-preview":"max-video-preview:-1"},"canonical":"https:\/\/barneleker.no\/index.php\/product\/brio-lift-load-33887-hoylager-togsett\/","og_locale":"nb_NO","og_type":"article","og_title":"BRIO, Lift & Load 33887 H\u00f8ylager togsett - Barneleker.no","og_description":"\u00c5 bygge vertikale former har en naturlig spenning i seg. H\u00f8ylagertogsettet gj\u00f8r det mulig, og til og med uimotst\u00e5elig! Bygg de stablebare broene, kurver og&hellip;","og_url":"https:\/\/barneleker.no\/index.php\/product\/brio-lift-load-33887-hoylager-togsett\/","og_site_name":"Barneleker.no","twitter_card":"summary_large_image","schema":{"@context":"https:\/\/schema.org","@graph":[{"@type":"WebPage","@id":"https:\/\/barneleker.no\/index.php\/product\/brio-lift-load-33887-hoylager-togsett\/","url":"https:\/\/barneleker.no\/index.php\/product\/brio-lift-load-33887-hoylager-togsett\/","name":"BRIO, Lift & Load 33887 H\u00f8ylager togsett - Barneleker.no","isPartOf":{"@id":"https:\/\/barneleker.no\/#website"},"primaryImageOfPage":{"@id":"https:\/\/barneleker.no\/index.php\/product\/brio-lift-load-33887-hoylager-togsett\/#primaryimage"},"image":{"@id":"https:\/\/barneleker.no\/index.php\/product\/brio-lift-load-33887-hoylager-togsett\/#primaryimage"},"thumbnailUrl":"https:\/\/barneleker.no\/wp-content\/uploads\/2022\/02\/brio-lift-load-33887-hoylager-togsett.jpg","datePublished":"2022-02-08T19:57:11+00:00","breadcrumb":{"@id":"https:\/\/barneleker.no\/index.php\/product\/brio-lift-load-33887-hoylager-togsett\/#breadcrumb"},"inLanguage":"nb-NO","potentialAction":[{"@type":"ReadAction","target":["https:\/\/barneleker.no\/index.php\/product\/brio-lift-load-33887-hoylager-togsett\/"]}]},{"@type":"ImageObject","inLanguage":"nb-NO","@id":"https:\/\/barneleker.no\/index.php\/product\/brio-lift-load-33887-hoylager-togsett\/#primaryimage","url":"https:\/\/barneleker.no\/wp-content\/uploads\/2022\/02\/brio-lift-load-33887-hoylager-togsett.jpg","contentUrl":"https:\/\/barneleker.no\/wp-content\/uploads\/2022\/02\/brio-lift-load-33887-hoylager-togsett.jpg","width":555,"height":555},{"@type":"BreadcrumbList","@id":"https:\/\/barneleker.no\/index.php\/product\/brio-lift-load-33887-hoylager-togsett\/#breadcrumb","itemListElement":[{"@type":"ListItem","position":1,"name":"Butikken","item":"https:\/\/barneleker.no\/"},{"@type":"ListItem","position":2,"name":"BRIO, Lift &#038; Load 33887 H\u00f8ylager togsett"}]},{"@type":"WebSite","@id":"https:\/\/barneleker.no\/#website","url":"https:\/\/barneleker.no\/","name":"Barneleker.no","description":"Selvf\u00f8lgelig!","publisher":{"@id":"https:\/\/barneleker.no\/#organization"},"potentialAction":[{"@type":"SearchAction","target":{"@type":"EntryPoint","urlTemplate":"https:\/\/barneleker.no\/?s={search_term_string}"},"query-input":{"@type":"PropertyValueSpecification","valueRequired":true,"valueName":"search_term_string"}}],"inLanguage":"nb-NO"},{"@type":"Organization","@id":"https:\/\/barneleker.no\/#organization","name":"Barneleker.no","url":"https:\/\/barneleker.no\/","logo":{"@type":"ImageObject","inLanguage":"nb-NO","@id":"https:\/\/barneleker.no\/#\/schema\/logo\/image\/","url":"https:\/\/barneleker.no\/wp-content\/uploads\/2021\/11\/barneleker_logo-780x150-1.jpg","contentUrl":"https:\/\/barneleker.no\/wp-content\/uploads\/2021\/11\/barneleker_logo-780x150-1.jpg","width":780,"height":150,"caption":"Barneleker.no"},"image":{"@id":"https:\/\/barneleker.no\/#\/schema\/logo\/image\/"}}]}},"_links":{"self":[{"href":"https:\/\/barneleker.no\/index.php\/wp-json\/wp\/v2\/product\/13541","targetHints":{"allow":["GET"]}}],"collection":[{"href":"https:\/\/barneleker.no\/index.php\/wp-json\/wp\/v2\/product"}],"about":[{"href":"https:\/\/barneleker.no\/index.php\/wp-json\/wp\/v2\/types\/product"}],"replies":[{"embeddable":true,"href":"https:\/\/barneleker.no\/index.php\/wp-json\/wp\/v2\/comments?post=13541"}],"wp:featuredmedia":[{"embeddable":true,"href":"https:\/\/barneleker.no\/index.php\/wp-json\/wp\/v2\/media\/13540"}],"wp:attachment":[{"href":"https:\/\/barneleker.no\/index.php\/wp-json\/wp\/v2\/media?parent=13541"}],"wp:term":[{"taxonomy":"product_brand","embeddable":true,"href":"https:\/\/barneleker.no\/index.php\/wp-json\/wp\/v2\/product_brand?post=13541"},{"taxonomy":"product_cat","embeddable":true,"href":"https:\/\/barneleker.no\/index.php\/wp-json\/wp\/v2\/product_cat?post=13541"},{"taxonomy":"product_tag","embeddable":true,"href":"https:\/\/barneleker.no\/index.php\/wp-json\/wp\/v2\/product_tag?post=13541"}],"curies":[{"name":"wp","href":"https:\/\/api.w.org\/{rel}","templated":true}]}}