{"id":13551,"date":"2022-02-08T19:57:14","date_gmt":"2022-02-08T19:57:14","guid":{"rendered":"https:\/\/barneleker.no\/index.php\/product\/frozen-forever-travel-anna\/"},"modified":"2022-02-08T19:57:14","modified_gmt":"2022-02-08T19:57:14","slug":"frozen-forever-travel-anna","status":"publish","type":"product","link":"https:\/\/barneleker.no\/index.php\/product\/frozen-forever-travel-anna\/","title":{"rendered":"Frozen, Forever Travel Anna"},"content":{"rendered":"<p>N\u00e5r en gammel magisk v\u00e5kner i livet i Disney Movie Frost 2, g\u00e5r Anna p\u00e5 en reise som for henne hjemmefra. Annas ub\u00f8yelige optimisme og utholdenhet legges p\u00e5 pr\u00f8ver, og hun m\u00e5 l\u00e6re \u00e5 v\u00e6re sterk n\u00e5r det f\u00f8les umulig og alltid \u00e5 gj\u00f8re det rette. Barna kan gjenskape scener fra Disney&#8217;s Frost 2 med denne klassiske Anna-dukken med langt r\u00f8dt h\u00e5r. Hun b\u00e6rer kl\u00e6r fra Frost 2 med flyttbare st\u00f8vler. Anna Doll har 5 fleksible ledd, slik at barna kan sette henne i forskjellige stillinger og spille scener fra filmen eller finne p\u00e5 egen h\u00e5nd. Samle dukker og spiller fra Disneys frost og gjenopprette kjente scener med figurer som Elsa, Anna, Kristoffer, Sven og Olof barna dine anerkjenner og elsker (selges separat og avhengig av tilgjengelighet). Gi bort Anna dukke i julegave eller som en bursdagsgave til barn fra 3 \u00e5r og opp som elsker \u00e5 utforske Magic Kingdom Arendal og verden utenfor! Copyright Disney Hasbro og alle relaterte vilk\u00e5r er varemerker for Hasbro.<\/p>\n","protected":false},"excerpt":{"rendered":"<p>N\u00e5r en gammel magisk v\u00e5kner i livet i Disney Movie Frost 2, g\u00e5r Anna p\u00e5 en reise som for henne hjemmefra. Annas ub\u00f8yelige optimisme og&hellip;<\/p>\n","protected":false},"featured_media":13550,"comment_status":"open","ping_status":"closed","template":"","meta":[],"product_brand":[],"product_cat":[345],"product_tag":[],"class_list":{"0":"post-13551","1":"product","2":"type-product","3":"status-publish","4":"has-post-thumbnail","6":"product_cat-dockor","8":"first","9":"instock","10":"shipping-taxable","11":"product-type-external","12":"customify-col"},"yoast_head":"<!-- This site is optimized with the Yoast SEO plugin v26.0 - https:\/\/yoast.com\/wordpress\/plugins\/seo\/ -->\n<title>Frozen, Forever Travel Anna - Barneleker.no<\/title>\n<meta name=\"robots\" content=\"index, follow, max-snippet:-1, max-image-preview:large, max-video-preview:-1\" \/>\n<link rel=\"canonical\" href=\"https:\/\/barneleker.no\/index.php\/product\/frozen-forever-travel-anna\/\" \/>\n<meta property=\"og:locale\" content=\"nb_NO\" \/>\n<meta property=\"og:type\" content=\"article\" \/>\n<meta property=\"og:title\" content=\"Frozen, Forever Travel Anna - Barneleker.no\" \/>\n<meta property=\"og:description\" content=\"N\u00e5r en gammel magisk v\u00e5kner i livet i Disney Movie Frost 2, g\u00e5r Anna p\u00e5 en reise som for henne hjemmefra. Annas ub\u00f8yelige optimisme og&hellip;\" \/>\n<meta property=\"og:url\" content=\"https:\/\/barneleker.no\/index.php\/product\/frozen-forever-travel-anna\/\" \/>\n<meta property=\"og:site_name\" content=\"Barneleker.no\" \/>\n<meta name=\"twitter:card\" content=\"summary_large_image\" \/>\n<meta name=\"twitter:label1\" content=\"Ansl. lesetid\" \/>\n\t<meta name=\"twitter:data1\" content=\"1 minutt\" \/>\n<script type=\"application\/ld+json\" class=\"yoast-schema-graph\">{\"@context\":\"https:\/\/schema.org\",\"@graph\":[{\"@type\":\"WebPage\",\"@id\":\"https:\/\/barneleker.no\/index.php\/product\/frozen-forever-travel-anna\/\",\"url\":\"https:\/\/barneleker.no\/index.php\/product\/frozen-forever-travel-anna\/\",\"name\":\"Frozen, Forever Travel Anna - Barneleker.no\",\"isPartOf\":{\"@id\":\"https:\/\/barneleker.no\/#website\"},\"primaryImageOfPage\":{\"@id\":\"https:\/\/barneleker.no\/index.php\/product\/frozen-forever-travel-anna\/#primaryimage\"},\"image\":{\"@id\":\"https:\/\/barneleker.no\/index.php\/product\/frozen-forever-travel-anna\/#primaryimage\"},\"thumbnailUrl\":\"https:\/\/barneleker.no\/wp-content\/uploads\/2022\/02\/frozen-forever-travel-anna.jpg\",\"datePublished\":\"2022-02-08T19:57:14+00:00\",\"breadcrumb\":{\"@id\":\"https:\/\/barneleker.no\/index.php\/product\/frozen-forever-travel-anna\/#breadcrumb\"},\"inLanguage\":\"nb-NO\",\"potentialAction\":[{\"@type\":\"ReadAction\",\"target\":[\"https:\/\/barneleker.no\/index.php\/product\/frozen-forever-travel-anna\/\"]}]},{\"@type\":\"ImageObject\",\"inLanguage\":\"nb-NO\",\"@id\":\"https:\/\/barneleker.no\/index.php\/product\/frozen-forever-travel-anna\/#primaryimage\",\"url\":\"https:\/\/barneleker.no\/wp-content\/uploads\/2022\/02\/frozen-forever-travel-anna.jpg\",\"contentUrl\":\"https:\/\/barneleker.no\/wp-content\/uploads\/2022\/02\/frozen-forever-travel-anna.jpg\",\"width\":555,\"height\":555},{\"@type\":\"BreadcrumbList\",\"@id\":\"https:\/\/barneleker.no\/index.php\/product\/frozen-forever-travel-anna\/#breadcrumb\",\"itemListElement\":[{\"@type\":\"ListItem\",\"position\":1,\"name\":\"Butikken\",\"item\":\"https:\/\/barneleker.no\/\"},{\"@type\":\"ListItem\",\"position\":2,\"name\":\"Frozen, Forever Travel Anna\"}]},{\"@type\":\"WebSite\",\"@id\":\"https:\/\/barneleker.no\/#website\",\"url\":\"https:\/\/barneleker.no\/\",\"name\":\"Barneleker.no\",\"description\":\"Selvf\u00f8lgelig!\",\"publisher\":{\"@id\":\"https:\/\/barneleker.no\/#organization\"},\"potentialAction\":[{\"@type\":\"SearchAction\",\"target\":{\"@type\":\"EntryPoint\",\"urlTemplate\":\"https:\/\/barneleker.no\/?s={search_term_string}\"},\"query-input\":{\"@type\":\"PropertyValueSpecification\",\"valueRequired\":true,\"valueName\":\"search_term_string\"}}],\"inLanguage\":\"nb-NO\"},{\"@type\":\"Organization\",\"@id\":\"https:\/\/barneleker.no\/#organization\",\"name\":\"Barneleker.no\",\"url\":\"https:\/\/barneleker.no\/\",\"logo\":{\"@type\":\"ImageObject\",\"inLanguage\":\"nb-NO\",\"@id\":\"https:\/\/barneleker.no\/#\/schema\/logo\/image\/\",\"url\":\"https:\/\/barneleker.no\/wp-content\/uploads\/2021\/11\/barneleker_logo-780x150-1.jpg\",\"contentUrl\":\"https:\/\/barneleker.no\/wp-content\/uploads\/2021\/11\/barneleker_logo-780x150-1.jpg\",\"width\":780,\"height\":150,\"caption\":\"Barneleker.no\"},\"image\":{\"@id\":\"https:\/\/barneleker.no\/#\/schema\/logo\/image\/\"}}]}<\/script>\n<!-- \/ Yoast SEO plugin. -->","yoast_head_json":{"title":"Frozen, Forever Travel Anna - Barneleker.no","robots":{"index":"index","follow":"follow","max-snippet":"max-snippet:-1","max-image-preview":"max-image-preview:large","max-video-preview":"max-video-preview:-1"},"canonical":"https:\/\/barneleker.no\/index.php\/product\/frozen-forever-travel-anna\/","og_locale":"nb_NO","og_type":"article","og_title":"Frozen, Forever Travel Anna - Barneleker.no","og_description":"N\u00e5r en gammel magisk v\u00e5kner i livet i Disney Movie Frost 2, g\u00e5r Anna p\u00e5 en reise som for henne hjemmefra. Annas ub\u00f8yelige optimisme og&hellip;","og_url":"https:\/\/barneleker.no\/index.php\/product\/frozen-forever-travel-anna\/","og_site_name":"Barneleker.no","twitter_card":"summary_large_image","twitter_misc":{"Ansl. lesetid":"1 minutt"},"schema":{"@context":"https:\/\/schema.org","@graph":[{"@type":"WebPage","@id":"https:\/\/barneleker.no\/index.php\/product\/frozen-forever-travel-anna\/","url":"https:\/\/barneleker.no\/index.php\/product\/frozen-forever-travel-anna\/","name":"Frozen, Forever Travel Anna - Barneleker.no","isPartOf":{"@id":"https:\/\/barneleker.no\/#website"},"primaryImageOfPage":{"@id":"https:\/\/barneleker.no\/index.php\/product\/frozen-forever-travel-anna\/#primaryimage"},"image":{"@id":"https:\/\/barneleker.no\/index.php\/product\/frozen-forever-travel-anna\/#primaryimage"},"thumbnailUrl":"https:\/\/barneleker.no\/wp-content\/uploads\/2022\/02\/frozen-forever-travel-anna.jpg","datePublished":"2022-02-08T19:57:14+00:00","breadcrumb":{"@id":"https:\/\/barneleker.no\/index.php\/product\/frozen-forever-travel-anna\/#breadcrumb"},"inLanguage":"nb-NO","potentialAction":[{"@type":"ReadAction","target":["https:\/\/barneleker.no\/index.php\/product\/frozen-forever-travel-anna\/"]}]},{"@type":"ImageObject","inLanguage":"nb-NO","@id":"https:\/\/barneleker.no\/index.php\/product\/frozen-forever-travel-anna\/#primaryimage","url":"https:\/\/barneleker.no\/wp-content\/uploads\/2022\/02\/frozen-forever-travel-anna.jpg","contentUrl":"https:\/\/barneleker.no\/wp-content\/uploads\/2022\/02\/frozen-forever-travel-anna.jpg","width":555,"height":555},{"@type":"BreadcrumbList","@id":"https:\/\/barneleker.no\/index.php\/product\/frozen-forever-travel-anna\/#breadcrumb","itemListElement":[{"@type":"ListItem","position":1,"name":"Butikken","item":"https:\/\/barneleker.no\/"},{"@type":"ListItem","position":2,"name":"Frozen, Forever Travel Anna"}]},{"@type":"WebSite","@id":"https:\/\/barneleker.no\/#website","url":"https:\/\/barneleker.no\/","name":"Barneleker.no","description":"Selvf\u00f8lgelig!","publisher":{"@id":"https:\/\/barneleker.no\/#organization"},"potentialAction":[{"@type":"SearchAction","target":{"@type":"EntryPoint","urlTemplate":"https:\/\/barneleker.no\/?s={search_term_string}"},"query-input":{"@type":"PropertyValueSpecification","valueRequired":true,"valueName":"search_term_string"}}],"inLanguage":"nb-NO"},{"@type":"Organization","@id":"https:\/\/barneleker.no\/#organization","name":"Barneleker.no","url":"https:\/\/barneleker.no\/","logo":{"@type":"ImageObject","inLanguage":"nb-NO","@id":"https:\/\/barneleker.no\/#\/schema\/logo\/image\/","url":"https:\/\/barneleker.no\/wp-content\/uploads\/2021\/11\/barneleker_logo-780x150-1.jpg","contentUrl":"https:\/\/barneleker.no\/wp-content\/uploads\/2021\/11\/barneleker_logo-780x150-1.jpg","width":780,"height":150,"caption":"Barneleker.no"},"image":{"@id":"https:\/\/barneleker.no\/#\/schema\/logo\/image\/"}}]}},"_links":{"self":[{"href":"https:\/\/barneleker.no\/index.php\/wp-json\/wp\/v2\/product\/13551","targetHints":{"allow":["GET"]}}],"collection":[{"href":"https:\/\/barneleker.no\/index.php\/wp-json\/wp\/v2\/product"}],"about":[{"href":"https:\/\/barneleker.no\/index.php\/wp-json\/wp\/v2\/types\/product"}],"replies":[{"embeddable":true,"href":"https:\/\/barneleker.no\/index.php\/wp-json\/wp\/v2\/comments?post=13551"}],"wp:featuredmedia":[{"embeddable":true,"href":"https:\/\/barneleker.no\/index.php\/wp-json\/wp\/v2\/media\/13550"}],"wp:attachment":[{"href":"https:\/\/barneleker.no\/index.php\/wp-json\/wp\/v2\/media?parent=13551"}],"wp:term":[{"taxonomy":"product_brand","embeddable":true,"href":"https:\/\/barneleker.no\/index.php\/wp-json\/wp\/v2\/product_brand?post=13551"},{"taxonomy":"product_cat","embeddable":true,"href":"https:\/\/barneleker.no\/index.php\/wp-json\/wp\/v2\/product_cat?post=13551"},{"taxonomy":"product_tag","embeddable":true,"href":"https:\/\/barneleker.no\/index.php\/wp-json\/wp\/v2\/product_tag?post=13551"}],"curies":[{"name":"wp","href":"https:\/\/api.w.org\/{rel}","templated":true}]}}