{"id":13553,"date":"2022-02-08T19:57:15","date_gmt":"2022-02-08T19:57:15","guid":{"rendered":"https:\/\/barneleker.no\/index.php\/product\/frozen-forever-travel-elsa\/"},"modified":"2022-02-08T19:57:15","modified_gmt":"2022-02-08T19:57:15","slug":"frozen-forever-travel-elsa","status":"publish","type":"product","link":"https:\/\/barneleker.no\/index.php\/product\/frozen-forever-travel-elsa\/","title":{"rendered":"Frozen, Forever Travel Elsa"},"content":{"rendered":"<p>N\u00e5r en gammel magisk v\u00e5kner i livet i Disney-filmen Frost 2, g\u00e5r Elsa bort fra hjemmet for \u00e5 teste deres krefter og finne ut hvem hun egentlig er. Barna kan gjenopprette scener fra Disney&#8217;s Frost 2 med denne klassiske ELSA-dukken med det lange blonde h\u00e5ret samlet i en flett. Hun b\u00e6rer kl\u00e6r fra Disneys Frost 2 med en fin rebreeffekt og flyttbare st\u00f8vler. Elsa dukken har 5 fleksible f\u00f8rer, slik at barna kan sette henne i forskjellige stillinger og gjenskape scener fra filmen eller finne p\u00e5 egen h\u00e5nd. Samle dukker og spiller fra Disneys frost og gjenskaper eventyrlystne scener med figurer som Elsa, Anna, Kristoffer, Sven og Olof barna dine kjenner igjen og elsker (selges separat og avhengig av tilgjengelighet). Gi bort Elsa-dukke i julegave eller som en bursdagsgave for barn fra 3 \u00e5r og opp som elsker \u00e5 utforske Magic Kingdom Arendal og verden utenfor! Copyright Disney Hasbro og alle relaterte vilk\u00e5r er varemerker for Hasbro.<\/p>\n","protected":false},"excerpt":{"rendered":"<p>N\u00e5r en gammel magisk v\u00e5kner i livet i Disney-filmen Frost 2, g\u00e5r Elsa bort fra hjemmet for \u00e5 teste deres krefter og finne ut hvem&hellip;<\/p>\n","protected":false},"featured_media":13552,"comment_status":"open","ping_status":"closed","template":"","meta":[],"product_brand":[],"product_cat":[345],"product_tag":[],"class_list":{"0":"post-13553","1":"product","2":"type-product","3":"status-publish","4":"has-post-thumbnail","6":"product_cat-dockor","8":"first","9":"instock","10":"shipping-taxable","11":"product-type-external","12":"customify-col"},"yoast_head":"<!-- This site is optimized with the Yoast SEO plugin v26.0 - https:\/\/yoast.com\/wordpress\/plugins\/seo\/ -->\n<title>Frozen, Forever Travel Elsa - Barneleker.no<\/title>\n<meta name=\"robots\" content=\"index, follow, max-snippet:-1, max-image-preview:large, max-video-preview:-1\" \/>\n<link rel=\"canonical\" href=\"https:\/\/barneleker.no\/index.php\/product\/frozen-forever-travel-elsa\/\" \/>\n<meta property=\"og:locale\" content=\"nb_NO\" \/>\n<meta property=\"og:type\" content=\"article\" \/>\n<meta property=\"og:title\" content=\"Frozen, Forever Travel Elsa - Barneleker.no\" \/>\n<meta property=\"og:description\" content=\"N\u00e5r en gammel magisk v\u00e5kner i livet i Disney-filmen Frost 2, g\u00e5r Elsa bort fra hjemmet for \u00e5 teste deres krefter og finne ut hvem&hellip;\" \/>\n<meta property=\"og:url\" content=\"https:\/\/barneleker.no\/index.php\/product\/frozen-forever-travel-elsa\/\" \/>\n<meta property=\"og:site_name\" content=\"Barneleker.no\" \/>\n<meta name=\"twitter:card\" content=\"summary_large_image\" \/>\n<meta name=\"twitter:label1\" content=\"Ansl. lesetid\" \/>\n\t<meta name=\"twitter:data1\" content=\"1 minutt\" \/>\n<script type=\"application\/ld+json\" class=\"yoast-schema-graph\">{\"@context\":\"https:\/\/schema.org\",\"@graph\":[{\"@type\":\"WebPage\",\"@id\":\"https:\/\/barneleker.no\/index.php\/product\/frozen-forever-travel-elsa\/\",\"url\":\"https:\/\/barneleker.no\/index.php\/product\/frozen-forever-travel-elsa\/\",\"name\":\"Frozen, Forever Travel Elsa - Barneleker.no\",\"isPartOf\":{\"@id\":\"https:\/\/barneleker.no\/#website\"},\"primaryImageOfPage\":{\"@id\":\"https:\/\/barneleker.no\/index.php\/product\/frozen-forever-travel-elsa\/#primaryimage\"},\"image\":{\"@id\":\"https:\/\/barneleker.no\/index.php\/product\/frozen-forever-travel-elsa\/#primaryimage\"},\"thumbnailUrl\":\"https:\/\/barneleker.no\/wp-content\/uploads\/2022\/02\/frozen-forever-travel-elsa.jpg\",\"datePublished\":\"2022-02-08T19:57:15+00:00\",\"breadcrumb\":{\"@id\":\"https:\/\/barneleker.no\/index.php\/product\/frozen-forever-travel-elsa\/#breadcrumb\"},\"inLanguage\":\"nb-NO\",\"potentialAction\":[{\"@type\":\"ReadAction\",\"target\":[\"https:\/\/barneleker.no\/index.php\/product\/frozen-forever-travel-elsa\/\"]}]},{\"@type\":\"ImageObject\",\"inLanguage\":\"nb-NO\",\"@id\":\"https:\/\/barneleker.no\/index.php\/product\/frozen-forever-travel-elsa\/#primaryimage\",\"url\":\"https:\/\/barneleker.no\/wp-content\/uploads\/2022\/02\/frozen-forever-travel-elsa.jpg\",\"contentUrl\":\"https:\/\/barneleker.no\/wp-content\/uploads\/2022\/02\/frozen-forever-travel-elsa.jpg\",\"width\":555,\"height\":555},{\"@type\":\"BreadcrumbList\",\"@id\":\"https:\/\/barneleker.no\/index.php\/product\/frozen-forever-travel-elsa\/#breadcrumb\",\"itemListElement\":[{\"@type\":\"ListItem\",\"position\":1,\"name\":\"Butikken\",\"item\":\"https:\/\/barneleker.no\/\"},{\"@type\":\"ListItem\",\"position\":2,\"name\":\"Frozen, Forever Travel Elsa\"}]},{\"@type\":\"WebSite\",\"@id\":\"https:\/\/barneleker.no\/#website\",\"url\":\"https:\/\/barneleker.no\/\",\"name\":\"Barneleker.no\",\"description\":\"Selvf\u00f8lgelig!\",\"publisher\":{\"@id\":\"https:\/\/barneleker.no\/#organization\"},\"potentialAction\":[{\"@type\":\"SearchAction\",\"target\":{\"@type\":\"EntryPoint\",\"urlTemplate\":\"https:\/\/barneleker.no\/?s={search_term_string}\"},\"query-input\":{\"@type\":\"PropertyValueSpecification\",\"valueRequired\":true,\"valueName\":\"search_term_string\"}}],\"inLanguage\":\"nb-NO\"},{\"@type\":\"Organization\",\"@id\":\"https:\/\/barneleker.no\/#organization\",\"name\":\"Barneleker.no\",\"url\":\"https:\/\/barneleker.no\/\",\"logo\":{\"@type\":\"ImageObject\",\"inLanguage\":\"nb-NO\",\"@id\":\"https:\/\/barneleker.no\/#\/schema\/logo\/image\/\",\"url\":\"https:\/\/barneleker.no\/wp-content\/uploads\/2021\/11\/barneleker_logo-780x150-1.jpg\",\"contentUrl\":\"https:\/\/barneleker.no\/wp-content\/uploads\/2021\/11\/barneleker_logo-780x150-1.jpg\",\"width\":780,\"height\":150,\"caption\":\"Barneleker.no\"},\"image\":{\"@id\":\"https:\/\/barneleker.no\/#\/schema\/logo\/image\/\"}}]}<\/script>\n<!-- \/ Yoast SEO plugin. -->","yoast_head_json":{"title":"Frozen, Forever Travel Elsa - Barneleker.no","robots":{"index":"index","follow":"follow","max-snippet":"max-snippet:-1","max-image-preview":"max-image-preview:large","max-video-preview":"max-video-preview:-1"},"canonical":"https:\/\/barneleker.no\/index.php\/product\/frozen-forever-travel-elsa\/","og_locale":"nb_NO","og_type":"article","og_title":"Frozen, Forever Travel Elsa - Barneleker.no","og_description":"N\u00e5r en gammel magisk v\u00e5kner i livet i Disney-filmen Frost 2, g\u00e5r Elsa bort fra hjemmet for \u00e5 teste deres krefter og finne ut hvem&hellip;","og_url":"https:\/\/barneleker.no\/index.php\/product\/frozen-forever-travel-elsa\/","og_site_name":"Barneleker.no","twitter_card":"summary_large_image","twitter_misc":{"Ansl. lesetid":"1 minutt"},"schema":{"@context":"https:\/\/schema.org","@graph":[{"@type":"WebPage","@id":"https:\/\/barneleker.no\/index.php\/product\/frozen-forever-travel-elsa\/","url":"https:\/\/barneleker.no\/index.php\/product\/frozen-forever-travel-elsa\/","name":"Frozen, Forever Travel Elsa - Barneleker.no","isPartOf":{"@id":"https:\/\/barneleker.no\/#website"},"primaryImageOfPage":{"@id":"https:\/\/barneleker.no\/index.php\/product\/frozen-forever-travel-elsa\/#primaryimage"},"image":{"@id":"https:\/\/barneleker.no\/index.php\/product\/frozen-forever-travel-elsa\/#primaryimage"},"thumbnailUrl":"https:\/\/barneleker.no\/wp-content\/uploads\/2022\/02\/frozen-forever-travel-elsa.jpg","datePublished":"2022-02-08T19:57:15+00:00","breadcrumb":{"@id":"https:\/\/barneleker.no\/index.php\/product\/frozen-forever-travel-elsa\/#breadcrumb"},"inLanguage":"nb-NO","potentialAction":[{"@type":"ReadAction","target":["https:\/\/barneleker.no\/index.php\/product\/frozen-forever-travel-elsa\/"]}]},{"@type":"ImageObject","inLanguage":"nb-NO","@id":"https:\/\/barneleker.no\/index.php\/product\/frozen-forever-travel-elsa\/#primaryimage","url":"https:\/\/barneleker.no\/wp-content\/uploads\/2022\/02\/frozen-forever-travel-elsa.jpg","contentUrl":"https:\/\/barneleker.no\/wp-content\/uploads\/2022\/02\/frozen-forever-travel-elsa.jpg","width":555,"height":555},{"@type":"BreadcrumbList","@id":"https:\/\/barneleker.no\/index.php\/product\/frozen-forever-travel-elsa\/#breadcrumb","itemListElement":[{"@type":"ListItem","position":1,"name":"Butikken","item":"https:\/\/barneleker.no\/"},{"@type":"ListItem","position":2,"name":"Frozen, Forever Travel Elsa"}]},{"@type":"WebSite","@id":"https:\/\/barneleker.no\/#website","url":"https:\/\/barneleker.no\/","name":"Barneleker.no","description":"Selvf\u00f8lgelig!","publisher":{"@id":"https:\/\/barneleker.no\/#organization"},"potentialAction":[{"@type":"SearchAction","target":{"@type":"EntryPoint","urlTemplate":"https:\/\/barneleker.no\/?s={search_term_string}"},"query-input":{"@type":"PropertyValueSpecification","valueRequired":true,"valueName":"search_term_string"}}],"inLanguage":"nb-NO"},{"@type":"Organization","@id":"https:\/\/barneleker.no\/#organization","name":"Barneleker.no","url":"https:\/\/barneleker.no\/","logo":{"@type":"ImageObject","inLanguage":"nb-NO","@id":"https:\/\/barneleker.no\/#\/schema\/logo\/image\/","url":"https:\/\/barneleker.no\/wp-content\/uploads\/2021\/11\/barneleker_logo-780x150-1.jpg","contentUrl":"https:\/\/barneleker.no\/wp-content\/uploads\/2021\/11\/barneleker_logo-780x150-1.jpg","width":780,"height":150,"caption":"Barneleker.no"},"image":{"@id":"https:\/\/barneleker.no\/#\/schema\/logo\/image\/"}}]}},"_links":{"self":[{"href":"https:\/\/barneleker.no\/index.php\/wp-json\/wp\/v2\/product\/13553","targetHints":{"allow":["GET"]}}],"collection":[{"href":"https:\/\/barneleker.no\/index.php\/wp-json\/wp\/v2\/product"}],"about":[{"href":"https:\/\/barneleker.no\/index.php\/wp-json\/wp\/v2\/types\/product"}],"replies":[{"embeddable":true,"href":"https:\/\/barneleker.no\/index.php\/wp-json\/wp\/v2\/comments?post=13553"}],"wp:featuredmedia":[{"embeddable":true,"href":"https:\/\/barneleker.no\/index.php\/wp-json\/wp\/v2\/media\/13552"}],"wp:attachment":[{"href":"https:\/\/barneleker.no\/index.php\/wp-json\/wp\/v2\/media?parent=13553"}],"wp:term":[{"taxonomy":"product_brand","embeddable":true,"href":"https:\/\/barneleker.no\/index.php\/wp-json\/wp\/v2\/product_brand?post=13553"},{"taxonomy":"product_cat","embeddable":true,"href":"https:\/\/barneleker.no\/index.php\/wp-json\/wp\/v2\/product_cat?post=13553"},{"taxonomy":"product_tag","embeddable":true,"href":"https:\/\/barneleker.no\/index.php\/wp-json\/wp\/v2\/product_tag?post=13553"}],"curies":[{"name":"wp","href":"https:\/\/api.w.org\/{rel}","templated":true}]}}