{"id":13581,"date":"2022-02-08T19:57:26","date_gmt":"2022-02-08T19:57:26","guid":{"rendered":"https:\/\/barneleker.no\/index.php\/product\/lego-city-fire-60282-brannvesenets-kommandoenhet\/"},"modified":"2022-02-08T19:57:26","modified_gmt":"2022-02-08T19:57:26","slug":"lego-city-fire-60282-brannvesenets-kommandoenhet","status":"publish","type":"product","link":"https:\/\/barneleker.no\/index.php\/product\/lego-city-fire-60282-brannvesenets-kommandoenhet\/","title":{"rendered":"LEGO City Fire 60282, Brannvesenets kommandoenhet"},"content":{"rendered":"<p>Det spennende lekesettet LEGO\u00ae City Brannvesenets kommandoenhet (60282) inneholder en klassisk brannbil med fungerende heiskurv i tillegg til flere figurer fra LEGO City TV-serien, inkludert Bob, Feldman og brannroboten Toastie med vannkanon som skyter vannelementer. La sm\u00e5 helter skape scener fra LEGO City Adventures TV-serien, hvor de selv bestemmer hva som skal skje! Perfekt byggeleke for barn fra fem \u00e5r Esken inneholder enkle byggeinstruksjoner til LEGO City lekesettet, og du kan ogs\u00e5 laste ned Instructions PLUS, som er en del av gratisappen LEGO Building Instructions for smarttelefon og nettbrett. Instructions PLUS er en interaktiv byggeveiledning med flotte verkt\u00f8y for zooming og rotering som raskt gj\u00f8r barn til mesterbyggere! Kreativ lek for barn LEGO City brannlekesettene gir barn en g\u00f8yal verden hvor de kan utfolde seg kreativt med funksjonsrike bygninger, realistiske kj\u00f8ret\u00f8y og spennende figurer som stimulerer til fantasifull lek basert p\u00e5 virkeligheten.<\/p>\n","protected":false},"excerpt":{"rendered":"<p>Det spennende lekesettet LEGO\u00ae City Brannvesenets kommandoenhet (60282) inneholder en klassisk brannbil med fungerende heiskurv i tillegg til flere figurer fra LEGO City TV-serien, inkludert&hellip;<\/p>\n","protected":false},"featured_media":13580,"comment_status":"open","ping_status":"closed","template":"","meta":[],"product_brand":[],"product_cat":[340],"product_tag":[],"class_list":{"0":"post-13581","1":"product","2":"type-product","3":"status-publish","4":"has-post-thumbnail","6":"product_cat-set","8":"first","9":"instock","10":"shipping-taxable","11":"product-type-external","12":"customify-col"},"yoast_head":"<!-- This site is optimized with the Yoast SEO plugin v26.0 - https:\/\/yoast.com\/wordpress\/plugins\/seo\/ -->\n<title>LEGO City Fire 60282, Brannvesenets kommandoenhet - Barneleker.no<\/title>\n<meta name=\"robots\" content=\"index, follow, max-snippet:-1, max-image-preview:large, max-video-preview:-1\" \/>\n<link rel=\"canonical\" href=\"https:\/\/barneleker.no\/index.php\/product\/lego-city-fire-60282-brannvesenets-kommandoenhet\/\" \/>\n<meta property=\"og:locale\" content=\"nb_NO\" \/>\n<meta property=\"og:type\" content=\"article\" \/>\n<meta property=\"og:title\" content=\"LEGO City Fire 60282, Brannvesenets kommandoenhet - Barneleker.no\" \/>\n<meta property=\"og:description\" content=\"Det spennende lekesettet LEGO\u00ae City Brannvesenets kommandoenhet (60282) inneholder en klassisk brannbil med fungerende heiskurv i tillegg til flere figurer fra LEGO City TV-serien, inkludert&hellip;\" \/>\n<meta property=\"og:url\" content=\"https:\/\/barneleker.no\/index.php\/product\/lego-city-fire-60282-brannvesenets-kommandoenhet\/\" \/>\n<meta property=\"og:site_name\" content=\"Barneleker.no\" \/>\n<meta name=\"twitter:card\" content=\"summary_large_image\" \/>\n<meta name=\"twitter:label1\" content=\"Ansl. lesetid\" \/>\n\t<meta name=\"twitter:data1\" content=\"1 minutt\" \/>\n<script type=\"application\/ld+json\" class=\"yoast-schema-graph\">{\"@context\":\"https:\/\/schema.org\",\"@graph\":[{\"@type\":\"WebPage\",\"@id\":\"https:\/\/barneleker.no\/index.php\/product\/lego-city-fire-60282-brannvesenets-kommandoenhet\/\",\"url\":\"https:\/\/barneleker.no\/index.php\/product\/lego-city-fire-60282-brannvesenets-kommandoenhet\/\",\"name\":\"LEGO City Fire 60282, Brannvesenets kommandoenhet - Barneleker.no\",\"isPartOf\":{\"@id\":\"https:\/\/barneleker.no\/#website\"},\"primaryImageOfPage\":{\"@id\":\"https:\/\/barneleker.no\/index.php\/product\/lego-city-fire-60282-brannvesenets-kommandoenhet\/#primaryimage\"},\"image\":{\"@id\":\"https:\/\/barneleker.no\/index.php\/product\/lego-city-fire-60282-brannvesenets-kommandoenhet\/#primaryimage\"},\"thumbnailUrl\":\"https:\/\/barneleker.no\/wp-content\/uploads\/2022\/02\/lego-city-fire-60282-brannvesenets-kommandoenhet.jpg\",\"datePublished\":\"2022-02-08T19:57:26+00:00\",\"breadcrumb\":{\"@id\":\"https:\/\/barneleker.no\/index.php\/product\/lego-city-fire-60282-brannvesenets-kommandoenhet\/#breadcrumb\"},\"inLanguage\":\"nb-NO\",\"potentialAction\":[{\"@type\":\"ReadAction\",\"target\":[\"https:\/\/barneleker.no\/index.php\/product\/lego-city-fire-60282-brannvesenets-kommandoenhet\/\"]}]},{\"@type\":\"ImageObject\",\"inLanguage\":\"nb-NO\",\"@id\":\"https:\/\/barneleker.no\/index.php\/product\/lego-city-fire-60282-brannvesenets-kommandoenhet\/#primaryimage\",\"url\":\"https:\/\/barneleker.no\/wp-content\/uploads\/2022\/02\/lego-city-fire-60282-brannvesenets-kommandoenhet.jpg\",\"contentUrl\":\"https:\/\/barneleker.no\/wp-content\/uploads\/2022\/02\/lego-city-fire-60282-brannvesenets-kommandoenhet.jpg\",\"width\":555,\"height\":555},{\"@type\":\"BreadcrumbList\",\"@id\":\"https:\/\/barneleker.no\/index.php\/product\/lego-city-fire-60282-brannvesenets-kommandoenhet\/#breadcrumb\",\"itemListElement\":[{\"@type\":\"ListItem\",\"position\":1,\"name\":\"Butikken\",\"item\":\"https:\/\/barneleker.no\/\"},{\"@type\":\"ListItem\",\"position\":2,\"name\":\"LEGO City Fire 60282, Brannvesenets kommandoenhet\"}]},{\"@type\":\"WebSite\",\"@id\":\"https:\/\/barneleker.no\/#website\",\"url\":\"https:\/\/barneleker.no\/\",\"name\":\"Barneleker.no\",\"description\":\"Selvf\u00f8lgelig!\",\"publisher\":{\"@id\":\"https:\/\/barneleker.no\/#organization\"},\"potentialAction\":[{\"@type\":\"SearchAction\",\"target\":{\"@type\":\"EntryPoint\",\"urlTemplate\":\"https:\/\/barneleker.no\/?s={search_term_string}\"},\"query-input\":{\"@type\":\"PropertyValueSpecification\",\"valueRequired\":true,\"valueName\":\"search_term_string\"}}],\"inLanguage\":\"nb-NO\"},{\"@type\":\"Organization\",\"@id\":\"https:\/\/barneleker.no\/#organization\",\"name\":\"Barneleker.no\",\"url\":\"https:\/\/barneleker.no\/\",\"logo\":{\"@type\":\"ImageObject\",\"inLanguage\":\"nb-NO\",\"@id\":\"https:\/\/barneleker.no\/#\/schema\/logo\/image\/\",\"url\":\"https:\/\/barneleker.no\/wp-content\/uploads\/2021\/11\/barneleker_logo-780x150-1.jpg\",\"contentUrl\":\"https:\/\/barneleker.no\/wp-content\/uploads\/2021\/11\/barneleker_logo-780x150-1.jpg\",\"width\":780,\"height\":150,\"caption\":\"Barneleker.no\"},\"image\":{\"@id\":\"https:\/\/barneleker.no\/#\/schema\/logo\/image\/\"}}]}<\/script>\n<!-- \/ Yoast SEO plugin. -->","yoast_head_json":{"title":"LEGO City Fire 60282, Brannvesenets kommandoenhet - Barneleker.no","robots":{"index":"index","follow":"follow","max-snippet":"max-snippet:-1","max-image-preview":"max-image-preview:large","max-video-preview":"max-video-preview:-1"},"canonical":"https:\/\/barneleker.no\/index.php\/product\/lego-city-fire-60282-brannvesenets-kommandoenhet\/","og_locale":"nb_NO","og_type":"article","og_title":"LEGO City Fire 60282, Brannvesenets kommandoenhet - Barneleker.no","og_description":"Det spennende lekesettet LEGO\u00ae City Brannvesenets kommandoenhet (60282) inneholder en klassisk brannbil med fungerende heiskurv i tillegg til flere figurer fra LEGO City TV-serien, inkludert&hellip;","og_url":"https:\/\/barneleker.no\/index.php\/product\/lego-city-fire-60282-brannvesenets-kommandoenhet\/","og_site_name":"Barneleker.no","twitter_card":"summary_large_image","twitter_misc":{"Ansl. lesetid":"1 minutt"},"schema":{"@context":"https:\/\/schema.org","@graph":[{"@type":"WebPage","@id":"https:\/\/barneleker.no\/index.php\/product\/lego-city-fire-60282-brannvesenets-kommandoenhet\/","url":"https:\/\/barneleker.no\/index.php\/product\/lego-city-fire-60282-brannvesenets-kommandoenhet\/","name":"LEGO City Fire 60282, Brannvesenets kommandoenhet - Barneleker.no","isPartOf":{"@id":"https:\/\/barneleker.no\/#website"},"primaryImageOfPage":{"@id":"https:\/\/barneleker.no\/index.php\/product\/lego-city-fire-60282-brannvesenets-kommandoenhet\/#primaryimage"},"image":{"@id":"https:\/\/barneleker.no\/index.php\/product\/lego-city-fire-60282-brannvesenets-kommandoenhet\/#primaryimage"},"thumbnailUrl":"https:\/\/barneleker.no\/wp-content\/uploads\/2022\/02\/lego-city-fire-60282-brannvesenets-kommandoenhet.jpg","datePublished":"2022-02-08T19:57:26+00:00","breadcrumb":{"@id":"https:\/\/barneleker.no\/index.php\/product\/lego-city-fire-60282-brannvesenets-kommandoenhet\/#breadcrumb"},"inLanguage":"nb-NO","potentialAction":[{"@type":"ReadAction","target":["https:\/\/barneleker.no\/index.php\/product\/lego-city-fire-60282-brannvesenets-kommandoenhet\/"]}]},{"@type":"ImageObject","inLanguage":"nb-NO","@id":"https:\/\/barneleker.no\/index.php\/product\/lego-city-fire-60282-brannvesenets-kommandoenhet\/#primaryimage","url":"https:\/\/barneleker.no\/wp-content\/uploads\/2022\/02\/lego-city-fire-60282-brannvesenets-kommandoenhet.jpg","contentUrl":"https:\/\/barneleker.no\/wp-content\/uploads\/2022\/02\/lego-city-fire-60282-brannvesenets-kommandoenhet.jpg","width":555,"height":555},{"@type":"BreadcrumbList","@id":"https:\/\/barneleker.no\/index.php\/product\/lego-city-fire-60282-brannvesenets-kommandoenhet\/#breadcrumb","itemListElement":[{"@type":"ListItem","position":1,"name":"Butikken","item":"https:\/\/barneleker.no\/"},{"@type":"ListItem","position":2,"name":"LEGO City Fire 60282, Brannvesenets kommandoenhet"}]},{"@type":"WebSite","@id":"https:\/\/barneleker.no\/#website","url":"https:\/\/barneleker.no\/","name":"Barneleker.no","description":"Selvf\u00f8lgelig!","publisher":{"@id":"https:\/\/barneleker.no\/#organization"},"potentialAction":[{"@type":"SearchAction","target":{"@type":"EntryPoint","urlTemplate":"https:\/\/barneleker.no\/?s={search_term_string}"},"query-input":{"@type":"PropertyValueSpecification","valueRequired":true,"valueName":"search_term_string"}}],"inLanguage":"nb-NO"},{"@type":"Organization","@id":"https:\/\/barneleker.no\/#organization","name":"Barneleker.no","url":"https:\/\/barneleker.no\/","logo":{"@type":"ImageObject","inLanguage":"nb-NO","@id":"https:\/\/barneleker.no\/#\/schema\/logo\/image\/","url":"https:\/\/barneleker.no\/wp-content\/uploads\/2021\/11\/barneleker_logo-780x150-1.jpg","contentUrl":"https:\/\/barneleker.no\/wp-content\/uploads\/2021\/11\/barneleker_logo-780x150-1.jpg","width":780,"height":150,"caption":"Barneleker.no"},"image":{"@id":"https:\/\/barneleker.no\/#\/schema\/logo\/image\/"}}]}},"_links":{"self":[{"href":"https:\/\/barneleker.no\/index.php\/wp-json\/wp\/v2\/product\/13581","targetHints":{"allow":["GET"]}}],"collection":[{"href":"https:\/\/barneleker.no\/index.php\/wp-json\/wp\/v2\/product"}],"about":[{"href":"https:\/\/barneleker.no\/index.php\/wp-json\/wp\/v2\/types\/product"}],"replies":[{"embeddable":true,"href":"https:\/\/barneleker.no\/index.php\/wp-json\/wp\/v2\/comments?post=13581"}],"wp:featuredmedia":[{"embeddable":true,"href":"https:\/\/barneleker.no\/index.php\/wp-json\/wp\/v2\/media\/13580"}],"wp:attachment":[{"href":"https:\/\/barneleker.no\/index.php\/wp-json\/wp\/v2\/media?parent=13581"}],"wp:term":[{"taxonomy":"product_brand","embeddable":true,"href":"https:\/\/barneleker.no\/index.php\/wp-json\/wp\/v2\/product_brand?post=13581"},{"taxonomy":"product_cat","embeddable":true,"href":"https:\/\/barneleker.no\/index.php\/wp-json\/wp\/v2\/product_cat?post=13581"},{"taxonomy":"product_tag","embeddable":true,"href":"https:\/\/barneleker.no\/index.php\/wp-json\/wp\/v2\/product_tag?post=13581"}],"curies":[{"name":"wp","href":"https:\/\/api.w.org\/{rel}","templated":true}]}}