{"id":13583,"date":"2022-02-08T19:57:27","date_gmt":"2022-02-08T19:57:27","guid":{"rendered":"https:\/\/barneleker.no\/index.php\/product\/lego-city-fire-60280-brannvesenets-stigebil\/"},"modified":"2022-02-08T19:57:27","modified_gmt":"2022-02-08T19:57:27","slug":"lego-city-fire-60280-brannvesenets-stigebil","status":"publish","type":"product","link":"https:\/\/barneleker.no\/index.php\/product\/lego-city-fire-60280-brannvesenets-stigebil\/","title":{"rendered":"LEGO City Fire 60280, Brannvesenets stigebil"},"content":{"rendered":"<p>Perfekt for barn med sans for actionleker. LEGO\u00ae City brannvesenets stigebil (60280) inneholder en ikonisk brannbil med hevbar stige, brannhydrant og LEGO flammer som kan stables for \u00e5 skape st\u00f8rre branner! Med minifiguren av Freya McCloud fra LEGO City TV-serien er det duket for spennende action inspirert av LEGO City Adventures TV-serien! Flott byggeleke for barn Settet passer for barn fra fire \u00e5r og oppover og inneholder en enkel, trykket byggeveiledning samt en startkloss som gj\u00f8r det lettere for barn \u00e5 komme i gang med den kreative byggingen. Og med gratisappen LEGO Building Instructions for smarttelefon og nettbrett f\u00e5r barn tilgang til Instructions PLUS, som er en interaktive byggeveiledning som gj\u00f8r at byggingen g\u00e5r som en lek! LEGO Citys kreative verden LEGO City lekesettene byr p\u00e5 en kreativ verden full av g\u00f8yale bygge- og lekeopplevelser med funksjonsrike bygninger, realistiske kj\u00f8ret\u00f8y og g\u00f8yale figurer. Barna f\u00e5r fantasifull frilek inspirert av virkeligheten.<\/p>\n","protected":false},"excerpt":{"rendered":"<p>Perfekt for barn med sans for actionleker. LEGO\u00ae City brannvesenets stigebil (60280) inneholder en ikonisk brannbil med hevbar stige, brannhydrant og LEGO flammer som kan&hellip;<\/p>\n","protected":false},"featured_media":13582,"comment_status":"open","ping_status":"closed","template":"","meta":[],"product_brand":[],"product_cat":[476],"product_tag":[],"class_list":{"0":"post-13583","1":"product","2":"type-product","3":"status-publish","4":"has-post-thumbnail","6":"product_cat-set-lego-fordon","8":"first","9":"instock","10":"shipping-taxable","11":"product-type-external","12":"customify-col"},"yoast_head":"<!-- This site is optimized with the Yoast SEO plugin v26.0 - https:\/\/yoast.com\/wordpress\/plugins\/seo\/ -->\n<title>LEGO City Fire 60280, Brannvesenets stigebil - Barneleker.no<\/title>\n<meta name=\"robots\" content=\"index, follow, max-snippet:-1, max-image-preview:large, max-video-preview:-1\" \/>\n<link rel=\"canonical\" href=\"https:\/\/barneleker.no\/index.php\/product\/lego-city-fire-60280-brannvesenets-stigebil\/\" \/>\n<meta property=\"og:locale\" content=\"nb_NO\" \/>\n<meta property=\"og:type\" content=\"article\" \/>\n<meta property=\"og:title\" content=\"LEGO City Fire 60280, Brannvesenets stigebil - Barneleker.no\" \/>\n<meta property=\"og:description\" content=\"Perfekt for barn med sans for actionleker. LEGO\u00ae City brannvesenets stigebil (60280) inneholder en ikonisk brannbil med hevbar stige, brannhydrant og LEGO flammer som kan&hellip;\" \/>\n<meta property=\"og:url\" content=\"https:\/\/barneleker.no\/index.php\/product\/lego-city-fire-60280-brannvesenets-stigebil\/\" \/>\n<meta property=\"og:site_name\" content=\"Barneleker.no\" \/>\n<meta name=\"twitter:card\" content=\"summary_large_image\" \/>\n<meta name=\"twitter:label1\" content=\"Ansl. lesetid\" \/>\n\t<meta name=\"twitter:data1\" content=\"1 minutt\" \/>\n<script type=\"application\/ld+json\" class=\"yoast-schema-graph\">{\"@context\":\"https:\/\/schema.org\",\"@graph\":[{\"@type\":\"WebPage\",\"@id\":\"https:\/\/barneleker.no\/index.php\/product\/lego-city-fire-60280-brannvesenets-stigebil\/\",\"url\":\"https:\/\/barneleker.no\/index.php\/product\/lego-city-fire-60280-brannvesenets-stigebil\/\",\"name\":\"LEGO City Fire 60280, Brannvesenets stigebil - Barneleker.no\",\"isPartOf\":{\"@id\":\"https:\/\/barneleker.no\/#website\"},\"primaryImageOfPage\":{\"@id\":\"https:\/\/barneleker.no\/index.php\/product\/lego-city-fire-60280-brannvesenets-stigebil\/#primaryimage\"},\"image\":{\"@id\":\"https:\/\/barneleker.no\/index.php\/product\/lego-city-fire-60280-brannvesenets-stigebil\/#primaryimage\"},\"thumbnailUrl\":\"https:\/\/barneleker.no\/wp-content\/uploads\/2022\/02\/lego-city-fire-60280-brannvesenets-stigebil.jpg\",\"datePublished\":\"2022-02-08T19:57:27+00:00\",\"breadcrumb\":{\"@id\":\"https:\/\/barneleker.no\/index.php\/product\/lego-city-fire-60280-brannvesenets-stigebil\/#breadcrumb\"},\"inLanguage\":\"nb-NO\",\"potentialAction\":[{\"@type\":\"ReadAction\",\"target\":[\"https:\/\/barneleker.no\/index.php\/product\/lego-city-fire-60280-brannvesenets-stigebil\/\"]}]},{\"@type\":\"ImageObject\",\"inLanguage\":\"nb-NO\",\"@id\":\"https:\/\/barneleker.no\/index.php\/product\/lego-city-fire-60280-brannvesenets-stigebil\/#primaryimage\",\"url\":\"https:\/\/barneleker.no\/wp-content\/uploads\/2022\/02\/lego-city-fire-60280-brannvesenets-stigebil.jpg\",\"contentUrl\":\"https:\/\/barneleker.no\/wp-content\/uploads\/2022\/02\/lego-city-fire-60280-brannvesenets-stigebil.jpg\",\"width\":555,\"height\":555},{\"@type\":\"BreadcrumbList\",\"@id\":\"https:\/\/barneleker.no\/index.php\/product\/lego-city-fire-60280-brannvesenets-stigebil\/#breadcrumb\",\"itemListElement\":[{\"@type\":\"ListItem\",\"position\":1,\"name\":\"Butikken\",\"item\":\"https:\/\/barneleker.no\/\"},{\"@type\":\"ListItem\",\"position\":2,\"name\":\"LEGO City Fire 60280, Brannvesenets stigebil\"}]},{\"@type\":\"WebSite\",\"@id\":\"https:\/\/barneleker.no\/#website\",\"url\":\"https:\/\/barneleker.no\/\",\"name\":\"Barneleker.no\",\"description\":\"Selvf\u00f8lgelig!\",\"publisher\":{\"@id\":\"https:\/\/barneleker.no\/#organization\"},\"potentialAction\":[{\"@type\":\"SearchAction\",\"target\":{\"@type\":\"EntryPoint\",\"urlTemplate\":\"https:\/\/barneleker.no\/?s={search_term_string}\"},\"query-input\":{\"@type\":\"PropertyValueSpecification\",\"valueRequired\":true,\"valueName\":\"search_term_string\"}}],\"inLanguage\":\"nb-NO\"},{\"@type\":\"Organization\",\"@id\":\"https:\/\/barneleker.no\/#organization\",\"name\":\"Barneleker.no\",\"url\":\"https:\/\/barneleker.no\/\",\"logo\":{\"@type\":\"ImageObject\",\"inLanguage\":\"nb-NO\",\"@id\":\"https:\/\/barneleker.no\/#\/schema\/logo\/image\/\",\"url\":\"https:\/\/barneleker.no\/wp-content\/uploads\/2021\/11\/barneleker_logo-780x150-1.jpg\",\"contentUrl\":\"https:\/\/barneleker.no\/wp-content\/uploads\/2021\/11\/barneleker_logo-780x150-1.jpg\",\"width\":780,\"height\":150,\"caption\":\"Barneleker.no\"},\"image\":{\"@id\":\"https:\/\/barneleker.no\/#\/schema\/logo\/image\/\"}}]}<\/script>\n<!-- \/ Yoast SEO plugin. -->","yoast_head_json":{"title":"LEGO City Fire 60280, Brannvesenets stigebil - Barneleker.no","robots":{"index":"index","follow":"follow","max-snippet":"max-snippet:-1","max-image-preview":"max-image-preview:large","max-video-preview":"max-video-preview:-1"},"canonical":"https:\/\/barneleker.no\/index.php\/product\/lego-city-fire-60280-brannvesenets-stigebil\/","og_locale":"nb_NO","og_type":"article","og_title":"LEGO City Fire 60280, Brannvesenets stigebil - Barneleker.no","og_description":"Perfekt for barn med sans for actionleker. LEGO\u00ae City brannvesenets stigebil (60280) inneholder en ikonisk brannbil med hevbar stige, brannhydrant og LEGO flammer som kan&hellip;","og_url":"https:\/\/barneleker.no\/index.php\/product\/lego-city-fire-60280-brannvesenets-stigebil\/","og_site_name":"Barneleker.no","twitter_card":"summary_large_image","twitter_misc":{"Ansl. lesetid":"1 minutt"},"schema":{"@context":"https:\/\/schema.org","@graph":[{"@type":"WebPage","@id":"https:\/\/barneleker.no\/index.php\/product\/lego-city-fire-60280-brannvesenets-stigebil\/","url":"https:\/\/barneleker.no\/index.php\/product\/lego-city-fire-60280-brannvesenets-stigebil\/","name":"LEGO City Fire 60280, Brannvesenets stigebil - Barneleker.no","isPartOf":{"@id":"https:\/\/barneleker.no\/#website"},"primaryImageOfPage":{"@id":"https:\/\/barneleker.no\/index.php\/product\/lego-city-fire-60280-brannvesenets-stigebil\/#primaryimage"},"image":{"@id":"https:\/\/barneleker.no\/index.php\/product\/lego-city-fire-60280-brannvesenets-stigebil\/#primaryimage"},"thumbnailUrl":"https:\/\/barneleker.no\/wp-content\/uploads\/2022\/02\/lego-city-fire-60280-brannvesenets-stigebil.jpg","datePublished":"2022-02-08T19:57:27+00:00","breadcrumb":{"@id":"https:\/\/barneleker.no\/index.php\/product\/lego-city-fire-60280-brannvesenets-stigebil\/#breadcrumb"},"inLanguage":"nb-NO","potentialAction":[{"@type":"ReadAction","target":["https:\/\/barneleker.no\/index.php\/product\/lego-city-fire-60280-brannvesenets-stigebil\/"]}]},{"@type":"ImageObject","inLanguage":"nb-NO","@id":"https:\/\/barneleker.no\/index.php\/product\/lego-city-fire-60280-brannvesenets-stigebil\/#primaryimage","url":"https:\/\/barneleker.no\/wp-content\/uploads\/2022\/02\/lego-city-fire-60280-brannvesenets-stigebil.jpg","contentUrl":"https:\/\/barneleker.no\/wp-content\/uploads\/2022\/02\/lego-city-fire-60280-brannvesenets-stigebil.jpg","width":555,"height":555},{"@type":"BreadcrumbList","@id":"https:\/\/barneleker.no\/index.php\/product\/lego-city-fire-60280-brannvesenets-stigebil\/#breadcrumb","itemListElement":[{"@type":"ListItem","position":1,"name":"Butikken","item":"https:\/\/barneleker.no\/"},{"@type":"ListItem","position":2,"name":"LEGO City Fire 60280, Brannvesenets stigebil"}]},{"@type":"WebSite","@id":"https:\/\/barneleker.no\/#website","url":"https:\/\/barneleker.no\/","name":"Barneleker.no","description":"Selvf\u00f8lgelig!","publisher":{"@id":"https:\/\/barneleker.no\/#organization"},"potentialAction":[{"@type":"SearchAction","target":{"@type":"EntryPoint","urlTemplate":"https:\/\/barneleker.no\/?s={search_term_string}"},"query-input":{"@type":"PropertyValueSpecification","valueRequired":true,"valueName":"search_term_string"}}],"inLanguage":"nb-NO"},{"@type":"Organization","@id":"https:\/\/barneleker.no\/#organization","name":"Barneleker.no","url":"https:\/\/barneleker.no\/","logo":{"@type":"ImageObject","inLanguage":"nb-NO","@id":"https:\/\/barneleker.no\/#\/schema\/logo\/image\/","url":"https:\/\/barneleker.no\/wp-content\/uploads\/2021\/11\/barneleker_logo-780x150-1.jpg","contentUrl":"https:\/\/barneleker.no\/wp-content\/uploads\/2021\/11\/barneleker_logo-780x150-1.jpg","width":780,"height":150,"caption":"Barneleker.no"},"image":{"@id":"https:\/\/barneleker.no\/#\/schema\/logo\/image\/"}}]}},"_links":{"self":[{"href":"https:\/\/barneleker.no\/index.php\/wp-json\/wp\/v2\/product\/13583","targetHints":{"allow":["GET"]}}],"collection":[{"href":"https:\/\/barneleker.no\/index.php\/wp-json\/wp\/v2\/product"}],"about":[{"href":"https:\/\/barneleker.no\/index.php\/wp-json\/wp\/v2\/types\/product"}],"replies":[{"embeddable":true,"href":"https:\/\/barneleker.no\/index.php\/wp-json\/wp\/v2\/comments?post=13583"}],"wp:featuredmedia":[{"embeddable":true,"href":"https:\/\/barneleker.no\/index.php\/wp-json\/wp\/v2\/media\/13582"}],"wp:attachment":[{"href":"https:\/\/barneleker.no\/index.php\/wp-json\/wp\/v2\/media?parent=13583"}],"wp:term":[{"taxonomy":"product_brand","embeddable":true,"href":"https:\/\/barneleker.no\/index.php\/wp-json\/wp\/v2\/product_brand?post=13583"},{"taxonomy":"product_cat","embeddable":true,"href":"https:\/\/barneleker.no\/index.php\/wp-json\/wp\/v2\/product_cat?post=13583"},{"taxonomy":"product_tag","embeddable":true,"href":"https:\/\/barneleker.no\/index.php\/wp-json\/wp\/v2\/product_tag?post=13583"}],"curies":[{"name":"wp","href":"https:\/\/api.w.org\/{rel}","templated":true}]}}